{"id":12584,"date":"2024-09-26T15:42:17","date_gmt":"2024-09-26T12:42:17","guid":{"rendered":"https:\/\/wesset.ee\/%d0%b3%d0%bb%d0%b0%d0%b2%d0%bd%d0%b0%d1%8f-%d1%81%d1%82%d1%80%d0%b0%d0%bd%d0%b8%d1%86%d0%b0\/"},"modified":"2025-12-11T15:44:29","modified_gmt":"2025-12-11T13:44:29","slug":"homepage","status":"publish","type":"page","link":"https:\/\/wesset.ee\/ru\/","title":{"rendered":"Villa Wesset \u2013 \u041e\u0442\u0435\u043b\u044c, \u0420\u0435\u0441\u0442\u043e\u0440\u0430\u043d, \u0421\u0435\u043c\u0438\u043d\u0430\u0440"},"content":{"rendered":"<div class=\"wpb-content-wrapper\">[vc_row gap=&#8221;15&#8243; content_placement=&#8221;middle&#8221; overflow=&#8221;default&#8221; el_class=&#8221;homepage-hero-intro&#8221; css=&#8221;.vc_custom_1737990934600{border-bottom-width: 20px !important;padding-right: 50px !important;padding-bottom: 20px !important;padding-left: 50px !important;background-image: url(https:\/\/wesset.ee\/wp-content\/uploads\/2024\/09\/VillaWesset-roosid.webp?id=6970) !important;background-position: center !important;background-repeat: no-repeat !important;background-size: cover !important;border-bottom-style: solid !important;border-color: #A72417 !important;}&#8221; background_image_mobile=&#8221;20306&#8243;][vc_column]\r\n<div class=\"sh-heading  \" id=\"heading-uUfGx28Lyz\">\r\n\t<div class=\"sh-element-margin\">\r\n\r\n\t\t\r\n\t\t\t<h1 class=\"sh-heading-content size-default text-center\">\r\n\t\t\t\tHotell, restoran, seminar\t\t\t<\/h1>\r\n\r\n\t\t\r\n\t<\/div>\r\n<\/div>\r\n            <style type=\"text\/css\">\r\n                #heading-uUfGx28Lyz .sh-element-margin {margin: 0 15px 15px 0;}#heading-uUfGx28Lyz .sh-heading-content {font-weight: 500!important;color: #FFFFFF;}#heading-uUfGx28Lyz .sh-heading-content,#heading-uUfGx28Lyz .sh-heading-additional-text {}            <\/style>\r\n        [vc_row_inner content_placement=&#8221;middle&#8221; gap=&#8221;10&#8243; overflow=&#8221;default&#8221;][vc_column_inner width=&#8221;1\/4&#8243; overflow=&#8221;default&#8221; css_animation=&#8221;fadeIn&#8221; css_animation_delay=&#8221;0.1&#8243;]\r\n<div id=\"button-AGgIZyu8TV\" class=\"sh-button-container  sh-button-style-5\">\r\n\t<div class=\"sh-element-margin\">\r\n\t\t<a href=\"\/ru\/hotel\/\" data-rel=\"\" target=\"_self\" class=\"sh-button sh-button-xlarge \">\r\n\r\n\t\t\t\r\n\t\t\t\t\t\t\t<span class=\"sh-button-text\">\r\n\t\t\t\t\t\u041e\u0422\u0415\u041b\u042c\t\t\t\t<\/span>\r\n\t\t\t\r\n\t\t\t\r\n\t\t<\/a>\r\n\t\t\t<\/div>\r\n<\/div>\r\n            <style type=\"text\/css\">\r\n                #button-AGgIZyu8TV .sh-button {background-color: #A72417BF;color: #FFFFFF;border: 2px solid transparent;border: 1px solid #FFFFFF;display: block!important;width: 100%;}#button-AGgIZyu8TV {text-align: center;}#button-AGgIZyu8TV:not(.sh-button-style-2) .sh-button:hover {background-color: #000028;color: #A72417;border: 1px solid #FFFFFF;}#button-AGgIZyu8TV.sh-button-style-2 .sh-button:after {background-color: #000028;}#button-AGgIZyu8TV.sh-button-style-2 .sh-button:hover {color: #A72417;border: 1px solid #FFFFFF;}@media (max-width: 800px) {#button-AGgIZyu8TV {text-align: center;}}            <\/style>\r\n        [\/vc_column_inner][vc_column_inner width=&#8221;1\/4&#8243; overflow=&#8221;default&#8221; css_animation=&#8221;fadeIn&#8221; css_animation_delay=&#8221;0.2&#8243;]\r\n<div id=\"button-EoKfv0IbO6\" class=\"sh-button-container  sh-button-style-5\">\r\n\t<div class=\"sh-element-margin\">\r\n\t\t<a href=\"\/ru\/restaurant\/\" data-rel=\"\" target=\"_self\" class=\"sh-button sh-button-xlarge \">\r\n\r\n\t\t\t\r\n\t\t\t\t\t\t\t<span class=\"sh-button-text\">\r\n\t\t\t\t\t\u0420\u0415\u0421\u0422\u041e\u0420\u0410\u041d\t\t\t\t<\/span>\r\n\t\t\t\r\n\t\t\t\r\n\t\t<\/a>\r\n\t\t\t<\/div>\r\n<\/div>\r\n            <style type=\"text\/css\">\r\n                #button-EoKfv0IbO6 .sh-button {background-color: #A72417BF;color: #FFFFFF;border: 2px solid transparent;border: 1px solid #FFFFFF;display: block!important;width: 100%;}#button-EoKfv0IbO6 {text-align: center;}#button-EoKfv0IbO6:not(.sh-button-style-2) .sh-button:hover {background-color: #000028;color: #A72417;border: 1px solid #FFFFFF;}#button-EoKfv0IbO6.sh-button-style-2 .sh-button:after {background-color: #000028;}#button-EoKfv0IbO6.sh-button-style-2 .sh-button:hover {color: #A72417;border: 1px solid #FFFFFF;}@media (max-width: 800px) {#button-EoKfv0IbO6 {text-align: center;}}            <\/style>\r\n        [\/vc_column_inner][vc_column_inner width=&#8221;1\/4&#8243; overflow=&#8221;default&#8221; css_animation=&#8221;fadeIn&#8221; css_animation_delay=&#8221;0.3&#8243;]\r\n<div id=\"button-VCaNRiOgcP\" class=\"sh-button-container  sh-button-style-5\">\r\n\t<div class=\"sh-element-margin\">\r\n\t\t<a href=\"\/ru\/chefs-hall\/\" data-rel=\"\" target=\"_self\" class=\"sh-button sh-button-xlarge \">\r\n\r\n\t\t\t\r\n\t\t\t\t\t\t\t<span class=\"sh-button-text\">\r\n\t\t\t\t\t\u0417\u0410\u041b \u0428\u0415\u0424-\u041f\u041e\u0412\u0410\u0420\u0410\t\t\t\t<\/span>\r\n\t\t\t\r\n\t\t\t\r\n\t\t<\/a>\r\n\t\t\t<\/div>\r\n<\/div>\r\n            <style type=\"text\/css\">\r\n                #button-VCaNRiOgcP .sh-button {background-color: #A72417BF;color: #FFFFFF;border: 2px solid transparent;border: 1px solid #FFFFFF;display: block!important;width: 100%;}#button-VCaNRiOgcP {text-align: center;}#button-VCaNRiOgcP:not(.sh-button-style-2) .sh-button:hover {background-color: #000028;color: #A72417;border: 1px solid #FFFFFF;}#button-VCaNRiOgcP.sh-button-style-2 .sh-button:after {background-color: #000028;}#button-VCaNRiOgcP.sh-button-style-2 .sh-button:hover {color: #A72417;border: 1px solid #FFFFFF;}@media (max-width: 800px) {#button-VCaNRiOgcP {text-align: center;}}            <\/style>\r\n        [\/vc_column_inner][vc_column_inner width=&#8221;1\/4&#8243; overflow=&#8221;default&#8221; css_animation=&#8221;fadeIn&#8221; css_animation_delay=&#8221;0.4&#8243;]\r\n<div id=\"button-82OzGL17u5\" class=\"sh-button-container  sh-button-style-5\">\r\n\t<div class=\"sh-element-margin\">\r\n\t\t<a href=\"\/ru\/seminar\/\" data-rel=\"\" target=\"_self\" class=\"sh-button sh-button-xlarge \">\r\n\r\n\t\t\t\r\n\t\t\t\t\t\t\t<span class=\"sh-button-text\">\r\n\t\t\t\t\t\u0421\u0415\u041c\u0418\u041d\u0410\u0420\t\t\t\t<\/span>\r\n\t\t\t\r\n\t\t\t\r\n\t\t<\/a>\r\n\t\t\t<\/div>\r\n<\/div>\r\n            <style type=\"text\/css\">\r\n                #button-82OzGL17u5 .sh-button {background-color: #A72417BF;color: #FFFFFF;border: 2px solid transparent;border: 1px solid #FFFFFF;display: block!important;width: 100%;}#button-82OzGL17u5 {text-align: center;}#button-82OzGL17u5:not(.sh-button-style-2) .sh-button:hover {background-color: #000028;color: #A72417;border: 1px solid #FFFFFF;}#button-82OzGL17u5.sh-button-style-2 .sh-button:after {background-color: #000028;}#button-82OzGL17u5.sh-button-style-2 .sh-button:hover {color: #A72417;border: 1px solid #FFFFFF;}@media (max-width: 800px) {#button-82OzGL17u5 {text-align: center;}}            <\/style>\r\n        [\/vc_column_inner][\/vc_row_inner][\/vc_column][\/vc_row][vc_section el_id=&#8221;koduleht-hero-section&#8221; css=&#8221;.vc_custom_1728672862926{background-image: url(https:\/\/wesset.ee\/wp-content\/uploads\/2020\/02\/wesset-hero.webp?id=11878) !important;background-position: center !important;background-repeat: no-repeat !important;background-size: cover !important;}&#8221; el_class=&#8221;text-center&#8221;][vc_row overflow=&#8221;default&#8221; el_id=&#8221;check-in-row&#8221;][vc_column shadow_for=&#8221;inner&#8221; overflow=&#8221;default&#8221;][vc_column_text css=&#8221;&#8221;]<div id='salbos-booking-row'>\n            <form action='' method='post' id='salbos-form'>\n                <div class='salbos-content'>\n                    <div class='salbos-block arrival-block'>\n                        <label>\u0412\u044a\u0435\u0437\u0434<\/label>\n                        <input type='text' id='salbos-arrival' name='salbos-arrival' style='width: 100%;' readonly \/>\n                    <\/div>\n                    <div class='salbos-block departure-block'>\n                        <label>\u0412\u044b\u0435\u0437\u0434<\/label>\n                        <input type='text' id='salbos-departure' name='salbos-departure' style='width: 100%;' readonly \/>\n                    <\/div><div class='salbos-block guest-block'>\n                            <label>\u0413\u043e\u0441\u0442\u0435\u0439<\/label>\n                            <select id='salbos-guests' name='salbos-guests' style='width: 100%;'><option vlaue='1' >1<\/option><option vlaue='2' selected>2<\/option><option vlaue='3' >3<\/option><option vlaue='4' >4<\/option><option vlaue='5' >5<\/option><\/select>\n                        <\/div><div class='salbos-block salbos-promocode'>\n                            <label>\u041f\u0440\u043e\u043c\u043e\u043a\u043e\u0434<\/label>\n                            <input type='text' id='salbos-promocode' name='salbos-promocode' style='width: 100%;' \/>\n                        <\/div><div class='salbos-btn-block'>\n                        <a href='https:\/\/booking.wesset.ee\/' target='_self' id='salbos-search-dates' class='button btn btn-primary' style='max-width: 227px;' data-lang='ru' data-url='https:\/\/booking.wesset.ee\/'>\u0414\u043e\u0441\u0442\u0443\u043f\u043d\u044b\u0435 \u043d\u0430\u043c\u0435\u0440\u0430<\/a>\n                    <\/div>\n                <\/div>\n            <\/form>\n        <\/div>[\/vc_column_text][\/vc_column][\/vc_row][vc_row overflow=&#8221;default&#8221; el_class=&#8221;max-width-1200 padding-bottom-80&#8243;][vc_column width=&#8221;1\/2&#8243; overflow=&#8221;default&#8221; css=&#8221;.vc_custom_1730757469485{background-color: #FFFFFF !important;}&#8221; el_class=&#8221;hero-intro-text-inner wesset-box-shadow-natural&#8221;]\r\n<div class=\"sh-heading  \" id=\"heading-Dgrs7lpzw3\">\r\n\t<div class=\"sh-element-margin\">\r\n\r\n\t\t\r\n\t\t\t<h2 class=\"sh-heading-content size-default text-center\">\r\n\t\t\t\t&#8211; Villa Wesset &#8211;\t\t\t<\/h2>\r\n\r\n\t\t\r\n\t<\/div>\r\n<\/div>\r\n            <style type=\"text\/css\">\r\n                #heading-Dgrs7lpzw3 .sh-element-margin {}#heading-Dgrs7lpzw3 .sh-heading-content {font-weight: 700!important;}#heading-Dgrs7lpzw3 .sh-heading-content,#heading-Dgrs7lpzw3 .sh-heading-additional-text {}            <\/style>\r\n        \r\n<div id=\"divider-HrelgEPkxz\" class=\"sh-divider sh-divider- sh-divider-content-icon_option\">\r\n\t\t\t<div class=\"sh-divider-content\">\r\n\t\t\t<span class=\"sh-divider-icon\">\r\n\t\t\t\t<i class=\"fa fa-wpexplorer\"><\/i>\t\t\t<\/span>\r\n\t\t<\/div>\r\n\t<\/div>\r\n            <style type=\"text\/css\">\r\n                #divider-HrelgEPkxz {}#divider-HrelgEPkxz .sh-divider-content:before,#divider-HrelgEPkxz .sh-divider-content:after {border-top-width: 1px;margin-top: -1pxpx;border-top-style: solid;}#divider-HrelgEPkxz .sh-divider-icon {color: #cccccc;}            <\/style>\r\n        [vc_column_text css=&#8221;&#8221;]\u041e\u0442\u0435\u043b\u044c \u0438 \u0440\u0435\u0441\u0442\u043e\u0440\u0430\u043d \u0441 \u043b\u0443\u0447\u0448\u0438\u043c \u0440\u0430\u0441\u043f\u043e\u043b\u043e\u0436\u0435\u043d\u0438\u0435\u043c \u0432 \u041f\u044f\u0440\u043d\u0443.<br><br>\u041c\u044b \u043d\u0430\u0445\u043e\u0434\u0438\u043c\u0441\u044f \u0432 \u043d\u0435\u0441\u043a\u043e\u043b\u044c\u043a\u0438\u0445 \u043c\u0438\u043d\u0443\u0442\u0430\u0445 \u0445\u043e\u0434\u044c\u0431\u044b \u043e\u0442 \u0446\u0435\u043d\u0442\u0440\u0430 \u0438 \u043f\u043b\u044f\u0436\u0430. \u0412 \u043d\u0430\u0448\u0435\u0439 \u0443\u044e\u0442\u043d\u043e\u0439 \u043e\u0431\u0441\u0442\u0430\u043d\u043e\u0432\u043a\u0435 \u0432\u044b \u043c\u043e\u0436\u0435\u0442\u0435 \u043f\u0440\u043e\u0432\u0435\u0441\u0442\u0438 \u043a\u043e\u0440\u043f\u043e\u0440\u0430\u0442\u0438\u0432\u043d\u044b\u0435 \u043c\u0435\u0440\u043e\u043f\u0440\u0438\u044f\u0442\u0438\u044f, \u043d\u0430\u0441\u043b\u0430\u0434\u0438\u0442\u044c\u0441\u044f \u0432\u0440\u0435\u043c\u0435\u043d\u0435\u043c \u0441 \u0445\u043e\u0440\u043e\u0448\u0438\u043c\u0438 \u0434\u0440\u0443\u0437\u044c\u044f\u043c\u0438 \u0438 \u0432\u0437\u044f\u0442\u044c \u043b\u0435\u0433\u043a\u0438\u0439 \u043e\u0431\u0435\u0434 \u0438\u043b\u0438 \u043f\u0440\u043e\u0441\u0442\u043e \u0432\u044b\u043f\u0438\u0442\u044c \u0447\u0430\u0439 \u0441 \u0432\u043a\u0443\u0441\u043d\u044b\u043c \u0442\u043e\u0440\u0442\u043e\u043c.[\/vc_column_text]\r\n<div id=\"button-PTgc7mG5HU\" class=\"sh-button-container  sh-button-style-5\">\r\n\t<div class=\"sh-element-margin\">\r\n\t\t<a href=\"https:\/\/www.google.com\/maps\/place\/Villa+Wesset\/@58.3781722,24.499425,809m\/data=!3m2!1e3!4b1!4m9!3m8!1s0x46ecfd1a28cd0801:0xe1a9e8593e54a05b!5m2!4m1!1i2!8m2!3d58.3781722!4d24.499425!16s%2Fg%2F1v_0hg4n?entry=ttu&#038;g_ep=EgoyMDI0MTAwOC4wIKXMDSoASAFQAw%3D%3D\" data-rel=\"\" target=\"_blank\" class=\"sh-button sh-button-xlarge \" rel=\"noopener\">\r\n\r\n\t\t\t\r\n\t\t\t\t\t\t\t<span class=\"sh-button-text\">\r\n\t\t\t\t\t\u0420\u0410\u0421\u041f\u041e\u041b\u041e\u0416\u0415\u041d\u0418\u0415\t\t\t\t<\/span>\r\n\t\t\t\r\n\t\t\t\r\n\t\t<\/a>\r\n\t\t\t<\/div>\r\n<\/div>\r\n            <style type=\"text\/css\">\r\n                #button-PTgc7mG5HU .sh-button {background-color: #FFFFFF;color: #A72417;border: 2px solid transparent;border: 1px solid #A72417;display: block!important;width: 100%;}#button-PTgc7mG5HU {text-align: center;}#button-PTgc7mG5HU .sh-element-margin {margin: 10px 0px 15px 0px;}#button-PTgc7mG5HU:not(.sh-button-style-2) .sh-button:hover {background-color: #A72417;color: #FFFFFF;border: 1px solid #A72417;}#button-PTgc7mG5HU.sh-button-style-2 .sh-button:after {background-color: #A72417;}#button-PTgc7mG5HU.sh-button-style-2 .sh-button:hover {color: #FFFFFF;border: 1px solid #A72417;}@media (max-width: 800px) {#button-PTgc7mG5HU {text-align: center;}}            <\/style>\r\n        \r\n<div id=\"button-sJWm7qXwih\" class=\"sh-button-container  sh-button-style-5\">\r\n\t<div class=\"sh-element-margin\">\r\n\t\t<a href=\"\/ru\/parking\/\" data-rel=\"\" target=\"_self\" class=\"sh-button sh-button-xlarge \">\r\n\r\n\t\t\t\r\n\t\t\t\t\t\t\t<span class=\"sh-button-text\">\r\n\t\t\t\t\t\u041f\u0410\u0420\u041a\u041e\u0412\u041a\u0410\t\t\t\t<\/span>\r\n\t\t\t\r\n\t\t\t\r\n\t\t<\/a>\r\n\t\t\t<\/div>\r\n<\/div>\r\n            <style type=\"text\/css\">\r\n                #button-sJWm7qXwih .sh-button {background-color: #FFFFFF;color: #A72417;border: 2px solid transparent;border: 1px solid #A72417;display: block!important;width: 100%;}#button-sJWm7qXwih {text-align: center;}#button-sJWm7qXwih .sh-element-margin {margin: 10px 0px 15px 0px;}#button-sJWm7qXwih:not(.sh-button-style-2) .sh-button:hover {background-color: #A72417;color: #FFFFFF;border: 1px solid #FFFFFF;}#button-sJWm7qXwih.sh-button-style-2 .sh-button:after {background-color: #A72417;}#button-sJWm7qXwih.sh-button-style-2 .sh-button:hover {color: #FFFFFF;border: 1px solid #FFFFFF;}@media (max-width: 800px) {#button-sJWm7qXwih {text-align: center;}}            <\/style>\r\n        [\/vc_column][vc_column width=&#8221;1\/4&#8243;][\/vc_column][vc_column width=&#8221;1\/4&#8243;][\/vc_column][\/vc_row][\/vc_section][vc_section full_width=&#8221;stretch_row&#8221; content_placement=&#8221;middle&#8221; el_class=&#8221;sundmused-intro-heading&#8221;][vc_row full_width=&#8221;stretch_row_content&#8221; max_width_alignment_mobile=&#8221;center&#8221; background_position=&#8221;center center&#8221; overflow=&#8221;default&#8221;][vc_column]\r\n<div class=\"sh-heading  \" id=\"heading-BiaEsP1pTJ\">\r\n\t<div class=\"sh-element-margin\">\r\n\r\n\t\t\r\n\t\t\t<h2 class=\"sh-heading-content size-default text-center\">\r\n\t\t\t\t\u0421\u043e\u0431\u044b\u0442\u0438\u044f \u0432 Villa Wesset\t\t\t<\/h2>\r\n\r\n\t\t\r\n\t<\/div>\r\n<\/div>\r\n            <style type=\"text\/css\">\r\n                #heading-BiaEsP1pTJ .sh-element-margin {}#heading-BiaEsP1pTJ .sh-heading-content {font-weight: 400!important;color: #FFFFFF;}#heading-BiaEsP1pTJ .sh-heading-content,#heading-BiaEsP1pTJ .sh-heading-additional-text {}            <\/style>\r\n        [\/vc_column][\/vc_row][\/vc_section][vc_row full_width=&#8221;stretch_row_content&#8221; equal_height=&#8221;yes&#8221; content_placement=&#8221;middle&#8221; overflow=&#8221;default&#8221; css=&#8221;.vc_custom_1738609605743{border-top-width: 20px !important;border-top-style: solid !important;border-color: #A72417 !important;}&#8221;][vc_column css_animation=&#8221;none&#8221; width=&#8221;1\/2&#8243; overflow=&#8221;default&#8221; css=&#8221;.vc_custom_1730225247967{background: #00000000 url(https:\/\/wesset.ee\/wp-content\/uploads\/2024\/10\/yritusebg.webp?id=13996) !important;background-position: center !important;background-repeat: no-repeat !important;background-size: cover !important;}&#8221; padding_tablet=&#8221;100px 0px 100px 0px&#8221;][vc_row_inner content_placement=&#8221;middle&#8221; overflow=&#8221;default&#8221; css=&#8221;.vc_custom_1730229035765{background-color: #00000000 !important;}&#8221;][vc_column_inner el_class=&#8221;text-center&#8221; text_align_inline=&#8221;center&#8221; overflow=&#8221;default&#8221; css=&#8221;.vc_custom_1730228693264{background-color: #00000000 !important;}&#8221;]<div class=\"uritused\">\n    <div class=\"yritused-sise\">\n        <div class=\"sh-heading sh-heading-style1\">\n            <span class=\"pre-heading white-text\">\u041d\u043e\u0432\u044b\u0435 \u0441\u043e\u0431\u044b\u0442\u0438\u044f, \u043d\u043e\u0432\u044b\u0435 \u0432\u043f\u0435\u0447\u0430\u0442\u043b\u0435\u043d\u0438\u044f<\/span>\n            <h2 class=\"sh-heading-content cta-title\">\u041d\u0415 \u041f\u0420\u041e\u041f\u0423\u0421\u0422\u0418!<\/h2>\n        <\/div>\n        <div class=\"cta-description\">\n            <p class=\"white-text\">\u041f\u043e\u0434\u043f\u0438\u0448\u0438\u0442\u0435\u0441\u044c \u043d\u0430 \u043d\u0430\u0448\u0443 \u0440\u0430\u0441\u0441\u044b\u043b\u043a\u0443 \u0438 \u0443\u0437\u043d\u0430\u0439\u0442\u0435 \u043f\u0435\u0440\u0432\u044b\u043c\u0438 \u043e \u043d\u043e\u0432\u043e\u0439 \u0441\u0435\u0440\u0438\u0438 \u043c\u0435\u0440\u043e\u043f\u0440\u0438\u044f\u0442\u0438\u0439!<\/p>\n        <\/div>\n    <\/div>\n    <div class=\"cta-form-container\">\n        \n<div class=\"wpcf7 no-js\" id=\"wpcf7-f15558-o1\" lang=\"ru-RU\" dir=\"ltr\" data-wpcf7-id=\"15558\">\n<div class=\"screen-reader-response\"><p role=\"status\" aria-live=\"polite\" aria-atomic=\"true\"><\/p> <ul><\/ul><\/div>\n<form action=\"\/ru\/wp-json\/wp\/v2\/pages\/12584#wpcf7-f15558-o1\" method=\"post\" class=\"wpcf7-form init\" aria-label=\"\u041a\u043e\u043d\u0442\u0430\u043a\u0442\u043d\u0430\u044f \u0444\u043e\u0440\u043c\u0430\" novalidate=\"novalidate\" data-status=\"init\">\n<fieldset class=\"hidden-fields-container\"><input type=\"hidden\" name=\"_wpcf7\" value=\"15558\" \/><input type=\"hidden\" name=\"_wpcf7_version\" value=\"6.1.5\" \/><input type=\"hidden\" name=\"_wpcf7_locale\" value=\"ru_RU\" \/><input type=\"hidden\" name=\"_wpcf7_unit_tag\" value=\"wpcf7-f15558-o1\" \/><input type=\"hidden\" name=\"_wpcf7_container_post\" value=\"0\" \/><input type=\"hidden\" name=\"_wpcf7_posted_data_hash\" value=\"\" \/>\n<\/fieldset>\n<div class=\"sh-cf7-body\"><div class=\"smaily-subscription-form\">\r\n    <span class=\"wpcf7-form-control-wrap\" data-name=\"your-email\"><input size=\"40\" maxlength=\"400\" class=\"wpcf7-form-control wpcf7-email wpcf7-validates-as-required wpcf7-text wpcf7-validates-as-email\" autocomplete=\"email\" aria-required=\"true\" aria-invalid=\"false\" placeholder=\"\u0412\u0430\u0448 \u043b\u0443\u0447\u0448\u0438\u0439 \u0430\u0434\u0440\u0435\u0441 \u044d\u043b\u0435\u043a\u0442\u0440\u043e\u043d\u043d\u043e\u0439 \u043f\u043e\u0447\u0442\u044b...\" value=\"\" type=\"email\" name=\"your-email\" \/><\/span>\r\n    <input class=\"wpcf7-form-control wpcf7-submit has-spinner sh-button urituse-btn width-100 sh-button-xlarge sh-button-icon-left\" type=\"submit\" value=\"\u041f\u041e\u0414\u041f\u0418\u0428\u0418\u0422\u0415\u0421\u042c \u041d\u0410 \u0420\u0410\u0421\u0421\u042b\u041b\u041a\u0423\" \/>\r\n<\/div><\/div><div class=\"wpcf7-response-output\" aria-hidden=\"true\"><\/div>\n<\/form>\n<\/div>\n    <\/div>\n<\/div> [\/vc_column_inner][\/vc_row_inner][\/vc_column][vc_column width=&#8221;1\/2&#8243; max_width_alignment_mobile=&#8221;center&#8221; shadow=&#8221;shadow1&#8243; overflow=&#8221;default&#8221; css=&#8221;.vc_custom_1738609619874{padding-top: 145px !important;padding-bottom: 145px !important;background-position: 0 0 !important;background-repeat: no-repeat !important;}&#8221; padding_tablet=&#8221;70px 40px 70px 40px&#8221;][vc_column_text css=&#8221;&#8221;]\u041f\u0440\u0435\u0434\u0441\u0442\u043e\u044f\u0449\u0438\u0435 \u0441\u043e\u0431\u044b\u0442\u0438\u044f \u0438 \u043c\u0435\u0440\u043e\u043f\u0440\u0438\u044f\u0442\u0438\u044f \u0432 Villa Wesset [\/vc_column_text]        <div class=\"jc-grid jc-grid--minimal-vert\"  style=\"--jc-mini-gap:12px;--jc-mini-clamp:2\">\n                            <a class=\"jc-mini-vert\" href=\"https:\/\/wesset.ee\/ru\/sundmused\/naistepaeva-brunch\/\">\n                    <div class=\"jc-mini-vert__thumb\">\n                                                    <img decoding=\"async\" src=\"https:\/\/wesset.ee\/wp-content\/uploads\/2026\/02\/brunch-7-200x300.webp\" alt=\"Naistep\u00e4eva Brunch Villa Wessetis &#8211; t\u00e4hista p\u00e4eva maitsete ja lilledega!\" loading=\"lazy\">\n                                            <\/div>\n                    <div class=\"jc-mini-vert__info\">\n                        <div class=\"jc-mini-vert__title\">Naistep\u00e4eva Brunch Villa Wessetis &#8211; t\u00e4hista p\u00e4eva maitsete ja lilledega!<\/div>\n                        <div class=\"jc-mini-vert__meta\">\n                                                    <\/div>\n                    <\/div>\n                <\/a>\n                            <a class=\"jc-mini-vert\" href=\"https:\/\/wesset.ee\/ru\/events\/%d1%83%d0%b6%d0%b8%d0%bd-%d0%b2-%d1%82%d0%b5%d0%bc%d0%bd%d0%be%d1%82%d0%b5\/\">\n                    <div class=\"jc-mini-vert__thumb\">\n                                                    <img decoding=\"async\" src=\"https:\/\/wesset.ee\/wp-content\/uploads\/2025\/01\/pimeohtusook_2024-1-300x169.webp\" alt=\"\u0423\u0436\u0438\u043d \u0432 \u0442\u0435\u043c\u043d\u043e\u0442\u0435\" loading=\"lazy\">\n                                            <\/div>\n                    <div class=\"jc-mini-vert__info\">\n                        <div class=\"jc-mini-vert__title\">\u0423\u0436\u0438\u043d \u0432 \u0442\u0435\u043c\u043d\u043e\u0442\u0435<\/div>\n                        <div class=\"jc-mini-vert__meta\">\n                                                    <\/div>\n                    <\/div>\n                <\/a>\n                    <\/div>\n\n                    <div class=\"jc-grid__more\">\n                <a class=\"jc-btn jc-btn--outline\" href=\"https:\/\/wesset.ee\/ru\/sundmused\/\">\n                    \u0412\u0441\u0435 \u0441\u043e\u0431\u044b\u0442\u0438\u044f                <\/a>\n            <\/div>\n        \n    [\/vc_column][\/vc_row]<\/div>","protected":false},"excerpt":{"rendered":"[vc_row gap=&#8221;15&#8243; content_placement=&#8221;middle&#8221; overflow=&#8221;default&#8221; el_class=&#8221;homepage-hero-intro&#8221; css=&#8221;.vc_custom_1737990934600{border-bottom-width: 20px !important;padding-right: 50px !important;padding-bottom: 20px !important;padding-left: 50px !important;background-image: url(https:\/\/wesset.ee\/wp-content\/uploads\/2024\/09\/VillaWesset-roosid.webp?id=6970)&#8230;","protected":false},"author":1,"featured_media":16709,"parent":0,"menu_order":0,"comment_status":"closed","ping_status":"closed","template":"","meta":{"footnotes":""},"class_list":["post-12584","page","type-page","status-publish","has-post-thumbnail","hentry"],"_links":{"self":[{"href":"https:\/\/wesset.ee\/ru\/wp-json\/wp\/v2\/pages\/12584","targetHints":{"allow":["GET"]}}],"collection":[{"href":"https:\/\/wesset.ee\/ru\/wp-json\/wp\/v2\/pages"}],"about":[{"href":"https:\/\/wesset.ee\/ru\/wp-json\/wp\/v2\/types\/page"}],"author":[{"embeddable":true,"href":"https:\/\/wesset.ee\/ru\/wp-json\/wp\/v2\/users\/1"}],"replies":[{"embeddable":true,"href":"https:\/\/wesset.ee\/ru\/wp-json\/wp\/v2\/comments?post=12584"}],"version-history":[{"count":0,"href":"https:\/\/wesset.ee\/ru\/wp-json\/wp\/v2\/pages\/12584\/revisions"}],"wp:featuredmedia":[{"embeddable":true,"href":"https:\/\/wesset.ee\/ru\/wp-json\/wp\/v2\/media\/16709"}],"wp:attachment":[{"href":"https:\/\/wesset.ee\/ru\/wp-json\/wp\/v2\/media?parent=12584"}],"curies":[{"name":"wp","href":"https:\/\/api.w.org\/{rel}","templated":true}]}}