{"id":22104,"date":"2025-02-15T16:32:55","date_gmt":"2025-02-15T14:32:55","guid":{"rendered":"https:\/\/wesset.ee\/projekta-iss-apraksts\/"},"modified":"2025-02-15T16:52:14","modified_gmt":"2025-02-15T14:52:14","slug":"projekta-iss-apraksts","status":"publish","type":"page","link":"https:\/\/wesset.ee\/lv\/projekta-iss-apraksts\/","title":{"rendered":"Projekta \u012bss apraksts"},"content":{"rendered":"<div class=\"wpb-content-wrapper\">[vc_row overflow=&#8221;default&#8221; css=&#8221;.vc_custom_1738775177840{margin-top: 50px !important;margin-bottom: 50px !important;}&#8221;][vc_column][vc_column_text css=&#8221;&#8221;]<strong>Projekta \u012bss apraksts<\/strong>\r\n\r\nProjekta &#8220;Villa Wessetis, kas darbojas nullizmaksas princip\u0101, galven\u0101s \u0113damistabas&#8221; ietvaros m\u0113s atveram galveno \u0113damistabu ar zero\u2011waste pasaules uzskatu, kur pied\u0101v\u0101jam \u0113dienkarti, kas pagatavota no viet\u0113jiem izejviel\u0101m, ar m\u0113r\u0137i pielietot principu &#8220;no deguna l\u012bdz asti&#8221;. M\u0113s r\u012bkojam darbn\u012bcas, kur\u0101s m\u0101c\u0101m, k\u0101 izmantot p\u0101rstr\u0101d\u0101tus materi\u0101lus vai dabiskos resursus aizraujo\u0161u lietu rad\u012b\u0161anai. T\u0101pat m\u0113s izveidojam viesn\u012bcas re\u0123istr\u0101cijas zon\u0101 konfek\u0161u veikalu, kuru padara \u012bpa\u0161u, izmantojot konfek\u0161u autom\u0101tu, kas darbojas p\u0113c Rube Goldberga izgudrot\u0101 principa.\r\n\r\n<strong>M\u0113r\u0137is un rezult\u0101ts<\/strong>\r\n\r\nIzveidojot galveno \u0113damistabu, kas darbojas nullizmaksas princip\u0101, m\u0113s pagarin\u0101m sezonu, v\u0113rt\u0113jam v\u0113sturi, atdz\u012bvinot biju\u0161\u0101 konfek\u0161u darbinieka Eliasa Wesseta st\u0101stu, atbalst\u0101m kopienu, izmantojot viet\u0113j\u0101s izejvielas, un rad\u0101m uz\u0146\u0113mumam labumu, ievie\u0161ot jaunus pakalpojumus, kas palielina ie\u0146\u0113mumus un veicina atk\u0101rtotas apmekl\u0113\u0161anas.\r\n\r\nAtbalsta programmu finans\u0113 Eiropas Re\u0123ion\u0101l\u0101s Att\u012bst\u012bbas Fons Eiropas Savien\u012bbas COVID\u201119 pand\u0113mijas atbildes ietvaros.\r\n\r\nAtbalsta apm\u0113rs ir 158 720,45 eiro.[\/vc_column_text][vc_single_image image=&#8221;22089&#8243; img_size=&#8221;large&#8221; alignment=&#8221;center&#8221; css=&#8221;&#8221;][\/vc_column][\/vc_row]<\/div>","protected":false},"excerpt":{"rendered":"Projekta &#8220;Villa Wessetis, kas darbojas nullizmaksas princip\u0101, galven\u0101s \u0113damistabas&#8221; ietvaros atkl\u0101t\u0101s galven\u0101s \u0113damistabas m\u0113r\u0137is ir izmantot principu &#8220;no deguna l\u012bdz asti&#8221;.","protected":false},"author":1,"featured_media":22092,"parent":0,"menu_order":0,"comment_status":"closed","ping_status":"closed","template":"","meta":{"footnotes":""},"class_list":["post-22104","page","type-page","status-publish","has-post-thumbnail","hentry"],"_links":{"self":[{"href":"https:\/\/wesset.ee\/lv\/wp-json\/wp\/v2\/pages\/22104","targetHints":{"allow":["GET"]}}],"collection":[{"href":"https:\/\/wesset.ee\/lv\/wp-json\/wp\/v2\/pages"}],"about":[{"href":"https:\/\/wesset.ee\/lv\/wp-json\/wp\/v2\/types\/page"}],"author":[{"embeddable":true,"href":"https:\/\/wesset.ee\/lv\/wp-json\/wp\/v2\/users\/1"}],"replies":[{"embeddable":true,"href":"https:\/\/wesset.ee\/lv\/wp-json\/wp\/v2\/comments?post=22104"}],"version-history":[{"count":0,"href":"https:\/\/wesset.ee\/lv\/wp-json\/wp\/v2\/pages\/22104\/revisions"}],"wp:featuredmedia":[{"embeddable":true,"href":"https:\/\/wesset.ee\/lv\/wp-json\/wp\/v2\/media\/22092"}],"wp:attachment":[{"href":"https:\/\/wesset.ee\/lv\/wp-json\/wp\/v2\/media?parent=22104"}],"curies":[{"name":"wp","href":"https:\/\/api.w.org\/{rel}","templated":true}]}}