{"id":21454,"date":"2025-01-17T13:25:05","date_gmt":"2025-01-17T11:25:05","guid":{"rendered":"https:\/\/wesset.ee\/restoran\/dienas-piedavajumu-izvelne\/"},"modified":"2025-11-24T15:30:15","modified_gmt":"2025-11-24T13:30:15","slug":"dienas-piedavajumu-izvelne","status":"publish","type":"page","link":"https:\/\/wesset.ee\/lv\/restorans\/dienas-piedavajumu-izvelne\/","title":{"rendered":"Dienas pied\u0101v\u0101jumi"},"content":{"rendered":"<div class=\"wpb-content-wrapper\"><p>[vc_section full_width=&#8221;stretch_row&#8221; css=&#8221;.vc_custom_1738800121858{padding-top: 75px !important;padding-right: 25px !important;padding-bottom: 75px !important;padding-left: 25px !important;}&#8221; el_class=&#8221;paketid-intro&#8221;][vc_row full_width=&#8221;stretch_row_content_no_spaces&#8221; gap=&#8221;10&#8243; max_width_alignment_mobile=&#8221;center&#8221; background_position=&#8221;center center&#8221; overflow=&#8221;default&#8221; el_class=&#8221;text-center white-text&#8221;][vc_column]\r\n<div class=\"sh-heading  \" id=\"heading-f2LrEoUWMT\">\r\n\t<div class=\"sh-element-margin\">\r\n\r\n\t\t\r\n\t\t\t<h1 class=\"sh-heading-content size-default text-center\">\r\n\t\t\t\tVilla Wesset dienas pied\u0101v\u0101jumu izv\u0113lne\t\t\t<\/h1>\r\n\r\n\t\t\r\n\t<\/div>\r\n<\/div>\r\n            <style type=\"text\/css\">\r\n                #heading-f2LrEoUWMT .sh-element-margin {}#heading-f2LrEoUWMT .sh-heading-content {font-weight: 400!important;color: #FFFFFF;}#heading-f2LrEoUWMT .sh-heading-content,#heading-f2LrEoUWMT .sh-heading-additional-text {}            <\/style>\r\n        [vc_column_text css=&#8221;&#8221;]Gar\u0161\u012bg\u0101kie \u0113dieni par lab\u0101ko cenu, katru darba dienu no pusdien\u0101m l\u012bdz v\u0113l\u0101k pusdienlaik\u0101[\/vc_column_text][\/vc_column][\/vc_row][\/vc_section][vc_row overflow=&#8221;default&#8221; css=&#8221;.vc_custom_1738800125560{margin-bottom: 50px !important;}&#8221;][vc_column]<div class=\"custom-menu-container\"><style>.fdm-menu-ordering .fdm-add-to-cart-button, .fdm-menu-ordering .fdm-options-add-to-cart-button, .fdm-style-ordering #fdm-ordering-popup-submit button, .cart-location-bottom .fdm-continue-shopping-button, .cart-location-bottom .fdm-clear-cart-button, .cart-location-bottom #fdm-order-submit-button, .cart-location-bottom #fdm-order-payment-form-div #paypal-submit, .cart-location-bottom #fdm-order-payment-form-div #stripe-submit, .fdm-ordering-bottom-bar-checkout-button { background: #b63c3c !important; }.fdm-ordering-bottom-bar-toggle-inside { border-color: #b63c3c !important; }.fdm-ordering-bottom-bar-toggle .dashicons { color: #b63c3c !important; }.fdm-menu-ordering .fdm-add-to-cart-button:hover, .fdm-menu-ordering .fdm-options-add-to-cart-button:hover, .fdm-style-ordering #fdm-ordering-popup-submit button:hover, .cart-location-bottom .fdm-continue-shopping-button:hover, .cart-location-bottom .fdm-clear-cart-button:hover, .cart-location-bottom #fdm-order-submit-button:hover, .cart-location-bottom #fdm-order-payment-form-div #paypal-submit:hover, .cart-location-bottom #fdm-order-payment-form-div #stripe-submit:hover, .fdm-ordering-bottom-bar-checkout-button:hover { background: #0782de !important; }.fdm-section-header h3 { font-family: 'Belleza' !important; }.fdm-section-header h3 { font-size: 11 !important; }.fdm-section-header h3 { color: #a72417 !important; }.fdm-item-title { font-family: 'Belleza' !important; }.fdm-item-content p, .fdm-item-price { font-family: 'Belleza' !important; }.fdm-sidebar-mobile-expand-button { background: #a72417 !important; }.fdm-section-header p { display: none; }<\/style>\n\n\n<div class=\"fdm-menu-filtering\">\n\t<\/div>\n\n<div class=\"fdm-the-menu\">\n\n<div class=\"fdm-menu-sidebar-div fdm-sidebar-display-1 fdm-sidebar-mobile-expand-1 fdm-sidebar-menu-style-refined\">\n\t<div class='fdm-sidebar-mobile-expand-area'>\n\t\t<div class='fdm-sidebar-mobile-expand-button'>Men\u00fc\u00fcd<\/div>\n\t<\/div>\n\t<div class='fdm-sidebar'>\n\t\t<div class=\"fdm-menu-sidebar-section-title\" id=\"esmaspaev\">ESMASP\u00c4EV<\/div>\n<div class=\"fdm-menu-sidebar-section-description fdm-hidden\" id=\"esmaspaev\"><\/div>\n<div class=\"fdm-menu-sidebar-section-title\" id=\"teisipaev\">TEISIP\u00c4EV<\/div>\n<div class=\"fdm-menu-sidebar-section-description fdm-hidden\" id=\"teisipaev\"><\/div>\n<div class=\"fdm-menu-sidebar-section-title\" id=\"kolmapaev\">KOLMAP\u00c4EV<\/div>\n<div class=\"fdm-menu-sidebar-section-description fdm-hidden\" id=\"kolmapaev\"><\/div>\n<div class=\"fdm-menu-sidebar-section-title\" id=\"neljapaev\">NELJAP\u00c4EV<\/div>\n<div class=\"fdm-menu-sidebar-section-description fdm-hidden\" id=\"neljapaev\"><\/div>\n<div class=\"fdm-menu-sidebar-section-title\" id=\"reede\">REEDE<\/div>\n<div class=\"fdm-menu-sidebar-section-description fdm-hidden\" id=\"reede\"><\/div>\n<div class=\"fdm-menu-sidebar-section-title\" id=\"esmaspaevast-reedeni\">ESMASP\u00c4EVAST REEDENI<\/div>\n<div class=\"fdm-menu-sidebar-section-description fdm-hidden\" id=\"esmaspaevast-reedeni\"><\/div>\n\t<\/div>\n<\/div>\n\n<ul id=\"fdm-menu-1\" class=\"fdm-menu fdm-menu-15414 fdm-menu-refined fdm-menu-sidebar-1 fdm-columns-2 fdm-layout-classic clearfix\">\n\n\n\t<li class=\"fdm-column fdm-column-0\">\n\n\t<ul class=\"fdm-section fdm-sectionid-54 fdm-section-esmaspaev fdm-section-one\">\n\t<li class=\"fdm-section-header\" id=\"fdm-section-header-esmaspaev\">\n\n\t\t\t\t\n\t\t\n\t\t\t\t\t<h3 class=''>ESMASP\u00c4EV<\/h3>\n\t\t\n\t\t\n\t\t\n\t<\/li>\n\t\r\n        <li class=\"fdm-item fdm-item-has-price\" data-postid=\"22986\" data-section=\"54\" data-timeadded=\"1727706428\">\r\n    \r\n        \r\n        <div class=\"fdm-item-panel\" data-price=\"7.50\">\r\n\r\n            \n<p class=\"fdm-item-title\">Chicken schnitzel with fennel-cucumber salad, pomegranate, feta cheese, and mashed potatoes<\/p><div class=\"fdm-item-price-wrapper\" data-min_price='1000000' data-max_price='0'>\n\t\t<div class=\"fdm-item-price-discount\"><\/div>\n\t\t\t\t\t\t\t<div class=\"fdm-item-price\">7.50\u20ac<\/div>\n\t\t\t<\/div>\n            \r\n\r\n\r\n            <div class=\"clearfix\"><\/div>\r\n        <\/div>\r\n\r\n        \r\n        <\/li>\r\n    \r\n<\/ul><ul class=\"fdm-section fdm-sectionid-55 fdm-section-teisipaev fdm-section-one\">\n\t<li class=\"fdm-section-header\" id=\"fdm-section-header-teisipaev\">\n\n\t\t\t\t\n\t\t\n\t\t\t\t\t<h3 class=''>TEISIP\u00c4EV<\/h3>\n\t\t\n\t\t\n\t\t\n\t<\/li>\n\t\r\n        <li class=\"fdm-item fdm-item-has-price\" data-postid=\"22990\" data-section=\"55\" data-timeadded=\"1727706438\">\r\n    \r\n        \r\n        <div class=\"fdm-item-panel\" data-price=\"7.50\">\r\n\r\n            \n<p class=\"fdm-item-title\">Pork belly with Asian-style apple-ginger salad, crispy sweet potato, and miso sauce<\/p><div class=\"fdm-item-price-wrapper\" data-min_price='1000000' data-max_price='0'>\n\t\t<div class=\"fdm-item-price-discount\"><\/div>\n\t\t\t\t\t\t\t<div class=\"fdm-item-price\">7.50\u20ac<\/div>\n\t\t\t<\/div>\n            \r\n\r\n\r\n            <div class=\"clearfix\"><\/div>\r\n        <\/div>\r\n\r\n        \r\n        <\/li>\r\n    \r\n<\/ul><ul class=\"fdm-section fdm-sectionid-56 fdm-section-kolmapaev fdm-section-one\">\n\t<li class=\"fdm-section-header\" id=\"fdm-section-header-kolmapaev\">\n\n\t\t\t\t\n\t\t\n\t\t\t\t\t<h3 class=''>KOLMAP\u00c4EV<\/h3>\n\t\t\n\t\t\n\t\t\n\t<\/li>\n\t\r\n        <li class=\"fdm-item fdm-item-has-price\" data-postid=\"23003\" data-section=\"56\" data-timeadded=\"1727706450\">\r\n    \r\n        \r\n        <div class=\"fdm-item-panel\" data-price=\"7.50\">\r\n\r\n            \n<p class=\"fdm-item-title\">Lightly smoked salmon with green pea risotto, spicy broccoli, apple salad, and pickled onion<\/p><div class=\"fdm-item-price-wrapper\" data-min_price='1000000' data-max_price='0'>\n\t\t<div class=\"fdm-item-price-discount\"><\/div>\n\t\t\t\t\t\t\t<div class=\"fdm-item-price\">7.50\u20ac<\/div>\n\t\t\t<\/div>\n            \r\n\r\n\r\n            <div class=\"clearfix\"><\/div>\r\n        <\/div>\r\n\r\n        \r\n        <\/li>\r\n    \r\n<\/ul><ul class=\"fdm-section fdm-sectionid-57 fdm-section-neljapaev fdm-section-one\">\n\t<li class=\"fdm-section-header\" id=\"fdm-section-header-neljapaev\">\n\n\t\t\t\t\n\t\t\n\t\t\t\t\t<h3 class=''>NELJAP\u00c4EV<\/h3>\n\t\t\n\t\t\n\t\t\n\t<\/li>\n\t\r\n        <li class=\"fdm-item fdm-item-has-price\" data-postid=\"22994\" data-section=\"57\" data-timeadded=\"1727706475\">\r\n    \r\n        \r\n        <div class=\"fdm-item-panel\" data-price=\"7.50\">\r\n\r\n            \n<p class=\"fdm-item-title\">Braised beef with honey-roasted carrot, mashed potatoes, and green beans<\/p><div class=\"fdm-item-price-wrapper\" data-min_price='1000000' data-max_price='0'>\n\t\t<div class=\"fdm-item-price-discount\"><\/div>\n\t\t\t\t\t\t\t<div class=\"fdm-item-price\">7.50\u20ac<\/div>\n\t\t\t<\/div>\n            \r\n\r\n\r\n            <div class=\"clearfix\"><\/div>\r\n        <\/div>\r\n\r\n        \r\n        <\/li>\r\n    \r\n<\/ul><ul class=\"fdm-section fdm-sectionid-58 fdm-section-reede fdm-section-one\">\n\t<li class=\"fdm-section-header\" id=\"fdm-section-header-reede\">\n\n\t\t\t\t\n\t\t\n\t\t\t\t\t<h3 class=''>REEDE<\/h3>\n\t\t\n\t\t\n\t\t\n\t<\/li>\n\t\r\n        <li class=\"fdm-item fdm-item-has-price\" data-postid=\"22999\" data-section=\"58\" data-timeadded=\"1727706485\">\r\n    \r\n        \r\n        <div class=\"fdm-item-panel\" data-price=\"7.50\">\r\n\r\n            \n<p class=\"fdm-item-title\">Crispy chicken burger with coleslaw salad, spicy cucumber, and cheesy truffle fries<\/p><div class=\"fdm-item-price-wrapper\" data-min_price='1000000' data-max_price='0'>\n\t\t<div class=\"fdm-item-price-discount\"><\/div>\n\t\t\t\t\t\t\t<div class=\"fdm-item-price\">7.50\u20ac<\/div>\n\t\t\t<\/div>\n            \r\n\r\n\r\n            <div class=\"clearfix\"><\/div>\r\n        <\/div>\r\n\r\n        \r\n        <\/li>\r\n    \r\n<\/ul>\n\t<\/li>\n\n\n\t<li class=\"fdm-column fdm-column-1 fdm-column-last\">\n\n\t<ul class=\"fdm-section fdm-sectionid-53 fdm-section-esmaspaevast-reedeni fdm-section-one\">\n\t<li class=\"fdm-section-header\" id=\"fdm-section-header-esmaspaevast-reedeni\">\n\n\t\t\t\t\n\t\t\n\t\t\t\t\t<h3 class=''>ESMASP\u00c4EVAST REEDENI<\/h3>\n\t\t\n\t\t\n\t\t\n\t<\/li>\n\t\r\n        <li class=\"fdm-item fdm-item-has-price\" data-postid=\"22972\" data-section=\"53\" data-timeadded=\"1727706345\">\r\n    \r\n        \r\n        <div class=\"fdm-item-panel\" data-price=\"5\">\r\n\r\n            \n<p class=\"fdm-item-title\">Fresh juice with carrot and orange<\/p><div class=\"fdm-item-price-wrapper\" data-min_price='1000000' data-max_price='0'>\n\t\t<div class=\"fdm-item-price-discount\"><\/div>\n\t\t\t\t\t\t\t<div class=\"fdm-item-price\">5.00\u20ac<\/div>\n\t\t\t<\/div>\n            \r\n\r\n\r\n            <div class=\"clearfix\"><\/div>\r\n        <\/div>\r\n\r\n        \r\n        <\/li>\r\n    \r\n\r\n        <li class=\"fdm-item fdm-item-has-price\" data-postid=\"22980\" data-section=\"53\" data-timeadded=\"1727706401\">\r\n    \r\n        \r\n        <div class=\"fdm-item-panel\" data-price=\"6.50\">\r\n\r\n            \n<p class=\"fdm-item-title\">Goat cheese salad with roasted beetroot, pumpkin seeds, pomegranate, and blackcurrant dressing<\/p><div class=\"fdm-item-price-wrapper\" data-min_price='1000000' data-max_price='0'>\n\t\t<div class=\"fdm-item-price-discount\"><\/div>\n\t\t\t\t\t\t\t<div class=\"fdm-item-price\">6.50\u20ac<\/div>\n\t\t\t<\/div>\n            \r\n\r\n\r\n            <div class=\"clearfix\"><\/div>\r\n        <\/div>\r\n\r\n        \r\n        <\/li>\r\n    \r\n\r\n        <li class=\"fdm-item fdm-item-has-price\" data-postid=\"22982\" data-section=\"53\" data-timeadded=\"1739369303\">\r\n    \r\n        \r\n        <div class=\"fdm-item-panel\" data-price=\"4.50\">\r\n\r\n            \n<p class=\"fdm-item-title\">Prawn laksa in coconut broth with ginger, chili oil, and coriander<\/p><div class=\"fdm-item-price-wrapper\" data-min_price='1000000' data-max_price='0'>\n\t\t<div class=\"fdm-item-price-discount\"><\/div>\n\t\t\t\t\t\t\t<div class=\"fdm-item-price\">4.50\u20ac<\/div>\n\t\t\t<\/div>\n            \r\n\r\n\r\n            <div class=\"clearfix\"><\/div>\r\n        <\/div>\r\n\r\n        \r\n        <\/li>\r\n    \r\n\r\n        <li class=\"fdm-item fdm-item-has-price\" data-postid=\"22978\" data-section=\"53\" data-timeadded=\"1727706385\">\r\n    \r\n        \r\n        <div class=\"fdm-item-panel\" data-price=\"6.50\">\r\n\r\n            \n<p class=\"fdm-item-title\">Roasted cabbage with miso, pickled fennel, plant-based \u201cfeta\u201d cheese, and nut sauce<\/p><div class=\"fdm-item-price-wrapper\" data-min_price='1000000' data-max_price='0'>\n\t\t<div class=\"fdm-item-price-discount\"><\/div>\n\t\t\t\t\t\t\t<div class=\"fdm-item-price\">6.50\u20ac<\/div>\n\t\t\t<\/div>\n            \r\n\r\n\r\n            <div class=\"clearfix\"><\/div>\r\n        <\/div>\r\n\r\n        \r\n        <\/li>\r\n    \r\n<\/ul>\n\t<\/li>\n\n\n<\/ul>\n\n\n<\/div> <!-- fdm-the-menu -->\n\n<div class=\"clearfix\"><\/div>\n\n<div class='fdm-details-div fdm-hidden'>\n\t<div class='fdm-details-div-inside'>\n\t\t<div class='fdm-details-div-exit'>\n\t\t\t<div class='fdm-details-div-exit-inside'><span class=\"dashicons dashicons-no-alt\"><\/span><\/div>\n\t\t<\/div>\n\t\t<div class='fdm-details-div-content'><\/div>\n\t<\/div>\n<\/div>\n<div class='fdm-details-background-div fdm-hidden'><\/div><\/div>[\/vc_column][\/vc_row]<\/p>\r\n<\/div>","protected":false},"excerpt":{"rendered":"[vc_section full_width=&#8221;stretch_row&#8221; css=&#8221;.vc_custom_1738800121858{padding-top: 75px !important;padding-right: 25px !important;padding-bottom: 75px !important;padding-left: 25px !important;}&#8221; el_class=&#8221;paketid-intro&#8221;][vc_row full_width=&#8221;stretch_row_content_no_spaces&#8221; gap=&#8221;10&#8243; max_width_alignment_mobile=&#8221;center&#8221;&#8230;","protected":false},"author":1,"featured_media":0,"parent":12657,"menu_order":0,"comment_status":"closed","ping_status":"closed","template":"","meta":{"footnotes":""},"class_list":["post-21454","page","type-page","status-publish","hentry"],"_links":{"self":[{"href":"https:\/\/wesset.ee\/lv\/wp-json\/wp\/v2\/pages\/21454","targetHints":{"allow":["GET"]}}],"collection":[{"href":"https:\/\/wesset.ee\/lv\/wp-json\/wp\/v2\/pages"}],"about":[{"href":"https:\/\/wesset.ee\/lv\/wp-json\/wp\/v2\/types\/page"}],"author":[{"embeddable":true,"href":"https:\/\/wesset.ee\/lv\/wp-json\/wp\/v2\/users\/1"}],"replies":[{"embeddable":true,"href":"https:\/\/wesset.ee\/lv\/wp-json\/wp\/v2\/comments?post=21454"}],"version-history":[{"count":0,"href":"https:\/\/wesset.ee\/lv\/wp-json\/wp\/v2\/pages\/21454\/revisions"}],"up":[{"embeddable":true,"href":"https:\/\/wesset.ee\/lv\/wp-json\/wp\/v2\/pages\/12657"}],"wp:attachment":[{"href":"https:\/\/wesset.ee\/lv\/wp-json\/wp\/v2\/media?parent=21454"}],"curies":[{"name":"wp","href":"https:\/\/api.w.org\/{rel}","templated":true}]}}