{"id":15715,"date":"2024-11-06T22:09:48","date_gmt":"2024-11-06T20:09:48","guid":{"rendered":"https:\/\/wesset.ee\/?page_id=15715"},"modified":"2025-02-12T17:08:08","modified_gmt":"2025-02-12T15:08:08","slug":"privatuma-politika-viesiem","status":"publish","type":"page","link":"https:\/\/wesset.ee\/lv\/privatuma-politika-viesiem\/","title":{"rendered":"Priv\u0101tuma politika viesiem"},"content":{"rendered":"<div class=\"wpb-content-wrapper\">[vc_row overflow=&#8221;default&#8221; css=&#8221;.vc_custom_1738769876328{margin-top: 50px !important;margin-bottom: 50px !important;}&#8221; el_class=&#8221;hotel-terms&#8221;][vc_column]\r\n<div class=\"sh-heading  \" id=\"heading-af30jElRiv\">\r\n\t<div class=\"sh-element-margin\">\r\n\r\n\t\t\r\n\t\t\t<h1 class=\"sh-heading-content size-default text-center\">\r\n\t\t\t\tPriv\u0101tuma politika viesiem\t\t\t<\/h1>\r\n\r\n\t\t\r\n\t<\/div>\r\n<\/div>\r\n            <style type=\"text\/css\">\r\n                #heading-af30jElRiv .sh-element-margin {margin: 0px 0px 35px 0px;}#heading-af30jElRiv .sh-heading-content {font-weight: 700!important;}#heading-af30jElRiv .sh-heading-content,#heading-af30jElRiv .sh-heading-additional-text {}            <\/style>\r\n        [vc_column_text css=&#8221;&#8221;]Hotell Wesset O\u00dc (turpm\u0101k \u201cm\u0113s\u201d) \u013coti augstu v\u0113rt\u0113 katra sava klienta (turpm\u0101k \u201cj\u016bs\u201d) priv\u0101tumu. \u0160aj\u0101 priv\u0101tuma politik\u0101 m\u0113s izskaidrosim, k\u0101dus datus m\u0113s par jums v\u0101kam, k\u0101p\u0113c m\u0113s to dar\u0101m un ko m\u0113s dar\u0101m ar j\u016bsu datiem.[\/vc_column_text][vc_toggle title=&#8221;KAS M\u0112S ESAM?&#8221; style=&#8221;arrow&#8221; css=&#8221;&#8221;]Pievilc\u012bga viesn\u012bca ar lab\u0101ko atra\u0161an\u0101s vietu P\u00e4rn\u0101. Villa Wesset atrodas dz\u012bv\u012bg\u0101 galvenaj\u0101 iel\u0101 pie pludmales, tikai da\u017eus simtus metrus no j\u016bras un pastaigas att\u0101lum\u0101 no pils\u0113tas centra. Viesn\u012bca tika atv\u0113rta 2007. gad\u0101 un taj\u0101 ir 36 unik\u0101li iek\u0101rtoti numuri. \u0112kas v\u0113sturisko fona liec\u012bbu sniedz vec\u0101s \u010duksto\u0161\u0101s k\u0101pnes, stil\u012bg\u0101s koka arkas, atv\u0113rts foj\u0113 un arka logi. Viesn\u012bcas pirmaj\u0101 st\u0101v\u0101 atrodas \u00e0 la carte restor\u0101ns ar m\u0101j\u012bgu interjeru un gardiem \u0113dieniem.\r\n\r\nM\u0113s ievie\u0161am nepiecie\u0161amos tehniskos, fiziskos un organizatoriskos dro\u0161\u012bbas pas\u0101kumus, lai aizsarg\u0101tu j\u016bsu personas datus no zaud\u0113\u0161anas, izn\u012bcin\u0101\u0161anas un neat\u013cautas piek\u013cuves.\r\n\r\nJa jums ir k\u0101di jaut\u0101jumi par inform\u0101ciju, kas sniegta \u0161aj\u0101 priv\u0101tuma politik\u0101, l\u016bdzu, sazinieties ar mums:\u00a0<a href=\"mailto:info@wesset.ee\">info@wesset.ee<\/a>.[\/vc_toggle][vc_toggle title=&#8221;K\u0100DUS DATUS M\u0112S PAR JUMS V\u0100KAM UN NO K\u0100DA M\u0112S TOS SA\u0145\u0112M?&#8221; style=&#8221;arrow&#8221; css=&#8221;&#8221;]M\u0113s par jums v\u0101kam \u0161\u0101dus datus:\r\n<ul>\r\n \t<li><em>personas dati<\/em>: piem\u0113ram, v\u0101rds un uzv\u0101rds, dzim\u0161anas datums\/personas kods<\/li>\r\n \t<li><em>kontakta dati<\/em>: piem\u0113ram, dz\u012bvesvietas adrese, t\u0101lru\u0146a numurs, e-pasta adrese<\/li>\r\n \t<li><em>apmekl\u0113t\u0101ja kartes dati<\/em>: tie ir dati, kas nepiecie\u0161ami majojuma apmekl\u0113t\u0101ja noteik\u0161anai saska\u0146\u0101 ar t\u016brisma likumu \u2013 piem\u0113ram, pilson\u012bba, viesi pavada laul\u0101t\u0101 un nepilngad\u012bg\u0101 v\u0101rdi, dzim\u0161anas datumi un pilson\u012bba, k\u0101 ar\u012b majo\u0161anas pakalpojuma snieg\u0161anas laiks utt.<\/li>\r\n \t<li><em>kred\u012btkartes dati<\/em>: piem\u0113ram, kartes numurs, \u012bpa\u0161nieka v\u0101rds, der\u012bguma termi\u0146\u0161<\/li>\r\n \t<li><em>nov\u0113ro\u0161anas kameru ieraksti<\/em> \u2013 gad\u012bjumos, kad j\u016bs apmekl\u0113jat m\u016bsu majo\u0161anas iest\u0101di vai citas telpas, kur dro\u0161\u012bbas apsv\u0113rumu d\u0113\u013c ir uzst\u0101d\u012btas video vai citas elektronisk\u0101s\/digit\u0101l\u0101s uzraudz\u012bbas sist\u0113mas vai ier\u012bces<\/li>\r\n \t<li><em>dati par person\u012bgaj\u0101m v\u0113lm\u0113m<\/em>: piem\u0113ram, istabas kategorija, skats uz pils\u0113tu, m\u012b\u013cdz\u012bvnieks utt.<\/li>\r\n<\/ul>\r\nParasti datus sa\u0146emam tie\u0161i no jums, kad veicat rezerv\u0101ciju vai piepras\u012bjumu m\u016bsu t\u012bmek\u013ca vietn\u0113 <a href=\"https:\/\/wesset.ee\/lv\/\">wesset.ee<\/a>, pa t\u0101lruni vai e-pastu, vai ar\u012b, kad ieg\u0101d\u0101jaties pakalpojumus, apmekl\u0113jot m\u016bs kl\u0101tien\u0113.\r\n\r\nJ\u016bsu datus mums nodod ce\u013cojumu a\u0123ent\u016bras, rezerv\u0101cijas pakalpojumu sniedz\u0113ji un citi, kas nodro\u0161ina majo\u0161anas pakalpojumu starpniec\u012bbu, no kuriem esat pas\u016bt\u012bjis majo\u0161anu un\/vai citus pakalpojumus. Ja m\u0113s datus neesam sa\u0146\u0113mu\u0161i tie\u0161i no jums, m\u0113s nos\u016bt\u012bsim jums priv\u0101tuma politiku p\u0113c iesp\u0113jas dr\u012bz\u0101k p\u0113c datu sa\u0146em\u0161anas.[\/vc_toggle][vc_toggle title=&#8221;K\u0100P\u0112C M\u0112S NEPIECIE\u0160AMIES J\u016aSU DATU? KO NOTIEKOS, JA J\u016aSU DATI NETIEK SNIEGTI?&#8221; style=&#8221;arrow&#8221; css=&#8221;&#8221;]M\u0113s izmantojam j\u016bsu datus, lai sniegtu jums pas\u016bt\u012btos majo\u0161anas un\/vai citus pakalpojumus, k\u0101 ar\u012b, lai izpild\u012btu mums likum\u0101 noteiktos pien\u0101kumus un visp\u0101r\u0113jos komerci\u0101los m\u0113r\u0137us, piem\u0113ram:\r\n<ul>\r\n \t<li><em>personas dati<\/em> \u2013 mums \u0161ie dati nepiecie\u0161ami, lai noteiktu j\u016bsu identit\u0101ti, kas ir b\u016btiski, lai pakalpojums tiktu sniegts personai, kura to paties\u012bb\u0101 pas\u016bt\u012bja<\/li>\r\n \t<li><em>kontakta dati<\/em> \u2013 mums \u0161ie dati nepiecie\u0161ami, lai sazin\u0101tos ar jums. Galvenok\u0101rt m\u0113s sazin\u0101simies pa t\u0101lruni vai e-pastu, ta\u010du noteiktos gad\u012bjumos var b\u016bt nepiecie\u0161ama ar\u012b dz\u012bvesvietas adrese (piem\u0113ram, ja citi sazi\u0146as veidi nav pieejami).<\/li>\r\n \t<li><em>apmekl\u0113t\u0101ja kartes dati<\/em> \u2013 mums ir pien\u0101kums piepras\u012bt \u0161os datus saska\u0146\u0101 ar t\u016brisma likumu. M\u0113r\u0137is ir nov\u0113rst riskus, piem\u0113ram, saist\u012bb\u0101 ar nelikum\u012bgu migr\u0101ciju.<\/li>\r\n \t<li><em>kred\u012btkartes dati<\/em> \u2013 mums \u0161ie dati nepiecie\u0161ami gad\u012bjumos, kad saska\u0146\u0101 ar m\u016bsu viesn\u012bcas iek\u0161\u0113jiem noteikumiem un majo\u0161anas pakalpojuma l\u012bgumu mums ir ties\u012bbas notur\u0113t noteiktu summu no j\u016bsu kred\u012btkartes par pas\u016bt\u012btajiem pakalpojumiem vai segt radu\u0161os izdevumus.<\/li>\r\n \t<li><em>dati par person\u012bgaj\u0101m v\u0113lm\u0113m<\/em> \u2013 ja m\u0113s piepras\u0101m \u0161os datus vai ja j\u016bs tos br\u012bvpr\u0101t\u012bgi sniedzat, m\u0113s tos izmantojam, lai sniegtu jums lab\u0101ku pakalpojumu, kas balst\u012bts uz j\u016bsu v\u0113lm\u0113m un interes\u0113m.<\/li>\r\n<\/ul>\r\nJa j\u016bs nesniedzat mums apmekl\u0113t\u0101ja kartes datus, m\u0113s nevar\u0113sim sniegt jums majo\u0161anas pakalpojumus.[\/vc_toggle][vc_toggle title=&#8221;UZ K\u0100DAJ\u0100D JURIDISK\u0100JIEM PAMATIEM M\u0112S APSTR\u0100D\u0100M J\u016aSU DATUS?&#8221; style=&#8221;arrow&#8221; css=&#8221;&#8221;]Apstr\u0101d\u0101jot j\u016bsu datus, m\u0113s balst\u0101mies uz da\u017e\u0101diem juridiskiem pamatiem:\r\n<ul>\r\n \t<li>nepiecie\u0161am\u012bba izveidot ar jums l\u012bgumattiec\u012bbas vai izpild\u012bt ar jums nosl\u0113gto l\u012bgumu<\/li>\r\n \t<li>j\u016bsu piekri\u0161ana \u2013 ja m\u0113s apstr\u0101d\u0101jam personas datus, pamatojoties uz j\u016bsu piekri\u0161anu, \u0146emiet v\u0113r\u0101, ka jums ir ties\u012bbas jebkur\u0101 laik\u0101 atsaukt savu piekri\u0161anu<\/li>\r\n \t<li>nepiecie\u0161am\u012bba izpild\u012bt mums likum\u0101 noteiktos pien\u0101kumus (piem\u0113ram, apmekl\u0113t\u0101ja kartes aizpild\u012b\u0161ana un glab\u0101\u0161ana 2 gadus)<\/li>\r\n \t<li>nepiecie\u0161am\u012bba \u012bstenot m\u016bsu likum\u012bg\u0101s intereses, tostarp uz\u0146\u0113muma vad\u012bbu un visp\u0101r\u0113jo komercdarb\u012bbu; likump\u0101rk\u0101pumu un kr\u0101p\u0161anas atkl\u0101\u0161ana<\/li>\r\n \t<li>nepiecie\u0161am\u012bba aizsarg\u0101t j\u016bsu vai jebkura cita personas dz\u012bv\u012bbas svar\u012bgus intere\u0161us (piem\u0113ram, atkl\u0101jot j\u016bsu datus negad\u012bjuma gad\u012bjum\u0101 \u0101tro pal\u012bdz\u012bbas sniedz\u0113jiem)<\/li>\r\n \t<li>citiem likum\u0101 at\u013cautiem pamatiem.<\/li>\r\n<\/ul>\r\n[\/vc_toggle][vc_toggle title=&#8221;AR K\u0100DIEM PERSON\u0100M M\u0112S DAL\u0100SIMIES AR J\u016aSU DATIEM?&#8221; style=&#8221;arrow&#8221; css=&#8221;&#8221;]M\u0113s nedal\u0101m j\u016bsu mums uztic\u0113tos datus, iz\u0146emot ierobe\u017eotos gad\u012bjumos, kas aprakst\u012bti zem\u0101k un, ja tas ir nepiecie\u0161ams, lai sasniegtu m\u0113r\u0137us, nor\u0101d\u012btus \u0161aj\u0101 priv\u0101tuma politik\u0101:\r\n<ul>\r\n \t<li>M\u016bsu saist\u012bt\u0101s uz\u0146\u0113m\u0113jdarb\u012bbas vien\u012bbas: m\u0113s varam dal\u012bties ar j\u016bsu personas datiem ar m\u016bsu saist\u012btajiem uz\u0146\u0113mumiem, kas visi atrodas Eiropas Savien\u012bb\u0101.<\/li>\r\n \t<li>Pakalpojumu sniedz\u0113ji: k\u0101 daudzi citi uz\u0146\u0113mumi, m\u0113s varam pas\u016bt\u012bt datu apstr\u0101des pakalpojumus no uzticamiem tre\u0161\u0101s puses pakalpojumu sniedz\u0113jiem, piem\u0113ram, IT un konsult\u0101ciju pakalpojumiem;<\/li>\r\n \t<li>Vald\u012bbas instit\u016bcijas un iest\u0101des: m\u0113s varam dal\u012bties ar datiem ar iest\u0101d\u0113m, ja mums ir likumiska pien\u0101kuma datus nodot vai ja datu nodo\u0161ana ir nepiecie\u0161ama m\u016bsu ties\u012bbu aizsardz\u012bbai;<\/li>\r\n \t<li>Profesion\u0101lie konsultanti un citi: m\u0113s varam dal\u012bties ar j\u016bsu datiem ar profesion\u0101liem konsultantiem, piem\u0113ram, auditoriem, advok\u0101tiem, gr\u0101matve\u017eiem un citiem konsult\u0101ciju pakalpojumu sniedz\u0113jiem;<\/li>\r\n \t<li>Tre\u0161\u0101s puses, kas saist\u012btas ar uz\u0146\u0113muma dar\u012bjumiem: laiku pa laikam m\u0113s varam dal\u012bties ar j\u016bsu datiem ar tre\u0161aj\u0101m pus\u0113m, piem\u0113ram, uz\u0146\u0113muma vai t\u0101 da\u013cas p\u0101rdo\u0161anas gad\u012bjum\u0101 citam uz\u0146\u0113mumam. Tas attiecas ar\u012b uz uz\u0146\u0113muma reorganiz\u0101ciju, kopuz\u0146\u0113muma izveidi, apvieno\u0161anu vai citu uz\u0146\u0113muma \u012bpa\u0161uma p\u0101rdali.<\/li>\r\n<\/ul>\r\nJa m\u0113s dal\u0101mies ar j\u016bsu datiem ar k\u0101du no iepriek\u0161 min\u0113taj\u0101m pus\u0113m, m\u0113s nodro\u0161in\u0101sim j\u016bsu datu aizsardz\u012bbu, nosl\u0113dzot ar attiec\u012bgo personu l\u012bgumu par datu apstr\u0101di.\r\n\r\nM\u0113s nesaglab\u0101jam un nes\u016bt\u0101m j\u016bsu personas datus \u0101rpus Eiropas Ekonomisk\u0101s zonas vai valst\u012bs, par kur\u0101m nav pie\u0146emts atbilst\u012bbas l\u0113mums saska\u0146\u0101 ar Direkt\u012bvu 95\/46\/ES vai Regul\u0101ciju (ES) 2016\/679.[\/vc_toggle][vc_toggle title=&#8221;KAK ILGI M\u0112S SAGLAB\u0100JAM J\u016aSU DATUS?&#8221; style=&#8221;arrow&#8221; css=&#8221;&#8221;]M\u0113s glab\u0101jam j\u016bsu datus tik ilgi, kam\u0113r tas ir nepiecie\u0161ams, lai sasniegtu da\u017e\u0101dus datu apstr\u0101des m\u0113r\u0137us.\r\n\r\nUz\u0146\u0113mums iev\u0113ro \u0161\u0101dus krit\u0113rijus, saglab\u0101jot personas datus:\r\n<ul>\r\n \t<li>tik ilgi, kam\u0113r nepiecie\u0161ams saglab\u0101t personas datus pakalpojumu snieg\u0161anai<\/li>\r\n \t<li>ja jums ir klienta konts vai karte uz\u0146\u0113mum\u0101, m\u0113s saglab\u0101jam personas datus visu konta\/kartes aktivit\u0101tes laiku vai tik ilgi, kam\u0113r tie ir nepiecie\u0161ami pakalpojumu snieg\u0161anai<\/li>\r\n \t<li>ja uz\u0146\u0113mumam ir likumiska, l\u012bgumiska vai cita l\u012bdz\u012bga saist\u012bba saglab\u0101t personas datus, m\u0113s tos saglab\u0101jam tik ilgi, kam\u0113r tas ir nepiecie\u0161ams \u0161\u012bs saist\u012bbas izpildei<\/li>\r\n \t<li>p\u0113c l\u012bgumattiec\u012bbu izbeig\u0161an\u0101s m\u0113s saglab\u0101jam noteiktus datus tik ilgi, kam\u0113r jums (datu subjekts) vai uz\u0146\u0113mumam ir ties\u012bbas izvirz\u012bt pras\u012bbas pret otru pusi saska\u0146\u0101 ar l\u012bgumu<\/li>\r\n<\/ul>\r\nApmekl\u0113t\u0101ja kartes datus m\u0113s glab\u0101jam saska\u0146\u0101 ar t\u016brisma likuma pras\u012bb\u0101m 2 gadus no kartes aizpild\u012b\u0161anas br\u012b\u017ea.\r\n\r\nKred\u012btkartes datus m\u0113s glab\u0101jam tikai tik ilgi, kam\u0113r tiek pien\u0101c\u012bgi izpild\u012bts m\u016bsu majo\u0161anas pakalpojuma l\u012bgums.\r\n\r\nJa j\u016bs esat devu\u0161i piekri\u0161anu tie\u0161\u0101m m\u0101rketinga materi\u0101lu sa\u0146em\u0161anai, m\u0113s saglab\u0101sim j\u016bsu kontaktdatus, kam\u0113r j\u016bs atsauciet savu piekri\u0161anu.[\/vc_toggle][vc_toggle title=&#8221;K\u0100DAS IR J\u016aSU TIES\u012aBAS ATTIEC\u012aB\u0100 UZ J\u016aSU DATIEM?&#8221; style=&#8221;arrow&#8221; css=&#8221;&#8221;]K\u0101 datu subjekts, jums ir \u0161\u0101das ties\u012bbas:\r\n<ol>\r\n \t<li><em>Ties\u012bbas piek\u013c\u016bt datiem<\/em> \u2013 jums ir ties\u012bbas uzzin\u0101t, k\u0101di dati par jums tiek saglab\u0101ti un k\u0101 tie tiek apstr\u0101d\u0101ti.<\/li>\r\n \t<li><em>Ties\u012bbas labot datus<\/em> \u2013 jums ir ties\u012bbas piepras\u012bt, lai j\u016bsu personas dati tiktu laboti, ja tie ir nepatiess.<\/li>\r\n \t<li><em>Ties\u012bbas uz datu dz\u0113\u0161anu (\u201cties\u012bbas tikt aizmirstam\u201d)<\/em> \u2013 noteiktos gad\u012bjumos jums ir ties\u012bbas piepras\u012bt, lai m\u0113s dz\u0113\u0161am j\u016bsu personas datus (piem\u0113ram, ja mums tie vairs nav nepiecie\u0161ami vai ja j\u016bs atsauciet savu piekri\u0161anu datu apstr\u0101dei, utt.).<\/li>\r\n \t<li><em>Ties\u012bbas ierobe\u017eot datu apstr\u0101di<\/em> \u2013 noteiktos gad\u012bjumos jums ir ties\u012bbas ierobe\u017eot vai aizliegt j\u016bsu personas datu apstr\u0101di uz noteiktu laiku (piem\u0113ram, ja j\u016bs izteic\u0101t iebildumus pret datu apstr\u0101di).<\/li>\r\n \t<li><em>Ties\u012bbas iebilst pret datu apstr\u0101di<\/em> \u2013 atkar\u012bb\u0101 no situ\u0101cijas jums ir ties\u012bbas iebilst pret j\u016bsu personas datu apstr\u0101di, ja t\u0101 balst\u0101s uz m\u016bsu likum\u012bgaj\u0101m vai sabiedriskaj\u0101m interes\u0113m. J\u016bs varat jebkur\u0101 laik\u0101 iebilst pret datu apstr\u0101di tie\u0161\u0101m m\u0101rketinga nol\u016bkos.<\/li>\r\n \t<li><em>Ties\u012bbas uz datu p\u0101rnesam\u012bbu<\/em> \u2013 jums ir ties\u012bbas piepras\u012bt, lai dati, kurus j\u016bs mums esat sniedzis, tiktu nodoti jums ma\u0161\u012bnas las\u0101m\u0101 form\u0101t\u0101. J\u016bs varat piepras\u012bt ar\u012b, lai dati tiktu nodoti tie\u0161i citam atbild\u012bgam datu p\u0101rzinim, bet tikai, ja tas ir tehniski iesp\u0113jams. \u0160\u012b ties\u012bba attiecas tikai uz datiem, kurus m\u0113s apstr\u0101d\u0101jam, pamatojoties uz j\u016bsu piekri\u0161anu vai l\u012bguma izpildi ar jums.<\/li>\r\n \t<li><em>Ties\u012bbas nepak\u013cauties automatiz\u0113tai l\u0113mumu pie\u0146em\u0161anai (tostarp profil\u0113\u0161anai)<\/em> \u2013 ja jums ir pazi\u0146ots, ka m\u0113s veicam automatiz\u0113tu datu apstr\u0101di (tostarp profil\u0113\u0161anu), kas rada jums juridiskas sekas vai b\u016btisku ietekmi, jums ir ties\u012bbas piepras\u012bt, lai l\u0113mums netiktu pie\u0146emts tikai, balstoties uz automatiz\u0113tu apstr\u0101di.<\/li>\r\n<\/ol>\r\nJa jums rodas jaut\u0101jumi par \u0161aj\u0101 politik\u0101 sniegto inform\u0101ciju vai v\u0113laties iesniegt pieteikumu datu subjekta ties\u012bbu \u012bsteno\u0161anai, l\u016bdzu, sazinieties ar mums pa e-pastu: info@wesset.ee.\r\n\r\nM\u0113s dar\u012bsim visu iesp\u0113jamo, lai savlaic\u012bgi un bez maksas apstr\u0101d\u0101tu j\u016bsu pieteikumus un v\u0113lmes, iz\u0146emot gad\u012bjumos, kad tas rad\u012bs nepamatoti augstas izmaksas. Ja j\u016bs neesat apmierin\u0101ts ar m\u016bsu sniegto atbildi, jums ir ties\u012bbas iesniegt s\u016bdz\u012bbu Datu aizsardz\u012bbas inspekcijai.[\/vc_toggle][vc_column_text css=&#8221;&#8221;]<strong>Hotell Wesset O\u00dc<\/strong>\r\nSupeluse 26, P\u00e4rnu, Igaunija  \r\nRe\u0123. nr.: 12956927\r\n\r\n<strong>T\u0101lrunis:<\/strong> +372 56 460 500  \r\n<strong>E-pasts:<\/strong> info@wesset.ee\r\n\r\n<em>P\u0113d\u0113joreiz atjaunin\u0101ts: 13.07.2018<\/em>[\/vc_column_text][\/vc_column][\/vc_row]<\/div>","protected":false},"excerpt":{"rendered":"Villa Wesset viesn\u012bcas viesu priv\u0101tuma politika.","protected":false},"author":1,"featured_media":0,"parent":0,"menu_order":0,"comment_status":"closed","ping_status":"closed","template":"","meta":{"footnotes":""},"class_list":["post-15715","page","type-page","status-publish","hentry"],"_links":{"self":[{"href":"https:\/\/wesset.ee\/lv\/wp-json\/wp\/v2\/pages\/15715","targetHints":{"allow":["GET"]}}],"collection":[{"href":"https:\/\/wesset.ee\/lv\/wp-json\/wp\/v2\/pages"}],"about":[{"href":"https:\/\/wesset.ee\/lv\/wp-json\/wp\/v2\/types\/page"}],"author":[{"embeddable":true,"href":"https:\/\/wesset.ee\/lv\/wp-json\/wp\/v2\/users\/1"}],"replies":[{"embeddable":true,"href":"https:\/\/wesset.ee\/lv\/wp-json\/wp\/v2\/comments?post=15715"}],"version-history":[{"count":0,"href":"https:\/\/wesset.ee\/lv\/wp-json\/wp\/v2\/pages\/15715\/revisions"}],"wp:attachment":[{"href":"https:\/\/wesset.ee\/lv\/wp-json\/wp\/v2\/media?parent=15715"}],"curies":[{"name":"wp","href":"https:\/\/api.w.org\/{rel}","templated":true}]}}