{"id":12661,"date":"2024-10-01T16:07:39","date_gmt":"2024-10-01T13:07:39","guid":{"rendered":"https:\/\/wesset.ee\/privaatsuspoliitika-veebisaidil\/"},"modified":"2025-02-05T19:01:12","modified_gmt":"2025-02-05T17:01:12","slug":"privatuma-politika-vietne","status":"publish","type":"page","link":"https:\/\/wesset.ee\/lv\/privatuma-politika-vietne\/","title":{"rendered":"Priv\u0101tuma politika vietn\u0113"},"content":{"rendered":"<div class=\"wpb-content-wrapper\">[vc_row overflow=&#8221;default&#8221; css=&#8221;.vc_custom_1738773979713{margin-top: 50px !important;margin-bottom: 50px !important;}&#8221;][vc_column][vc_column_text css=&#8221;&#8221;]<em>P\u0113d\u0113joreiz atjaunin\u0101ts: 13.07.2018<\/em>\r\n\r\n<strong>1. IEVADS<\/strong>\r\n\r\nHotell Wesset O\u00dc (\u201em\u0113s\u201d, \u201eHotell Wesset\u201d) uztver j\u016bsu priv\u0101tumu nopietni un ap\u0146emas aizsarg\u0101t j\u016bsu personas datus. \u0160\u012b priv\u0101tuma politika izskaidro, k\u0101dus datus m\u0113s v\u0101cam, k\u0101 m\u0113s tos izmantojam un k\u0101das ir j\u016bsu ties\u012bbas attiec\u012bb\u0101 uz j\u016bsu personas datiem.\r\n\r\nIzmantojot vietni <a href=\"https:\/\/wesset.ee\/lv\/\">wesset.ee<\/a> (\u201evietne\u201d), j\u016bs apliecin\u0101t, ka esat iepazinies ar m\u016bsu priv\u0101tuma politiku un piekr\u012btat t\u0101s noteikumiem.\r\n\r\n&nbsp;\r\n\r\n<strong>2. K\u0100DUS DATUS M\u0112S V\u0100CAM?<\/strong>\r\n\r\nM\u0113s v\u0101cam personas datus \u0161\u0101d\u0101s kategorij\u0101s:\r\n<ul>\r\n \t<li><strong>J\u016bsu sniegtie dati<\/strong> \u2013 v\u0101rds, e-pasta adrese, t\u0101lru\u0146a numurs, pasta adrese, maks\u0101jumu dati (nepiecie\u0161ami rezerv\u0101cij\u0101m un pirkumiem) un inform\u0101cija, kas sniegta, abon\u0113jot jaunumu v\u0113stuli.<\/li>\r\n \t<li><strong>Autom\u0101tiska datu apkopo\u0161ana<\/strong> \u2013 IP adrese, p\u0101rl\u016bkprogrammas veids, ier\u012bces inform\u0101cija, apmekl\u0113juma laiks un ilgums, vietnes lieto\u0161anas paradumi un inform\u0101cija, kas ieg\u016bta caur &#8220;s\u012bkdatn\u0113m&#8221; (cookies).<\/li>\r\n \t<li><strong>Tre\u0161o pu\u0161u avoti<\/strong> \u2013 m\u0113s varam sa\u0146emt inform\u0101ciju ar\u012b no m\u016bsu maks\u0101jumu pakalpojumu sniedz\u0113jiem un m\u0101rketinga partneriem.<\/li>\r\n<\/ul>\r\n&nbsp;\r\n\r\n<strong>3. K\u0100 M\u0112S IZMANTOJAM J\u016aSU DATUS?<\/strong>\r\n\r\nM\u0113s izmantojam j\u016bsu personas datus \u0161\u0101diem m\u0113r\u0137iem:\r\n<ul>\r\n \t<li><strong>Pakalpojumu snieg\u0161ana<\/strong> \u2013 viesn\u012bcas rezerv\u0101ciju apstr\u0101de, maks\u0101jumu p\u0101rvald\u012bba un klientu apkalpo\u0161ana.<\/li>\r\n \t<li><strong>M\u0101rketinga un komunik\u0101cijas<\/strong> \u2013 jaunumu v\u0113stules, pied\u0101v\u0101jumu un pakalpojumiem saist\u012btu pazi\u0146ojumu s\u016bt\u012b\u0161ana (piem\u0113ram, rezerv\u0101cijas apstiprin\u0101jums).<\/li>\r\n \t<li><strong>Vietnes optimiz\u0101cija<\/strong> \u2013 lietot\u0101ja pieredzes uzlabo\u0161ana, tehniskas uzlabojumi un anal\u012bzes.<\/li>\r\n \t<li><strong>Dro\u0161\u012bba un juridisk\u0101s saist\u012bbas<\/strong> \u2013 datu aizsardz\u012bba, kr\u0101p\u0161anas nov\u0113r\u0161ana un juridisko pras\u012bbu izpilde.<\/li>\r\n<\/ul>\r\n&nbsp;\r\n\r\n<strong>4. K\u0100 AR KO \u013bAUDA M\u0112S DAL\u012aTIES J\u016aSU DATOS?<\/strong>\r\n\r\nM\u0113s dal\u0101mies ar datiem tikai nepiecie\u0161amaj\u0101 apm\u0113r\u0101 ar \u0161\u0101d\u0101m pus\u0113m:\r\n<ul>\r\n \t<li><strong>Pakalpojumu sniedz\u0113ji<\/strong> \u2013 rezerv\u0101ciju, maks\u0101jumu un m\u0101rketinga atbalstam (piem\u0113ram, Maksekeskus AS maks\u0101jumu apstr\u0101dei).<\/li>\r\n \t<li><strong>Juridisk\u0101s iest\u0101des<\/strong> \u2013 juridisko pras\u012bbu izpildei vai kr\u0101p\u0161anas un dro\u0161\u012bbas risku nov\u0113r\u0161anai.<\/li>\r\n \t<li><strong>Partneri un tre\u0161\u0101s puses<\/strong> \u2013 ja esat devis attiec\u012bgu piekri\u0161anu, m\u0113s dal\u0101mies ar datiem ar\u012b ar m\u0101rketinga vai pakalpojumu partneriem.<\/li>\r\n<\/ul>\r\n&nbsp;\r\n\r\n<strong>5. K\u0100 M\u0112S AIZSARG\u0100M J\u016aSU DATUS?<\/strong>\r\n\r\nM\u0113s ievie\u0161am atbilsto\u0161us dro\u0161\u012bbas pas\u0101kumus, lai aizsarg\u0101tu j\u016bsu personas datus no nesankcion\u0113tas piek\u013cuves, izmai\u0146\u0101m, atkl\u0101\u0161anas un izn\u012bcin\u0101\u0161anas. Piek\u013cuve j\u016bsu personas datiem ir pieejama tikai tam pilnvarotajiem darbiniekiem un pakalpojumu sniedz\u0113jiem.\r\n\r\n&nbsp;\r\n\r\n<strong>6. S\u012aKDATNES UN SEKO\u0160ANAS TEHNOLO\u0122IJAS<\/strong>\r\n\r\nM\u0113s izmantojam s\u012bkdatnes un l\u012bdz\u012bgas tehnolo\u0123ijas, lai:\r\n<ul>\r\n \t<li>Uzlabo vietnes funkcionalit\u0101ti un lietot\u0101ja pieredzi.<\/li>\r\n \t<li>Analiz\u0113tu trafika statistiku un piel\u0101gotu saturu atbilsto\u0161i lietot\u0101ja v\u0113lm\u0113m.<\/li>\r\n \t<li>Realiz\u0113tu m\u0101rketinga kampa\u0146as un uzraudz\u012btu to efektivit\u0101ti.<\/li>\r\n<\/ul>\r\nJ\u016bs varat p\u0101rvald\u012bt s\u012bkdat\u0146u izmanto\u0161anu sav\u0101 p\u0101rl\u016bkprogrammas iestat\u012bjumos.\r\n\r\n&nbsp;\r\n\r\n<strong>7. J\u016aSU TIES\u012aBAS<\/strong>\r\n\r\nJums ir ties\u012bbas:\r\n<ul>\r\n \t<li>Piek\u013cuvei \u2013 zin\u0101t, k\u0101di personas dati tiek v\u0101kti par jums.<\/li>\r\n \t<li>Labo\u0161anai \u2013 piepras\u012bt neprec\u012bzu datu labo\u0161anu.<\/li>\r\n \t<li>Datu dz\u0113\u0161anai \u2013 noteiktos gad\u012bjumos j\u016bs varat piepras\u012bt j\u016bsu datu dz\u0113\u0161anu.<\/li>\r\n \t<li>Piekri\u0161anas atsauk\u0161anai \u2013 lai atteiktos no m\u0101rketinga pazi\u0146ojumiem, izmantojiet saites jaunumu v\u0113stules apak\u0161\u0101 vai sazinieties ar mums.<\/li>\r\n<\/ul>\r\n&nbsp;\r\n\r\n<strong>8. \u0100R\u0112J\u0100S SAITES<\/strong>\r\n\r\nM\u016bsu vietne var satur\u0113t saites uz tre\u0161o pu\u0161u lap\u0101m. M\u0113s neesam atbild\u012bgi par to priv\u0101tuma politik\u0101m vai datu aizsardz\u012bbas praks\u0113m, un iesak\u0101m iepaz\u012bties ar to noteikumiem pirms datu nodo\u0161anas.\r\n\r\n&nbsp;\r\n\r\n<strong>9. PRIV\u0100TUMA POLITIKAS ATJAUNOJUMI<\/strong>\r\n\r\nM\u0113s paturam ties\u012bbas atjaunin\u0101t \u0161o priv\u0101tuma politiku. Par b\u016btisk\u0101m izmai\u0146\u0101m m\u0113s j\u016bs inform\u0113sim m\u016bsu vietn\u0113.\r\n\r\n&nbsp;\r\n\r\n<strong>10. KONTAKTINFORM\u0100CIJA<\/strong>\r\n\r\nJa jums ir jaut\u0101jumi vai v\u0113laties izmantot savas ties\u012bbas attiec\u012bb\u0101 uz personas datiem, l\u016bdzu, sazinieties ar mums:\r\n\r\n&nbsp;\r\n\r\n<strong>Hotell Wesset O\u00dc<\/strong>\r\n\r\nAdrese: Supeluse 26, P\u00e4rnu, Igaunija\r\n\r\nRe\u0123. nr.: 12956927\r\n\r\nT\u0101lrunis: +372 56 460 500\r\n\r\nE-pasts: <a href=\"mailto:info@wesset.ee\"> info@wesset.ee<\/a>[\/vc_column_text][\/vc_column][\/vc_row]<\/div>","protected":false},"excerpt":{"rendered":"[vc_row overflow=&#8221;default&#8221; css=&#8221;.vc_custom_1738773979713{margin-top: 50px !important;margin-bottom: 50px !important;}&#8221;][vc_column][vc_column_text css=&#8221;&#8221;]P\u0113d\u0113joreiz atjaunin\u0101ts: 13.07.2018 1. IEVADS Hotell Wesset O\u00dc&#8230;","protected":false},"author":1,"featured_media":21319,"parent":0,"menu_order":0,"comment_status":"closed","ping_status":"closed","template":"","meta":{"footnotes":""},"class_list":["post-12661","page","type-page","status-publish","has-post-thumbnail","hentry"],"_links":{"self":[{"href":"https:\/\/wesset.ee\/lv\/wp-json\/wp\/v2\/pages\/12661","targetHints":{"allow":["GET"]}}],"collection":[{"href":"https:\/\/wesset.ee\/lv\/wp-json\/wp\/v2\/pages"}],"about":[{"href":"https:\/\/wesset.ee\/lv\/wp-json\/wp\/v2\/types\/page"}],"author":[{"embeddable":true,"href":"https:\/\/wesset.ee\/lv\/wp-json\/wp\/v2\/users\/1"}],"replies":[{"embeddable":true,"href":"https:\/\/wesset.ee\/lv\/wp-json\/wp\/v2\/comments?post=12661"}],"version-history":[{"count":0,"href":"https:\/\/wesset.ee\/lv\/wp-json\/wp\/v2\/pages\/12661\/revisions"}],"wp:featuredmedia":[{"embeddable":true,"href":"https:\/\/wesset.ee\/lv\/wp-json\/wp\/v2\/media\/21319"}],"wp:attachment":[{"href":"https:\/\/wesset.ee\/lv\/wp-json\/wp\/v2\/media?parent=12661"}],"curies":[{"name":"wp","href":"https:\/\/api.w.org\/{rel}","templated":true}]}}