{"id":12657,"date":"2018-06-22T12:41:36","date_gmt":"2018-06-22T09:41:36","guid":{"rendered":"https:\/\/wesset.ee\/restoran\/"},"modified":"2026-04-08T17:40:15","modified_gmt":"2026-04-08T14:40:15","slug":"restorans","status":"publish","type":"page","link":"https:\/\/wesset.ee\/lv\/restorans\/","title":{"rendered":"Villa Wesset Restor\u0101ns"},"content":{"rendered":"<div class=\"wpb-content-wrapper\">[vc_row full_width=&#8221;stretch_row_content&#8221; content_placement=&#8221;middle&#8221; faster_parallax=&#8221;standard&#8221; overflow=&#8221;hidden&#8221; css=&#8221;.vc_custom_1734634015629{background: #bababa url(https:\/\/wesset.ee\/wp-content\/uploads\/2024\/10\/wesset_1080_0076_B01I9022-min-660&#215;660-1.webp?id=11966) !important;background-position: center !important;background-repeat: no-repeat !important;background-size: cover !important;border-color: #A72417 !important;}&#8221; el_id=&#8221;restoran-hero&#8221; background_image_mobile=&#8221;397&#8243;][vc_column css_animation=&#8221;none&#8221; width=&#8221;1\/2&#8243; responsive_border=&#8221;disabled&#8221; max_width_alignment_mobile=&#8221;center&#8221; shadow_for=&#8221;inner&#8221; mobile_element_alignment=&#8221;center&#8221; text_align_inline=&#8221;center&#8221; overflow=&#8221;default&#8221; css=&#8221;.vc_custom_1734634900542{background-color: #FFFFFF !important;}&#8221; el_class=&#8221;hero-intro-section-white&#8221;]\r\n<div class=\"sh-heading  \" id=\"heading-In1zYl5RDK\">\r\n\t<div class=\"sh-element-margin\">\r\n\r\n\t\t\r\n\t\t\t<h1 class=\"sh-heading-content size-default text-center\">\r\n\t\t\t\t&#8211; Restor\u0101ns &#8211;\t\t\t<\/h1>\r\n\r\n\t\t\r\n\t<\/div>\r\n<\/div>\r\n            <style type=\"text\/css\">\r\n                #heading-In1zYl5RDK .sh-element-margin {}#heading-In1zYl5RDK .sh-heading-content {font-weight: 700!important;}#heading-In1zYl5RDK .sh-heading-content,#heading-In1zYl5RDK .sh-heading-additional-text {}            <\/style>\r\n        \r\n<div class=\"sh-heading  \" id=\"heading-xCpo4Tia1k\">\r\n\t<div class=\"sh-element-margin\">\r\n\r\n\t\t\r\n\t\t\t<h3 class=\"sh-heading-content size-default text-center\">\r\n\t\t\t\tGar\u0161\u012bgi \u0113dieni un izcila apkalpo\u0161ana\t\t\t<\/h3>\r\n\r\n\t\t\r\n\t<\/div>\r\n<\/div>\r\n            <style type=\"text\/css\">\r\n                #heading-xCpo4Tia1k .sh-element-margin {}#heading-xCpo4Tia1k .sh-heading-content {font-weight: 500!important;}#heading-xCpo4Tia1k .sh-heading-content,#heading-xCpo4Tia1k .sh-heading-additional-text {}            <\/style>\r\n        \r\n<div id=\"divider-Rchsyjx26z\" class=\"sh-divider sh-divider- sh-divider-content-icon_option\">\r\n\t\t\t<div class=\"sh-divider-content\">\r\n\t\t\t<span class=\"sh-divider-icon\">\r\n\t\t\t\t<i class=\"fa fa-wpexplorer\"><\/i>\t\t\t<\/span>\r\n\t\t<\/div>\r\n\t<\/div>\r\n            <style type=\"text\/css\">\r\n                #divider-Rchsyjx26z {}#divider-Rchsyjx26z .sh-divider-content:before,#divider-Rchsyjx26z .sh-divider-content:after {border-top-width: 1px;margin-top: -1pxpx;border-top-style: solid;}#divider-Rchsyjx26z .sh-divider-icon {color: #cccccc;}            <\/style>\r\n        [vc_column_text css=&#8221;&#8221;]Atbilsto\u0161i j\u016bsu v\u0113lm\u0113m j\u016bs varat izv\u0113l\u0113ties sev piem\u0113rotu s\u0113dvietu gan restor\u0101n\u0101, gan Saules teras\u0113. Kop\u0101 restor\u0101ns un terase sp\u0113j uz\u0146emt vair\u0101k nek\u0101 simtu apmierin\u0101tu viesu. Vas\u0101r\u0101 ir atv\u0113rta ar\u012b \u0113kas iek\u0161\u0113j\u0101 terase. Ilgu galda pas\u0101kumus varam organiz\u0113t l\u012bdz 48 viesiem, bet galdu \u0113din\u0101\u0161anas izk\u0101rtojum\u0101 maksim\u0101lais viesu skaits ir 120.[\/vc_column_text]\r\n<div id=\"button-lpIunvHxO8\" class=\"sh-button-container  sh-button-style-5\">\r\n\t<div class=\"sh-element-margin\">\r\n\t\t<a href=\"https:\/\/v2.tableonline.fi\/instabook\/bookings\/WSXIejc?locale=lv\" data-rel=\"\" target=\"_blank\" class=\"sh-button sh-button-xlarge sh-button-icon-left\" rel=\"noopener\">\r\n\r\n\t\t\t\t\t\t\t<span class=\"sh-button-icon\">\r\n\t\t\t\t\t<i class=\"fa fa-angle-double-right\"><\/i>\r\n\t\t\t\t<\/span>\r\n\t\t\t\r\n\t\t\t\t\t\t\t<span class=\"sh-button-text\">\r\n\t\t\t\t\tREZERV\u0112 GALDU\t\t\t\t<\/span>\r\n\t\t\t\r\n\t\t\t\r\n\t\t<\/a>\r\n\t\t\t<\/div>\r\n<\/div>\r\n            <style type=\"text\/css\">\r\n                #button-lpIunvHxO8 .sh-button {background-color: #FFFFFF;color: #A72417;border: 2px solid transparent;border: 1px solid #A72417;display: block!important;width: 100%;}#button-lpIunvHxO8 {text-align: center;}#button-lpIunvHxO8 .sh-element-margin {margin: 10px 0px 15px 0px;}#button-lpIunvHxO8:not(.sh-button-style-2) .sh-button:hover {background-color: #FFFFFF;color: #000028;border: 1px solid #000028;}#button-lpIunvHxO8.sh-button-style-2 .sh-button:after {background-color: #FFFFFF;}#button-lpIunvHxO8.sh-button-style-2 .sh-button:hover {color: #000028;border: 1px solid #000028;}@media (max-width: 800px) {#button-lpIunvHxO8 {text-align: center;}}            <\/style>\r\n        \r\n<div id=\"button-tmODnF1VzY\" class=\"sh-button-container  sh-button-style-5\">\r\n\t<div class=\"sh-element-margin\">\r\n\t\t<a href=\"\/lv\/restor\u0101ns\/a-la-carte-edienkarte\/\" data-rel=\"\" target=\"_self\" class=\"sh-button sh-button-xlarge sh-button-icon-left\">\r\n\r\n\t\t\t\t\t\t\t<span class=\"sh-button-icon\">\r\n\t\t\t\t\t<i class=\"fa fa-angle-double-right\"><\/i>\r\n\t\t\t\t<\/span>\r\n\t\t\t\r\n\t\t\t\t\t\t\t<span class=\"sh-button-text\">\r\n\t\t\t\t\tA\u00b4la carte \u0113dienkarte\t\t\t\t<\/span>\r\n\t\t\t\r\n\t\t\t\r\n\t\t<\/a>\r\n\t\t\t<\/div>\r\n<\/div>\r\n            <style type=\"text\/css\">\r\n                #button-tmODnF1VzY .sh-button {background-color: #FFFFFF;color: #A72417;border: 2px solid transparent;border: 1px solid #A72417;display: block!important;width: 100%;}#button-tmODnF1VzY {text-align: center;}#button-tmODnF1VzY .sh-element-margin {margin: 10px 0px 15px 0px;}#button-tmODnF1VzY:not(.sh-button-style-2) .sh-button:hover {background-color: #FFFFFF;color: #000028;border: 1px solid #000028;}#button-tmODnF1VzY.sh-button-style-2 .sh-button:after {background-color: #FFFFFF;}#button-tmODnF1VzY.sh-button-style-2 .sh-button:hover {color: #000028;border: 1px solid #000028;}@media (max-width: 800px) {#button-tmODnF1VzY {text-align: center;}}            <\/style>\r\n        \r\n<div id=\"button-Md4ywYml9g\" class=\"sh-button-container  sh-button-style-5\">\r\n\t<div class=\"sh-element-margin\">\r\n\t\t<a href=\"https:\/\/wesset.ee\/wp-content\/uploads\/2026\/04\/Erimenuu-08.04-08.05-ENG.pdf\" data-rel=\"\" target=\"_blank\" class=\"sh-button sh-button-xlarge sh-button-icon-left\">\r\n\r\n\t\t\t\t\t\t\t<span class=\"sh-button-icon\">\r\n\t\t\t\t\t<i class=\"fa fa-angle-double-right\"><\/i>\r\n\t\t\t\t<\/span>\r\n\t\t\t\r\n\t\t\t\t\t\t\t<span class=\"sh-button-text\">\r\n\t\t\t\t\t\u012apa\u0161\u0101 \u0113dienkarte\t\t\t\t<\/span>\r\n\t\t\t\r\n\t\t\t\r\n\t\t<\/a>\r\n\t\t\t<\/div>\r\n<\/div>\r\n            <style type=\"text\/css\">\r\n                #button-Md4ywYml9g .sh-button {background-color: #FFFFFF;color: #A72417;border: 2px solid transparent;border: 1px solid #A72417;display: block!important;width: 100%;}#button-Md4ywYml9g {text-align: center;}#button-Md4ywYml9g .sh-element-margin {margin: 10px 0px 15px 0px;}#button-Md4ywYml9g:not(.sh-button-style-2) .sh-button:hover {background-color: #FFFFFF;color: #000028;border: 1px solid #000028;}#button-Md4ywYml9g.sh-button-style-2 .sh-button:after {background-color: #FFFFFF;}#button-Md4ywYml9g.sh-button-style-2 .sh-button:hover {color: #000028;border: 1px solid #000028;}@media (max-width: 800px) {#button-Md4ywYml9g {text-align: center;}}            <\/style>\r\n        \r\n<div id=\"button-dwvajTPIo7\" class=\"sh-button-container  sh-button-style-5\">\r\n\t<div class=\"sh-element-margin\">\r\n\t\t<a href=\"\/lv\/restorans\/dienas-piedavajumu-izvelne\/\" data-rel=\"\" target=\"_self\" class=\"sh-button sh-button-xlarge sh-button-icon-left\">\r\n\r\n\t\t\t\t\t\t\t<span class=\"sh-button-icon\">\r\n\t\t\t\t\t<i class=\"fa fa-angle-double-right\"><\/i>\r\n\t\t\t\t<\/span>\r\n\t\t\t\r\n\t\t\t\t\t\t\t<span class=\"sh-button-text\">\r\n\t\t\t\t\tPusdienu pied\u0101v\u0101jumi\t\t\t\t<\/span>\r\n\t\t\t\r\n\t\t\t\r\n\t\t<\/a>\r\n\t\t\t<\/div>\r\n<\/div>\r\n            <style type=\"text\/css\">\r\n                #button-dwvajTPIo7 .sh-button {background-color: #FFFFFF;color: #A72417;border: 2px solid transparent;border: 1px solid #A72417;display: block!important;width: 100%;}#button-dwvajTPIo7 {text-align: center;}#button-dwvajTPIo7 .sh-element-margin {margin: 10px 0px 15px 0px;}#button-dwvajTPIo7:not(.sh-button-style-2) .sh-button:hover {background-color: #FFFFFF;color: #000028;border: 1px solid #000028;}#button-dwvajTPIo7.sh-button-style-2 .sh-button:after {background-color: #FFFFFF;}#button-dwvajTPIo7.sh-button-style-2 .sh-button:hover {color: #000028;border: 1px solid #000028;}@media (max-width: 800px) {#button-dwvajTPIo7 {text-align: center;}}            <\/style>\r\n        \r\n<div id=\"button-NRsKyLkhFQ\" class=\"sh-button-container  sh-button-style-5\">\r\n\t<div class=\"sh-element-margin\">\r\n\t\t<a href=\"\/lv\/sefpavara-zale\/\" data-rel=\"\" target=\"_self\" class=\"sh-button sh-button-xlarge sh-button-icon-left\">\r\n\r\n\t\t\t\t\t\t\t<span class=\"sh-button-icon\">\r\n\t\t\t\t\t<i class=\"fa fa-angle-double-right\"><\/i>\r\n\t\t\t\t<\/span>\r\n\t\t\t\r\n\t\t\t\t\t\t\t<span class=\"sh-button-text\">\r\n\t\t\t\t\t\u0160efpav\u0101ra z\u0101le\t\t\t\t<\/span>\r\n\t\t\t\r\n\t\t\t\r\n\t\t<\/a>\r\n\t\t\t<\/div>\r\n<\/div>\r\n            <style type=\"text\/css\">\r\n                #button-NRsKyLkhFQ .sh-button {background-color: #FFFFFF;color: #A72417;border: 2px solid transparent;border: 1px solid #A72417;display: block!important;width: 100%;}#button-NRsKyLkhFQ {text-align: center;}#button-NRsKyLkhFQ .sh-element-margin {margin: 10px 0px 15px 0px;}#button-NRsKyLkhFQ:not(.sh-button-style-2) .sh-button:hover {background-color: #FFFFFF;color: #000028;border: 1px solid #000028;}#button-NRsKyLkhFQ.sh-button-style-2 .sh-button:after {background-color: #FFFFFF;}#button-NRsKyLkhFQ.sh-button-style-2 .sh-button:hover {color: #000028;border: 1px solid #000028;}@media (max-width: 800px) {#button-NRsKyLkhFQ {text-align: center;}}            <\/style>\r\n        [\/vc_column][\/vc_row][vc_row full_width=&#8221;stretch_row_content_no_spaces&#8221; overflow=&#8221;default&#8221; css=&#8221;.vc_custom_1727694344276{background-color: #A72417 !important;}&#8221;][vc_column text_align_inline=&#8221;center&#8221; overflow=&#8221;default&#8221; el_class=&#8221;white-text&#8221;][vc_column_text css=&#8221;&#8221;]Restor\u0101ns\/teras atv\u0113rts:\r\n\r\nSv\u2013\u010ct 12:00 \u2013 22:00 (Virtuve aizv\u0113r\u0161 pulksten 21:00)\r\n\r\nPk, Se 12:00 \u2013 00:00 (Virtuve aizv\u0113r\u0161 pulksten 23:00)[\/vc_column_text][\/vc_column][\/vc_row][vc_row full_width=&#8221;stretch_row_content_no_spaces&#8221; css_animation=&#8221;none&#8221; max_width_alignment_mobile=&#8221;center&#8221; overflow=&#8221;default&#8221; css=&#8221;.vc_custom_1728666583967{padding-top: 45px !important;background-color: #F7F7F7 !important;}&#8221;][vc_column]\r\n\r\n\r\n\r\n<div id=\"image-gallery-BhJ0IPQAsE\" class=\"sh-image-gallery sh-image-gallery-noverlay sh-image-gallery-container sh-image-gallery-disable\"  data-columns=\"5\">\r\n\t\t\t<div class=\"sh-image-gallery-item\">\r\n\t\t\t<div class=\"sh-gallery-item\">\r\n\t\t\t\t<div class=\"post-meta-thumb\">\r\n\r\n\t\t\t\t\t\t\t\t\t\t\t<img decoding=\"async\" src=\"https:\/\/wesset.ee\/wp-content\/uploads\/2018\/06\/wesset_1080_0071_IMG_2590-min-660x660.jpg\" alt=\"wesset_1080_0071_IMG_2590-min\" \/>\r\n\t\t\t\t\t\r\n\t\t\t\t\t\t\t\t\t\t\t\r\n        <div class=\"sh-overlay-style1\">\r\n            <div class=\"sh-table-full\">\r\n                \r\n                                    <a href=\"https:\/\/wesset.ee\/wp-content\/uploads\/2018\/06\/wesset_1080_0071_IMG_2590-min-1024x1024.jpg\" class=\"sh-overlay-item sh-table-cell\" data-rel=\"lightcase:imgCollectionBhJ0IPQAsE\">\r\n                        <div class=\"sh-overlay-item-container\">\r\n                            <i class=\"icon-magnifier-add\"><\/i>\r\n                        <\/div>\r\n                    <\/a>\r\n                            <\/div>\r\n        <\/div>\r\n\r\n    \t\t\t\t\t\t\t\t\t<\/div>\r\n\t\t\t<\/div>\r\n\t\t<\/div>\r\n\t\t\t<div class=\"sh-image-gallery-item\">\r\n\t\t\t<div class=\"sh-gallery-item\">\r\n\t\t\t\t<div class=\"post-meta-thumb\">\r\n\r\n\t\t\t\t\t\t\t\t\t\t\t<img decoding=\"async\" src=\"https:\/\/wesset.ee\/wp-content\/uploads\/2018\/06\/wesset_1080_0023_IMG_9865-min-660x660.jpg\" alt=\"wesset_1080_0023_IMG_9865-min\" \/>\r\n\t\t\t\t\t\r\n\t\t\t\t\t\t\t\t\t\t\t\r\n        <div class=\"sh-overlay-style1\">\r\n            <div class=\"sh-table-full\">\r\n                \r\n                                    <a href=\"https:\/\/wesset.ee\/wp-content\/uploads\/2018\/06\/wesset_1080_0023_IMG_9865-min-1024x1024.jpg\" class=\"sh-overlay-item sh-table-cell\" data-rel=\"lightcase:imgCollectionBhJ0IPQAsE\">\r\n                        <div class=\"sh-overlay-item-container\">\r\n                            <i class=\"icon-magnifier-add\"><\/i>\r\n                        <\/div>\r\n                    <\/a>\r\n                            <\/div>\r\n        <\/div>\r\n\r\n    \t\t\t\t\t\t\t\t\t<\/div>\r\n\t\t\t<\/div>\r\n\t\t<\/div>\r\n\t\t\t<div class=\"sh-image-gallery-item\">\r\n\t\t\t<div class=\"sh-gallery-item\">\r\n\t\t\t\t<div class=\"post-meta-thumb\">\r\n\r\n\t\t\t\t\t\t\t\t\t\t\t<img decoding=\"async\" src=\"https:\/\/wesset.ee\/wp-content\/uploads\/2018\/06\/wesset_1080_0054_005-2647-min-660x660.jpg\" alt=\"wesset_1080_0054_005-2647-min\" \/>\r\n\t\t\t\t\t\r\n\t\t\t\t\t\t\t\t\t\t\t\r\n        <div class=\"sh-overlay-style1\">\r\n            <div class=\"sh-table-full\">\r\n                \r\n                                    <a href=\"https:\/\/wesset.ee\/wp-content\/uploads\/2018\/06\/wesset_1080_0054_005-2647-min-1024x1024.jpg\" class=\"sh-overlay-item sh-table-cell\" data-rel=\"lightcase:imgCollectionBhJ0IPQAsE\">\r\n                        <div class=\"sh-overlay-item-container\">\r\n                            <i class=\"icon-magnifier-add\"><\/i>\r\n                        <\/div>\r\n                    <\/a>\r\n                            <\/div>\r\n        <\/div>\r\n\r\n    \t\t\t\t\t\t\t\t\t<\/div>\r\n\t\t\t<\/div>\r\n\t\t<\/div>\r\n\t\t\t<div class=\"sh-image-gallery-item\">\r\n\t\t\t<div class=\"sh-gallery-item\">\r\n\t\t\t\t<div class=\"post-meta-thumb\">\r\n\r\n\t\t\t\t\t\t\t\t\t\t\t<img decoding=\"async\" src=\"https:\/\/wesset.ee\/wp-content\/uploads\/2018\/06\/wesset_1080_0061_-001-9907-min-660x660.jpg\" alt=\"wesset_1080_0061_-001-9907-min\" \/>\r\n\t\t\t\t\t\r\n\t\t\t\t\t\t\t\t\t\t\t\r\n        <div class=\"sh-overlay-style1\">\r\n            <div class=\"sh-table-full\">\r\n                \r\n                                    <a href=\"https:\/\/wesset.ee\/wp-content\/uploads\/2018\/06\/wesset_1080_0061_-001-9907-min-1024x1024.jpg\" class=\"sh-overlay-item sh-table-cell\" data-rel=\"lightcase:imgCollectionBhJ0IPQAsE\">\r\n                        <div class=\"sh-overlay-item-container\">\r\n                            <i class=\"icon-magnifier-add\"><\/i>\r\n                        <\/div>\r\n                    <\/a>\r\n                            <\/div>\r\n        <\/div>\r\n\r\n    \t\t\t\t\t\t\t\t\t<\/div>\r\n\t\t\t<\/div>\r\n\t\t<\/div>\r\n\t<\/div>\r\n            <style type=\"text\/css\">\r\n                #image-gallery-BhJ0IPQAsE .sh-gallery-item,#image-gallery-BhJ0IPQAsE .slick-dots {margin: 0px 30px 0px 0px;}#image-gallery-BhJ0IPQAsE .slick-list {margin: -0px -30px -0px -0px ;}#image-gallery-BhJ0IPQAsE .slick-dots li.slick-active button {background-color: #A72417!important;}            <\/style>\r\n        [\/vc_column][\/vc_row][vc_row overflow=&#8221;default&#8221; css=&#8221;.vc_custom_1734730124619{padding-top: 50px !important;padding-bottom: 50px !important;background-image: url(https:\/\/wesset.ee\/wp-content\/uploads\/2024\/11\/full-bloom-w.png?id=14971) !important;background-position: 0 0 !important;background-repeat: repeat !important;}&#8221;][vc_column width=&#8221;1\/6&#8243; overflow=&#8221;default&#8221;][\/vc_column][vc_column width=&#8221;1\/2&#8243; overflow=&#8221;default&#8221; el_class=&#8221;hero-intro-section-white text-center&#8221;]\r\n<div class=\"sh-heading  \" id=\"heading-W6FRvZrjJm\">\r\n\t<div class=\"sh-element-margin\">\r\n\r\n\t\t\r\n\t\t\t<h3 class=\"sh-heading-content size-default text-center\">\r\n\t\t\t\tA&#8217;la carte \u0113dienkarte\t\t\t<\/h3>\r\n\r\n\t\t\r\n\t<\/div>\r\n<\/div>\r\n            <style type=\"text\/css\">\r\n                #heading-W6FRvZrjJm .sh-element-margin {}#heading-W6FRvZrjJm .sh-heading-content {font-weight: 700!important;}#heading-W6FRvZrjJm .sh-heading-content,#heading-W6FRvZrjJm .sh-heading-additional-text {}            <\/style>\r\n        [vc_column_text css=&#8221;&#8221;]M\u016bsu restor\u0101ns ir iek\u013cauts White Guide Nordic v\u0113rt\u0113tajos Zieme\u013cvalstu lab\u0101ko restor\u0101nu sarakstos.\r\n\r\nGalven\u0101 pav\u0101ra Mart Kukk vad\u012bt\u0101 virtuve rada gar\u0161as pieredzi, kuras katrs aspekts ir r\u016bp\u012bgi p\u0101rdom\u0101ts. \u0112dienkarte ir sast\u0101d\u012bta atbilsto\u0161i sezonai, un t\u0101s m\u0113r\u0137is ir izmantot cik vien iesp\u0113jami daudz viet\u0113jo izejvielu.[\/vc_column_text][\/vc_column][vc_column width=&#8221;1\/6&#8243;][\/vc_column][vc_column width=&#8221;1\/6&#8243;][\/vc_column][\/vc_row][vc_section content_placement=&#8221;middle&#8221; css=&#8221;.vc_custom_1730754782165{background-image: url(https:\/\/wesset.ee\/wp-content\/uploads\/2024\/11\/hotel-parnu-14-min.webp?id=14554) !important;background-position: center !important;background-repeat: no-repeat !important;background-size: cover !important;}&#8221;][vc_row content_placement=&#8221;middle&#8221; column_order=&#8221;reversed&#8221; max_width_alignment_mobile=&#8221;center&#8221; overflow=&#8221;default&#8221; el_class=&#8221;padding-top-bottom-100&#8243;][vc_column width=&#8221;3\/4&#8243; max_width_alignment_mobile=&#8221;center&#8221; text_align_inline=&#8221;center&#8221; overflow=&#8221;default&#8221; el_class=&#8221;padding-50 wesset-gray-background&#8221;]\r\n<div class=\"sh-heading  \" id=\"heading-jYziGBurTJ\">\r\n\t<div class=\"sh-element-margin\">\r\n\r\n\t\t\r\n\t\t\t<h2 class=\"sh-heading-content size-default text-center\">\r\n\t\t\t\tAtsauksmes\t\t\t<\/h2>\r\n\r\n\t\t\r\n\t<\/div>\r\n<\/div>\r\n            <style type=\"text\/css\">\r\n                #heading-jYziGBurTJ .sh-element-margin {}#heading-jYziGBurTJ .sh-heading-content {font-weight: 700!important;}#heading-jYziGBurTJ .sh-heading-content,#heading-jYziGBurTJ .sh-heading-additional-text {}            <\/style>\r\n        [vc_raw_html css=&#8221;&#8221;]W3dwdHJpcGFkdmlzb3JfdXNldGVtcGxhdGUgdGlkPSIxIl0=[\/vc_raw_html]\r\n<div id=\"button-IC69GQSsZW\" class=\"sh-button-container  sh-button-style-5\">\r\n\t<div class=\"sh-element-margin\">\r\n\t\t<a href=\"https:\/\/www.tripadvisor.com\/Restaurant_Review-g274956-d1173199-Reviews-Villa_Wesset-Parnu_Parnu_County.html\" data-rel=\"\" target=\"_blank\" class=\"sh-button sh-button-xlarge sh-button-icon-left\" rel=\"noopener\">\r\n\r\n\t\t\t\t\t\t\t<span class=\"sh-button-icon\">\r\n\t\t\t\t\t<i class=\"fa fa-angle-double-right\"><\/i>\r\n\t\t\t\t<\/span>\r\n\t\t\t\r\n\t\t\t\t\t\t\t<span class=\"sh-button-text\">\r\n\t\t\t\t\tATST\u0100 SAVU ATSAUKSMI\t\t\t\t<\/span>\r\n\t\t\t\r\n\t\t\t\r\n\t\t<\/a>\r\n\t\t\t<\/div>\r\n<\/div>\r\n            <style type=\"text\/css\">\r\n                #button-IC69GQSsZW .sh-button {background-color: #A72417;color: #FFFFFF;border: 2px solid transparent;border: 1px solid #A72417;}#button-IC69GQSsZW {text-align: center;}#button-IC69GQSsZW:not(.sh-button-style-2) .sh-button:hover {background-color: #A72417;color: #FFFFFF;border: 1px solid #A72417;}#button-IC69GQSsZW.sh-button-style-2 .sh-button:after {background-color: #A72417;}#button-IC69GQSsZW.sh-button-style-2 .sh-button:hover {color: #FFFFFF;border: 1px solid #A72417;}@media (max-width: 800px) {#button-IC69GQSsZW {text-align: center;}}            <\/style>\r\n        [\/vc_column][\/vc_row][\/vc_section][vc_row full_width=&#8221;stretch_row_content&#8221; content_placement=&#8221;middle&#8221; max_width_alignment_mobile=&#8221;center&#8221; background_position=&#8221;center center&#8221; overflow=&#8221;default&#8221; css=&#8221;.vc_custom_1730755904011{background-image: url(https:\/\/wesset.ee\/wp-content\/uploads\/2018\/06\/naide_12-min.jpg?id=52) !important;background-position: center !important;background-repeat: no-repeat !important;background-size: cover !important;}&#8221; el_class=&#8221;padding-70-50&#8243;][vc_column width=&#8221;2\/3&#8243; max_width_alignment_mobile=&#8221;left&#8221; overflow=&#8221;default&#8221; css=&#8221;.vc_custom_1730756918990{margin-top: 0px !important;padding-top: 0px !important;}&#8221;]\r\n<script>\r\njQuery(document).ready(function ($) {\r\n\tif( typeof Typed !== 'undefined' ) {\r\n\t\tvar typed = new Typed(\"#heading-animated-Zew0nCKk6F .sh-heading-animated-typed\", {\r\n\t\t\tstrings: [\"sazinieties\", ],\r\n\t\t\tcontentType: 'html',\r\n\t\t\ttypeSpeed: 0,\r\n\t\t\tloop: false,\r\n\t\t\tstartDelay: 300,\r\n\t\t\ttypeSpeed: 80,\r\n\t\t\tbackSpeed: 20,\r\n\t\t\tbackDelay: 700,\r\n\t\t});\r\n\t}\r\n});\r\n<\/script>\r\n\r\n<div class=\"sh-heading\" id=\"heading-animated-Zew0nCKk6F\">\r\n\t<h2 class=\"sh-heading-content size-m sh-heading-animated-content text-shadow-black\">\r\n\t\t\t\t\t<span class=\"sh-heading-animated-fixed\">\r\n\t\t\t\tJaut\u0101jumu gad\u012bjum\u0101\t\t\t<\/span>\r\n\t\t\r\n\t\t<span class=\"sh-heading-animated-typed\"><\/span>\r\n\t<\/h2>\r\n<\/div>\r\n            <style type=\"text\/css\">\r\n                #heading-animated-Zew0nCKk6F .sh-heading-animated-content {text-align: left;}#heading-animated-Zew0nCKk6F .sh-heading-animated-typed,#heading-animated-Zew0nCKk6F .typed-cursor {color: #FFFFFF;}#heading-animated-Zew0nCKk6F .sh-heading-animated-fixed {color: #FFFFFF;}            <\/style>\r\n        \r\n<div id=\"button-8LwRkrciX3\" class=\"sh-button-container  sh-button-style-5\">\r\n\t<div class=\"sh-element-margin\">\r\n\t\t<a href=\"\/lv\/kontakti\/\" data-rel=\"\" target=\"_self\" class=\"sh-button sh-button-medium sh-button-icon-left\">\r\n\r\n\t\t\t\t\t\t\t<span class=\"sh-button-icon\">\r\n\t\t\t\t\t<i class=\"fa fa-angle-double-right\"><\/i>\r\n\t\t\t\t<\/span>\r\n\t\t\t\r\n\t\t\t\t\t\t\t<span class=\"sh-button-text\">\r\n\t\t\t\t\tKONTAKTI\t\t\t\t<\/span>\r\n\t\t\t\r\n\t\t\t\r\n\t\t<\/a>\r\n\t\t\t<\/div>\r\n<\/div>\r\n            <style type=\"text\/css\">\r\n                #button-8LwRkrciX3 .sh-button {background-color: #FFFFFF;color: #A72417;border: 2px solid transparent;border: 1px solid #A72417;}#button-8LwRkrciX3 {}#button-8LwRkrciX3:not(.sh-button-style-2) .sh-button:hover {background-color: #FFFFFF;color: #A72417;border: 1px solid #A72417;}#button-8LwRkrciX3.sh-button-style-2 .sh-button:after {background-color: #FFFFFF;}#button-8LwRkrciX3.sh-button-style-2 .sh-button:hover {color: #A72417;border: 1px solid #A72417;}@media (max-width: 800px) {#button-8LwRkrciX3 {text-align: left;}}            <\/style>\r\n        [\/vc_column][\/vc_row]<\/div>","protected":false},"excerpt":{"rendered":"[vc_row full_width=&#8221;stretch_row_content&#8221; content_placement=&#8221;middle&#8221; faster_parallax=&#8221;standard&#8221; overflow=&#8221;hidden&#8221; css=&#8221;.vc_custom_1734634015629{background: #bababa url(https:\/\/wesset.ee\/wp-content\/uploads\/2024\/10\/wesset_1080_0076_B01I9022-min-660&#215;660-1.webp?id=11966) !important;background-position: center !important;background-repeat: no-repeat !important;background-size: cover !important;border-color:&#8230;","protected":false},"author":1,"featured_media":20627,"parent":0,"menu_order":0,"comment_status":"closed","ping_status":"closed","template":"","meta":{"footnotes":""},"class_list":["post-12657","page","type-page","status-publish","has-post-thumbnail","hentry"],"_links":{"self":[{"href":"https:\/\/wesset.ee\/lv\/wp-json\/wp\/v2\/pages\/12657","targetHints":{"allow":["GET"]}}],"collection":[{"href":"https:\/\/wesset.ee\/lv\/wp-json\/wp\/v2\/pages"}],"about":[{"href":"https:\/\/wesset.ee\/lv\/wp-json\/wp\/v2\/types\/page"}],"author":[{"embeddable":true,"href":"https:\/\/wesset.ee\/lv\/wp-json\/wp\/v2\/users\/1"}],"replies":[{"embeddable":true,"href":"https:\/\/wesset.ee\/lv\/wp-json\/wp\/v2\/comments?post=12657"}],"version-history":[{"count":2,"href":"https:\/\/wesset.ee\/lv\/wp-json\/wp\/v2\/pages\/12657\/revisions"}],"predecessor-version":[{"id":23869,"href":"https:\/\/wesset.ee\/lv\/wp-json\/wp\/v2\/pages\/12657\/revisions\/23869"}],"wp:featuredmedia":[{"embeddable":true,"href":"https:\/\/wesset.ee\/lv\/wp-json\/wp\/v2\/media\/20627"}],"wp:attachment":[{"href":"https:\/\/wesset.ee\/lv\/wp-json\/wp\/v2\/media?parent=12657"}],"curies":[{"name":"wp","href":"https:\/\/api.w.org\/{rel}","templated":true}]}}