{"id":12645,"date":"2024-10-03T21:38:54","date_gmt":"2024-10-03T18:38:54","guid":{"rendered":"https:\/\/wesset.ee\/peakokasaal\/zero-waste\/"},"modified":"2025-02-12T09:48:13","modified_gmt":"2025-02-12T07:48:13","slug":"zero-waste","status":"publish","type":"page","link":"https:\/\/wesset.ee\/lv\/sefpavara-zale\/zero-waste\/","title":{"rendered":"Zero Waste restor\u0101ns"},"content":{"rendered":"<div class=\"wpb-content-wrapper\">[vc_section el_class=&#8221;smaller-headings&#8221;][vc_row full_width=&#8221;stretch_row_content&#8221; max_width_alignment_mobile=&#8221;center&#8221; overflow=&#8221;default&#8221; css=&#8221;.vc_custom_1728416644948{margin-bottom: 0px !important;padding-bottom: 0px !important;background-color: #050607 !important;}&#8221; el_class=&#8221;dark-bg-peakoka extra-p&#8221;][vc_column]\r\n                            <style media=\"screen\">\r\n                    @media (max-width: 1025px) {\r\n                        .sh-empty-space-sxhtg9uGy1 {\r\n                            height: 52px!important;\r\n                        }\r\n                    }\r\n                <\/style>\r\n            \r\n            <div class=\"sh-empty-space vc_empty_space sh-empty-space-sxhtg9uGy1  \" style=\"height: 62px\">\r\n                <span class=\"vc_empty_space_inner\"><\/span>\r\n            <\/div>\r\n\r\n        [vc_single_image image=&#8221;16783&#8243; img_size=&#8221;full&#8221; alignment=&#8221;center&#8221; css=&#8221;&#8221;][vc_row_inner content_placement=&#8221;middle&#8221; max_width_alignment_mobile=&#8221;center&#8221; overflow=&#8221;default&#8221; max_width=&#8221;1000&#8243; css=&#8221;.vc_custom_1734626679319{padding-top: 25px !important;}&#8221;][vc_column_inner el_class=&#8221;white-text&#8221; overflow=&#8221;default&#8221;]\r\n\r\n\t<div class=\"sh-heading sh-heading-style1\" id=\"heading-g3CFnMHDoW\">\r\n\t\t<h1 class=\"sh-heading-content white-text size-default\">\r\n\t\t\tZero Waste restor\u0101ns \u2013 Ilgtsp\u0113j\u012bga pieeja Villa Wesseti\t\t<\/h1>\r\n\t<\/div>\r\n\r\n            <style type=\"text\/css\">\r\n                #heading-g3CFnMHDoW .sh-heading-content strong,#heading-g3CFnMHDoW .sh-heading-additional-text strong {font-weight: 900!important;}#heading-g3CFnMHDoW .sh-heading-content {letter-spacing: 1px;font-weight: 400!important;}            <\/style>\r\n        [\/vc_column_inner][\/vc_row_inner][vc_row_inner content_placement=&#8221;middle&#8221; max_width_alignment_mobile=&#8221;center&#8221; overflow=&#8221;default&#8221; max_width=&#8221;1000&#8243; css=&#8221;.vc_custom_1738762367237{padding-top: 25px !important;}&#8221;][vc_column_inner el_class=&#8221;white-text&#8221; width=&#8221;1\/2&#8243; overflow=&#8221;default&#8221;][vc_column_text css=&#8221;&#8221;]Villa Wesseti m\u0113s esam ap\u0146\u0113mu\u0161ies ilgtsp\u0113j\u012bgai un videi draudz\u012bgai \u0113din\u0101\u0161anai. M\u016bsu Zero Waste koncepts apvieno viet\u0113j\u0101s izejvielas, inovat\u012bvus atkritumu apsaimnieko\u0161anas risin\u0101jumus un izgl\u012bt\u012bbu, lai rad\u012btu visaptvero\u0161u pieredzi.[\/vc_column_text]\r\n            \r\n            <div class=\"sh-empty-space vc_empty_space sh-empty-space-q2Fwl9e1K6  \" style=\"height: 20px\">\r\n                <span class=\"vc_empty_space_inner\"><\/span>\r\n            <\/div>\r\n\r\n        \r\n\r\n\t<div class=\"sh-heading sh-heading-style1\" id=\"heading-BNfgkrOolL\">\r\n\t\t<h2 class=\"sh-heading-content white-text size-default\">\r\n\t\t\tKas ir Zero Waste koncepts?\t\t<\/h2>\r\n\t<\/div>\r\n\r\n            <style type=\"text\/css\">\r\n                #heading-BNfgkrOolL .sh-heading-content strong,#heading-BNfgkrOolL .sh-heading-additional-text strong {font-weight: 900!important;}#heading-BNfgkrOolL .sh-heading-content {letter-spacing: 1px;font-weight: 400!important;}            <\/style>\r\n        \r\n            \r\n            <div class=\"sh-empty-space vc_empty_space sh-empty-space-p5vbnEWwqL  \" style=\"height: 20px\">\r\n                <span class=\"vc_empty_space_inner\"><\/span>\r\n            <\/div>\r\n\r\n        [vc_column_text css=&#8221;&#8221;]Zero Waste noz\u012bm\u0113, ka m\u0113s cen\u0161amies samazin\u0101t atkritumus, atbalst\u012bt viet\u0113jo ekonomiku un minimiz\u0113t m\u016bsu ietekmi uz vidi. M\u016bsu m\u0113r\u0137is ir rad\u012bt pieredzi, kas iedvesmo apmekl\u0113t\u0101jus un veicina ilgtsp\u0113j\u012bg\u0101ku n\u0101kotni.[\/vc_column_text][\/vc_column_inner][vc_column_inner width=&#8221;1\/2&#8243; max_width_alignment_mobile=&#8221;center&#8221; overflow=&#8221;default&#8221; css_animation=&#8221;fadeIn&#8221;][vc_single_image image=&#8221;12168&#8243; img_size=&#8221;full&#8221; alignment=&#8221;center&#8221; css=&#8221;&#8221;][\/vc_column_inner][\/vc_row_inner][vc_row_inner content_placement=&#8221;middle&#8221; max_width_alignment_mobile=&#8221;center&#8221; overflow=&#8221;default&#8221; max_width=&#8221;1000&#8243; css=&#8221;.vc_custom_1738762415702{padding-top: 25px !important;}&#8221;][vc_column_inner el_class=&#8221;white-text&#8221; overflow=&#8221;default&#8221; css=&#8221;.vc_custom_1738762548009{padding-right: 0px !important;padding-left: 0px !important;}&#8221;]\r\n\r\n\t<div class=\"sh-heading sh-heading-style1\" id=\"heading-1wXcPoJ4ve\">\r\n\t\t<h2 class=\"sh-heading-content white-text size-default\">\r\n\t\t\tK\u0101p\u0113c izv\u0113l\u0113ties viet\u0113j\u0101s izejvielas?\t\t<\/h2>\r\n\t<\/div>\r\n\r\n            <style type=\"text\/css\">\r\n                #heading-1wXcPoJ4ve .sh-heading-content strong,#heading-1wXcPoJ4ve .sh-heading-additional-text strong {font-weight: 900!important;}#heading-1wXcPoJ4ve .sh-heading-content {letter-spacing: 1px;font-weight: 400!important;}            <\/style>\r\n        \r\n\r\n\t<div class=\"sh-heading sh-heading-style1\" id=\"heading-3VLbmZSIKA\">\r\n\t\t<h3 class=\"sh-heading-content white-text size-default\">\r\n\t\t\tViet\u0113j\u0101s izejvielas un sadarb\u012bba ar lauksaimniekiem\t\t<\/h3>\r\n\t<\/div>\r\n\r\n            <style type=\"text\/css\">\r\n                #heading-3VLbmZSIKA .sh-heading-content strong,#heading-3VLbmZSIKA .sh-heading-additional-text strong {font-weight: 900!important;}#heading-3VLbmZSIKA .sh-heading-content {letter-spacing: 1px;font-weight: 400!important;}            <\/style>\r\n        [vc_column_text css=&#8221;&#8221;]M\u0113s v\u0113lamies prec\u012bzi zin\u0101t, no kurienes n\u0101k m\u016bsu izejvielas, k\u0101 t\u0101s ir audz\u0113tas un kas t\u0101s mums audz\u0113ja. Lai to sasniegtu, m\u0113s cie\u0161i sadarbojamies ar viet\u0113jiem lauksaimniekiem un ra\u017eot\u0101jiem. Tas ne tikai atbalsta viet\u0113jo ekonomiku, bet ar\u012b rada v\u0113rt\u012bbu un cie\u0146u pret izejviel\u0101m, kuras izmantojam \u0113dienkart\u0113.[\/vc_column_text]\r\n            \r\n            <div class=\"sh-empty-space vc_empty_space sh-empty-space-RqlnTtB6S2  \" style=\"height: 20px\">\r\n                <span class=\"vc_empty_space_inner\"><\/span>\r\n            <\/div>\r\n\r\n        \r\n\r\n\t<div class=\"sh-heading sh-heading-style1\" id=\"heading-ksYZgnoWVP\">\r\n\t\t<h3 class=\"sh-heading-content white-text size-default\">\r\n\t\t\tK\u0101 m\u0113s samazin\u0101m savu oglek\u013ca p\u0113du?\t\t<\/h3>\r\n\t<\/div>\r\n\r\n            <style type=\"text\/css\">\r\n                #heading-ksYZgnoWVP .sh-heading-content strong,#heading-ksYZgnoWVP .sh-heading-additional-text strong {font-weight: 900!important;}#heading-ksYZgnoWVP .sh-heading-content {letter-spacing: 1px;font-weight: 400!important;}            <\/style>\r\n        [vc_column_text css=&#8221;&#8221;]Izv\u0113loties viet\u0113jos pieg\u0101d\u0101t\u0101jus, m\u0113s samazin\u0101m transporta d\u0113\u013c radu\u0161os oglek\u013ca p\u0113du. Tas ir svar\u012bgs solis pret\u012b videi draudz\u012bg\u0101kai \u0113din\u0101\u0161anai.[\/vc_column_text]\r\n            \r\n            <div class=\"sh-empty-space vc_empty_space sh-empty-space-DTIeshnLkQ  \" style=\"height: 20px\">\r\n                <span class=\"vc_empty_space_inner\"><\/span>\r\n            <\/div>\r\n\r\n        \r\n\r\n\t<div class=\"sh-heading sh-heading-style1\" id=\"heading-ZpYm2djL57\">\r\n\t\t<h2 class=\"sh-heading-content white-text size-default\">\r\n\t\t\tIepakojuma atkritumu samazin\u0101\u0161ana un atk\u0101rtota izmanto\u0161ana\t\t<\/h2>\r\n\t<\/div>\r\n\r\n            <style type=\"text\/css\">\r\n                #heading-ZpYm2djL57 .sh-heading-content strong,#heading-ZpYm2djL57 .sh-heading-additional-text strong {font-weight: 900!important;}#heading-ZpYm2djL57 .sh-heading-content {letter-spacing: 1px;font-weight: 400!important;}            <\/style>\r\n        \r\n\r\n\t<div class=\"sh-heading sh-heading-style1\" id=\"heading-hIgoFXBSZw\">\r\n\t\t<h3 class=\"sh-heading-content white-text size-default\">\r\n\t\t\tAtk\u0101rtoti izmantojamas kastes un plastmasas maisi\u0146u izvair\u012b\u0161an\u0101s\t\t<\/h3>\r\n\t<\/div>\r\n\r\n            <style type=\"text\/css\">\r\n                #heading-hIgoFXBSZw .sh-heading-content strong,#heading-hIgoFXBSZw .sh-heading-additional-text strong {font-weight: 900!important;}#heading-hIgoFXBSZw .sh-heading-content {letter-spacing: 1px;font-weight: 400!important;}            <\/style>\r\n        [vc_column_text css=&#8221;&#8221;]Ieg\u0101d\u0101joties izejvielas, m\u0113s izmantojam atk\u0101rtoti izmantojamas kastes un esam vienoju\u0161ies, ka nev\u0113lam preces plastmasas vai pap\u012bra maisos. M\u0113s ar\u012b esam atteic\u0113ju\u0161ies no p\u0101rtikas iesai\u0146u izmanto\u0161anas virtuv\u0113.[\/vc_column_text]\r\n            \r\n            <div class=\"sh-empty-space vc_empty_space sh-empty-space-4evqDHXEYN  \" style=\"height: 20px\">\r\n                <span class=\"vc_empty_space_inner\"><\/span>\r\n            <\/div>\r\n\r\n        \r\n\r\n\t<div class=\"sh-heading sh-heading-style1\" id=\"heading-SMH45VwUCd\">\r\n\t\t<h2 class=\"sh-heading-content white-text size-default\">\r\n\t\t\tKompost\u0113\u0161ana un atkritumu \u0161\u0137iro\u0161ana\t\t<\/h2>\r\n\t<\/div>\r\n\r\n            <style type=\"text\/css\">\r\n                #heading-SMH45VwUCd .sh-heading-content strong,#heading-SMH45VwUCd .sh-heading-additional-text strong {font-weight: 900!important;}#heading-SMH45VwUCd .sh-heading-content {letter-spacing: 1px;font-weight: 400!important;}            <\/style>\r\n        \r\n\r\n\t<div class=\"sh-heading sh-heading-style1\" id=\"heading-QKX0vfMwxd\">\r\n\t\t<h3 class=\"sh-heading-content white-text size-default\">\r\n\t\t\tBiolo\u0123iskie atkritumi dz\u012bvnieku bar\u012bbai\t\t<\/h3>\r\n\t<\/div>\r\n\r\n            <style type=\"text\/css\">\r\n                #heading-QKX0vfMwxd .sh-heading-content strong,#heading-QKX0vfMwxd .sh-heading-additional-text strong {font-weight: 900!important;}#heading-QKX0vfMwxd .sh-heading-content {letter-spacing: 1px;font-weight: 400!important;}            <\/style>\r\n        [vc_column_text css=&#8221;&#8221;]M\u0113s esam novirz\u012bju\u0161i savus biolo\u0123iskos atkritumus dz\u012bvnieku bar\u012bbai. \u0160\u0101da pieeja pal\u012bdz samazin\u0101t p\u0101rtikas atkritumus un veicina aprites ekonomiku.[\/vc_column_text]\r\n            \r\n            <div class=\"sh-empty-space vc_empty_space sh-empty-space-V89nfZz6A0  \" style=\"height: 20px\">\r\n                <span class=\"vc_empty_space_inner\"><\/span>\r\n            <\/div>\r\n\r\n        \r\n\r\n\t<div class=\"sh-heading sh-heading-style1\" id=\"heading-APXGyYJIxr\">\r\n\t\t<h3 class=\"sh-heading-content white-text size-default\">\r\n\t\t\tPlastmasas, stikla, pap\u012bra un atgrie\u017eamo iepakojumu \u0161\u0137iro\u0161ana\t\t<\/h3>\r\n\t<\/div>\r\n\r\n            <style type=\"text\/css\">\r\n                #heading-APXGyYJIxr .sh-heading-content strong,#heading-APXGyYJIxr .sh-heading-additional-text strong {font-weight: 900!important;}#heading-APXGyYJIxr .sh-heading-content {letter-spacing: 1px;font-weight: 400!important;}            <\/style>\r\n        [vc_column_text css=&#8221;&#8221;]M\u0113s r\u016bp\u012bgi \u0161\u0137irojam visus atkritumus, tostarp plastmasas iepakojumus, stiklu, pap\u012bru, atgrie\u017eamos iepakojumus, b\u012bstamos atkritumus un biolo\u0123iskos atkritumus. Katram materi\u0101lam ir savs vieta p\u0101rstr\u0101d\u0113.[\/vc_column_text]\r\n            \r\n            <div class=\"sh-empty-space vc_empty_space sh-empty-space-07bymTnRXH  \" style=\"height: 20px\">\r\n                <span class=\"vc_empty_space_inner\"><\/span>\r\n            <\/div>\r\n\r\n        \r\n\r\n\t<div class=\"sh-heading sh-heading-style1\" id=\"heading-uTMImxKk2P\">\r\n\t\t<h2 class=\"sh-heading-content white-text size-default\">\r\n\t\t\tAtk\u0101rtoti izmantojami galda komplekti un Ringkarp sist\u0113ma\t\t<\/h2>\r\n\t<\/div>\r\n\r\n            <style type=\"text\/css\">\r\n                #heading-uTMImxKk2P .sh-heading-content strong,#heading-uTMImxKk2P .sh-heading-additional-text strong {font-weight: 900!important;}#heading-uTMImxKk2P .sh-heading-content {letter-spacing: 1px;font-weight: 400!important;}            <\/style>\r\n        [vc_column_text css=&#8221;&#8221;]Vienreizlietojamie trauki m\u016bsu restor\u0101n\u0101 ir pag\u0101tne. M\u0113s izmantojam tikai atk\u0101rtoti izmantojamus traukus, tostarp keramikas un met\u0101la komplektus. Pas\u016btot \u0113dienu pa l\u012bdzi, m\u0113s pied\u0101v\u0101jam \u201cRingkarp\u201d risin\u0101jumu vai labpr\u0101t iepakosim \u0113dienu viesa sav\u0101 trauk\u0101.[\/vc_column_text]\r\n            \r\n            <div class=\"sh-empty-space vc_empty_space sh-empty-space-xkD0ZzGdUq  \" style=\"height: 20px\">\r\n                <span class=\"vc_empty_space_inner\"><\/span>\r\n            <\/div>\r\n\r\n        \r\n\r\n\t<div class=\"sh-heading sh-heading-style1\" id=\"heading-rwIeQaYyM7\">\r\n\t\t<h2 class=\"sh-heading-content white-text size-default\">\r\n\t\t\tIlgtsp\u0113j\u012bga \u0113dienkartes pl\u0101no\u0161ana\t\t<\/h2>\r\n\t<\/div>\r\n\r\n            <style type=\"text\/css\">\r\n                #heading-rwIeQaYyM7 .sh-heading-content strong,#heading-rwIeQaYyM7 .sh-heading-additional-text strong {font-weight: 900!important;}#heading-rwIeQaYyM7 .sh-heading-content {letter-spacing: 1px;font-weight: 400!important;}            <\/style>\r\n        [vc_column_text css=&#8221;&#8221;]M\u016bsu \u0113dienkarte ir sast\u0101d\u012bta t\u0101, lai izejvielu boj\u0101\u0161an\u0101s b\u016btu minim\u0101la. M\u0113s pas\u016btojam tikai to, kas mums nepiecie\u0161ams, un liekaj\u0101s izejvielas p\u0101rstr\u0101d\u0101jam t\u0101l\u0101k \u2013 marin\u0113jam, \u017e\u0101v\u0101jam vai izmantojam ferment\u0101cij\u0101.[\/vc_column_text][\/vc_column_inner][\/vc_row_inner][vc_row_inner content_placement=&#8221;middle&#8221; max_width_alignment_mobile=&#8221;center&#8221; overflow=&#8221;default&#8221; max_width=&#8221;1000&#8243; css=&#8221;.vc_custom_1728475846306{padding-top: 25px !important;}&#8221;][vc_column_inner el_class=&#8221;white-text&#8221; width=&#8221;1\/2&#8243; overflow=&#8221;default&#8221;]\r\n\r\n\t<div class=\"sh-heading sh-heading-style1\" id=\"heading-iAC3MzQbHe\">\r\n\t\t<h2 class=\"sh-heading-content white-text size-default\">\r\n\t\t\tIzgl\u012bt\u012bba un vides apzi\u0146a\t\t<\/h2>\r\n\t<\/div>\r\n\r\n            <style type=\"text\/css\">\r\n                #heading-iAC3MzQbHe .sh-heading-content strong,#heading-iAC3MzQbHe .sh-heading-additional-text strong {font-weight: 900!important;}#heading-iAC3MzQbHe .sh-heading-content {letter-spacing: 1px;font-weight: 400!important;}            <\/style>\r\n        \r\n\r\n\t<div class=\"sh-heading sh-heading-style1\" id=\"heading-lAiqx7JVGT\">\r\n\t\t<h3 class=\"sh-heading-content white-text size-default\">\r\n\t\t\tK\u0101 m\u0113s m\u0101c\u0101m Zero Waste principus?\t\t<\/h3>\r\n\t<\/div>\r\n\r\n            <style type=\"text\/css\">\r\n                #heading-lAiqx7JVGT .sh-heading-content strong,#heading-lAiqx7JVGT .sh-heading-additional-text strong {font-weight: 900!important;}#heading-lAiqx7JVGT .sh-heading-content {letter-spacing: 1px;font-weight: 400!important;}            <\/style>\r\n        [vc_column_text css=&#8221;&#8221;]M\u0113s esam ap\u0146\u0113mu\u0161ies gan darbinieku, gan apmekl\u0113t\u0101ju izgl\u012bto\u0161an\u0101 par Zero Waste prakses noz\u012bm\u012bgumu. M\u0113s organiz\u0113jam komandas pas\u0101kumus, kuros uzsveram videi draudz\u012bguma svar\u012bgumu.[\/vc_column_text]\r\n            \r\n            <div class=\"sh-empty-space vc_empty_space sh-empty-space-usnrKltMz4  \" style=\"height: 20px\">\r\n                <span class=\"vc_empty_space_inner\"><\/span>\r\n            <\/div>\r\n\r\n        \r\n\r\n\t<div class=\"sh-heading sh-heading-style1\" id=\"heading-GfMO3gjXFx\">\r\n\t\t<h3 class=\"sh-heading-content white-text size-default\">\r\n\t\t\tB\u0113rni un gar\u0161augi \u2013 n\u0101kotnes vides sarg\u0101t\u0101ji\t\t<\/h3>\r\n\t<\/div>\r\n\r\n            <style type=\"text\/css\">\r\n                #heading-GfMO3gjXFx .sh-heading-content strong,#heading-GfMO3gjXFx .sh-heading-additional-text strong {font-weight: 900!important;}#heading-GfMO3gjXFx .sh-heading-content {letter-spacing: 1px;font-weight: 400!important;}            <\/style>\r\n        [vc_column_text css=&#8221;&#8221;]Vasaras teras\u0113 m\u0113s audz\u0113jam gar\u0161augus, kuriem ir pievienotas eti\u0137etes, lai b\u0113rni var\u0113tu iem\u0101c\u012bties atpaz\u012bt da\u017e\u0101das gar\u0161as. Vasaras beig\u0101s m\u0113s dal\u0101m augus starp komandu un viesiem, lai tie var\u0113tu turpin\u0101t augt jaunaj\u0101 sezon\u0101.[\/vc_column_text]\r\n            \r\n            <div class=\"sh-empty-space vc_empty_space sh-empty-space-fKIlqhAZbC  \" style=\"height: 20px\">\r\n                <span class=\"vc_empty_space_inner\"><\/span>\r\n            <\/div>\r\n\r\n        \r\n\r\n\t<div class=\"sh-heading sh-heading-style1\" id=\"heading-1iM9hpKvLV\">\r\n\t\t<h2 class=\"sh-heading-content white-text size-default\">\r\n\t\t\tAtk\u0101rtota izmanto\u0161ana un priek\u0161metu labo\u0161ana\t\t<\/h2>\r\n\t<\/div>\r\n\r\n            <style type=\"text\/css\">\r\n                #heading-1iM9hpKvLV .sh-heading-content strong,#heading-1iM9hpKvLV .sh-heading-additional-text strong {font-weight: 900!important;}#heading-1iM9hpKvLV .sh-heading-content {letter-spacing: 1px;font-weight: 400!important;}            <\/style>\r\n        \r\n\r\n\t<div class=\"sh-heading sh-heading-style1\" id=\"heading-JmRTuZIUbj\">\r\n\t\t<h3 class=\"sh-heading-content white-text size-default\">\r\n\t\t\tJaunas dz\u012bves pie\u0161\u0137ir\u0161ana vec\u0101m liet\u0101m\t\t<\/h3>\r\n\t<\/div>\r\n\r\n            <style type=\"text\/css\">\r\n                #heading-JmRTuZIUbj .sh-heading-content strong,#heading-JmRTuZIUbj .sh-heading-additional-text strong {font-weight: 900!important;}#heading-JmRTuZIUbj .sh-heading-content {letter-spacing: 1px;font-weight: 400!important;}            <\/style>\r\n        [vc_column_text css=&#8221;&#8221;]Ja kaut kas mums paliek vai \u0161\u0137iet, ka t\u0101 laiks ir pag\u0101jis, m\u0113s mekl\u0113jam tam jaunu dz\u012bvi. Piem\u0113ram, esam main\u012bju\u0161ies ar Ziemassv\u0113tku rot\u0101jumiem ar citu viesn\u012bcu vai dal\u012bju\u0161ies ar liekaj\u0101m prec\u0113m kopienas grup\u0101s.[\/vc_column_text]\r\n            \r\n            <div class=\"sh-empty-space vc_empty_space sh-empty-space-oKD27XLarO  \" style=\"height: 20px\">\r\n                <span class=\"vc_empty_space_inner\"><\/span>\r\n            <\/div>\r\n\r\n        \r\n\r\n\t<div class=\"sh-heading sh-heading-style1\" id=\"heading-fyNSGMq9wE\">\r\n\t\t<h2 class=\"sh-heading-content white-text size-default\">\r\n\t\t\tZero Waste restor\u0101na m\u0113r\u0137is un ietekme\t\t<\/h2>\r\n\t<\/div>\r\n\r\n            <style type=\"text\/css\">\r\n                #heading-fyNSGMq9wE .sh-heading-content strong,#heading-fyNSGMq9wE .sh-heading-additional-text strong {font-weight: 900!important;}#heading-fyNSGMq9wE .sh-heading-content {letter-spacing: 1px;font-weight: 400!important;}            <\/style>\r\n        [vc_column_text css=&#8221;&#8221;]Villa Wesseti Zero Waste restor\u0101n\u0101 m\u016bsu m\u0113r\u0137is ir pied\u0101v\u0101t gar\u0161\u012bgu \u0113dienu videi apzin\u0101t\u0101 veid\u0101. M\u016bsu pieeja ilgtsp\u0113j\u012bbai p\u0101rsniedz tikai \u0113diena gatavo\u0161anu \u2013 m\u0113s esam dom\u0101ju\u0161i par katru s\u012bkumu, lai iedvesmotu citus pie\u0146emt ilgtsp\u0113j\u012bg\u0101kas izv\u0113les.[\/vc_column_text][\/vc_column_inner][vc_column_inner width=&#8221;1\/2&#8243; max_width_alignment_mobile=&#8221;center&#8221; overflow=&#8221;default&#8221;][vc_single_image image=&#8221;12174&#8243; img_size=&#8221;full&#8221; alignment=&#8221;center&#8221; css=&#8221;&#8221;][\/vc_column_inner][\/vc_row_inner][\/vc_column][\/vc_row][\/vc_section]<\/div>","protected":false},"excerpt":{"rendered":"Villa Wesseti Zero Waste restor\u0101ns apvieno viet\u0113j\u0101s izejvielas, ilgtsp\u0113j\u012bgu \u0113dienkartes pl\u0101no\u0161anu un videi draudz\u012bgu atkritumu apsaimnieko\u0161anu. M\u016bsu m\u0113r\u0137is ir minimiz\u0113t atkritumus un iedvesmot ilgtsp\u0113j\u012bg\u0101kas izv\u0113les.","protected":false},"author":1,"featured_media":21222,"parent":12633,"menu_order":0,"comment_status":"closed","ping_status":"closed","template":"","meta":{"footnotes":""},"class_list":["post-12645","page","type-page","status-publish","has-post-thumbnail","hentry"],"_links":{"self":[{"href":"https:\/\/wesset.ee\/lv\/wp-json\/wp\/v2\/pages\/12645","targetHints":{"allow":["GET"]}}],"collection":[{"href":"https:\/\/wesset.ee\/lv\/wp-json\/wp\/v2\/pages"}],"about":[{"href":"https:\/\/wesset.ee\/lv\/wp-json\/wp\/v2\/types\/page"}],"author":[{"embeddable":true,"href":"https:\/\/wesset.ee\/lv\/wp-json\/wp\/v2\/users\/1"}],"replies":[{"embeddable":true,"href":"https:\/\/wesset.ee\/lv\/wp-json\/wp\/v2\/comments?post=12645"}],"version-history":[{"count":0,"href":"https:\/\/wesset.ee\/lv\/wp-json\/wp\/v2\/pages\/12645\/revisions"}],"up":[{"embeddable":true,"href":"https:\/\/wesset.ee\/lv\/wp-json\/wp\/v2\/pages\/12633"}],"wp:featuredmedia":[{"embeddable":true,"href":"https:\/\/wesset.ee\/lv\/wp-json\/wp\/v2\/media\/21222"}],"wp:attachment":[{"href":"https:\/\/wesset.ee\/lv\/wp-json\/wp\/v2\/media?parent=12645"}],"curies":[{"name":"wp","href":"https:\/\/api.w.org\/{rel}","templated":true}]}}