{"id":12637,"date":"2024-10-03T21:42:34","date_gmt":"2024-10-03T18:42:34","guid":{"rendered":"https:\/\/wesset.ee\/peakokasaal\/hommikukohvik-tootoad\/"},"modified":"2024-11-05T22:15:03","modified_gmt":"2024-11-05T20:15:03","slug":"hommikukohvik-tootoad","status":"publish","type":"page","link":"https:\/\/wesset.ee\/lv\/sefpavara-zale\/hommikukohvik-tootoad\/","title":{"rendered":"R\u012bta kafejn\u012bcas darbn\u012bcas"},"content":{"rendered":"<div class=\"wpb-content-wrapper\">[vc_row full_width=&#8221;stretch_row_content&#8221; max_width_alignment_mobile=&#8221;center&#8221; overflow=&#8221;default&#8221; css=&#8221;.vc_custom_1728416644948{margin-bottom: 0px !important;padding-bottom: 0px !important;background-color: #050607 !important;}&#8221; el_class=&#8221;dark-bg-peakoka extra-p&#8221;][vc_column][vc_row_inner content_placement=&#8221;middle&#8221; overflow=&#8221;default&#8221; el_class=&#8221;sh-header sh-sticky-header dark-bg-peakoka peakokasaal-header&#8221; css=&#8221;.vc_custom_1728428115743{padding-top: 10px !important;}&#8221;][vc_column_inner max_width_alignment_mobile=&#8221;center&#8221; text_align_inline=&#8221;center&#8221; overflow=&#8221;default&#8221; offset=&#8221;vc_hidden-sm vc_hidden-xs&#8221;][vc_raw_html css=&#8221;.vc_custom_1728428029590{margin-top: 15px !important;margin-bottom: 15px !important;}&#8221;]JTVCbWF4bWVnYW1lbnUlMjBsb2NhdGlvbiUzRGNvb2ttZW51JTVE[\/vc_raw_html][\/vc_column_inner][\/vc_row_inner][vc_row_inner content_placement=&#8221;middle&#8221; overflow=&#8221;default&#8221; el_class=&#8221;sh-header-mobile sh-sticky-mobile-header dark-bg-peakoka peakokasaal-header&#8221; css=&#8221;.vc_custom_1728428408665{padding-top: 10px !important;}&#8221;][vc_column_inner max_width_alignment_mobile=&#8221;center&#8221; text_align_inline=&#8221;center&#8221; overflow=&#8221;default&#8221; offset=&#8221;vc_hidden-lg vc_hidden-md&#8221;][vc_raw_html css=&#8221;.vc_custom_1728428029590{margin-top: 15px !important;margin-bottom: 15px !important;}&#8221;]JTVCbWF4bWVnYW1lbnUlMjBsb2NhdGlvbiUzRGNvb2ttZW51JTVE[\/vc_raw_html][\/vc_column_inner][\/vc_row_inner][vc_row_inner content_placement=&#8221;top&#8221; max_width_alignment_mobile=&#8221;center&#8221; overflow=&#8221;default&#8221; max_width=&#8221;1000&#8243; css=&#8221;.vc_custom_1728476669040{padding-top: 25px !important;}&#8221;][vc_column_inner el_class=&#8221;white-text&#8221; width=&#8221;1\/2&#8243; overflow=&#8221;default&#8221;]\r\n\r\n\t<div class=\"sh-heading sh-heading-style1\" id=\"heading-klpIsw35d2\">\r\n\t\t<h2 class=\"sh-heading-content white-text size-xl\">\r\n\t\t\tKonfek\u0161u kafejn\u012bca\t\t<\/h2>\r\n\t<\/div>\r\n\r\n            <style type=\"text\/css\">\r\n                #heading-klpIsw35d2 .sh-heading-content strong,#heading-klpIsw35d2 .sh-heading-additional-text strong {font-weight: 900!important;}#heading-klpIsw35d2 .sh-heading-content {letter-spacing: 1px;font-weight: 400!important;}            <\/style>\r\n        \r\n            \r\n            <div class=\"sh-empty-space vc_empty_space sh-empty-space-odkMYl6WBV  \" style=\"height: 20px\">\r\n                <span class=\"vc_empty_space_inner\"><\/span>\r\n            <\/div>\r\n\r\n        [vc_column_text css=&#8221;&#8221;]Villa Wesset konfek\u0161u kafejn\u012bca ir pils\u0113tas sald\u0101k\u0101 vieta, kur visi gardumi ir saldi.\n\nAtdz\u012bvin\u0101ts ir biju\u0161\u0101 konfek\u0161u ra\u017eot\u0101ja Eliasa Wesseta st\u0101sts, un kafejn\u012bc\u0101 eso\u0161ais konfek\u0161u autom\u0101ts pied\u0101v\u0101 konfektes gan lieliem, gan maziem.[\/vc_column_text][\/vc_column_inner][vc_column_inner width=&#8221;1\/2&#8243; overflow=&#8221;default&#8221; css=&#8221;.vc_custom_1728476755599{padding: 10px !important;}&#8221;][vc_single_image image=&#8221;12188&#8243; img_size=&#8221;full&#8221; alignment=&#8221;center&#8221; css=&#8221;&#8221;][\/vc_column_inner][\/vc_row_inner][vc_row_inner content_placement=&#8221;top&#8221; max_width_alignment_mobile=&#8221;center&#8221; overflow=&#8221;default&#8221; max_width=&#8221;1000&#8243; css=&#8221;.vc_custom_1728425149985{margin-top: 20px !important;}&#8221;][vc_column_inner el_class=&#8221;white-text&#8221; width=&#8221;1\/2&#8243; overflow=&#8221;default&#8221;][vc_column_text css=&#8221;&#8221;]\u0112diena gatavo\u0161an\u0101 m\u0113s dodam priek\u0161roku viet\u0113j\u0101m izejviel\u0101m un iev\u0113rojam principu &#8220;no deguna l\u012bdz astei un no saknes l\u012bdz ziedam&#8221;. M\u016bsu m\u0113r\u0137is ir virz\u012bties uz ilgtsp\u0113j\u012bg\u0101ku vidi. Lai to pan\u0101ktu, m\u0113s vispirms atgrie\u017eamies pie m\u016bsu sen\u010du &#8220;sakn\u0113m&#8221; un virtuv\u0113 izmantojam daudz ferment\u0101cijas, marin\u0113\u0161anas un konservu. M\u0113s uzman\u012bgi p\u0101rliecin\u0101mies, ka piln\u012bb\u0101 izmantojam sa\u0146emt\u0101s izejvielas. Apmekl\u0113jot m\u016bs, jums ir iesp\u0113ja izv\u0113l\u0113ties starp div\u0101m degust\u0101cijas \u0113dienkart\u0113m. Pirmais ir &#8220;Viet\u0113jais ce\u013cojums&#8221;, kur\u0101 izmantojam tikai Igaunijas izejvielas, un otrais ir &#8220;Baltijas j\u016bras ce\u013cojums&#8221;, kur, atkar\u012bb\u0101 no sezonas, varam izmantot Baltijas j\u016br\u0101 vai t\u0101s tuvum\u0101 augu\u0161\u0101s izejvielas. Abos \u0113dienkartes gad\u012bjumos mums ir tr\u012bs iz\u0146\u0113mumi: cukurs, s\u0101ls un, protams, \u0161okol\u0101de, bez kuras b\u016btu vienk\u0101r\u0161i gr\u016bti dz\u012bvot.[\/vc_column_text]\r\n<div id=\"button-GUXQtfJOdk\" class=\"sh-button-container  sh-button-style-5\">\r\n\t<div class=\"sh-element-margin\">\r\n\t\t<a href=\"\/peakokasaal\/menuu\/\" data-rel=\"\" target=\"_self\" class=\"sh-button sh-button-large sh-button-icon-left\">\r\n\r\n\t\t\t\t\t\t\t<span class=\"sh-button-icon\">\r\n\t\t\t\t\t<i class=\"icon-arrow-right\"><\/i>\r\n\t\t\t\t<\/span>\r\n\t\t\t\r\n\t\t\t\t\t\t\t<span class=\"sh-button-text\">\r\n\t\t\t\t\tSkat\u012bt \u0113dienkarti\t\t\t\t<\/span>\r\n\t\t\t\r\n\t\t\t\r\n\t\t<\/a>\r\n\t\t\t<\/div>\r\n<\/div>\r\n            <style type=\"text\/css\">\r\n                #button-GUXQtfJOdk .sh-button-text {font-weight: 500;}#button-GUXQtfJOdk .sh-button {background-color: #A72417;color: #FFFFFF;border: 2px solid transparent;border: 1px solid #A72417;}#button-GUXQtfJOdk {}#button-GUXQtfJOdk .sh-element-margin {margin: 10px 0px 15px 0px;}#button-GUXQtfJOdk:not(.sh-button-style-2) .sh-button:hover {background-color: #A72417;color: #FFFFFF;border: 1px solid #A72417;}#button-GUXQtfJOdk.sh-button-style-2 .sh-button:after {background-color: #A72417;}#button-GUXQtfJOdk.sh-button-style-2 .sh-button:hover {color: #FFFFFF;border: 1px solid #A72417;}@media (max-width: 800px) {#button-GUXQtfJOdk {text-align: center;}}            <\/style>\r\n        \r\n                            <style media=\"screen\">\r\n                    @media (max-width: 1025px) {\r\n                        .sh-empty-space-Bf6mHaQIk5 {\r\n                            height: 32px!important;\r\n                        }\r\n                    }\r\n                <\/style>\r\n            \r\n            <div class=\"sh-empty-space vc_empty_space sh-empty-space-Bf6mHaQIk5  \" style=\"height: 32px\">\r\n                <span class=\"vc_empty_space_inner\"><\/span>\r\n            <\/div>\r\n\r\n        [\/vc_column_inner][vc_column_inner width=&#8221;1\/2&#8243;][vc_single_image image=&#8221;12174&#8243; img_size=&#8221;full&#8221; alignment=&#8221;center&#8221; css=&#8221;&#8221;][\/vc_column_inner][\/vc_row_inner][\/vc_column][\/vc_row]<\/div>","protected":false},"excerpt":{"rendered":"[vc_row full_width=&#8221;stretch_row_content&#8221; max_width_alignment_mobile=&#8221;center&#8221; overflow=&#8221;default&#8221; css=&#8221;.vc_custom_1728416644948{margin-bottom: 0px !important;padding-bottom: 0px !important;background-color: #050607 !important;}&#8221; el_class=&#8221;dark-bg-peakoka extra-p&#8221;][vc_column][vc_row_inner content_placement=&#8221;middle&#8221; overflow=&#8221;default&#8221;&#8230;","protected":false},"author":1,"featured_media":0,"parent":12633,"menu_order":0,"comment_status":"closed","ping_status":"closed","template":"","meta":{"footnotes":""},"class_list":["post-12637","page","type-page","status-publish","hentry"],"_links":{"self":[{"href":"https:\/\/wesset.ee\/lv\/wp-json\/wp\/v2\/pages\/12637","targetHints":{"allow":["GET"]}}],"collection":[{"href":"https:\/\/wesset.ee\/lv\/wp-json\/wp\/v2\/pages"}],"about":[{"href":"https:\/\/wesset.ee\/lv\/wp-json\/wp\/v2\/types\/page"}],"author":[{"embeddable":true,"href":"https:\/\/wesset.ee\/lv\/wp-json\/wp\/v2\/users\/1"}],"replies":[{"embeddable":true,"href":"https:\/\/wesset.ee\/lv\/wp-json\/wp\/v2\/comments?post=12637"}],"version-history":[{"count":0,"href":"https:\/\/wesset.ee\/lv\/wp-json\/wp\/v2\/pages\/12637\/revisions"}],"up":[{"embeddable":true,"href":"https:\/\/wesset.ee\/lv\/wp-json\/wp\/v2\/pages\/12633"}],"wp:attachment":[{"href":"https:\/\/wesset.ee\/lv\/wp-json\/wp\/v2\/media?parent=12637"}],"curies":[{"name":"wp","href":"https:\/\/api.w.org\/{rel}","templated":true}]}}