{"id":12633,"date":"2024-10-03T21:02:00","date_gmt":"2024-10-03T18:02:00","guid":{"rendered":"https:\/\/wesset.ee\/peakokasaal\/"},"modified":"2025-06-04T19:21:46","modified_gmt":"2025-06-04T16:21:46","slug":"sefpavara-zale","status":"publish","type":"page","link":"https:\/\/wesset.ee\/lv\/sefpavara-zale\/","title":{"rendered":"\u0160efpav\u0101ra z\u0101le"},"content":{"rendered":"<div class=\"wpb-content-wrapper\"><p>[vc_row full_width=&#8221;stretch_row_content&#8221; max_width_alignment_mobile=&#8221;center&#8221; overflow=&#8221;default&#8221; css=&#8221;.vc_custom_1734617859416{padding-bottom: 100px !important;background-color: #050607 !important;}&#8221; el_class=&#8221;dark-bg-peakoka&#8221;][vc_column]\r\n                            <style media=\"screen\">\r\n                    @media (max-width: 1025px) {\r\n                        .sh-empty-space-OmAar0tDK7 {\r\n                            height: 50px!important;\r\n                        }\r\n                    }\r\n                <\/style>\r\n            \r\n            <div class=\"sh-empty-space vc_empty_space sh-empty-space-OmAar0tDK7  \" style=\"height: 70px\">\r\n                <span class=\"vc_empty_space_inner\"><\/span>\r\n            <\/div>\r\n\r\n        \n\t\t\t\t<p class=\"rs-p-wp-fix\"><\/p>\n\t\t\t\t<sr7-module data-alias=\"iter5short\" data-id=\"11\" id=\"SR7_11_1\" class=\"rs-ov-hidden\" data-version=\"6.7.25\">\n\t\t\t\t\t<sr7-adjuster><\/sr7-adjuster>\n\t\t\t\t\t<sr7-content>\n\t\t\t\t\t\t<sr7-slide id=\"SR7_11_1-23\" data-key=\"23\">\n\t\t\t\t\t\t\t<sr7-txt id=\"SR7_11_1-23-13\" class=\"sr7-layer\">VILLA WESSETI<\/sr7-txt>\n\t\t\t\t\t\t\t<sr7-txt id=\"SR7_11_1-23-15\" class=\"sr7-layer\">PEAKOKASAAL<\/sr7-txt>\n\t\t\t\t\t\t<\/sr7-slide>\n\t\t\t\t\t\t<sr7-slide id=\"SR7_11_1-25\" data-key=\"25\">\n\t\t\t\t\t\t<\/sr7-slide>\n\t\t\t\t\t<\/sr7-content>\n\t\t\t\t\t<image_lists style=\"display:none\">\n\t\t\t\t\t\t<img data-src=\"\/\/wesset.ee\/wp-content\/uploads\/2020\/02\/red-ring-2.png\" data-libid=\"12112\" data-lib=\"medialibrary\" title=\"red-ring-2\" width=\"0\" height=\"0\" data-dbsrc=\"Ly93ZXNzZXQuZWUvd3AtY29udGVudC91cGxvYWRzLzIwMjAvMDIvcmVkLXJpbmctMi5wbmc=\"\/>\n\t\t\t\t\t\t<img data-src=\"\/\/wesset.ee\/wp-content\/uploads\/2024\/10\/v.svg\" data-libid=\"11983\" data-lib=\"medialibrary\" title=\"v\" width=\"0\" height=\"0\" data-dbsrc=\"Ly93ZXNzZXQuZWUvd3AtY29udGVudC91cGxvYWRzLzIwMjQvMTAvdi5zdmc=\"\/>\n\t\t\t\t\t\t<img data-src=\"\/\/wesset.ee\/wp-content\/uploads\/2024\/10\/ww.svg\" data-libid=\"11993\" data-lib=\"medialibrary\" title=\"ww\" width=\"0\" height=\"0\" data-dbsrc=\"Ly93ZXNzZXQuZWUvd3AtY29udGVudC91cGxvYWRzLzIwMjQvMTAvd3cuc3Zn\"\/>\n\t\t\t\t\t\t<img data-src=\"\/\/wesset.ee\/wp-content\/uploads\/2024\/10\/hall.svg\" data-libid=\"12008\" data-lib=\"medialibrary\" title=\"hall\" width=\"0\" height=\"0\" data-dbsrc=\"Ly93ZXNzZXQuZWUvd3AtY29udGVudC91cGxvYWRzLzIwMjQvMTAvaGFsbC5zdmc=\"\/>\n\t\t\t\t\t\t<img data-src=\"\/\/wesset.ee\/wp-content\/uploads\/2024\/10\/chefs.svg\" data-libid=\"12003\" data-lib=\"medialibrary\" title=\"chefs\" width=\"0\" height=\"0\" data-dbsrc=\"Ly93ZXNzZXQuZWUvd3AtY29udGVudC91cGxvYWRzLzIwMjQvMTAvY2hlZnMuc3Zn\"\/>\n\t\t\t\t\t<\/image_lists>\n\t\t\t\t<\/sr7-module>\n\t\t\t\t<script>\n\t\t\t\t\tSR7.PMH ??={}; SR7.PMH[\"SR7_11_1\"] = {cn:100,state:false,fn: function() { if (_tpt!==undefined && _tpt.prepareModuleHeight !== undefined) {  _tpt.prepareModuleHeight({id:\"SR7_11_1\",el:[643,643,643,960,720],type:'hero',shdw:'0',gh:[643,643,643,960,720],gw:[1240,1240,1240,778,480],vpt:['100px&#039;,&#039;100px&#039;,&#039;100px&#039;,&#039;100px&#039;,&#039;100px'],size:{fullWidth:true, fullHeight:false},mh:'0',onh:0,onw:0,bg:{color:'{\"type\":\"solid\",\"orig\":\"#050607\",\"string\":\"rgba(5, 6, 7, 1)\"}'}});   SR7.PMH[\"SR7_11_1\"].state=true;} else if(SR7.PMH[\"SR7_11_1\"].cn-->0)\tsetTimeout( SR7.PMH[\"SR7_11_1\"].fn,19);}};SR7.PMH[\"SR7_11_1\" ].fn();\n\t\t\t\t<\/script>\n\r\n            \r\n            <div class=\"sh-empty-space vc_empty_space sh-empty-space-hWGBQHIqdk  \" style=\"height: 5px\">\r\n                <span class=\"vc_empty_space_inner\"><\/span>\r\n            <\/div>\r\n\r\n        [vc_row_inner content_placement=&#8221;middle&#8221; max_width_alignment_mobile=&#8221;center&#8221; overflow=&#8221;default&#8221; max_width=&#8221;1000&#8243; css=&#8221;.vc_custom_1728424356551{padding-top: 25px !important;}&#8221;][vc_column_inner el_class=&#8221;white-text&#8221; width=&#8221;1\/2&#8243; max_width_alignment_mobile=&#8221;center&#8221; overflow=&#8221;default&#8221;]\r\n            \r\n            <div class=\"sh-empty-space vc_empty_space sh-empty-space-Nb81efwlXa  \" style=\"height: \">\r\n                <span class=\"vc_empty_space_inner\"><\/span>\r\n            <\/div>\r\n\r\n        \r\n\r\n\t<div class=\"sh-heading sh-heading-style1\" id=\"heading-YghKtmAxDu\">\r\n\t\t<h1 class=\"sh-heading-content white-text mobile-center size-xl\">\r\n\t\t\tLaipni l\u016bdzam Villa Wesseti \u0161efpav\u0101ra z\u0101l\u0113!\t\t<\/h1>\r\n\t<\/div>\r\n\r\n            <style type=\"text\/css\">\r\n                #heading-YghKtmAxDu .sh-heading-content strong,#heading-YghKtmAxDu .sh-heading-additional-text strong {font-weight: 900!important;}#heading-YghKtmAxDu .sh-heading-content {letter-spacing: 1px;font-weight: 400!important;}            <\/style>\r\n        \r\n            \r\n            <div class=\"sh-empty-space vc_empty_space sh-empty-space-R3YWm7Z4i1  \" style=\"height: 20px\">\r\n                <span class=\"vc_empty_space_inner\"><\/span>\r\n            <\/div>\r\n\r\n        [vc_column_text css=&#8221;&#8221;]M\u0113s pied\u0101v\u0101jam unik\u0101lu iesp\u0113ju gar\u0161as ce\u013cojumam m\u016bsu \u0161efpav\u0101ra z\u0101l\u0113, kur augstu v\u0113rt\u0113jam viet\u0113j\u0101s izejvielas un r\u016bp\u012bgi sekojam tam, lai viss, kas n\u0101k no zemniekiem, atrastu cien\u012bgu vietu \u0113dienkart\u0113.<br><br>Gar\u0161as baud\u012bjumu var izbaud\u012bt pie L\u2011forma galda kop\u0101 ar l\u012bdz 7 viesiem, un visa vakari\u0146u \u0113diena pagatavo\u0161ana notiek j\u016bsu acu priek\u0161\u0101.[\/vc_column_text]\r\n\r\n\t<div class=\"sh-heading sh-heading-style3\" id=\"heading-hplgQaz0tJ\">\r\n\t\t<h3 class=\"sh-heading-content size-default\">\r\n\t\t\t<\/span><br><div style=\"margin-bottom: 20px; text-align:center;\">\r\n        <span style=\"color:white; font-size: 20px; margin-bottom: 15px; font-weight: 300;\">Rezerv\u0101cij\u0101m<\/span><\/span>\r\n<span style=\"font-size: 21px; margin: 0;\">\r\n            <a href=\"tel:37256460500\" style=\"color: white; text-decoration: none; border-bottom: 1px solid rgba(255,255,255,0.3);\">+372 56 460 500<\/a><br \/>\r\n            vai<br \/>\r\n            <a href=\"mailto:info@wesset.ee\" style=\"color: white; text-decoration: none; border-bottom: 1px solid rgba(255,255,255,0.3);\">info@wesset.ee<\/a>\r\n        <\/span>\r\n<\/div><br><span>\t\t<\/h3>\r\n\t<\/div>\r\n\r\n            <style type=\"text\/css\">\r\n                #heading-hplgQaz0tJ .sh-heading-content {font-weight: 200!important;color: #FFFFFF;background-color: #A72417;}#heading-hplgQaz0tJ:hover .sh-heading-content {color: #E0E0E0;}            <\/style>\r\n        \r\n            \r\n            <div class=\"sh-empty-space vc_empty_space sh-empty-space-oCg7bLXedE  \" style=\"height: 20px\">\r\n                <span class=\"vc_empty_space_inner\"><\/span>\r\n            <\/div>\r\n\r\n        [\/vc_column_inner][vc_column_inner width=&#8221;1\/2&#8243;][vc_single_image image=&#8221;6263&#8243; img_size=&#8221;full&#8221; alignment=&#8221;center&#8221; css=&#8221;&#8221;][\/vc_column_inner][\/vc_row_inner][vc_row_inner content_placement=&#8221;top&#8221; max_width_alignment_mobile=&#8221;center&#8221; overflow=&#8221;default&#8221; max_width=&#8221;1000&#8243; css=&#8221;.vc_custom_1728425149985{margin-top: 20px !important;}&#8221;][vc_column_inner el_class=&#8221;white-text&#8221; width=&#8221;1\/2&#8243; overflow=&#8221;default&#8221;][vc_column_text css=&#8221;&#8221;]P\u0101rtikas pagatavo\u0161an\u0101 priek\u0161roku dodam viet\u0113j\u0101m izejviel\u0101m un iev\u0113rojam principu \u201cno deguna l\u012bdz asti un no saknes l\u012bdz \u0113dienam\u201d.<br><br>M\u016bsu v\u0113lme ir strauji virz\u012bties uz ilgtsp\u0113j\u012bg\u0101ku vidi. Lai to pan\u0101ktu, vispirms atgrie\u017eamies pie saviem sen\u010diem \u201csakn\u0113m\u201d un virtuv\u0113 izmantojam daudz ferment\u0113\u0161anas, marin\u0113\u0161anas un konserv\u0113\u0161anas. R\u016bp\u012bgi sekojam tam, lai maksim\u0101li izmantotu izejvielas, kas mums non\u0101k.[\/vc_column_text]\r\n            \r\n            <div class=\"sh-empty-space vc_empty_space sh-empty-space-BdPaEjAXCv  \" style=\"height: 32px\">\r\n                <span class=\"vc_empty_space_inner\"><\/span>\r\n            <\/div>\r\n\r\n        \r\n\r\n\t<div class=\"sh-heading sh-heading-style1\" id=\"heading-ovuQtxLjiB\">\r\n\t\t<h2 class=\"sh-heading-content white-text size-l\">\r\n\t\t\t\u0160efpav\u0101ra z\u0101les degust\u0101cijas \u0113dienkarte\t\t<\/h2>\r\n\t<\/div>\r\n\r\n            <style type=\"text\/css\">\r\n                #heading-ovuQtxLjiB .sh-heading-content strong,#heading-ovuQtxLjiB .sh-heading-additional-text strong {font-weight: 900!important;}#heading-ovuQtxLjiB .sh-heading-content {letter-spacing: 1px;font-weight: 400!important;}            <\/style>\r\n        \r\n            \r\n            <div class=\"sh-empty-space vc_empty_space sh-empty-space-hKf7QzcmTO  \" style=\"height: 20px\">\r\n                <span class=\"vc_empty_space_inner\"><\/span>\r\n            <\/div>\r\n\r\n        [vc_column_text css=&#8221;&#8221;]Apmekl\u0113jot m\u016bs, j\u016bs varat izv\u0113l\u0113ties starp div\u0101m degust\u0101cijas \u0113dienkart\u0113m.<br><br>Pirmais no tiem ir <a title=\"Viet\u0113j\u0101 ce\u013cojuma \u0113dienkarte\" href=\"\/peakoka-saal\/menuu\/#kohalik-rannak\"><strong>\u201cViet\u0113jais ce\u013cojums\u201d<\/strong><\/a>, kur izmantojam tikai igau\u0146u izejvielas, bet otrais ir <a title=\"Baltijas ce\u013cojuma \u0113dienkarte\" href=\"\/peakoka-saal\/menuu\/#laanemere-rannak\"><strong>\u201cBaltijas ce\u013cojums\u201d<\/strong><\/a>, kur, atkar\u012bb\u0101 no sezonas, varam izmantot izejvielas, kas aug vai ir audz\u0113tas Baltijas j\u016bras tuvum\u0101. Abos \u0113dienkart\u0113s ir tr\u012bs iz\u0146\u0113mumi: cukurs, s\u0101ls un, protams, \u0161okol\u0101de, bez kuriem dz\u012bve b\u016btu vienk\u0101r\u0161i gr\u016bta.[\/vc_column_text]\r\n            \r\n            <div class=\"sh-empty-space vc_empty_space sh-empty-space-QT4FoMOsUH  \" style=\"height: 20px\">\r\n                <span class=\"vc_empty_space_inner\"><\/span>\r\n            <\/div>\r\n\r\n        \r\n<div id=\"button-OyTFcGeHDp\" class=\"sh-button-container  sh-button-style-5\">\r\n\t<div class=\"sh-element-margin\">\r\n\t\t<a href=\"\/lv\/sefpavara-zale\/edienkarte\/\" data-rel=\"\" target=\"_self\" class=\"sh-button sh-button-xlarge sh-button-icon-right\">\r\n\r\n\t\t\t\t\t\t\t<span class=\"sh-button-icon\">\r\n\t\t\t\t\t<i class=\"icon-arrow-right\"><\/i>\r\n\t\t\t\t<\/span>\r\n\t\t\t\r\n\t\t\t\t\t\t\t<span class=\"sh-button-text\">\r\n\t\t\t\t\tSkat\u012bt \u0113dienkartes\t\t\t\t<\/span>\r\n\t\t\t\r\n\t\t\t\r\n\t\t<\/a>\r\n\t\t\t<\/div>\r\n<\/div>\r\n            <style type=\"text\/css\">\r\n                #button-OyTFcGeHDp .sh-button-text {font-weight: 500;}#button-OyTFcGeHDp .sh-button {background-color: #A72417;color: #FFFFFF;border: 2px solid transparent;border: 1px solid #A72417;display: block!important;width: 100%;}#button-OyTFcGeHDp {text-align: center;}#button-OyTFcGeHDp .sh-element-margin {margin: 10px 0px 15px 0px;}#button-OyTFcGeHDp:not(.sh-button-style-2) .sh-button:hover {background-color: #A72417;color: #FFFFFF;border: 1px solid #A72417;}#button-OyTFcGeHDp.sh-button-style-2 .sh-button:after {background-color: #A72417;}#button-OyTFcGeHDp.sh-button-style-2 .sh-button:hover {color: #FFFFFF;border: 1px solid #A72417;}@media (max-width: 800px) {#button-OyTFcGeHDp {text-align: center;}}            <\/style>\r\n        \r\n            \r\n            <div class=\"sh-empty-space vc_empty_space sh-empty-space-oZns8RTgOy  \" style=\"height: 20px\">\r\n                <span class=\"vc_empty_space_inner\"><\/span>\r\n            <\/div>\r\n\r\n        [\/vc_column_inner][vc_column_inner width=&#8221;1\/2&#8243;][vc_single_image image=&#8221;12135&#8243; img_size=&#8221;full&#8221; alignment=&#8221;center&#8221; css=&#8221;&#8221;][\/vc_column_inner][\/vc_row_inner][\/vc_column][\/vc_row]<\/p>\n<\/div>","protected":false},"excerpt":{"rendered":"Villa Wesseti \u0160efpav\u0101ra z\u0101le pied\u0101v\u0101 ekskluz\u012bvu vakari\u0146u pieredzi, kur ilgtsp\u0113j\u012bba un viet\u0113jo izejvielu gar\u0161as satiekas ar patiesu gastronomiju.","protected":false},"author":1,"featured_media":20622,"parent":0,"menu_order":0,"comment_status":"closed","ping_status":"closed","template":"","meta":{"footnotes":""},"class_list":["post-12633","page","type-page","status-publish","has-post-thumbnail","hentry"],"_links":{"self":[{"href":"https:\/\/wesset.ee\/lv\/wp-json\/wp\/v2\/pages\/12633","targetHints":{"allow":["GET"]}}],"collection":[{"href":"https:\/\/wesset.ee\/lv\/wp-json\/wp\/v2\/pages"}],"about":[{"href":"https:\/\/wesset.ee\/lv\/wp-json\/wp\/v2\/types\/page"}],"author":[{"embeddable":true,"href":"https:\/\/wesset.ee\/lv\/wp-json\/wp\/v2\/users\/1"}],"replies":[{"embeddable":true,"href":"https:\/\/wesset.ee\/lv\/wp-json\/wp\/v2\/comments?post=12633"}],"version-history":[{"count":0,"href":"https:\/\/wesset.ee\/lv\/wp-json\/wp\/v2\/pages\/12633\/revisions"}],"wp:featuredmedia":[{"embeddable":true,"href":"https:\/\/wesset.ee\/lv\/wp-json\/wp\/v2\/media\/20622"}],"wp:attachment":[{"href":"https:\/\/wesset.ee\/lv\/wp-json\/wp\/v2\/media?parent=12633"}],"curies":[{"name":"wp","href":"https:\/\/api.w.org\/{rel}","templated":true}]}}