{"id":12629,"date":"2024-10-11T18:47:09","date_gmt":"2024-10-11T15:47:09","guid":{"rendered":"https:\/\/wesset.ee\/parkimine\/"},"modified":"2026-04-27T13:13:10","modified_gmt":"2026-04-27T10:13:10","slug":"parkesana","status":"publish","type":"page","link":"https:\/\/wesset.ee\/lv\/parkesana\/","title":{"rendered":"Park\u0113\u0161ana"},"content":{"rendered":"<div class=\"wpb-content-wrapper\">[vc_row gap=&#8221;35&#8243; overflow=&#8221;default&#8221; css=&#8221;.vc_custom_1728661851917{margin-top: 60px !important;margin-bottom: 100px !important;}&#8221;][vc_column][vc_row_inner][vc_column_inner]\r\n<div class=\"sh-heading  \" id=\"heading-981a5qgF63\">\r\n\t<div class=\"sh-element-margin\">\r\n\r\n\t\t\r\n\t\t\t<h2 class=\"sh-heading-content size-default text-left\">\r\n\t\t\t\tPark\u0113\u0161ana\t\t\t<\/h2>\r\n\r\n\t\t\r\n\t<\/div>\r\n<\/div>\r\n            <style type=\"text\/css\">\r\n                #heading-981a5qgF63 .sh-element-margin {}#heading-981a5qgF63 .sh-heading-content {font-weight: 700!important;}#heading-981a5qgF63 .sh-heading-content,#heading-981a5qgF63 .sh-heading-additional-text {}            <\/style>\r\n        [vc_column_text css=&#8221;&#8221; el_class=&#8221;empty-top-30&#8243;]Autoga saabudes saab parkida sisehoovis. Hotelli parkimiskohad on tasuta, kuid neid on piiratud arv ja neid ei broneerita ette. Kui hotelli parkimiskohad on juba h\u00f5ivatud, saab parkida t\u00e4navatel, kus on suvehooajal TASULINE parkimine. Parkimiseks soovitame Tammsaare, Roosi ja Lehe t\u00e4navaid.\r\n\r\n<strong>Ranna piirkond 01.05\u201331.08<\/strong>\r\n<ul>\r\n \t<li>E\u2013P (k.a rahvus- ja riigip\u00fchad) kl 08:00\u201319:00<\/li>\r\n \t<li>1 tund &#8211; 5 eurot ; 24 tundi &#8211; 25 eurot<\/li>\r\n \t<li>parkimiskellaga esimesed 30 minutit tasuta<\/li>\r\n \t<li>pilet kehtib samal perioodil ka vanalinna ja kesklinna piirkonnas<\/li>\r\n<\/ul>\r\nL\u00e4him <strong>parkimisautomaat<\/strong> asub ca 400m kaugusel, Ranna pst 1a juures.\r\n\r\nSMS parkimine. Parkimistasu arvestus on minutip\u00f5hine.\r\n\r\nNB! SMS-parkimine on v\u00f5imalik vaid Eesti mobiilsideoperaatori lepingu olemasolul\r\n<ul>\r\n \t<li>Kui parkimine toimub katkematult, arvestatakse alates viie tunni t\u00e4issaamisest parkimistasuks 24 tunni parkimistasu m\u00e4\u00e4r<\/li>\r\n \t<li>Parkimise alustamiseks saada s\u00f5num numbrile 1902<\/li>\r\n \t<li>S\u00f5numisse kirjuta: 123ABC PRAND30<\/li>\r\n \t<li>L\u00f5petamisel helista numbrile 1903<\/li>\r\n<\/ul>\r\nParkimise eest saab tasuda ka <strong>parkimis\u00e4pi Pargi.ee<\/strong> kaudu.\r\n\r\nRohkem infot: <a href=\"https:\/\/visitparnu.com\/parkimine-parnus\/\" target=\"_blank\" rel=\"noopener\">https:\/\/visitparnu.com\/parkimine-parnus\/<\/a>[\/vc_column_text][\/vc_column_inner][\/vc_row_inner][\/vc_column][\/vc_row]<\/div>","protected":false},"excerpt":{"rendered":"Skaties, kur atrodas Villa Wesseti bezmaksas park\u0113\u0161anas iesp\u0113jas!","protected":false},"author":1,"featured_media":0,"parent":0,"menu_order":0,"comment_status":"closed","ping_status":"closed","template":"","meta":{"footnotes":""},"class_list":["post-12629","page","type-page","status-publish","hentry"],"_links":{"self":[{"href":"https:\/\/wesset.ee\/lv\/wp-json\/wp\/v2\/pages\/12629","targetHints":{"allow":["GET"]}}],"collection":[{"href":"https:\/\/wesset.ee\/lv\/wp-json\/wp\/v2\/pages"}],"about":[{"href":"https:\/\/wesset.ee\/lv\/wp-json\/wp\/v2\/types\/page"}],"author":[{"embeddable":true,"href":"https:\/\/wesset.ee\/lv\/wp-json\/wp\/v2\/users\/1"}],"replies":[{"embeddable":true,"href":"https:\/\/wesset.ee\/lv\/wp-json\/wp\/v2\/comments?post=12629"}],"version-history":[{"count":3,"href":"https:\/\/wesset.ee\/lv\/wp-json\/wp\/v2\/pages\/12629\/revisions"}],"predecessor-version":[{"id":23901,"href":"https:\/\/wesset.ee\/lv\/wp-json\/wp\/v2\/pages\/12629\/revisions\/23901"}],"wp:attachment":[{"href":"https:\/\/wesset.ee\/lv\/wp-json\/wp\/v2\/media?parent=12629"}],"curies":[{"name":"wp","href":"https:\/\/api.w.org\/{rel}","templated":true}]}}