{"id":12625,"date":"2019-04-05T11:23:24","date_gmt":"2019-04-05T08:23:24","guid":{"rendered":"https:\/\/wesset.ee\/paketid\/"},"modified":"2025-02-07T00:54:10","modified_gmt":"2025-02-06T22:54:10","slug":"paketes","status":"publish","type":"page","link":"https:\/\/wesset.ee\/lv\/paketes\/","title":{"rendered":"Paketes"},"content":{"rendered":"<div class=\"wpb-content-wrapper\"><p>[vc_section full_width=&#8221;stretch_row&#8221; css=&#8221;.vc_custom_1728509781020{padding-top: 75px !important;padding-right: 25px !important;padding-bottom: 75px !important;padding-left: 25px !important;background-image: url(https:\/\/wesset.ee\/wp-content\/uploads\/2024\/10\/roosid-min.webp?id=12247) !important;}&#8221; el_class=&#8221;paketid-intro&#8221;][vc_row full_width=&#8221;stretch_row_content_no_spaces&#8221; gap=&#8221;10&#8243; max_width_alignment_mobile=&#8221;center&#8221; background_position=&#8221;center center&#8221; overflow=&#8221;default&#8221;][vc_column]\r\n<div class=\"sh-heading  \" id=\"heading-1OcLPfBErt\">\r\n\t<div class=\"sh-element-margin\">\r\n\r\n\t\t\r\n\t\t\t<h3 class=\"sh-heading-content size-default text-center\">\r\n\t\t\t\tVisv\u0113rt\u012bg\u0101k\u0101s d\u0101vanas ir pieredze\t\t\t<\/h3>\r\n\r\n\t\t\r\n\t<\/div>\r\n<\/div>\r\n            <style type=\"text\/css\">\r\n                #heading-1OcLPfBErt .sh-element-margin {}#heading-1OcLPfBErt .sh-heading-content {font-weight: 400!important;color: #FFFFFF;}#heading-1OcLPfBErt .sh-heading-content,#heading-1OcLPfBErt .sh-heading-additional-text {}            <\/style>\r\n        \r\n                            <style media=\"screen\">\r\n                    @media (max-width: 1025px) {\r\n                        .sh-empty-space-hqtgxEMZ1Y {\r\n                            height: 10px!important;\r\n                        }\r\n                    }\r\n                <\/style>\r\n            \r\n            <div class=\"sh-empty-space vc_empty_space sh-empty-space-hqtgxEMZ1Y  \" style=\"height: 10px\">\r\n                <span class=\"vc_empty_space_inner\"><\/span>\r\n            <\/div>\r\n\r\n        \r\n<div id=\"button-8FxarTnmAp\" class=\"sh-button-container  sh-button-style-5\">\r\n\t<div class=\"sh-element-margin\">\r\n\t\t<a href=\"\/lv\/davankarte\/\" data-rel=\"\" target=\"_self\" class=\"sh-button sh-button-xlarge sh-button-icon-left\">\r\n\r\n\t\t\t\t\t\t\t<span class=\"sh-button-icon\">\r\n\t\t\t\t\t<i class=\"ti-control-forward\"><\/i>\r\n\t\t\t\t<\/span>\r\n\t\t\t\r\n\t\t\t\t\t\t\t<span class=\"sh-button-text\">\r\n\t\t\t\t\tPIRKT D\u0100VANKARTI\t\t\t\t<\/span>\r\n\t\t\t\r\n\t\t\t\r\n\t\t<\/a>\r\n\t\t\t<\/div>\r\n<\/div>\r\n            <style type=\"text\/css\">\r\n                #button-8FxarTnmAp .sh-button {background-color: #FFFFFF;color: #A72417;border: 2px solid transparent;border: 1px solid #A72417;}#button-8FxarTnmAp {text-align: center;}#button-8FxarTnmAp .sh-element-margin {margin: 10px 0px 15px 0px;}#button-8FxarTnmAp:not(.sh-button-style-2) .sh-button:hover {background-color: #FFFFFF;color: #A72417;border: 1px solid #A72417;}#button-8FxarTnmAp.sh-button-style-2 .sh-button:after {background-color: #FFFFFF;}#button-8FxarTnmAp.sh-button-style-2 .sh-button:hover {color: #A72417;border: 1px solid #A72417;}@media (max-width: 800px) {#button-8FxarTnmAp {text-align: center;}}            <\/style>\r\n        [\/vc_column][\/vc_row][\/vc_section][vc_section][vc_row][vc_column]\r\n<div class=\"sh-heading  \" id=\"heading-e2Mv0iHqwY\">\r\n\t<div class=\"sh-element-margin\">\r\n\r\n\t\t\r\n\t\t\t<h3 class=\"sh-heading-content size-default text-center\">\r\n\t\t\t\tPakas\t\t\t<\/h3>\r\n\r\n\t\t\r\n\t<\/div>\r\n<\/div>\r\n            <style type=\"text\/css\">\r\n                #heading-e2Mv0iHqwY .sh-element-margin {}#heading-e2Mv0iHqwY .sh-heading-content {font-weight: 400!important;color: #A72417;}#heading-e2Mv0iHqwY .sh-heading-content,#heading-e2Mv0iHqwY .sh-heading-additional-text {}            <\/style>\r\n        \r\n<div id=\"divider-wDbpcKyuQC\" class=\"sh-divider sh-divider- sh-divider-content-icon_option\">\r\n\t\t\t<div class=\"sh-divider-content\">\r\n\t\t\t<span class=\"sh-divider-icon\">\r\n\t\t\t\t<i class=\"ti-book\"><\/i>\t\t\t<\/span>\r\n\t\t<\/div>\r\n\t<\/div>\r\n            <style type=\"text\/css\">\r\n                #divider-wDbpcKyuQC {margin: 15px 0px 15px 0px!important;}#divider-wDbpcKyuQC .sh-divider-content:before,#divider-wDbpcKyuQC .sh-divider-content:after {border-top-width: 1px;margin-top: -1pxpx;border-top-style: solid;}#divider-wDbpcKyuQC .sh-divider-icon {color: #A72417;}            <\/style>\r\n        \r\n                            <style media=\"screen\">\r\n                    @media (max-width: 1025px) {\r\n                        .sh-empty-space-BNbwW7FPos {\r\n                            height: 10px!important;\r\n                        }\r\n                    }\r\n                <\/style>\r\n            \r\n            <div class=\"sh-empty-space vc_empty_space sh-empty-space-BNbwW7FPos  \" style=\"height: 10px\">\r\n                <span class=\"vc_empty_space_inner\"><\/span>\r\n            <\/div>\r\n\r\n        [\/vc_column][\/vc_row][\/vc_section]<\/p>\r\n<\/div>","protected":false},"excerpt":{"rendered":"[vc_section full_width=&#8221;stretch_row&#8221; css=&#8221;.vc_custom_1728509781020{padding-top: 75px !important;padding-right: 25px !important;padding-bottom: 75px !important;padding-left: 25px !important;background-image: url(https:\/\/wesset.ee\/wp-content\/uploads\/2024\/10\/roosid-min.webp?id=12247) !important;}&#8221; el_class=&#8221;paketid-intro&#8221;][vc_row full_width=&#8221;stretch_row_content_no_spaces&#8221;&#8230;","protected":false},"author":1,"featured_media":0,"parent":0,"menu_order":0,"comment_status":"closed","ping_status":"closed","template":"page-blog.php","meta":{"footnotes":""},"class_list":["post-12625","page","type-page","status-publish","hentry"],"_links":{"self":[{"href":"https:\/\/wesset.ee\/lv\/wp-json\/wp\/v2\/pages\/12625","targetHints":{"allow":["GET"]}}],"collection":[{"href":"https:\/\/wesset.ee\/lv\/wp-json\/wp\/v2\/pages"}],"about":[{"href":"https:\/\/wesset.ee\/lv\/wp-json\/wp\/v2\/types\/page"}],"author":[{"embeddable":true,"href":"https:\/\/wesset.ee\/lv\/wp-json\/wp\/v2\/users\/1"}],"replies":[{"embeddable":true,"href":"https:\/\/wesset.ee\/lv\/wp-json\/wp\/v2\/comments?post=12625"}],"version-history":[{"count":0,"href":"https:\/\/wesset.ee\/lv\/wp-json\/wp\/v2\/pages\/12625\/revisions"}],"wp:attachment":[{"href":"https:\/\/wesset.ee\/lv\/wp-json\/wp\/v2\/media?parent=12625"}],"curies":[{"name":"wp","href":"https:\/\/api.w.org\/{rel}","templated":true}]}}