{"id":12617,"date":"2024-10-01T16:07:37","date_gmt":"2024-10-01T13:07:37","guid":{"rendered":"https:\/\/wesset.ee\/kinkekaart\/ostutingimused\/"},"modified":"2025-02-13T01:14:24","modified_gmt":"2025-02-12T23:14:24","slug":"pirksanas-noteikumi","status":"publish","type":"page","link":"https:\/\/wesset.ee\/lv\/davankarte\/pirksanas-noteikumi\/","title":{"rendered":"Pirk\u0161anas noteikumi"},"content":{"rendered":"<div class=\"wpb-content-wrapper\"><p>[vc_row][vc_column][vc_column_text css=&#8221;&#8221;]<\/p>\n<\/p>\r\n<div class=\"wp-block-spacer\" style=\"height: 54px;\" aria-hidden=\"true\">\u00a0<\/div>\r\n<h3>D\u0101vanu kartes pirk\u0161anas noteikumi<\/h3>\n<p style=\"padding-left: 40px;\">1.1. Hotel Wesset O\u00dc (turpm\u0101k \u2013 hotels) d\u0101vanu karti var ieg\u0101d\u0101ties tie\u0161saistes veikal\u0101 un viesn\u012bcas re\u0123istrat\u016br\u0101;<\/p>\n<p style=\"padding-left: 40px;\">1.2. D\u0101vanu karti var ieg\u0101d\u0101ties ar br\u012bvi izv\u0113l\u0113tu v\u0113rt\u012bbu, minim\u0101l\u0101 summa ir 10 eiro;<\/p>\n<p style=\"padding-left: 40px;\">1.3. Ja izmantoto pakalpojumu summa p\u0101rsniedz d\u0101vanu kartes v\u0113rt\u012bbu, kartes \u012bpa\u0161niekam j\u0101sedz atliku\u0161\u0101 summa papildus;<\/p>\n<p style=\"padding-left: 40px;\">1.4. Ja pirkuma summa ir maz\u0101ka nek\u0101 d\u0101vanu kartes v\u0113rt\u012bba, nepanaudoto atlikumu neatmaks\u0101;<\/p>\n<p style=\"padding-left: 40px;\">1.5. D\u0101vanu karti nevar apmai\u0146ot pret skaidru naudu;<\/p>\n<p style=\"padding-left: 40px;\">1.6. D\u0101vanu kartes der\u012bguma termi\u0146\u0161 ir 12 m\u0113ne\u0161i no pirkuma datuma;<\/p>\n<p style=\"padding-left: 40px;\">1.7. Kartes, kas ir der\u012bguma termi\u0146a p\u0101rsniegu\u0161as, netiek pie\u0146emtas un tiek anul\u0113tas;<\/p>\n<p style=\"padding-left: 40px;\">1.8. Saboj\u0101tu vai pazaud\u0113tu d\u0101vanu karti nevar apmai\u0146ot pret jaunu karti vai skaidru naudu;<\/p>\n<p style=\"padding-left: 40px;\">1.9. D\u0101vanu kartes reproduc\u0113\u0161ana jebkur\u0101 veid\u0101 nav at\u013cauta.<\/p>\n<p style=\"padding-left: 40px;\">1.10. D\u0101vanu karte ir maks\u0101\u0161anas l\u012bdzeklis, l\u016bdzam to noteikti iesniegt pakalpojuma samaksas br\u012bd\u012b.<\/p>\n<p style=\"padding-left: 40px;\">1.11. Jaut\u0101jumu gad\u012bjum\u0101, l\u016bdzu, sazinieties pa e-pastu <a href=\"mailto:info@wesset.ee\">info@wesset.ee<\/a> vai zvaniet pa t\u0101lruni +372 56 460 500.<\/p>\n<p><b>2. D\u0101vanu kartes ieg\u0101des k\u0101rt\u012bba<\/b><\/p>\n<p style=\"padding-left: 40px;\">2.1. D\u0101vanu karte tiek ieg\u0101d\u0101ta elektroniskaj\u0101 tirdzniec\u012bbas sist\u0113m\u0101, adres\u0113 <a href=\"https:\/\/wesset.ee\/lv\/davankarte\/\">https:\/\/wesset.ee\/kinkekaart<\/a><\/p>\n<p style=\"padding-left: 40px;\">2.2. P\u0113rkot d\u0101vanu karti, pirc\u0113js aizpilda pas\u016bt\u012bjuma veidlapu un izmanto izv\u0113l\u0113t\u0101s bankas elektronisko maks\u0101jumu sist\u0113mu, lai samaks\u0101tu izv\u0113l\u0113to summu d\u0101vanu kartes v\u0113rt\u012bb\u0101;<\/p>\n<p style=\"padding-left: 40px;\">2.3. Pirc\u0113js tiks inform\u0113ts par ieg\u0101d\u0101to d\u0101vanu karti uz pas\u016bt\u012bjuma veidlap\u0101 nor\u0101d\u012bto e-pasta adresi;<\/p>\n<p style=\"padding-left: 40px;\">2.4. Ieg\u0101d\u0101to d\u0101vanu karti var izmantot tikai kartes \u012bpa\u0161nieks.<\/p>\n<p><b>3. Noteikumu st\u0101\u0161an\u0101s sp\u0113k\u0101<\/b><\/p>\n<p style=\"padding-left: 40px;\">3.1. L\u012bgums st\u0101jas sp\u0113k\u0101 br\u012bd\u012b, kad pirc\u0113js noklik\u0161\u0137ina uz pogas &#8220;PIEKRITSU NOTEIKUMIEM&#8221;.<\/p>\n<p><b>4. D\u0101vanu kartes pieg\u0101de<\/b><\/p>\n<p style=\"padding-left: 40px;\">4.1. D\u0101vanu karte tiks nos\u016bt\u012bta elektronisk\u0101 form\u0101t\u0101 (.pdf) uz pirc\u0113ja pas\u016bt\u012bjuma veidlap\u0101 nor\u0101d\u012bto e-pasta adresi 1 (vienas) darba dienas laik\u0101;<\/p>\n<p style=\"padding-left: 40px;\">4.2. D\u0101vanu karti var sa\u0146emt viesn\u012bcas re\u0123istrat\u016br\u0101, adres\u0113 Supeluse 26, P\u00e4rnu;<\/p>\n<p style=\"padding-left: 40px;\">4.3. D\u0101vanu karti var nos\u016bt\u012bt ar Smartpost, pieg\u0101des laiks l\u012bdz 3 (tr\u012bs) dien\u0101m.<\/p>\n<p><b>5. D\u0101vanu kartes izmanto\u0161ana un der\u012bgums<\/b><\/p>\n<p style=\"padding-left: 40px;\">5.1. Naudas v\u0113rt\u012bbas d\u0101vanu karte ir der\u012bga 12 (divpadsmit) m\u0113ne\u0161us no izsnieg\u0161anas datuma. Ja d\u0101vanu karte netiek izmantota der\u012bguma period\u0101, pakalpojums tiek uzskat\u012bts par sniegtu;<\/p>\n<p style=\"padding-left: 40px;\">5.2. D\u0101vanu karte, kas ietver naktsm\u012btnes, nav der\u012bga augstsezon\u0101 no j\u016bnija l\u012bdz augustam (3 m\u0113ne\u0161i);<\/p>\n<p style=\"padding-left: 40px;\">5.2. Attiec\u012bb\u0101 uz d\u0101vanu kart\u0113 nor\u0101d\u012bto pakalpojuma snieg\u0161anas datumu, kartes \u012bpa\u0161niekam j\u0101sa\u0146em sazin\u0101ties ar kart\u0113 nor\u0101d\u012bto t\u0101lru\u0146a numuru un e-pasta adresi, j\u0101sniedz d\u0101vanu kartes numurs, j\u0101rezerv\u0113 pakalpojums un j\u0101ierodas noteiktaj\u0101 viet\u0101 nor\u0101d\u012btaj\u0101 laik\u0101;<\/p>\n<p style=\"padding-left: 40px;\">5.3. D\u0101vanu karti nevar apmain\u012bt pret naudu. Par nepanaudoto d\u0101vanu karti nauda netiek atgriezta.<\/p>\n<p><b>6. Maks\u0101juma veidi<\/b><\/p>\n<p style=\"padding-left: 40px;\">6.1. Par d\u0101vanu karti iesp\u0113jams samaks\u0101t, izmantojot Igaunijas banku banku saiti (e-bank);<\/p>\n<p style=\"padding-left: 40px;\">6.2. P\u0113c d\u0101vanu kartes pas\u016bt\u012bjuma veidlapas aizpild\u012b\u0161anas, noklik\u0161\u0137iniet uz v\u0113lam\u0101 bankas saites, kas novirz\u012bs j\u016bs uz izv\u0113l\u0113to interneta banku kop\u0101 ar wesset.ee sniegto maks\u0101jumu inform\u0101ciju. Inform\u0101cija, kas tiek p\u0101rs\u016bt\u012bta starp banku un wesset.ee vidi, ir apr\u012bkota ar digit\u0101lajiem parakstiem. Hotels nevar\u0113s uzzin\u0101t j\u016bsu bankas konta inform\u0101ciju, bet tikai to, vai maks\u0101jums ir veikts vai n\u0113.<\/p>\n<p><b>7. Konfidencialit\u0101te<\/b><\/p>\n<p style=\"padding-left: 40px;\">8.1. Tie\u0161saist\u0113 veikto pas\u016bt\u012bjumu un pirkumu izpildes laik\u0101 sniegtie personas dati ir konfidenci\u0101li un tiks apstr\u0101d\u0101ti saska\u0146\u0101 ar personas datu likuma pras\u012bb\u0101m. Hotels neatkl\u0101s klienta personas datus tre\u0161aj\u0101m person\u0101m bez klienta piekri\u0161anas.<\/p>\n<p><b>8. Puses ties\u012bbas un pien\u0101kumi<\/b><\/p>\n<p style=\"padding-left: 40px;\">8.1. Pirc\u0113jam ir ties\u012bbas:<\/p>\n<p style=\"padding-left: 80px;\">8.1.1. P\u0113rkot d\u0101vanu karti no tie\u0161saistes veikal\u0101, pat\u0113r\u0113t\u0101jam ir ties\u012bbas atteikties no p\u0101rdo\u0161anas l\u012bguma 14 dienu laik\u0101 no d\u0101vanu kartes sa\u0146em\u0161anas (ja d\u0101vanu karte tiek ieg\u0101d\u0101ta tie\u0161saist\u0113, 14 dienu laik\u0101 no dienas, kad hotels nos\u016bt\u012bja d\u0101vanu karti uz nor\u0101d\u012bto e-pasta adresi). Dar\u012bjumu nevar atcelt, ja d\u0101vanu kart\u0113 nor\u0101d\u012btais unik\u0101lais kods jau ir izmantots;<\/p>\n<p style=\"padding-left: 80px;\">8.1.2. piepras\u012bt, lai pas\u016bt\u012bto pakalpojumu snieg\u0161ana notiek savlaic\u012bgi un atbilsto\u0161i, iz\u0146emot gad\u012bjumus, kas noteikti \u0161aj\u0101 l\u012bgum\u0101;<\/p>\n<p style=\"padding-left: 40px;\">8.2. Pirc\u0113js saist\u0101s:<\/p>\n<p style=\"padding-left: 80px;\">8.2.1. atgriezt d\u0101vanu karti hotelim saska\u0146\u0101 ar punkt\u0101 8.1.1 noteikto k\u0101rt\u012bbu, uz sav\u0101m izmaks\u0101m 15 dienu laik\u0101 l\u012bguma atsauk\u0161anas gad\u012bjum\u0101;<\/p>\n<p style=\"padding-left: 80px;\">8.2.2. sniegt visus starpnieka piepras\u012btos datus, veicot pakalpojumu pas\u016bt\u012bjumu;<\/p>\n<p style=\"padding-left: 40px;\">8.3. Hotelim ir ties\u012bbas:<\/p>\n<p style=\"padding-left: 80px;\">9.3.1. atteikties sniegt pakalpojumus, ja pirc\u0113js pas\u016bt\u012bjuma veik\u0161anas br\u012bd\u012b vai v\u0113l\u0101k ir sniedzis nepatiesus, nepiln\u012bgus vai maldino\u0161us datus vai nav sniedzis visus nepiecie\u0161amos datus;<\/p>\n<p style=\"padding-left: 40px;\">8.4. Hotels saist\u0101s:<\/p>\n<p style=\"padding-left: 80px;\">9.4.1. p\u0113c pazi\u0146ojuma sa\u0146em\u0161anas atteikties no l\u012bguma saska\u0146\u0101 ar punkt\u0101 8.1.1 noteikto k\u0101rt\u012bbu 15 dienu laik\u0101 un atgriezt pirc\u0113jam par d\u0101vanu karti samaks\u0101to summu. Pieg\u0101des maksas par pasta pieg\u0101di netiek atgriezta;<\/p>\n<p style=\"padding-left: 80px;\">9.4.2. iev\u0113rot l\u012bgum\u0101 7. punkt\u0101 noteiktos konfidencialit\u0101tes aizsardz\u012bbas noteikumus.<\/p>\n<p><b>9. Noteikumu groz\u012bjumi<\/b><\/p>\n<p style=\"padding-left: 40px;\">9.1. Hotels patur ties\u012bbas main\u012bt pras\u012bbas, noteikumus un piez\u012bmes, uz kuriem tiek p\u0101rdotas d\u0101vanu kartes, un j\u016bs piekr\u012btat un apstiprinate, ka iev\u0113rosiet t\u0101s pras\u012bbas, noteikumus un piez\u012bmes, kas sp\u0113k\u0101 taj\u0101 laik\u0101, kad ieg\u0101d\u0101jaties d\u0101vanu karti.<\/p>\n<p><b>10. S\u016bdz\u012bbu iesnieg\u0161anas k\u0101rt\u012bba<\/b><\/p>\n<p style=\"padding-left: 40px;\">10.1. Ja jums ir s\u016bdz\u012bbas par d\u0101vanu kartes ieg\u0101di vai izmanto\u0161anu, l\u016bdzu, iesniedziet s\u016bdz\u012bbu rakstiski uz adresi <a href=\"mailto:info@wesset.ee\">info@wesset.ee<\/a>.<\/p>\n<p><b>11. Citas<\/b><\/p>\n<p style=\"padding-left: 40px;\">11.1. Str\u012bdi, kas rodas saist\u012bb\u0101 ar pakalpojumu pas\u016bt\u012b\u0161anu un pirk\u0161anu starp klientu un hotelu, tiek risin\u0101ti sarunu ce\u013c\u0101. Ja vieno\u0161an\u0101s netiek pan\u0101kta, klientam ir ties\u012bbas v\u0113rsties Pat\u0113r\u0113t\u0101ju aizsardz\u012bbas iest\u0101d\u0113. Str\u012bdu un jaut\u0101jumu risin\u0101\u0161an\u0101, kas nav iek\u013cauti \u0161ajos noteikumos, tiek piem\u0113roti Estonijas Republikas sp\u0113k\u0101 eso\u0161ie normat\u012bvie akti.<\/p>\n<p>&nbsp;<\/p>\n<h4>Inform\u0101cija:<\/h4>\n<p>Uz\u0146\u0113muma nosaukums: Hotell Wesset O\u00dc<br \/>\nRe\u0123.nr: 12956927<br \/>\nPVN numurs: EE100852446<br \/>\nAdrese: Supeluse iela 26, P\u00e4rnu, Igaunija<br \/>\nBankas nosaukums: LHV<br \/>\nIBAN kods:<span class=\"Apple-converted-space\">\u00a0 <\/span>EE577700771001932930<br \/>\nSWIFT kods: LHVBEE22<br \/>\nTelefons: +372 56 460 500<br \/>\nE-pasts: info@wesset.ee<br \/>\nM\u0101jaslapa: wesset.ee<\/p>\n\r\n<div class=\"wp-block-spacer\" style=\"height: 54px;\" aria-hidden=\"true\">\u00a0<\/div>\r\n<p>&nbsp;<\/p>\n<p>[\/vc_column_text][\/vc_column][\/vc_row]<\/p>\n<\/div>","protected":false},"excerpt":{"rendered":"[vc_row][vc_column][vc_column_text css=&#8221;&#8221;] D\u0101vanu kartes pirk\u0161anas noteikumi 1.1. Hotel Wesset O\u00dc (turpm\u0101k \u2013 hotels) d\u0101vanu karti&#8230;","protected":false},"author":1,"featured_media":0,"parent":12613,"menu_order":0,"comment_status":"closed","ping_status":"closed","template":"","meta":{"footnotes":""},"class_list":["post-12617","page","type-page","status-publish","hentry"],"_links":{"self":[{"href":"https:\/\/wesset.ee\/lv\/wp-json\/wp\/v2\/pages\/12617","targetHints":{"allow":["GET"]}}],"collection":[{"href":"https:\/\/wesset.ee\/lv\/wp-json\/wp\/v2\/pages"}],"about":[{"href":"https:\/\/wesset.ee\/lv\/wp-json\/wp\/v2\/types\/page"}],"author":[{"embeddable":true,"href":"https:\/\/wesset.ee\/lv\/wp-json\/wp\/v2\/users\/1"}],"replies":[{"embeddable":true,"href":"https:\/\/wesset.ee\/lv\/wp-json\/wp\/v2\/comments?post=12617"}],"version-history":[{"count":0,"href":"https:\/\/wesset.ee\/lv\/wp-json\/wp\/v2\/pages\/12617\/revisions"}],"up":[{"embeddable":true,"href":"https:\/\/wesset.ee\/lv\/wp-json\/wp\/v2\/pages\/12613"}],"wp:attachment":[{"href":"https:\/\/wesset.ee\/lv\/wp-json\/wp\/v2\/media?parent=12617"}],"curies":[{"name":"wp","href":"https:\/\/api.w.org\/{rel}","templated":true}]}}