{"id":12613,"date":"2024-10-01T12:34:08","date_gmt":"2024-10-01T09:34:08","guid":{"rendered":"https:\/\/wesset.ee\/kinkekaart\/"},"modified":"2025-02-12T14:00:24","modified_gmt":"2025-02-12T12:00:24","slug":"davankarte","status":"publish","type":"page","link":"https:\/\/wesset.ee\/lv\/davankarte\/","title":{"rendered":"D\u0101vankarte"},"content":{"rendered":"<div class=\"wpb-content-wrapper\">[vc_section full_width=&#8221;stretch_row&#8221; css=&#8221;.vc_custom_1728509781020{padding-top: 75px !important;padding-right: 25px !important;padding-bottom: 75px !important;padding-left: 25px !important;background-image: url(https:\/\/wesset.ee\/wp-content\/uploads\/2024\/10\/roosid-min.webp?id=12247) !important;}&#8221; el_class=&#8221;paketid-intro&#8221;][vc_row full_width=&#8221;stretch_row_content_no_spaces&#8221; gap=&#8221;10&#8243; max_width_alignment_mobile=&#8221;center&#8221; background_position=&#8221;center center&#8221; overflow=&#8221;default&#8221;][vc_column]\r\n<div class=\"sh-heading  \" id=\"heading-RpCts150uS\">\r\n\t<div class=\"sh-element-margin\">\r\n\r\n\t\t\r\n\t\t\t<h1 class=\"sh-heading-content size-default text-center\">\r\n\t\t\t\tVilla Wesset d\u0101vanu karte\t\t\t<\/h1>\r\n\r\n\t\t\r\n\t<\/div>\r\n<\/div>\r\n            <style type=\"text\/css\">\r\n                #heading-RpCts150uS .sh-element-margin {}#heading-RpCts150uS .sh-heading-content {font-weight: 400!important;color: #FFFFFF;}#heading-RpCts150uS .sh-heading-content,#heading-RpCts150uS .sh-heading-additional-text {}            <\/style>\r\n        [\/vc_column][\/vc_row][\/vc_section][vc_section css=&#8221;.vc_custom_1738276158961{margin-bottom: 50px !important;}&#8221;][vc_row][vc_column]\r\n<div class=\"sh-heading  \" id=\"heading-yh9XCG04c6\">\r\n\t<div class=\"sh-element-margin\">\r\n\r\n\t\t\r\n\t\t\t<h4 class=\"sh-heading-content size-default text-center\">\r\n\t\t\t\tD\u0101v\u0101 neaizmirstamus piedz\u012bvojumus!\t\t\t<\/h4>\r\n\r\n\t\t\r\n\t<\/div>\r\n<\/div>\r\n            <style type=\"text\/css\">\r\n                #heading-yh9XCG04c6 .sh-element-margin {}#heading-yh9XCG04c6 .sh-heading-content {font-weight: 500!important;letter-spacing: 1px;}#heading-yh9XCG04c6 .sh-heading-content,#heading-yh9XCG04c6 .sh-heading-additional-text {}#heading-yh9XCG04c6 .sh-heading-content {font-style: italic!important;}            <\/style>\r\n        \r\n<div id=\"divider-xv13UFMRiQ\" class=\"sh-divider sh-divider- sh-divider-content-icon_option\">\r\n\t\t\t<div class=\"sh-divider-content\">\r\n\t\t\t<span class=\"sh-divider-icon\">\r\n\t\t\t\t<i class=\"ti-book\"><\/i>\t\t\t<\/span>\r\n\t\t<\/div>\r\n\t<\/div>\r\n            <style type=\"text\/css\">\r\n                #divider-xv13UFMRiQ {margin: 15px 0px 15px 0px!important;}#divider-xv13UFMRiQ .sh-divider-content:before,#divider-xv13UFMRiQ .sh-divider-content:after {border-top-width: 1px;margin-top: -1pxpx;border-top-style: solid;}#divider-xv13UFMRiQ .sh-divider-icon {color: #A72417;}            <\/style>\r\n        [\/vc_column][\/vc_row][vc_row][vc_column]<div class=\"single-product-layout-cols\">\n  <div class=\"wpcf7 js\">\n    \n    <div class=\"sh-column fw-col-sm-4 gift-card-form\">\n      <div class=\"sh-column-wrapper\">\n        <div id=\"gift-card-form\" class=\"form-wrapper gift-contact-form\">\n\n\n          <form method=\"post\" action=\"?\" class=\"fw_form_fw_form\">\n            <input type=\"hidden\" name=\"gift_card_create_order\" value=\"42\" \/>\n\n\n            <div class=\"gift-card-form-wrapper\">\n              <!-- <div class=\"sh-cf7-body fw-row\">\n                <div class=\"fw-col-xs-12 form-builder-item form-builder-item\">\n                  <div class=\"header title\">Pirkt Villa Wesset d\u0101vanu karti<\/div>\n                <\/div>\n              <\/div> -->\n              <div class=\"fw-row gift_card_type\">\n                <div class=\"form-builder-item\">\n                  <div class=\"field-radio input-styled\">\n                    <h5>\n                    Izv\u0113lieties d\u0101vanu kartes veidu<sup>*<\/sup>\n                    <\/h5>\n                    \n                    <div class=\"gift-card-options\">\n\n                      <div class=\"options\">\n                        <input class=\"hidden-radio\" type=\"radio\" name=\"gift_card_type\" value=\"Pakett\" id=\"gift_card_type-1\">\n                        <label class=\"button-label\" for=\"gift_card_type-1\">Pakete<\/label>\n                      <\/div>\n\n                      <div class=\"options\">\n                        <input class=\"hidden-radio\" type=\"radio\" name=\"gift_card_type\" value=\"Rahaline v\u00e4\u00e4rtus\" id=\"gift_card_type-2\">\n                        <label class=\"button-label\" for=\"gift_card_type-2\">Naudas v\u0113rt\u012bba<\/label>\n                      <\/div>\n\n                    <\/div>\n                  <\/div>\n                <\/div>\n              <\/div>\n              <div class=\"fw-row gift_card_name\">\n                <div class=\"fw-col-xs-12 form-builder-item\">\n                  <div class=\"field-text\">\n                    <label for=\"gift_card_name\">D\u0101vanu kartes sa\u0146\u0113m\u0113ja v\u0101rds <sup>*<\/sup><\/label>\n                    <input type=\"text\" name=\"gift_card_name\" placeholder=\"Ievadiet \u0161eit\" value=\"\" id=\"gift_card_name\" required=\"required\">\n                  <\/div>\n                <\/div>\n              <\/div>\n              <div class=\"fw-row gift_card_amount\" style=\"display: none;\">\n                <div class=\"fw-col-xs-12 form-builder-item\">\n                  <div class=\"field-text\">\n                    <label for=\"gift_card_amount\">D\u0101vanu kartes v\u0113rt\u012bba <sup>*<\/sup><\/label>\n                    <input type=\"number\" name=\"gift_card_amount\" placeholder=\"50\" value=\"50\" id=\"gift_card_amount\" required=\"required\" min=\"10\" max=\"10000\" step=\"1\" pattern=\"\\d+\">\n                  <\/div>\n                <\/div>\n              <\/div>\n              <div class=\"fw-row gift_card_package\">\n                <div class=\"fw-col-xs-12 form-builder-item\">\n                  <div class=\"field-select select-styled\">\n                    <label for=\"gift_card_package\">D\u0101vanu kartes pakete <sup>*<\/sup><\/label>\n                    <div>\n                      <select name=\"gift_card_package\" id=\"gift_card_package\">\n                      <option value=\"1\">Relaks\u0113jo\u0161as br\u012bvdienas P\u0113rnav\u0101 diviem (1 nakts)<\/option><option value=\"2\">Relaks\u0113jo\u0161as br\u012bvdienas P\u0113rnav\u0101 ar papildus nakti (2 naktis)<\/option><option value=\"3\">Grezna atp\u016bta diviem ar Hedon Spa apmekl\u0113jumu (1 nakts)<\/option><option value=\"4\">\u0160efpav\u0101ra z\u0101les vakari\u0146as \u201eViet\u0113jais ce\u013cojums\u201c<\/option><option value=\"5\">\u0160efpav\u0101ra z\u0101les vakari\u0146as \u201eBaltijas j\u016bras ce\u013cojums\u201c<\/option><option value=\"6\">\u0122imenes ce\u013cojums uz Lottemaa ar nak\u0161\u0146o\u0161anu Wesset (1 nakts)<\/option><option value=\"7\">\u0122imenes br\u012bvdienas P\u0113rnav\u0101 ar apmekl\u0113jumu Tervise Paradiis (1 nakts)<\/option><option value=\"8\">Romantisk\u0101 pakete ar vakari\u0146\u0101m diviem (1 nakts)<\/option><option value=\"9\">Romantisk\u0101 pakete ar vakari\u0146\u0101m diviem un papildus nakti (2 naktis)<\/option><option value=\"10\">Te\u0101tra pakete diviem ar nak\u0161\u0146o\u0161anu Villa Wesset (1 nakts)<\/option>                      <\/select>\n                    <\/div>\n                  <\/div>\n                <\/div>\n              <\/div>\n              <div class=\"fw-row gift_card_package_price\" style=\"margin-bottom:1em;\">\n                <div class=\"fw-col-xs-12 form-builder-item form-builder-item\">\n                  <div class=\"header title\">Cena: <span class=\"gift_card_package_price_field\"><\/span> \u20ac<\/div>\n                <\/div>\n              <\/div>\n              <div class=\"fw-row gift_card_transport\">\n                <div class=\"fw-col-xs-12 form-builder-item\">\n                  <div class=\"field-radio input-styled\">\n                    <h5>Pieg\u0101des metode <sup>*<\/sup> <\/h5>\n                    <div class=\"custom-radio field-columns-1\">\n                      <div class=\"\">\n                        <input type=\"radio\" name=\"gift_card_transport\" value=\"E-mail\" id=\"gift_card_transport-1\">\n                        <label for=\"gift_card_transport-1\">J\u016bsu e-pasts<\/label>\n                      <\/div>\n                      <div class=\"\">\n                        <input type=\"radio\" name=\"gift_card_transport\" value=\"Tulen j\u00e4rgi\" id=\"gift_card_transport-2\">\n                        <label for=\"gift_card_transport-2\">Es pa\u0146em\u0161u<\/label>\n                      <\/div>\n                      <div class=\"\">\n                        <input type=\"radio\" name=\"gift_card_transport\" value=\"Smartpost\" id=\"gift_card_transport-3\">\n                        <label for=\"gift_card_transport-3\">Smartpost (+ 2,64 \u20ac)<\/label>\n                      <\/div>\n                    <\/div>\n                  <\/div>\n                <\/div>\n              <\/div>\n              <div class=\"fw-row gift_card_email\">\n\n                  <div class=\"field-text\">\n                    <label for=\"gift_card_email\">E-pasts<\/label>\n                    <input type=\"email\" name=\"gift_card_email\" placeholder=\"\" value=\"\" id=\"gift_card_email\">\n                  <\/div>\n\n              <\/div>\n              <div class=\"fw-row gift_card_smartpost\" style=\"display: none;\">\n                <div class=\"fw-col-xs-12 form-builder-item\">\n                  <div class=\"field-select\">\n                    <label for=\"gift_card_smartpost\">>Paku autom\u0101ts<\/label>\n                    <div class=\"gift_card_smartpost_placeholder\"><\/div>\n                  <\/div>\n                <\/div>\n              <\/div>\n              <div class=\"fw-row gift_card_phone\" style=\"display: none;\">\n                <div class=\"fw-col-xs-12 form-builder-item\">\n                  <div class=\"field-text\">\n                    <label for=\"gift_card_phone\">>Telefona numurs<\/label>\n                    <input type=\"text\" name=\"gift_card_phone\" placeholder=\"\" value=\"\" id=\"gift_card_phone\">\n                  <\/div>\n                <\/div>\n              <\/div>\n            \n                <!-- ToS siin -->\n                <div class=\"fw-row\" style=\"margin-bottom: 1em\">\n                  <div class=\"checkbox-wrapper\">\n                      <input type=\"checkbox\" required=\"required\" id=\"gift_card_terms\" name=\"gift_card_terms\" \/>\n                      <label for=\"gift_card_terms\">\n                          Es apstiprinu, ka esmu iepazinies ar <a href=\"\/lv\/davankarte\/pirksanas-noteikumi\/\" target=\"_blank\">pirkuma noteikumiem<\/a>.                      <\/label>\n                  <\/div>\n              <\/div>\n\n              <div class=\"fw-row\" style=\"margin-bottom: 1em\">\n                  <div class=\"checkbox-wrapper\">\n                      <input type=\"checkbox\" required=\"required\" id=\"gift_card_privacy\" name=\"gift_card_privacy\" \/>\n                      <label for=\"gift_card_privacy\">\n                          Es apstiprinu, ka esmu iepazinies ar Villa Wesset <a href=\"\/lv\/privatuma-politika-vietne\/\" target=\"_blank\">priv\u0101tuma politikai<\/a>.                      <\/label>\n                  <\/div>\n              <\/div>\n              <div>\n                <input class=\"wpcf7-form-control sh-button sh-button-xlarge has-spinner\" type=\"submit\" value=\"TURPIN\u0100T UZ MAKS\u0100JUMU\">\n              <\/div>\n            <\/div>\n          <\/form>\n        <\/div>\n      <\/div>\n    <\/div>\n\n    <div class=\"sh-column fw-col-xs-12 fw-col-sm-8 gift-card-preview\">\n      <div class=\"sh-column-wrapper\">\n        <div class=\"sh-text-block gift-card-finance\" style=\"display: none;\">\n          <h2>Kinkekaart<\/h2>\n          <p><span class=\"gift-card-finance-amount\">50<\/span>.-<\/p>\n        <\/div>\n        <div class=\"sh-text-block gift-card-package gift-card-package-1\" style=\"display: none;\" data-price=\"124.00\"><h2>Relaks\u0113jo\u0161as br\u012bvdienas P\u0113rnav\u0101 diviem (1 nakts)<\/h2><p>Divviet\u012bgs numurs<br>Bag\u0101t\u012bgas brokastis diviem<br>Apmekl\u0113jums Tervise Paradiis, Tervise spa un saunu centr\u0101 vai Viiking Saaga<br>Ieeja izv\u0113l\u0113taj\u0101 P\u0113rnavas naktsklub\u0101 diviem<br>V\u0113la izrakst\u012b\u0161an\u0101s l\u012bdz plkst. 14.00 (ja iesp\u0113jams)<br>15% atlaide restor\u0101n\u0101 | Bezmaksas autost\u0101vvieta<\/p><\/div><div class=\"sh-text-block gift-card-package gift-card-package-2\" style=\"display: none;\" data-price=\"189.00\"><h2>Relaks\u0113jo\u0161as br\u012bvdienas P\u0113rnav\u0101 ar papildus nakti (2 naktis)<\/h2><p>Divviet\u012bgs numurs (b\u0113rns l\u012bdz 3 gadu vecumam uzturas bez maksas)<br>Brokastis bufet\u0113 diviem abos r\u012btos<br>Vienreiz\u0113ja viz\u012bte uz Tervise Paradiis, Tervise spa un saunu centru vai Viiking Saaga<br>Ieejas bi\u013cetes diviem uz izv\u0113l\u0113tu P\u0113rnavas naktsklubu<br>V\u0113la izrakst\u012b\u0161an\u0101s l\u012bdz plkst. 14:00 (ja iesp\u0113jams)<br>15% atlaide restor\u0101n\u0101 | Bezmaksas autost\u0101vvieta<\/p><\/div><div class=\"sh-text-block gift-card-package gift-card-package-3\" style=\"display: none;\" data-price=\"129.00\"><h2>Grezna atp\u016bta diviem ar Hedon Spa apmekl\u0113jumu (1 nakts)<\/h2><p>Divviet\u012bgs numurs un bufetes tipa brokastis diviem<br>Ierodoties, istab\u0101 sagaid\u012bs dzirksto\u0161ais v\u012bns un aug\u013cu grozs<br>Piek\u013cuve Hedon SPA &amp; Hotel peldbaseina zonai + Silent SPA diviem (3h)<br>P\u0113c piepras\u012bjuma restor\u0101n\u0101 j\u016bs sagaida romantiski dekor\u0113ts galds<br>Ieejas bi\u013cetes uz izv\u0113l\u0113tu P\u0113rnavas naktsklubu diviem<br>V\u0113la izrakst\u012b\u0161an\u0101s, ja iesp\u0113jams (l\u012bdz 14:00)<br>Bezmaksas Wi-Fi un bezmaksas autost\u0101vvieta<\/p><\/div><div class=\"sh-text-block gift-card-package gift-card-package-4\" style=\"display: none;\" data-price=\"79.00\"><h2>\u0160efpav\u0101ra z\u0101les vakari\u0146as \u201eViet\u0113jais ce\u013cojums\u201c<\/h2><p>Villa Wesset galvenais \u0161efpav\u0101rs aicina j\u016bs izbaud\u012bt \u201cViet\u0113jo ce\u013cojumu.\u201d\nVakari\u0146as s\u0101kas plkst. 19:00. Lai baud\u012btu degust\u0101cijas ce\u013cojumu, iesak\u0101m atv\u0113l\u0113t 2-3 stundas. D\u0101vanu karte ir der\u012bga vienai personai.\n\u0112dienkarti var apskat\u012bt m\u016bsu m\u0101jaslap\u0101 www.wesset.ee<\/p><\/div><div class=\"sh-text-block gift-card-package gift-card-package-5\" style=\"display: none;\" data-price=\"109.00\"><h2>\u0160efpav\u0101ra z\u0101les vakari\u0146as \u201eBaltijas j\u016bras ce\u013cojums\u201c<\/h2><p>Villa Wesset \u0161efpav\u0101rs aicina j\u016bs baud\u012bt \u201cBaltijas j\u016bras ce\u013cojumu\u201d\nVakari\u0146as s\u0101kas plkst. 19:00. Lai piln\u012bb\u0101 izbaud\u012btu \u0161o gar\u0161as ce\u013cojumu, iesak\u0101m atv\u0113l\u0113t 2-3 stundas. D\u0101vanu karte der\u012bga vienai personai.\n\u0112dienkarti var apskat\u012bt m\u0101jaslap\u0101 www.wesset.ee<\/p><\/div><div class=\"sh-text-block gift-card-package gift-card-package-6\" style=\"display: none;\" data-price=\"149.00\"><h2>\u0122imenes ce\u013cojums uz Lottemaa ar nak\u0161\u0146o\u0161anu Wesset (1 nakts)<\/h2><p>Divviet\u012bgs numurs<br>Lottemaa bi\u013cetes tr\u012bs person\u0101m<br>Brokastis visai \u0123imenei<br>B\u0113rnu \u0113dienkarte -50% (viesn\u012bcas restor\u0101n\u0101)<br>Viens b\u0113rns l\u012bdz 18 gadiem bez maksas<br>Bezmaksas autost\u0101vvieta.<\/p><\/div><div class=\"sh-text-block gift-card-package gift-card-package-7\" style=\"display: none;\" data-price=\"159.00\"><h2>\u0122imenes br\u012bvdienas P\u0113rnav\u0101 ar apmekl\u0113jumu Tervise Paradiis (1 nakts)<\/h2><p>Divas divviet\u012bgas istabas<br>Bag\u0101t\u012bgas brokastis visai \u0123imenei<br>Divi b\u0113rni l\u012bdz 15 gadiem ir iek\u013cauti<br>Bezmaksas ogu sm\u016btiji b\u0113rniem<br>Visai \u0123imenei iek\u013cautas bi\u013cetes uz Tervise Paradiis \u016bdens parku<br>Restor\u0101n\u0101 atlaide -15% | Bezmaksas autost\u0101vvieta.<\/p><\/div><div class=\"sh-text-block gift-card-package gift-card-package-8\" style=\"display: none;\" data-price=\"119.00\"><h2>Romantisk\u0101 pakete ar vakari\u0146\u0101m diviem (1 nakts)<\/h2><p>Divviet\u012bgs numurs ar vannu (b\u0113rns l\u012bdz 6 gadu vecumam nak\u0161\u0146o bez maksas)<br>Bufetes brokastis diviem<br>Vannas istaba dekor\u0113ta ar ro\u017eu ziedlapi\u0146\u0101m<br>Romantiskas vakari\u0146as diviem | Dekor\u0113ts galds restor\u0101n\u0101<br>Bezmaksas ieeja izv\u0113l\u0113taj\u0101 P\u0113rnavas naktsklub\u0101 diviem<br>Bezmaksas autost\u0101vvieta.<\/p><\/div><div class=\"sh-text-block gift-card-package gift-card-package-9\" style=\"display: none;\" data-price=\"189.00\"><h2>Romantisk\u0101 pakete ar vakari\u0146\u0101m diviem un papildus nakti (2 naktis)<\/h2><p>Divviet\u012bgs numurs ar vannu (b\u0113rns l\u012bdz 6 gadu vecumam uzturas bez maksas)<br>Bufetes brokastis diviem abos r\u012btos<br>Ar ro\u017eu ziedlapi\u0146\u0101m dekor\u0113ta vannas istaba<br>Romantiskas vakari\u0146as diviem vien\u0101 vakar\u0101 | Dekor\u0113ts galds restor\u0101n\u0101<br>Izv\u0113les ieejas bi\u013cetes diviem uz k\u0101du no P\u0113rnavas naktsklubiem<br>Bezmaksas autost\u0101vvieta<\/p><\/div><div class=\"sh-text-block gift-card-package gift-card-package-10\" style=\"display: none;\" data-price=\"119.00\"><h2>Te\u0101tra pakete diviem ar nak\u0161\u0146o\u0161anu Villa Wesset (1 nakts)<\/h2><p>Divviet\u012bgs numurs (b\u0113rns l\u012bdz 6 gadiem uzturas bez maksas)<br>Brokastis diviem<br>Te\u0101tra bi\u013cetes diviem uz izv\u0113l\u0113to izr\u0101di<br>Rezerv\u0113ts galdi\u0146\u0161 kafejn\u012bc\u0101 starpbr\u012bd\u012b p\u0113c piepras\u012bjuma<br>Bezmaksas ieeja diviem izv\u0113l\u0113taj\u0101 naktsklub\u0101 P\u0113rnav\u0101<br>15% atlaide restor\u0101n\u0101 | Bezmaksas autost\u0101vvieta<\/p><\/div>\n      <\/div>\n      <div class=\"gift-card-contact\">Supeluse 26, P\u00e4rnu 80012 | <b>www.wesset.ee<\/b> | info@wesset.ee | +372 56 460 500<\/div>\n    <\/div>\n    <div class=\"sh-column fw-col-xs-12 fw-col-sm-8 gift-card-back\">\n      <div class=\"gift-card-back__top\">Kinkekaardi kasutamine ja kehtivus<\/div>\n      <div class=\"gift-card-back__left\"><ol>\r\n  <li>Rahalise v\u00e4\u00e4rtusega kinkekaart kehtib 12 (kaksteist) kuud alates selle v\u00e4ljastamise p\u00e4evast.<\/li>\r\n  <li>Majutust sisaldav kinkekaart EI KEHTI 31.12 ja 01.06-31.08.<\/li>\r\n  <li>Kehtivusaja \u00fcletanud kinkekaarti ei ole v\u00f5imalik kasutada ja kaart annulleeritakse.<\/li>\r\n  <li>Kinkekaart ei ole vahetatav uue kaardi ega raha vastu.<\/li>\r\n  <li>Kasutamata kinkekaardi eest raha ei tagastata.<\/li>\r\n<\/ol><\/div>\n      <div class=\"gift-card-back__right\">Vaadake \u00fclej\u00e4\u00e4nud tingimusi: <a href=\"https:\/\/wesset.ee\/kinkekaart\/ostutingimused\/\">https:\/\/wesset.ee\/kinkekaart\/ostutingimused\/<\/a>\r\n<br\/><br\/>\r\nK\u00fcsimuste korral ja broneerimiseks helistage +372 56 460 500 v\u00f5i kirjutage <a href=\"mailto:info@wesset.ee\">info@wesset.ee<\/a>\r\n<br\/><br\/>\r\nKohtumiseni Villa Wessetis!<\/div>\n    <\/div>\n  <\/div>\n\n<\/div>\n[\/vc_column][\/vc_row][\/vc_section]<\/div>","protected":false},"excerpt":{"rendered":"Pieredze, kas paliks atmi\u0146\u0101! Villa Wesseti d\u0101vankarte ir ide\u0101la d\u0101vana katram gaumei.","protected":false},"author":1,"featured_media":20675,"parent":0,"menu_order":0,"comment_status":"closed","ping_status":"closed","template":"","meta":{"footnotes":""},"class_list":["post-12613","page","type-page","status-publish","has-post-thumbnail","hentry"],"_links":{"self":[{"href":"https:\/\/wesset.ee\/lv\/wp-json\/wp\/v2\/pages\/12613","targetHints":{"allow":["GET"]}}],"collection":[{"href":"https:\/\/wesset.ee\/lv\/wp-json\/wp\/v2\/pages"}],"about":[{"href":"https:\/\/wesset.ee\/lv\/wp-json\/wp\/v2\/types\/page"}],"author":[{"embeddable":true,"href":"https:\/\/wesset.ee\/lv\/wp-json\/wp\/v2\/users\/1"}],"replies":[{"embeddable":true,"href":"https:\/\/wesset.ee\/lv\/wp-json\/wp\/v2\/comments?post=12613"}],"version-history":[{"count":0,"href":"https:\/\/wesset.ee\/lv\/wp-json\/wp\/v2\/pages\/12613\/revisions"}],"wp:featuredmedia":[{"embeddable":true,"href":"https:\/\/wesset.ee\/lv\/wp-json\/wp\/v2\/media\/20675"}],"wp:attachment":[{"href":"https:\/\/wesset.ee\/lv\/wp-json\/wp\/v2\/media?parent=12613"}],"curies":[{"name":"wp","href":"https:\/\/api.w.org\/{rel}","templated":true}]}}