{"id":12589,"date":"2024-10-01T20:07:26","date_gmt":"2024-10-01T17:07:26","guid":{"rendered":"https:\/\/wesset.ee\/hotell\/"},"modified":"2025-02-06T12:35:52","modified_gmt":"2025-02-06T10:35:52","slug":"viesnica","status":"publish","type":"page","link":"https:\/\/wesset.ee\/lv\/viesnica\/","title":{"rendered":"Villa Wesset Viesn\u012bca P\u0113rnav\u0101"},"content":{"rendered":"<div class=\"wpb-content-wrapper\"><p>[vc_row full_width=&#8221;stretch_row_content&#8221; background_position=&#8221;left top&#8221; overflow=&#8221;default&#8221; css=&#8221;.vc_custom_1734640289042{background-image: url(https:\/\/wesset.ee\/wp-content\/uploads\/2024\/10\/hotell-hero-v.webp?id=12269) !important;background-position: center !important;background-repeat: no-repeat !important;background-size: cover !important;}&#8221;][vc_column width=&#8221;1\/2&#8243; overflow=&#8221;default&#8221; el_class=&#8221;hero-intro-section-white text-center&#8221;]\r\n<div class=\"sh-heading  \" id=\"heading-hBZ1UNtkiS\">\r\n\t<div class=\"sh-element-margin\">\r\n\r\n\t\t\r\n\t\t\t<h1 class=\"sh-heading-content size-default text-center\">\r\n\t\t\t\t&#8211; Viesn\u012bca &#8211;\t\t\t<\/h1>\r\n\r\n\t\t\r\n\t<\/div>\r\n<\/div>\r\n            <style type=\"text\/css\">\r\n                #heading-hBZ1UNtkiS .sh-element-margin {}#heading-hBZ1UNtkiS .sh-heading-content {font-weight: 600!important;}#heading-hBZ1UNtkiS .sh-heading-content,#heading-hBZ1UNtkiS .sh-heading-additional-text {}            <\/style>\r\n        \r\n<div class=\"sh-heading  \" id=\"heading-LsA3S9xd5y\">\r\n\t<div class=\"sh-element-margin\">\r\n\r\n\t\t\r\n\t\t\t<h3 class=\"sh-heading-content size-default text-center\">\r\n\t\t\t\tM\u0101j\u012bga viesn\u012bca P\u0113rnav\u0101 ar vislab\u0101ko atra\u0161an\u0101s vietu!\t\t\t<\/h3>\r\n\r\n\t\t\r\n\t<\/div>\r\n<\/div>\r\n            <style type=\"text\/css\">\r\n                #heading-LsA3S9xd5y .sh-element-margin {}#heading-LsA3S9xd5y .sh-heading-content {font-weight: 500!important;}#heading-LsA3S9xd5y .sh-heading-content,#heading-LsA3S9xd5y .sh-heading-additional-text {}            <\/style>\r\n        \r\n<div id=\"divider-KQXIleqwU0\" class=\"sh-divider sh-divider- sh-divider-content-icon_option\">\r\n\t\t\t<div class=\"sh-divider-content\">\r\n\t\t\t<span class=\"sh-divider-icon\">\r\n\t\t\t\t<i class=\"fa fa-wpexplorer\"><\/i>\t\t\t<\/span>\r\n\t\t<\/div>\r\n\t<\/div>\r\n            <style type=\"text\/css\">\r\n                #divider-KQXIleqwU0 {}#divider-KQXIleqwU0 .sh-divider-content:before,#divider-KQXIleqwU0 .sh-divider-content:after {border-top-width: 1px;margin-top: -1pxpx;border-top-style: solid;}#divider-KQXIleqwU0 .sh-divider-icon {color: #cccccc;}            <\/style>\r\n        [vc_column_text css=&#8221;&#8221;]Villa Wesset viesn\u012bca tika pabeigta 2007. gad\u0101 un taj\u0101 ir 36 unik\u0101li iek\u0101rtotas istabas, tai skait\u0101 30 divviet\u012bgas, 3 deluxe numuri, 2 vienviet\u012bgas un 1 tr\u012bsviet\u012bga istaba.[\/vc_column_text]\r\n<div id=\"button-0T79gBVya4\" class=\"sh-button-container  sh-button-style-5\">\r\n\t<div class=\"sh-element-margin\">\r\n\t\t<a href=\"https:\/\/booking.wesset.ee\/en\/\" data-rel=\"\" target=\"_self\" class=\"sh-button sh-button-xlarge sh-button-icon-left\">\r\n\r\n\t\t\t\t\t\t\t<span class=\"sh-button-icon\">\r\n\t\t\t\t\t<i class=\"fa fa-angle-double-right\"><\/i>\r\n\t\t\t\t<\/span>\r\n\t\t\t\r\n\t\t\t\t\t\t\t<span class=\"sh-button-text\">\r\n\t\t\t\t\tREZERV\u0112T ISTABU\/PAKU\t\t\t\t<\/span>\r\n\t\t\t\r\n\t\t\t\r\n\t\t<\/a>\r\n\t\t\t<\/div>\r\n<\/div>\r\n            <style type=\"text\/css\">\r\n                #button-0T79gBVya4 .sh-button {background-color: #FFFFFF;color: #A72417;border: 2px solid transparent;border: 1px solid #A72417;display: block!important;width: 100%;}#button-0T79gBVya4 {text-align: center;}#button-0T79gBVya4 .sh-element-margin {margin: 10px 0px 15px 0px;}#button-0T79gBVya4:not(.sh-button-style-2) .sh-button:hover {background-color: #FFFFFF;color: #000028;border: 1px solid #000028;}#button-0T79gBVya4.sh-button-style-2 .sh-button:after {background-color: #FFFFFF;}#button-0T79gBVya4.sh-button-style-2 .sh-button:hover {color: #000028;border: 1px solid #000028;}@media (max-width: 800px) {#button-0T79gBVya4 {text-align: center;}}            <\/style>\r\n        [\/vc_column][\/vc_row][vc_row full_width=&#8221;stretch_row_content&#8221; equal_height=&#8221;yes&#8221; content_placement=&#8221;middle&#8221; column_order=&#8221;reversed&#8221; overflow=&#8221;default&#8221; el_id=&#8221;hotell-ajalugu&#8221;][vc_column width=&#8221;1\/2&#8243; overflow=&#8221;default&#8221; css=&#8221;.vc_custom_1734639924834{margin: 0px !important;padding: 0px !important;background-position: center !important;background-repeat: no-repeat !important;background-size: cover !important;}&#8221;]\r\n\r\n\r\n\r\n<div id=\"image-gallery-YXHWmsS2y5\" class=\"sh-image-gallery sh-image-gallery-noverlay sh-image-gallery-nozoom sh-image-gallery-container sh-image-gallery-disable\"  data-columns=\"1\">\r\n\t\t\t<div class=\"sh-image-gallery-item\">\r\n\t\t\t<div class=\"sh-gallery-item\">\r\n\t\t\t\t<div class=\"post-meta-thumb\">\r\n\r\n\t\t\t\t\t\t\t\t\t\t\t<img decoding=\"async\" src=\"https:\/\/wesset.ee\/wp-content\/uploads\/2024\/10\/wesset-hotell-ajalugu-660x660.webp\" alt=\"wesset-hotell-ajalugu\" \/>\r\n\t\t\t\t\t\r\n\t\t\t\t\t\t\t\t\t<\/div>\r\n\t\t\t<\/div>\r\n\t\t<\/div>\r\n\t\t\t<div class=\"sh-image-gallery-item\">\r\n\t\t\t<div class=\"sh-gallery-item\">\r\n\t\t\t\t<div class=\"post-meta-thumb\">\r\n\r\n\t\t\t\t\t\t\t\t\t\t\t<img decoding=\"async\" src=\"https:\/\/wesset.ee\/wp-content\/uploads\/2024\/12\/wesset-hotell-ajalugu-valge-660x660.webp\" alt=\"wesset-hotell-ajalugu-valge\" \/>\r\n\t\t\t\t\t\r\n\t\t\t\t\t\t\t\t\t<\/div>\r\n\t\t\t<\/div>\r\n\t\t<\/div>\r\n\t<\/div>\r\n            <style type=\"text\/css\">\r\n                            <\/style>\r\n        [\/vc_column][vc_column css_animation=&#8221;fadeIn&#8221; width=&#8221;1\/2&#8243; overflow=&#8221;default&#8221; css=&#8221;.vc_custom_1734640382621{background-color: #FFFFFF !important;}&#8221; max_width=&#8221;700px&#8221; padding_tablet=&#8221;60px 30px 25px 30px&#8221;]\r\n<div class=\"sh-heading  \" id=\"heading-VHWNbAOz0Q\">\r\n\t<div class=\"sh-element-margin\">\r\n\r\n\t\t\r\n\t\t\t<h2 class=\"sh-heading-content size-default text-left\">\r\n\t\t\t\tV\u0113sture\t\t\t<\/h2>\r\n\r\n\t\t\r\n\t<\/div>\r\n<\/div>\r\n            <style type=\"text\/css\">\r\n                #heading-VHWNbAOz0Q .sh-element-margin {}#heading-VHWNbAOz0Q .sh-heading-content {font-weight: 600!important;letter-spacing: 2px;}#heading-VHWNbAOz0Q .sh-heading-content,#heading-VHWNbAOz0Q .sh-heading-additional-text {}            <\/style>\r\n        [vc_column_text css=&#8221;.vc_custom_1727804630089{margin-bottom: 0px !important;}&#8221;]Viesn\u012bca nosaukta Eliasa Jenke\u013ca d\u0113la Vesseta v\u0101rd\u0101, kuram pieder\u0113ja 1928. gad\u0101 uzcelt\u0101 villa. Elias Wesset 1904. gad\u0101 dibin\u0101ja \u0161okol\u0101des, kakao un konfek\u0161u fabriku &#8220;Progress&#8221;, kas atrad\u0101s \u0161eit pat P\u0113rnav\u0101, Malmes iel\u0101.<\/p>\r\n<p>Fabrika ieguva vair\u0101kas balvas da\u017e\u0101d\u0101s izst\u0101d\u0113s, atz\u012bstot t\u0101s augstas kvalit\u0101tes ra\u017eojumus.<\/p>\r\n<p>Simts gadus v\u0113l\u0101k viena no Igaunijas slaven\u0101kaj\u0101m konfek\u0161u r\u016bpniec\u012bbas person\u012bb\u0101m bija aizmirst\u012bb\u0101, bet \u0161eit v\u0113sture main\u0101s.[\/vc_column_text][\/vc_column][\/vc_row][vc_row full_width=&#8221;stretch_row_content&#8221; equal_height=&#8221;yes&#8221; content_placement=&#8221;middle&#8221; max_width_alignment_mobile=&#8221;center&#8221; overflow=&#8221;default&#8221;][vc_column width=&#8221;1\/4&#8243; text_align_inline=&#8221;center&#8221; overflow=&#8221;default&#8221; css=&#8221;.vc_custom_1728584005023{padding-top: 100px !important;padding-right: 25px !important;padding-bottom: 100px !important;padding-left: 25px !important;background: #4f2020 url(https:\/\/wesset.ee\/wp-content\/uploads\/2020\/02\/single-cover.webp?id=11897) !important;background-position: center !important;background-repeat: no-repeat !important;background-size: cover !important;}&#8221; padding_tablet=&#8221;100px 0px 100px 0px&#8221; background_image_hover=&#8221;11947&#8243; el_class=&#8221;room-hover&#8221;]\r\n<div class=\"sh-text-with-frame sh-animated fadeInUp\" id=\"text-with-frame-JrB9HsM18z\"data-wow-duration=\"2s\">\r\n\t<div class=\"sh-text-with-frame-container\">\r\n\t\t<\/p>\r\n<p class=\"invert\">Vienviet\u012bgs standarta numurs ar vis\u0101m \u0113rt\u012bb\u0101m.<\/p>  \r\n<h4><span class=\"invert\">SINGLE<\/span><\/h4>  \r\n<p>\t<\/div>\r\n<\/div>\r\n            <style type=\"text\/css\">\r\n                #text-with-frame-JrB9HsM18z .sh-text-with-frame-container {border-color: rgba(255,255,255,0.1);}            <\/style>\r\n        \r\n<div id=\"button-PObVwiJU7D\" class=\"sh-button-container  sh-button-style-5\">\r\n\t<div class=\"sh-element-margin\">\r\n\t\t<a href=\"\/lv\/viesn\u012bca\/single\" data-rel=\"\" target=\"_self\" class=\"sh-button sh-button-xlarge sh-button-icon-left\">\r\n\r\n\t\t\t\t\t\t\t<span class=\"sh-button-icon\">\r\n\t\t\t\t\t<i class=\"fa fa-angle-double-right\"><\/i>\r\n\t\t\t\t<\/span>\r\n\t\t\t\r\n\t\t\t\t\t\t\t<span class=\"sh-button-text\">\r\n\t\t\t\t\tPASKATIES\t\t\t\t<\/span>\r\n\t\t\t\r\n\t\t\t\r\n\t\t<\/a>\r\n\t\t\t<\/div>\r\n<\/div>\r\n            <style type=\"text\/css\">\r\n                #button-PObVwiJU7D .sh-button {background-color: #FFFFFF;color: #A72417;border: 2px solid transparent;border: 1px solid #A72417;}#button-PObVwiJU7D {text-align: center;}#button-PObVwiJU7D .sh-element-margin {margin: 10px 0px 15px 0px;}#button-PObVwiJU7D:not(.sh-button-style-2) .sh-button:hover {background-color: #FFFFFF;color: #000028;border: 1px solid #000028;}#button-PObVwiJU7D.sh-button-style-2 .sh-button:after {background-color: #FFFFFF;}#button-PObVwiJU7D.sh-button-style-2 .sh-button:hover {color: #000028;border: 1px solid #000028;}@media (max-width: 800px) {#button-PObVwiJU7D {text-align: center;}}            <\/style>\r\n        [\/vc_column][vc_column width=&#8221;1\/4&#8243; text_align_inline=&#8221;center&#8221; overflow=&#8221;default&#8221; padding_tablet=&#8221;100px 0px 100px 0px&#8221; css=&#8221;.vc_custom_1728584037005{padding-top: 100px !important;padding-right: 25px !important;padding-bottom: 100px !important;padding-left: 25px !important;background-image: url(https:\/\/wesset.ee\/wp-content\/uploads\/2020\/02\/double-cover.webp?id=11942) !important;background-position: center !important;background-repeat: no-repeat !important;background-size: cover !important;}&#8221; background_image_hover=&#8221;11932&#8243; el_class=&#8221;room-hover&#8221;]\r\n<div class=\"sh-text-with-frame sh-animated fadeInUp\" id=\"text-with-frame-wxubAfJQHE\"data-wow-duration=\"2s\">\r\n\t<div class=\"sh-text-with-frame-container\">\r\n\t\t<\/p>  \r\n<p class=\"invert\">Divviet\u012bgi numuri ar vienu lielu vai div\u0101m atsevi\u0161\u0137\u0101m gult\u0101m.<\/p>  \r\n<h4><span class=\"invert\">DOUBLE<\/span><\/h4>  \r\n<p>\t<\/div>\r\n<\/div>\r\n            <style type=\"text\/css\">\r\n                #text-with-frame-wxubAfJQHE .sh-text-with-frame-container {border-color: rgba(255,255,255,0.1);}            <\/style>\r\n        \r\n<div id=\"button-TQFq9efdug\" class=\"sh-button-container  sh-button-style-5\">\r\n\t<div class=\"sh-element-margin\">\r\n\t\t<a href=\"\/lv\/viesn\u012bca\/double\" data-rel=\"\" target=\"_self\" class=\"sh-button sh-button-xlarge sh-button-icon-left\">\r\n\r\n\t\t\t\t\t\t\t<span class=\"sh-button-icon\">\r\n\t\t\t\t\t<i class=\"fa fa-angle-double-right\"><\/i>\r\n\t\t\t\t<\/span>\r\n\t\t\t\r\n\t\t\t\t\t\t\t<span class=\"sh-button-text\">\r\n\t\t\t\t\tPASKATIES\t\t\t\t<\/span>\r\n\t\t\t\r\n\t\t\t\r\n\t\t<\/a>\r\n\t\t\t<\/div>\r\n<\/div>\r\n            <style type=\"text\/css\">\r\n                #button-TQFq9efdug .sh-button {background-color: #FFFFFF;color: #A72417;border: 2px solid transparent;border: 1px solid #A72417;}#button-TQFq9efdug {text-align: center;}#button-TQFq9efdug .sh-element-margin {margin: 10px 0px 15px 0px;}#button-TQFq9efdug:not(.sh-button-style-2) .sh-button:hover {background-color: #FFFFFF;color: #000028;border: 1px solid #000028;}#button-TQFq9efdug.sh-button-style-2 .sh-button:after {background-color: #FFFFFF;}#button-TQFq9efdug.sh-button-style-2 .sh-button:hover {color: #000028;border: 1px solid #000028;}@media (max-width: 800px) {#button-TQFq9efdug {text-align: center;}}            <\/style>\r\n        [\/vc_column][vc_column width=&#8221;1\/4&#8243; text_align_inline=&#8221;center&#8221; overflow=&#8221;default&#8221; padding_tablet=&#8221;100px 0px 100px 0px&#8221; css=&#8221;.vc_custom_1728584049080{padding-top: 100px !important;padding-right: 25px !important;padding-bottom: 100px !important;padding-left: 25px !important;background-image: url(https:\/\/wesset.ee\/wp-content\/uploads\/2020\/02\/triple-cover.webp?id=11912) !important;background-position: center !important;background-repeat: no-repeat !important;background-size: cover !important;}&#8221; background_image_hover=&#8221;11902&#8243; el_class=&#8221;room-hover&#8221;]\r\n<div class=\"sh-text-with-frame sh-animated fadeInUp\" id=\"text-with-frame-yu0Vl6vmE5\"data-wow-duration=\"2s\">\r\n\t<div class=\"sh-text-with-frame-container\">\r\n\t\t<\/p>  \r\n<p class=\"invert\">Tr\u012bsviet\u012bgs standarta numurs ar vis\u0101m \u0113rt\u012bb\u0101m.<\/p>  \r\n<h4><span class=\"invert\">TRIPLE<\/span><\/h4>  \r\n<p>\t<\/div>\r\n<\/div>\r\n            <style type=\"text\/css\">\r\n                #text-with-frame-yu0Vl6vmE5 .sh-text-with-frame-container {border-color: rgba(255,255,255,0.1);}            <\/style>\r\n        \r\n<div id=\"button-WVErO2nHsl\" class=\"sh-button-container  sh-button-style-5\">\r\n\t<div class=\"sh-element-margin\">\r\n\t\t<a href=\"\/lv\/viesn\u012bca\/triple\" data-rel=\"\" target=\"_self\" class=\"sh-button sh-button-xlarge sh-button-icon-left\">\r\n\r\n\t\t\t\t\t\t\t<span class=\"sh-button-icon\">\r\n\t\t\t\t\t<i class=\"fa fa-angle-double-right\"><\/i>\r\n\t\t\t\t<\/span>\r\n\t\t\t\r\n\t\t\t\t\t\t\t<span class=\"sh-button-text\">\r\n\t\t\t\t\tPASKATIES\t\t\t\t<\/span>\r\n\t\t\t\r\n\t\t\t\r\n\t\t<\/a>\r\n\t\t\t<\/div>\r\n<\/div>\r\n            <style type=\"text\/css\">\r\n                #button-WVErO2nHsl .sh-button {background-color: #FFFFFF;color: #A72417;border: 2px solid transparent;border: 1px solid #A72417;}#button-WVErO2nHsl {text-align: center;}#button-WVErO2nHsl .sh-element-margin {margin: 10px 0px 15px 0px;}#button-WVErO2nHsl:not(.sh-button-style-2) .sh-button:hover {background-color: #FFFFFF;color: #000028;border: 1px solid #000028;}#button-WVErO2nHsl.sh-button-style-2 .sh-button:after {background-color: #FFFFFF;}#button-WVErO2nHsl.sh-button-style-2 .sh-button:hover {color: #000028;border: 1px solid #000028;}@media (max-width: 800px) {#button-WVErO2nHsl {text-align: center;}}            <\/style>\r\n        [\/vc_column][vc_column width=&#8221;1\/4&#8243; text_align_inline=&#8221;center&#8221; overflow=&#8221;default&#8221; padding_tablet=&#8221;100px 0px 100px 0px&#8221; css=&#8221;.vc_custom_1728584063756{padding-top: 100px !important;padding-right: 25px !important;padding-bottom: 100px !important;padding-left: 25px !important;background-image: url(https:\/\/wesset.ee\/wp-content\/uploads\/2020\/02\/deluxe-cover.webp?id=11927) !important;background-position: center !important;background-repeat: no-repeat !important;background-size: cover !important;}&#8221; background_image_hover=&#8221;11917&#8243; el_class=&#8221;room-hover&#8221;]\r\n<div class=\"sh-text-with-frame sh-animated fadeInUp\" id=\"text-with-frame-UGle5rNCHZ\"data-wow-duration=\"2s\">\r\n\t<div class=\"sh-text-with-frame-container\">\r\n\t\t<\/p>  \r\n<p class=\"invert\">Liels luksusa numurs ar vis\u0101m \u0113rt\u012bb\u0101m.<\/p>  \r\n<h4><span class=\"invert\">DELUXE<\/span><\/h4>  \r\n<p>\t<\/div>\r\n<\/div>\r\n            <style type=\"text\/css\">\r\n                #text-with-frame-UGle5rNCHZ .sh-text-with-frame-container {border-color: rgba(255,255,255,0.1);}            <\/style>\r\n        \r\n<div id=\"button-YXM2ivjI7F\" class=\"sh-button-container  sh-button-style-5\">\r\n\t<div class=\"sh-element-margin\">\r\n\t\t<a href=\"\/lv\/viesn\u012bca\/deluxe\" data-rel=\"\" target=\"_self\" class=\"sh-button sh-button-xlarge sh-button-icon-left\">\r\n\r\n\t\t\t\t\t\t\t<span class=\"sh-button-icon\">\r\n\t\t\t\t\t<i class=\"fa fa-angle-double-right\"><\/i>\r\n\t\t\t\t<\/span>\r\n\t\t\t\r\n\t\t\t\t\t\t\t<span class=\"sh-button-text\">\r\n\t\t\t\t\tPASKATIES\t\t\t\t<\/span>\r\n\t\t\t\r\n\t\t\t\r\n\t\t<\/a>\r\n\t\t\t<\/div>\r\n<\/div>\r\n            <style type=\"text\/css\">\r\n                #button-YXM2ivjI7F .sh-button {background-color: #FFFFFF;color: #A72417;border: 2px solid transparent;border: 1px solid #A72417;}#button-YXM2ivjI7F {text-align: center;}#button-YXM2ivjI7F .sh-element-margin {margin: 10px 0px 15px 0px;}#button-YXM2ivjI7F:not(.sh-button-style-2) .sh-button:hover {background-color: #FFFFFF;color: #000028;border: 1px solid #000028;}#button-YXM2ivjI7F.sh-button-style-2 .sh-button:after {background-color: #FFFFFF;}#button-YXM2ivjI7F.sh-button-style-2 .sh-button:hover {color: #000028;border: 1px solid #000028;}@media (max-width: 800px) {#button-YXM2ivjI7F {text-align: center;}}            <\/style>\r\n        [\/vc_column][\/vc_row][vc_row css_animation=&#8221;fadeIn&#8221; overflow=&#8221;default&#8221; css=&#8221;.vc_custom_1728584210188{padding-top: 100px !important;padding-bottom: 100px !important;background-color: #000028 !important;}&#8221; padding_tablet=&#8221;70px 0px 50px 0px&#8221; el_id=&#8221;atsauksmes&#8221;][vc_column]\r\n<div class=\"sh-heading  \" id=\"heading-eVFIn4yx6w\">\r\n\t<div class=\"sh-element-margin\">\r\n\r\n\t\t\r\n\t\t\t<h3 class=\"sh-heading-content size-default text-center\">\r\n\t\t\t\tAtsauksmes\t\t\t<\/h3>\r\n\r\n\t\t\r\n\t<\/div>\r\n<\/div>\r\n            <style type=\"text\/css\">\r\n                #heading-eVFIn4yx6w .sh-element-margin {}#heading-eVFIn4yx6w .sh-heading-content {font-weight: 600!important;letter-spacing: 2px;color: #FFFFFF;}#heading-eVFIn4yx6w .sh-heading-content,#heading-eVFIn4yx6w .sh-heading-additional-text {}            <\/style>\r\n        \r\n            \r\n            <div class=\"sh-empty-space vc_empty_space sh-empty-space-sjwakK2u3x  \" style=\"height: 20px\">\r\n                <span class=\"vc_empty_space_inner\"><\/span>\r\n            <\/div>\r\n\r\n        \r\n<div id=\"divider-GREJKSCmrt\" class=\"sh-divider sh-divider- sh-divider-content-none\">\r\n\t\t\t<div class=\"sh-divider-line\"><\/div>\r\n\t<\/div>\r\n            <style type=\"text\/css\">\r\n                #divider-GREJKSCmrt {}#divider-GREJKSCmrt.sh-divider-content-none .sh-divider-line {border-radius: 30px;border-top-width: 5px;border-top-color: #eaeaea;border-top-style: solid;max-width: 20px;}            <\/style>\r\n        \r\n            \r\n            <div class=\"sh-empty-space vc_empty_space sh-empty-space-M31BkGtOAZ  \" style=\"height: 40px\">\r\n                <span class=\"vc_empty_space_inner\"><\/span>\r\n            <\/div>\r\n\r\n        [vc_row_inner][vc_column_inner width=&#8221;1\/3&#8243; overflow=&#8221;default&#8221; css=&#8221;.vc_custom_1727811228713{padding-top: 50px !important;padding-right: 0px !important;padding-bottom: 50px !important;padding-left: 0px !important;}&#8221;][vc_single_image image=&#8221;21148&#8243; img_size=&#8221;full&#8221; alignment=&#8221;right&#8221; onclick=&#8221;custom_link&#8221; img_link_target=&#8221;_blank&#8221; css=&#8221;&#8221; link=&#8221;https:\/\/hookusbookus.com\/et\/hotell\/villa-wesset\/6&#8243;][\/vc_column_inner][vc_column_inner width=&#8221;1\/3&#8243; overflow=&#8221;default&#8221; css=&#8221;.vc_custom_1727811241292{padding-top: 50px !important;padding-right: 0px !important;padding-bottom: 50px !important;padding-left: 0px !important;}&#8221;][vc_single_image image=&#8221;21143&#8243; img_size=&#8221;full&#8221; onclick=&#8221;custom_link&#8221; img_link_target=&#8221;_blank&#8221; css=&#8221;&#8221; link=&#8221;https:\/\/www.booking.com\/hotel\/ee\/villa-wesset.en-gb.html?aid=356980;label=gog235jc-hotel-XX-ee-villaNwesset-unspec-ee-com-L%3Aen-O%3AosSx-B%3Asafari-N%3AXX-S%3Abo-U%3AXX-H%3As;sid=b905fd38718c92cdc81aad1232094796;dist=0&amp;sb_price_type=total&amp;type=total&amp;&#8221;][\/vc_column_inner][vc_column_inner width=&#8221;1\/3&#8243; text_align_inline=&#8221;center&#8221; overflow=&#8221;default&#8221; css=&#8221;.vc_custom_1738703731627{padding-top: 50px !important;padding-right: 0px !important;padding-bottom: 50px !important;padding-left: 0px !important;}&#8221;][vc_single_image image=&#8221;21153&#8243; img_size=&#8221;full&#8221; onclick=&#8221;custom_link&#8221; img_link_target=&#8221;_blank&#8221; css=&#8221;&#8221; link=&#8221;https:\/\/www.tripadvisor.com\/Hotel_Review-g274956-d1058881-Reviews-Hotel_Restaurant_Villa_Wesset-Parnu_Parnu_County.html&#8221;][\/vc_column_inner][\/vc_row_inner][\/vc_column][\/vc_row]<\/p>\r\n<\/div>","protected":false},"excerpt":{"rendered":"Villa Wesset ir stil\u012bga viesn\u012bca P\u0113rnav\u0101 ar izcilu apkalpo\u0161anu \u2013 tikai akmens metiena att\u0101lum\u0101 no pludmales.  ","protected":false},"author":1,"featured_media":20720,"parent":0,"menu_order":0,"comment_status":"closed","ping_status":"closed","template":"","meta":{"footnotes":""},"class_list":["post-12589","page","type-page","status-publish","has-post-thumbnail","hentry"],"_links":{"self":[{"href":"https:\/\/wesset.ee\/lv\/wp-json\/wp\/v2\/pages\/12589","targetHints":{"allow":["GET"]}}],"collection":[{"href":"https:\/\/wesset.ee\/lv\/wp-json\/wp\/v2\/pages"}],"about":[{"href":"https:\/\/wesset.ee\/lv\/wp-json\/wp\/v2\/types\/page"}],"author":[{"embeddable":true,"href":"https:\/\/wesset.ee\/lv\/wp-json\/wp\/v2\/users\/1"}],"replies":[{"embeddable":true,"href":"https:\/\/wesset.ee\/lv\/wp-json\/wp\/v2\/comments?post=12589"}],"version-history":[{"count":0,"href":"https:\/\/wesset.ee\/lv\/wp-json\/wp\/v2\/pages\/12589\/revisions"}],"wp:featuredmedia":[{"embeddable":true,"href":"https:\/\/wesset.ee\/lv\/wp-json\/wp\/v2\/media\/20720"}],"wp:attachment":[{"href":"https:\/\/wesset.ee\/lv\/wp-json\/wp\/v2\/media?parent=12589"}],"curies":[{"name":"wp","href":"https:\/\/api.w.org\/{rel}","templated":true}]}}