{"id":12581,"date":"2024-09-26T15:42:17","date_gmt":"2024-09-26T12:42:17","guid":{"rendered":"https:\/\/wesset.ee\/majas-lapa\/"},"modified":"2025-12-11T15:44:11","modified_gmt":"2025-12-11T13:44:11","slug":"sakumlapa","status":"publish","type":"page","link":"https:\/\/wesset.ee\/lv\/","title":{"rendered":"Villa Wesset \u2013 Viesn\u012bca, Restor\u0101ns, Semin\u0101rs"},"content":{"rendered":"<div class=\"wpb-content-wrapper\">[vc_row gap=&#8221;15&#8243; content_placement=&#8221;middle&#8221; overflow=&#8221;default&#8221; el_class=&#8221;homepage-hero-intro&#8221; css=&#8221;.vc_custom_1737990934600{border-bottom-width: 20px !important;padding-right: 50px !important;padding-bottom: 20px !important;padding-left: 50px !important;background-image: url(https:\/\/wesset.ee\/wp-content\/uploads\/2024\/09\/VillaWesset-roosid.webp?id=6970) !important;background-position: center !important;background-repeat: no-repeat !important;background-size: cover !important;border-bottom-style: solid !important;border-color: #A72417 !important;}&#8221; background_image_mobile=&#8221;20306&#8243;][vc_column]\r\n<div class=\"sh-heading  \" id=\"heading-3sXF5HQDYv\">\r\n\t<div class=\"sh-element-margin\">\r\n\r\n\t\t\r\n\t\t\t<h1 class=\"sh-heading-content size-default text-center\">\r\n\t\t\t\tHotell, restoran, seminar\t\t\t<\/h1>\r\n\r\n\t\t\r\n\t<\/div>\r\n<\/div>\r\n            <style type=\"text\/css\">\r\n                #heading-3sXF5HQDYv .sh-element-margin {margin: 0 15px 15px 0;}#heading-3sXF5HQDYv .sh-heading-content {font-weight: 500!important;color: #FFFFFF;}#heading-3sXF5HQDYv .sh-heading-content,#heading-3sXF5HQDYv .sh-heading-additional-text {}            <\/style>\r\n        [vc_row_inner content_placement=&#8221;middle&#8221; gap=&#8221;10&#8243; overflow=&#8221;default&#8221;][vc_column_inner width=&#8221;1\/4&#8243; overflow=&#8221;default&#8221; css_animation=&#8221;fadeIn&#8221; css_animation_delay=&#8221;0.1&#8243;]\r\n<div id=\"button-rdMliowgBW\" class=\"sh-button-container  sh-button-style-5\">\r\n\t<div class=\"sh-element-margin\">\r\n\t\t<a href=\"\/lv\/viesnica\/\" data-rel=\"\" target=\"_self\" class=\"sh-button sh-button-xlarge \">\r\n\r\n\t\t\t\r\n\t\t\t\t\t\t\t<span class=\"sh-button-text\">\r\n\t\t\t\t\tVIESN\u012aCA\t\t\t\t<\/span>\r\n\t\t\t\r\n\t\t\t\r\n\t\t<\/a>\r\n\t\t\t<\/div>\r\n<\/div>\r\n            <style type=\"text\/css\">\r\n                #button-rdMliowgBW .sh-button {background-color: #A72417BF;color: #FFFFFF;border: 2px solid transparent;border: 1px solid #FFFFFF;display: block!important;width: 100%;}#button-rdMliowgBW {text-align: center;}#button-rdMliowgBW:not(.sh-button-style-2) .sh-button:hover {background-color: #000028;color: #A72417;border: 1px solid #FFFFFF;}#button-rdMliowgBW.sh-button-style-2 .sh-button:after {background-color: #000028;}#button-rdMliowgBW.sh-button-style-2 .sh-button:hover {color: #A72417;border: 1px solid #FFFFFF;}@media (max-width: 800px) {#button-rdMliowgBW {text-align: center;}}            <\/style>\r\n        [\/vc_column_inner][vc_column_inner width=&#8221;1\/4&#8243; overflow=&#8221;default&#8221; css_animation=&#8221;fadeIn&#8221; css_animation_delay=&#8221;0.2&#8243;]\r\n<div id=\"button-NLYD5J3rlR\" class=\"sh-button-container  sh-button-style-5\">\r\n\t<div class=\"sh-element-margin\">\r\n\t\t<a href=\"\/lv\/restorans\/\" data-rel=\"\" target=\"_self\" class=\"sh-button sh-button-xlarge \">\r\n\r\n\t\t\t\r\n\t\t\t\t\t\t\t<span class=\"sh-button-text\">\r\n\t\t\t\t\tRESTOR\u0100NS\t\t\t\t<\/span>\r\n\t\t\t\r\n\t\t\t\r\n\t\t<\/a>\r\n\t\t\t<\/div>\r\n<\/div>\r\n            <style type=\"text\/css\">\r\n                #button-NLYD5J3rlR .sh-button {background-color: #A72417BF;color: #FFFFFF;border: 2px solid transparent;border: 1px solid #FFFFFF;display: block!important;width: 100%;}#button-NLYD5J3rlR {text-align: center;}#button-NLYD5J3rlR:not(.sh-button-style-2) .sh-button:hover {background-color: #000028;color: #A72417;border: 1px solid #FFFFFF;}#button-NLYD5J3rlR.sh-button-style-2 .sh-button:after {background-color: #000028;}#button-NLYD5J3rlR.sh-button-style-2 .sh-button:hover {color: #A72417;border: 1px solid #FFFFFF;}@media (max-width: 800px) {#button-NLYD5J3rlR {text-align: center;}}            <\/style>\r\n        [\/vc_column_inner][vc_column_inner width=&#8221;1\/4&#8243; overflow=&#8221;default&#8221; css_animation=&#8221;fadeIn&#8221; css_animation_delay=&#8221;0.3&#8243;]\r\n<div id=\"button-8gVJxHCstK\" class=\"sh-button-container  sh-button-style-5\">\r\n\t<div class=\"sh-element-margin\">\r\n\t\t<a href=\"\/lv\/sefpavara-zale\/\" data-rel=\"\" target=\"_self\" class=\"sh-button sh-button-xlarge \">\r\n\r\n\t\t\t\r\n\t\t\t\t\t\t\t<span class=\"sh-button-text\">\r\n\t\t\t\t\t\u0160EFPAV\u0100RA Z\u0100LE\t\t\t\t<\/span>\r\n\t\t\t\r\n\t\t\t\r\n\t\t<\/a>\r\n\t\t\t<\/div>\r\n<\/div>\r\n            <style type=\"text\/css\">\r\n                #button-8gVJxHCstK .sh-button {background-color: #A72417BF;color: #FFFFFF;border: 2px solid transparent;border: 1px solid #FFFFFF;display: block!important;width: 100%;}#button-8gVJxHCstK {text-align: center;}#button-8gVJxHCstK:not(.sh-button-style-2) .sh-button:hover {background-color: #000028;color: #A72417;border: 1px solid #FFFFFF;}#button-8gVJxHCstK.sh-button-style-2 .sh-button:after {background-color: #000028;}#button-8gVJxHCstK.sh-button-style-2 .sh-button:hover {color: #A72417;border: 1px solid #FFFFFF;}@media (max-width: 800px) {#button-8gVJxHCstK {text-align: center;}}            <\/style>\r\n        [\/vc_column_inner][vc_column_inner width=&#8221;1\/4&#8243; overflow=&#8221;default&#8221; css_animation=&#8221;fadeIn&#8221; css_animation_delay=&#8221;0.4&#8243;]\r\n<div id=\"button-juyGecPhY8\" class=\"sh-button-container  sh-button-style-5\">\r\n\t<div class=\"sh-element-margin\">\r\n\t\t<a href=\"\/lv\/seminars\/\" data-rel=\"\" target=\"_self\" class=\"sh-button sh-button-xlarge \">\r\n\r\n\t\t\t\r\n\t\t\t\t\t\t\t<span class=\"sh-button-text\">\r\n\t\t\t\t\tSEMIN\u0100RS\t\t\t\t<\/span>\r\n\t\t\t\r\n\t\t\t\r\n\t\t<\/a>\r\n\t\t\t<\/div>\r\n<\/div>\r\n            <style type=\"text\/css\">\r\n                #button-juyGecPhY8 .sh-button {background-color: #A72417BF;color: #FFFFFF;border: 2px solid transparent;border: 1px solid #FFFFFF;display: block!important;width: 100%;}#button-juyGecPhY8 {text-align: center;}#button-juyGecPhY8:not(.sh-button-style-2) .sh-button:hover {background-color: #000028;color: #A72417;border: 1px solid #FFFFFF;}#button-juyGecPhY8.sh-button-style-2 .sh-button:after {background-color: #000028;}#button-juyGecPhY8.sh-button-style-2 .sh-button:hover {color: #A72417;border: 1px solid #FFFFFF;}@media (max-width: 800px) {#button-juyGecPhY8 {text-align: center;}}            <\/style>\r\n        [\/vc_column_inner][\/vc_row_inner][\/vc_column][\/vc_row][vc_section el_id=&#8221;koduleht-hero-section&#8221; css=&#8221;.vc_custom_1728672862926{background-image: url(https:\/\/wesset.ee\/wp-content\/uploads\/2020\/02\/wesset-hero.webp?id=11878) !important;background-position: center !important;background-repeat: no-repeat !important;background-size: cover !important;}&#8221; el_class=&#8221;text-center&#8221;][vc_row overflow=&#8221;default&#8221; el_id=&#8221;check-in-row&#8221;][vc_column shadow_for=&#8221;inner&#8221; overflow=&#8221;default&#8221;][vc_column_text css=&#8221;&#8221;]<div id='salbos-booking-row'>\n            <form action='' method='post' id='salbos-form'>\n                <div class='salbos-content'>\n                    <div class='salbos-block arrival-block'>\n                        <label>Iera\u0161an\u0101s<\/label>\n                        <input type='text' id='salbos-arrival' name='salbos-arrival' style='width: 100%;' readonly \/>\n                    <\/div>\n                    <div class='salbos-block departure-block'>\n                        <label>Izbrauk\u0161ana<\/label>\n                        <input type='text' id='salbos-departure' name='salbos-departure' style='width: 100%;' readonly \/>\n                    <\/div><div class='salbos-block guest-block'>\n                            <label>Viesi<\/label>\n                            <select id='salbos-guests' name='salbos-guests' style='width: 100%;'><option vlaue='1' >1<\/option><option vlaue='2' selected>2<\/option><option vlaue='3' >3<\/option><option vlaue='4' >4<\/option><option vlaue='5' >5<\/option><\/select>\n                        <\/div><div class='salbos-block salbos-promocode'>\n                            <label>Promo kods<\/label>\n                            <input type='text' id='salbos-promocode' name='salbos-promocode' style='width: 100%;' \/>\n                        <\/div><div class='salbos-btn-block'>\n                        <a href='https:\/\/booking.wesset.ee\/' target='_self' id='salbos-search-dates' class='button btn btn-primary' style='max-width: 227px;' data-lang='lv' data-url='https:\/\/booking.wesset.ee\/'>P\u0101rbaud\u012bt pieejam\u012bbu<\/a>\n                    <\/div>\n                <\/div>\n            <\/form>\n        <\/div>[\/vc_column_text][\/vc_column][\/vc_row][vc_row overflow=&#8221;default&#8221; el_class=&#8221;max-width-1200 padding-bottom-80&#8243;][vc_column width=&#8221;1\/2&#8243; overflow=&#8221;default&#8221; css=&#8221;.vc_custom_1730757469485{background-color: #FFFFFF !important;}&#8221; el_class=&#8221;hero-intro-text-inner wesset-box-shadow-natural&#8221;]\r\n<div class=\"sh-heading  \" id=\"heading-IMmpclVJvT\">\r\n\t<div class=\"sh-element-margin\">\r\n\r\n\t\t\r\n\t\t\t<h2 class=\"sh-heading-content size-default text-center\">\r\n\t\t\t\t&#8211; Villa Wesset &#8211;\t\t\t<\/h2>\r\n\r\n\t\t\r\n\t<\/div>\r\n<\/div>\r\n            <style type=\"text\/css\">\r\n                #heading-IMmpclVJvT .sh-element-margin {}#heading-IMmpclVJvT .sh-heading-content {font-weight: 700!important;}#heading-IMmpclVJvT .sh-heading-content,#heading-IMmpclVJvT .sh-heading-additional-text {}            <\/style>\r\n        \r\n<div id=\"divider-0I1O6f2MDd\" class=\"sh-divider sh-divider- sh-divider-content-icon_option\">\r\n\t\t\t<div class=\"sh-divider-content\">\r\n\t\t\t<span class=\"sh-divider-icon\">\r\n\t\t\t\t<i class=\"fa fa-wpexplorer\"><\/i>\t\t\t<\/span>\r\n\t\t<\/div>\r\n\t<\/div>\r\n            <style type=\"text\/css\">\r\n                #divider-0I1O6f2MDd {}#divider-0I1O6f2MDd .sh-divider-content:before,#divider-0I1O6f2MDd .sh-divider-content:after {border-top-width: 1px;margin-top: -1pxpx;border-top-style: solid;}#divider-0I1O6f2MDd .sh-divider-icon {color: #cccccc;}            <\/style>\r\n        [vc_column_text css=&#8221;&#8221;]Viesn\u012bca un restor\u0101ns ar vislab\u0101ko atra\u0161an\u0101s vietu P\u0113rn\u0101.<br><br>M\u0113s atrodamies pastaigas att\u0101lum\u0101 gan no centra, gan no pludmales. M\u016bsu m\u0101j\u012bgaj\u0101 atmosf\u0113r\u0101 varat r\u012bkot komandas pas\u0101kumus, baud\u012bt br\u012b\u017eus ar labiem draugiem, k\u0101 ar\u012b pa\u0146emt vieglu pusdienu vai vienk\u0101r\u0161i t\u0113joties ar gardu k\u016bku.[\/vc_column_text]\r\n<div id=\"button-23AcJF4O8K\" class=\"sh-button-container  sh-button-style-5\">\r\n\t<div class=\"sh-element-margin\">\r\n\t\t<a href=\"https:\/\/www.google.com\/maps\/place\/Villa+Wesset\/@58.3781722,24.499425,809m\/data=!3m2!1e3!4b1!4m9!3m8!1s0x46ecfd1a28cd0801:0xe1a9e8593e54a05b!5m2!4m1!1i2!8m2!3d58.3781722!4d24.499425!16s%2Fg%2F1v_0hg4n?entry=ttu&#038;g_ep=EgoyMDI0MTAwOC4wIKXMDSoASAFQAw%3D%3D\" data-rel=\"\" target=\"_blank\" class=\"sh-button sh-button-xlarge \" rel=\"noopener\">\r\n\r\n\t\t\t\r\n\t\t\t\t\t\t\t<span class=\"sh-button-text\">\r\n\t\t\t\t\tATRA\u0160AN\u0100S VIETA\t\t\t\t<\/span>\r\n\t\t\t\r\n\t\t\t\r\n\t\t<\/a>\r\n\t\t\t<\/div>\r\n<\/div>\r\n            <style type=\"text\/css\">\r\n                #button-23AcJF4O8K .sh-button {background-color: #FFFFFF;color: #A72417;border: 2px solid transparent;border: 1px solid #A72417;display: block!important;width: 100%;}#button-23AcJF4O8K {text-align: center;}#button-23AcJF4O8K .sh-element-margin {margin: 10px 0px 15px 0px;}#button-23AcJF4O8K:not(.sh-button-style-2) .sh-button:hover {background-color: #A72417;color: #FFFFFF;border: 1px solid #A72417;}#button-23AcJF4O8K.sh-button-style-2 .sh-button:after {background-color: #A72417;}#button-23AcJF4O8K.sh-button-style-2 .sh-button:hover {color: #FFFFFF;border: 1px solid #A72417;}@media (max-width: 800px) {#button-23AcJF4O8K {text-align: center;}}            <\/style>\r\n        \r\n<div id=\"button-ld3ybicxne\" class=\"sh-button-container  sh-button-style-5\">\r\n\t<div class=\"sh-element-margin\">\r\n\t\t<a href=\"\/lv\/parkesana\/\" data-rel=\"\" target=\"_self\" class=\"sh-button sh-button-xlarge \">\r\n\r\n\t\t\t\r\n\t\t\t\t\t\t\t<span class=\"sh-button-text\">\r\n\t\t\t\t\tAUTO ST\u0100V\u0112\u0160ANA\t\t\t\t<\/span>\r\n\t\t\t\r\n\t\t\t\r\n\t\t<\/a>\r\n\t\t\t<\/div>\r\n<\/div>\r\n            <style type=\"text\/css\">\r\n                #button-ld3ybicxne .sh-button {background-color: #FFFFFF;color: #A72417;border: 2px solid transparent;border: 1px solid #A72417;display: block!important;width: 100%;}#button-ld3ybicxne {text-align: center;}#button-ld3ybicxne .sh-element-margin {margin: 10px 0px 15px 0px;}#button-ld3ybicxne:not(.sh-button-style-2) .sh-button:hover {background-color: #A72417;color: #FFFFFF;border: 1px solid #FFFFFF;}#button-ld3ybicxne.sh-button-style-2 .sh-button:after {background-color: #A72417;}#button-ld3ybicxne.sh-button-style-2 .sh-button:hover {color: #FFFFFF;border: 1px solid #FFFFFF;}@media (max-width: 800px) {#button-ld3ybicxne {text-align: center;}}            <\/style>\r\n        [\/vc_column][vc_column width=&#8221;1\/4&#8243;][\/vc_column][vc_column width=&#8221;1\/4&#8243;][\/vc_column][\/vc_row][\/vc_section][vc_section full_width=&#8221;stretch_row&#8221; content_placement=&#8221;middle&#8221; el_class=&#8221;sundmused-intro-heading&#8221;][vc_row full_width=&#8221;stretch_row_content&#8221; max_width_alignment_mobile=&#8221;center&#8221; background_position=&#8221;center center&#8221; overflow=&#8221;default&#8221;][vc_column]\r\n<div class=\"sh-heading  \" id=\"heading-yhAq8RiDKB\">\r\n\t<div class=\"sh-element-margin\">\r\n\r\n\t\t\r\n\t\t\t<h2 class=\"sh-heading-content size-default text-center\">\r\n\t\t\t\tPas\u0101kumi Villa Wesset\t\t\t<\/h2>\r\n\r\n\t\t\r\n\t<\/div>\r\n<\/div>\r\n            <style type=\"text\/css\">\r\n                #heading-yhAq8RiDKB .sh-element-margin {}#heading-yhAq8RiDKB .sh-heading-content {font-weight: 400!important;color: #FFFFFF;}#heading-yhAq8RiDKB .sh-heading-content,#heading-yhAq8RiDKB .sh-heading-additional-text {}            <\/style>\r\n        [\/vc_column][\/vc_row][\/vc_section][vc_row full_width=&#8221;stretch_row_content&#8221; equal_height=&#8221;yes&#8221; content_placement=&#8221;middle&#8221; overflow=&#8221;default&#8221; css=&#8221;.vc_custom_1738609605743{border-top-width: 20px !important;border-top-style: solid !important;border-color: #A72417 !important;}&#8221;][vc_column css_animation=&#8221;none&#8221; width=&#8221;1\/2&#8243; overflow=&#8221;default&#8221; css=&#8221;.vc_custom_1730225247967{background: #00000000 url(https:\/\/wesset.ee\/wp-content\/uploads\/2024\/10\/yritusebg.webp?id=13996) !important;background-position: center !important;background-repeat: no-repeat !important;background-size: cover !important;}&#8221; padding_tablet=&#8221;100px 0px 100px 0px&#8221;][vc_row_inner content_placement=&#8221;middle&#8221; overflow=&#8221;default&#8221; css=&#8221;.vc_custom_1730229035765{background-color: #00000000 !important;}&#8221;][vc_column_inner el_class=&#8221;text-center&#8221; text_align_inline=&#8221;center&#8221; overflow=&#8221;default&#8221; css=&#8221;.vc_custom_1730228693264{background-color: #00000000 !important;}&#8221;]<div class=\"uritused\">\n    <div class=\"yritused-sise\">\n        <div class=\"sh-heading sh-heading-style1\">\n            <span class=\"pre-heading white-text\">Uued s\u00fcndmused, uued elamused<\/span>\n            <h2 class=\"sh-heading-content cta-title\">\u00c4RA J\u00c4\u00c4 ILMA!<\/h2>\n        <\/div>\n        <div class=\"cta-description\">\n            <p class=\"white-text\">Telli meie uudiskiri ja ole esimene, kes kuuleb meie uue s\u00fcndmuste sarja kohta.<\/p>\n        <\/div>\n    <\/div>\n    <div class=\"cta-form-container\">\n        \n<div class=\"wpcf7 no-js\" id=\"wpcf7-f15557-o1\" lang=\"lv-LV\" dir=\"ltr\" data-wpcf7-id=\"15557\">\n<div class=\"screen-reader-response\"><p role=\"status\" aria-live=\"polite\" aria-atomic=\"true\"><\/p> <ul><\/ul><\/div>\n<form action=\"\/lv\/wp-json\/wp\/v2\/pages\/12581#wpcf7-f15557-o1\" method=\"post\" class=\"wpcf7-form init\" aria-label=\"Contact form\" novalidate=\"novalidate\" data-status=\"init\">\n<fieldset class=\"hidden-fields-container\"><input type=\"hidden\" name=\"_wpcf7\" value=\"15557\" \/><input type=\"hidden\" name=\"_wpcf7_version\" value=\"6.1.5\" \/><input type=\"hidden\" name=\"_wpcf7_locale\" value=\"lv_LV\" \/><input type=\"hidden\" name=\"_wpcf7_unit_tag\" value=\"wpcf7-f15557-o1\" \/><input type=\"hidden\" name=\"_wpcf7_container_post\" value=\"0\" \/><input type=\"hidden\" name=\"_wpcf7_posted_data_hash\" value=\"\" \/>\n<\/fieldset>\n<div class=\"sh-cf7-body\"><div class=\"smaily-subscription-form\">\r\n    <span class=\"wpcf7-form-control-wrap\" data-name=\"your-email\"><input size=\"40\" maxlength=\"400\" class=\"wpcf7-form-control wpcf7-email wpcf7-validates-as-required wpcf7-text wpcf7-validates-as-email\" autocomplete=\"email\" aria-required=\"true\" aria-invalid=\"false\" placeholder=\"J\u016bsu lab\u0101k\u0101 e-pasta adrese...\" value=\"\" type=\"email\" name=\"your-email\" \/><\/span>\r\n    <input class=\"wpcf7-form-control wpcf7-submit has-spinner sh-button urituse-btn width-100 sh-button-xlarge sh-button-icon-left\" type=\"submit\" value=\"ABON\u0112T JAUNUMIEM\" \/>\r\n<\/div><\/div><div class=\"wpcf7-response-output\" aria-hidden=\"true\"><\/div>\n<\/form>\n<\/div>\n    <\/div>\n<\/div> [\/vc_column_inner][\/vc_row_inner][\/vc_column][vc_column width=&#8221;1\/2&#8243; max_width_alignment_mobile=&#8221;center&#8221; shadow=&#8221;shadow1&#8243; overflow=&#8221;default&#8221; css=&#8221;.vc_custom_1738609619874{padding-top: 145px !important;padding-bottom: 145px !important;background-position: 0 0 !important;background-repeat: no-repeat !important;}&#8221; padding_tablet=&#8221;70px 40px 70px 40px&#8221;][vc_column_text css=&#8221;&#8221;]N\u0101kamie pas\u0101kumi un aktivit\u0101tes Villa Wesset\u0101 [\/vc_column_text]        <div class=\"jc-grid jc-grid--minimal-vert\"  style=\"--jc-mini-gap:12px;--jc-mini-clamp:2\">\n                            <a class=\"jc-mini-vert\" href=\"https:\/\/wesset.ee\/lv\/sundmused\/naistepaeva-brunch\/\">\n                    <div class=\"jc-mini-vert__thumb\">\n                                                    <img decoding=\"async\" src=\"https:\/\/wesset.ee\/wp-content\/uploads\/2026\/02\/brunch-7-200x300.webp\" alt=\"Naistep\u00e4eva Brunch Villa Wessetis &#8211; t\u00e4hista p\u00e4eva maitsete ja lilledega!\" loading=\"lazy\">\n                                            <\/div>\n                    <div class=\"jc-mini-vert__info\">\n                        <div class=\"jc-mini-vert__title\">Naistep\u00e4eva Brunch Villa Wessetis &#8211; t\u00e4hista p\u00e4eva maitsete ja lilledega!<\/div>\n                        <div class=\"jc-mini-vert__meta\">\n                                                    <\/div>\n                    <\/div>\n                <\/a>\n                            <a class=\"jc-mini-vert\" href=\"https:\/\/wesset.ee\/lv\/pasakumi\/vakarinas-tumsa\/\">\n                    <div class=\"jc-mini-vert__thumb\">\n                                                    <img decoding=\"async\" src=\"https:\/\/wesset.ee\/wp-content\/uploads\/2025\/01\/pimeohtusook_2024-1-300x169.webp\" alt=\"Vakari\u0146as tums\u0101\" loading=\"lazy\">\n                                            <\/div>\n                    <div class=\"jc-mini-vert__info\">\n                        <div class=\"jc-mini-vert__title\">Vakari\u0146as tums\u0101<\/div>\n                        <div class=\"jc-mini-vert__meta\">\n                                                    <\/div>\n                    <\/div>\n                <\/a>\n                    <\/div>\n\n                    <div class=\"jc-grid__more\">\n                <a class=\"jc-btn jc-btn--outline\" href=\"https:\/\/wesset.ee\/lv\/sundmused\/\">\n                    K\u00f5ik s\u00fcndmused                <\/a>\n            <\/div>\n        \n    [\/vc_column][\/vc_row]<\/div>","protected":false},"excerpt":{"rendered":"[vc_row gap=&#8221;15&#8243; content_placement=&#8221;middle&#8221; overflow=&#8221;default&#8221; el_class=&#8221;homepage-hero-intro&#8221; css=&#8221;.vc_custom_1737990934600{border-bottom-width: 20px !important;padding-right: 50px !important;padding-bottom: 20px !important;padding-left: 50px !important;background-image: url(https:\/\/wesset.ee\/wp-content\/uploads\/2024\/09\/VillaWesset-roosid.webp?id=6970)&#8230;","protected":false},"author":1,"featured_media":16708,"parent":0,"menu_order":0,"comment_status":"closed","ping_status":"closed","template":"","meta":{"footnotes":""},"class_list":["post-12581","page","type-page","status-publish","has-post-thumbnail","hentry"],"_links":{"self":[{"href":"https:\/\/wesset.ee\/lv\/wp-json\/wp\/v2\/pages\/12581","targetHints":{"allow":["GET"]}}],"collection":[{"href":"https:\/\/wesset.ee\/lv\/wp-json\/wp\/v2\/pages"}],"about":[{"href":"https:\/\/wesset.ee\/lv\/wp-json\/wp\/v2\/types\/page"}],"author":[{"embeddable":true,"href":"https:\/\/wesset.ee\/lv\/wp-json\/wp\/v2\/users\/1"}],"replies":[{"embeddable":true,"href":"https:\/\/wesset.ee\/lv\/wp-json\/wp\/v2\/comments?post=12581"}],"version-history":[{"count":0,"href":"https:\/\/wesset.ee\/lv\/wp-json\/wp\/v2\/pages\/12581\/revisions"}],"wp:featuredmedia":[{"embeddable":true,"href":"https:\/\/wesset.ee\/lv\/wp-json\/wp\/v2\/media\/16708"}],"wp:attachment":[{"href":"https:\/\/wesset.ee\/lv\/wp-json\/wp\/v2\/media?parent=12581"}],"curies":[{"name":"wp","href":"https:\/\/api.w.org\/{rel}","templated":true}]}}