{"id":22101,"date":"2025-02-15T16:32:55","date_gmt":"2025-02-15T14:32:55","guid":{"rendered":"https:\/\/wesset.ee\/projekti-lyhytkuvaus\/"},"modified":"2025-02-15T16:52:14","modified_gmt":"2025-02-15T14:52:14","slug":"projekti-lyhytkuvaus","status":"publish","type":"page","link":"https:\/\/wesset.ee\/fi\/projekti-lyhytkuvaus\/","title":{"rendered":"Projektin lyhyt kuvaus"},"content":{"rendered":"<div class=\"wpb-content-wrapper\">[vc_row overflow=&#8221;default&#8221; css=&#8221;.vc_custom_1738775177840{margin-top: 50px !important;margin-bottom: 50px !important;}&#8221;][vc_column][vc_column_text css=&#8221;&#8221;]<strong>Projektin lyhyt kuvaus<\/strong>\r\n\r\nProjektin &#8220;Villa Wessetin nollakustannusperiaatteella toimivan p\u00e4\u00e4ruokasalin&#8221; yhteydess\u00e4 avaamme p\u00e4\u00e4ruokasalin, joka noudattaa zero\u2011waste -ajattelutapaa, jossa tarjoamme paikallisista raaka-aineista valmistetun menun, jonka tavoitteena on hy\u00f6dynt\u00e4\u00e4 &#8220;nen\u00e4st\u00e4 h\u00e4nt\u00e4\u00e4n&#8221; -periaatetta. J\u00e4rjest\u00e4mme ty\u00f6pajoja, joissa opetamme, miten uudelleen hy\u00f6dynnettyj\u00e4 materiaaleja tai luonnon resursseja voi k\u00e4ytt\u00e4\u00e4 j\u00e4nnitt\u00e4vien asioiden luomiseen. Lis\u00e4ksi luomme hotellin vastaanottoon makeiskaupan, jonka erityispiirteen\u00e4 on Rube Goldbergin keksim\u00e4ll\u00e4 periaatteella toimiva makeiskone.\r\n\r\n<strong>Tavoite ja tulos<\/strong>\r\n\r\nLuomalla p\u00e4\u00e4ruokasalin, joka toimii nollakustannusperiaatteella, pident\u00e4mme sesonkiaikaa, kunnioitamme historiaa elvytt\u00e4m\u00e4ll\u00e4 entisen makeistehtaan ty\u00f6ntekij\u00e4n Elias Wessetin tarinaa, tuemme yhteis\u00f6\u00e4 hy\u00f6dynt\u00e4m\u00e4ll\u00e4 paikallisia raaka-aineita ja luomme yritykselle hy\u00f6ty\u00e4 uusien palveluiden avulla, jotka lis\u00e4\u00e4v\u00e4t tuloja ja edist\u00e4v\u00e4t toistuvia k\u00e4yntej\u00e4.\r\n\r\nTuen ohjelman rahoittaa Euroopan aluekehitysrahasto osana EU:n vastausta COVID\u201119\u2011pandemiaan.\r\n\r\nTuen suuruus on 158 720,45 euroa.[\/vc_column_text][vc_single_image image=&#8221;22089&#8243; img_size=&#8221;large&#8221; alignment=&#8221;center&#8221; css=&#8221;&#8221;][\/vc_column][\/vc_row]<\/div>","protected":false},"excerpt":{"rendered":"Projektin &#8220;Villa Wessetin nollakustannusperiaatteella toimivan p\u00e4\u00e4ruokasalin&#8221; yhteydess\u00e4 avoimen p\u00e4\u00e4ruokasalin tavoitteena on hy\u00f6dynt\u00e4\u00e4 &#8220;nen\u00e4st\u00e4 h\u00e4nt\u00e4\u00e4n&#8221; -periaatetta.","protected":false},"author":1,"featured_media":22091,"parent":0,"menu_order":0,"comment_status":"closed","ping_status":"closed","template":"","meta":{"footnotes":""},"class_list":["post-22101","page","type-page","status-publish","has-post-thumbnail","hentry"],"_links":{"self":[{"href":"https:\/\/wesset.ee\/fi\/wp-json\/wp\/v2\/pages\/22101","targetHints":{"allow":["GET"]}}],"collection":[{"href":"https:\/\/wesset.ee\/fi\/wp-json\/wp\/v2\/pages"}],"about":[{"href":"https:\/\/wesset.ee\/fi\/wp-json\/wp\/v2\/types\/page"}],"author":[{"embeddable":true,"href":"https:\/\/wesset.ee\/fi\/wp-json\/wp\/v2\/users\/1"}],"replies":[{"embeddable":true,"href":"https:\/\/wesset.ee\/fi\/wp-json\/wp\/v2\/comments?post=22101"}],"version-history":[{"count":0,"href":"https:\/\/wesset.ee\/fi\/wp-json\/wp\/v2\/pages\/22101\/revisions"}],"wp:featuredmedia":[{"embeddable":true,"href":"https:\/\/wesset.ee\/fi\/wp-json\/wp\/v2\/media\/22091"}],"wp:attachment":[{"href":"https:\/\/wesset.ee\/fi\/wp-json\/wp\/v2\/media?parent=22101"}],"curies":[{"name":"wp","href":"https:\/\/api.w.org\/{rel}","templated":true}]}}