{"id":15711,"date":"2024-11-06T22:09:48","date_gmt":"2024-11-06T20:09:48","guid":{"rendered":"https:\/\/wesset.ee\/?page_id=15711"},"modified":"2025-02-12T17:08:17","modified_gmt":"2025-02-12T15:08:17","slug":"tietosuojaseloste-hotellivieraille","status":"publish","type":"page","link":"https:\/\/wesset.ee\/fi\/tietosuojaseloste-hotellivieraille\/","title":{"rendered":"Tietosuojaseloste hotellivieraille"},"content":{"rendered":"<div class=\"wpb-content-wrapper\">[vc_row overflow=&#8221;default&#8221; css=&#8221;.vc_custom_1738769876328{margin-top: 50px !important;margin-bottom: 50px !important;}&#8221; el_class=&#8221;hotel-terms&#8221;][vc_column]\r\n<div class=\"sh-heading  \" id=\"heading-ktjun1JSCV\">\r\n\t<div class=\"sh-element-margin\">\r\n\r\n\t\t\r\n\t\t\t<h1 class=\"sh-heading-content size-default text-center\">\r\n\t\t\t\tTietosuojaseloste hotellivieraille\t\t\t<\/h1>\r\n\r\n\t\t\r\n\t<\/div>\r\n<\/div>\r\n            <style type=\"text\/css\">\r\n                #heading-ktjun1JSCV .sh-element-margin {margin: 0px 0px 35px 0px;}#heading-ktjun1JSCV .sh-heading-content {font-weight: 700!important;}#heading-ktjun1JSCV .sh-heading-content,#heading-ktjun1JSCV .sh-heading-additional-text {}            <\/style>\r\n        [vc_column_text css=&#8221;&#8221;]Hotelli Wesset O\u00dc (j\u00e4ljemp\u00e4n\u00e4 \u201cme\u201d) arvostaa suuresti jokaisen asiakkaansa (j\u00e4ljemp\u00e4n\u00e4 \u201csinua\u201d) yksityisyytt\u00e4. T\u00e4ss\u00e4 tietosuojaselosteessa selit\u00e4mme, mit\u00e4 tietoja ker\u00e4\u00e4mme sinusta, miksi teemme niin ja mit\u00e4 teemme tiedoillasi.[\/vc_column_text][vc_toggle title=&#8221;KEIT\u00c4 ME OLEMME?&#8221; style=&#8221;arrow&#8221; css=&#8221;&#8221;]P\u00e4rnun parhaalla sijainnilla varustettu vieh\u00e4tt\u00e4v\u00e4 hotelli. Villa Wesset sijaitsee vilkkaalla p\u00e4\u00e4kadulla l\u00e4hell\u00e4 rantaa, vain muutaman sadan metrin p\u00e4\u00e4ss\u00e4 rannasta ja k\u00e4velymatkan p\u00e4\u00e4ss\u00e4 keskustasta. Hotelli valmistui vuonna 2007 ja sis\u00e4lt\u00e4\u00e4 36 ainutlaatuisesti sisustettua huonetta. Rakennuksen historiallinen tausta n\u00e4kyy vanhoissa narisevissa portaissa, tyylikk\u00e4iss\u00e4 puisissa holvioksissa, avoimessa foyessa ja kaarevilla ikkunoilla. Hotellin alakerroksessa on \u00e0 la carte -ravintola, jossa on viihtyis\u00e4 sisustus ja herkulliset ruokalajit.\r\n\r\nK\u00e4yt\u00e4mme tarvittavia teknisi\u00e4, fyysisi\u00e4 ja organisatorisia turvatoimia suojellaksemme henkil\u00f6tietojasi katoamiselta, tuhoutumiselta ja luvattomalta p\u00e4\u00e4sylt\u00e4.\r\n\r\nJos sinulla on kysytt\u00e4v\u00e4\u00e4 t\u00e4ss\u00e4 tietosuojaselosteessa esitetyst\u00e4 tiedosta, ota yhteytt\u00e4:\u00a0<a href=\"mailto:info@wesset.ee\">info@wesset.ee<\/a>.[\/vc_toggle][vc_toggle title=&#8221;MIT\u00c4 TIETOA KER\u00c4\u00c4MME SINUST JA MIST\u00c4 SAAMME NE?&#8221; style=&#8221;arrow&#8221; css=&#8221;&#8221;]Ker\u00e4\u00e4mme sinusta seuraavia tietoja:\r\n<ul>\r\n \t<li><em>henkil\u00f6tiedot<\/em>: kuten etu- ja sukunimi, syntym\u00e4aika\/henkil\u00f6tunnus<\/li>\r\n \t<li><em>yhteystiedot<\/em>: kuten asuinosoitteesi, puhelinnumerosi, s\u00e4hk\u00f6postiosoitteesi<\/li>\r\n \t<li><em>vieraskortin tiedot<\/em>: n\u00e4m\u00e4 ovat majoituslakiin perustuvia tietoja majoitusliikkeen vieraasta \u2013 esim. kansalaisuus, vieraaseen liittyv\u00e4n puolisos tai alaik\u00e4isen tiedot, syntym\u00e4aika sek\u00e4 kansalaisuus, majoituspalvelun tarjoamisen aika jne.<\/li>\r\n \t<li><em>luottokorttitiedot<\/em>: kuten kortin numero, kortinhaltijan nimi, voimassaoloaika<\/li>\r\n \t<li><em>turvakameran tallenteet<\/em> \u2013 jos vierailet majoituksessamme tai muissa tiloissa, joissa turvallisuussyist\u00e4 on k\u00e4yt\u00f6ss\u00e4 videovalvonta tai muut elektroniset\/digitaaliset seurantaj\u00e4rjestelm\u00e4t tai laitteet<\/li>\r\n \t<li><em>tiedot henkil\u00f6kohtaisista mieltymyksist\u00e4<\/em>: kuten huonetyyppi, n\u00e4kym\u00e4 kaupunkiin, lemmikki jne.<\/li>\r\n<\/ul>\r\nYleisesti saamme tiedot suoraan sinulta, kun teet varauksen tai kyselyn verkkosivujemme kautta\u00a0<a href=\"https:\/\/wesset.ee\/fi\/\">wesset.ee<\/a>, puhelimitse tai s\u00e4hk\u00f6postitse tai kun ostat palveluja k\u00e4ym\u00e4ll\u00e4 meill\u00e4 paikan p\u00e4\u00e4ll\u00e4.\r\n\r\nMy\u00f6s matkatoimistot, varauspalvelut ja muut majoituspalvelujen v\u00e4litykseen osallistuvat tahot toimittavat tietosi meille, kun olet tilannut majoituksen ja\/tai muita palveluja meilt\u00e4. Jos emme ole saaneet tietoja suoraan sinulta, l\u00e4het\u00e4mme tietosuojaselosteen sinulle mahdollisimman pian tietojen saapumisen j\u00e4lkeen.[\/vc_toggle][vc_toggle title=&#8221;MIKSI TARVIMME TIETOJASI? MIT\u00c4 TAPAHTUU, JOS ET ANNA TIETOJA?&#8221; style=&#8221;arrow&#8221; css=&#8221;&#8221;]K\u00e4yt\u00e4mme tietojasi tarjotaksemme sinulle tilaamiasi majoitus- ja\/tai muita palveluja, sek\u00e4 t\u00e4ytt\u00e4\u00e4ksemme toimintamme s\u00e4\u00e4televien lakien asettamat velvoitteet ja yleiset liiketoimintatarkoitukset, kuten esimerkiksi:\r\n<ul>\r\n \t<li><em>henkil\u00f6tiedot<\/em> \u2013 tarvitsemme n\u00e4it\u00e4 tietoja henkil\u00f6llisyytesi varmentamiseksi, mik\u00e4 on olennaista, jotta palvelu voidaan tarjota sinulle, joka sen todella tilasit<\/li>\r\n \t<li><em>yhteystiedot<\/em> \u2013 tarvitsemme n\u00e4it\u00e4 tietoja ottaaksemme sinuun yhteytt\u00e4. Otamme yhteytt\u00e4 p\u00e4\u00e4asiassa puhelimitse tai s\u00e4hk\u00f6postitse, mutta tietyiss\u00e4 tapauksissa asuinosoitteesi saattaa olla tarpeen (esim. jos muita yhteydenpitokeinoja ei ole saatavilla).<\/li>\r\n \t<li><em>vieraskortin tiedot<\/em> \u2013 meid\u00e4n on kysytt\u00e4v\u00e4 n\u00e4it\u00e4 tietoja matkailulain mukaisesti. Tavoitteena on ehk\u00e4ist\u00e4 riskej\u00e4, kuten esimerkiksi laittoman maahanmuuton uhkaa.<\/li>\r\n \t<li><em>luottokorttitiedot<\/em> \u2013 tarvitsemme n\u00e4it\u00e4 tietoja, jos hotellimme sis\u00e4isten s\u00e4\u00e4nt\u00f6jen ja majoituspalvelusopimuksen perusteella meill\u00e4 on oikeus pid\u00e4tt\u00e4\u00e4 tietty summa luottokortiltasi tilaamiesi palvelujen maksua tai kuluja vastaan.<\/li>\r\n \t<li><em>tiedot henkil\u00f6kohtaisista mieltymyksist\u00e4<\/em> \u2013 jos pyyd\u00e4mme n\u00e4it\u00e4 tietoja tai jos annat niit\u00e4 meille vapaaehtoisesti, k\u00e4yt\u00e4mme niit\u00e4 tarjotaksemme sinulle parempaa palvelua, joka perustuu toiveisiisi ja kiinnostuksiisi.<\/li>\r\n<\/ul>\r\nJos et anna meille vieraskortin tietoja, emme pysty tarjoamaan sinulle majoituspalvelua.[\/vc_toggle][vc_toggle title=&#8221;MIK\u00c4LLE OIKEUSPERUSTEELLE ME K\u00c4SITTELEMME TIETOJASI?&#8221; style=&#8221;arrow&#8221; css=&#8221;&#8221;]Henkil\u00f6tietojesi k\u00e4sittelyss\u00e4 nojaamme erilaisiin oikeusperusteisiin:\r\n<ul>\r\n \t<li>tarve luoda kanssasi sopimussuhde tai t\u00e4ytt\u00e4\u00e4 kanssasi solmittu sopimus<\/li>\r\n \t<li>suostumuksesi \u2013 jos k\u00e4sittelemme henkil\u00f6tietojasi suostumuksesi perusteella, tied\u00e4 ett\u00e4 sinulla on oikeus peruuttaa suostumuksesi milloin tahansa<\/li>\r\n \t<li>tarve t\u00e4ytt\u00e4\u00e4 lain asettamat velvoitteet (esim. vieraskortin t\u00e4ytt\u00e4minen ja s\u00e4ilytt\u00e4minen 2 vuoden ajan)<\/li>\r\n \t<li>tarve toteuttaa oikeutettuja etujamme, mukaan lukien yrityksen hallinnointi ja yleinen liiketoiminta; lainrikkomusten ja petosten havaitseminen<\/li>\r\n \t<li>tarve suojella sinua tai kenen tahansa muun elint\u00e4rkeit\u00e4 etuja (esim. tietojesi luovuttaminen h\u00e4t\u00e4tilanteessa ensihoitajille)<\/li>\r\n \t<li>muilla laissa sallituilla perusteilla.<\/li>\r\n<\/ul>\r\n[\/vc_toggle][vc_toggle title=&#8221;KENEN KANSSA JAAMME TIETOSI?&#8221; style=&#8221;arrow&#8221; css=&#8221;&#8221;]Emme jaa sinulta meille luottamiasi tietoja, paitsi rajoitetuissa tapauksissa, jotka on kuvattu alla ja jos se on tarpeen t\u00e4m\u00e4n tietosuojaselosteen tavoitteiden saavuttamiseksi:\r\n<ul>\r\n \t<li>Meid\u00e4n tyt\u00e4ryhti\u00f6mme: voimme jakaa henkil\u00f6tietojasi tyt\u00e4ryhti\u00f6idemme kanssa, jotka kaikki sijaitsevat Euroopan unionissa.<\/li>\r\n \t<li>Palveluntarjoajat: kuten monet muut yritykset, voimme tilata tietojenk\u00e4sittelypalveluja luotettavilta kolmansilta osapuolilta, esimerkiksi IT- ja konsultointipalveluita;<\/li>\r\n \t<li>Julkiset viranomaiset ja hallintoelimet: voimme jakaa tietoja viranomaisille, jos laki meid\u00e4t siihen velvoittaa tai jos tietojen jakaminen on tarpeen oikeuksiemme suojaamiseksi;<\/li>\r\n \t<li>Ammatilliset neuvonantajat ja muut: voimme jakaa tietojasi ammattimaisille neuvonantajille, kuten tilintarkastajille, lakimiehille, kirjanpit\u00e4jille ja muille konsulttipalveluita tarjoaville tahoille;<\/li>\r\n \t<li>Kolmannet osapuolet yrityskauppoihin liittyen: ajoittain voimme jakaa tietojasi kolmansien osapuolien kanssa yrityskaupan, esimerkiksi yrityksen tai sen osan myynnin yhteydess\u00e4 toiselle yritykselle. T\u00e4m\u00e4 koskee my\u00f6s yritysj\u00e4rjestelyj\u00e4, yhteisyrityksen perustamista, fuusioita tai muuta yrityksen omaisuuden uudelleenj\u00e4rjestely\u00e4.<\/li>\r\n<\/ul>\r\nJos jaamme tietojasi edell\u00e4 mainittujen tahojen kanssa, varmistamme tietojesi suojan tekem\u00e4ll\u00e4 asianmukaisen tietojenk\u00e4sittelysopimuksen.\r\n\r\nEmme s\u00e4ilyt\u00e4 emmek\u00e4 siirr\u00e4 henkil\u00f6tietojasi Euroopan talousalueen ulkopuolelle tai maihin, joissa ei ole tehty riitt\u00e4vyysp\u00e4\u00e4t\u00f6st\u00e4 direktiivin 95\/46\/EY tai asetuksen (EU) 2016\/679 perusteella.[\/vc_toggle][vc_toggle title=&#8221;KUINKA PITK\u00c4\u00c4N S\u00c4ILYT\u00c4MME TIETOJASI?&#8221; style=&#8221;arrow&#8221; css=&#8221;&#8221;]S\u00e4ilyt\u00e4mme tietojasi niin kauan, kun se on tarpeen eri tietojenk\u00e4sittelyn tavoitteiden toteuttamiseksi.\r\n\r\nYritys noudattaa seuraavia kriteerej\u00e4 henkil\u00f6tietojen s\u00e4ilytt\u00e4misess\u00e4:\r\n<ul>\r\n \t<li>niin kauan kuin on tarpeen s\u00e4ilytt\u00e4\u00e4 henkil\u00f6tietoja palveluidemme tarjoamista varten<\/li>\r\n \t<li>jos asiakkaalla on yrityksess\u00e4 asiakastili tai asiakaskortti, s\u00e4ilyt\u00e4mme henkil\u00f6tietoja koko tilin\/kortin aktiivisuusajan tai niin kauan kuin palvelujen tarjoaminen edellytt\u00e4\u00e4<\/li>\r\n \t<li>jos yrityksell\u00e4 on laillinen, sopimuksellinen tai muu vastaava velvoite s\u00e4ilytt\u00e4\u00e4 henkil\u00f6tietoja, s\u00e4ilyt\u00e4mme niit\u00e4 niin kauan kuin sit\u00e4 tarvitaan kyseisen velvoitteen t\u00e4ytt\u00e4miseksi<\/li>\r\n \t<li>sopimussuhteen p\u00e4\u00e4ttymisen j\u00e4lkeen s\u00e4ilyt\u00e4mme tiettyj\u00e4 tietoja niin kauan, kuin asiakkaalla (rekister\u00f6idyll\u00e4) tai yrityksell\u00e4 on oikeus esitt\u00e4\u00e4 vaatimuksia toista osapuolta vastaan<\/li>\r\n<\/ul>\r\nVieraskortin tietoja s\u00e4ilyt\u00e4mme matkailulain vaatimusten mukaisesti 2 vuotta kortin t\u00e4ytt\u00e4misest\u00e4.\r\n\r\nLuottokorttitietoja s\u00e4ilyt\u00e4mme vain niin kauan, kunnes majoituspalvelusopimuksemme on asianmukaisesti t\u00e4ytetty.\r\n\r\nJos olet antanut meille suostumuksen suoramarkkinointimateriaalien l\u00e4hett\u00e4miseksi, s\u00e4ilyt\u00e4mme yhteystietojasi niin kauan, kunnes peruutat suostumuksesi.[\/vc_toggle][vc_toggle title=&#8221;MITK\u00c4 OIKEUTESI OLEVAT HENKIL\u00d6TIETOIHISI LIITTYEN?&#8221; style=&#8221;arrow&#8221; css=&#8221;&#8221;]Sinulla on rekister\u00f6idyn\u00e4 seuraavat oikeudet:\r\n<ol>\r\n \t<li><em>Oikeus tietojen tarkasteluun<\/em> \u2013 sinulla on oikeus tiet\u00e4\u00e4, mit\u00e4 tietoja sinusta s\u00e4ilytet\u00e4\u00e4n ja miten niit\u00e4 k\u00e4sitell\u00e4\u00e4n.<\/li>\r\n \t<li><em>Oikeus tietojen oikaisuun<\/em> \u2013 sinulla on oikeus vaatia, ett\u00e4 virheelliset henkil\u00f6tietosi korjataan.<\/li>\r\n \t<li><em>Oikeus tietojen poistamiseen (\u201coikeus tulla unohdetuksi\u201d)<\/em> \u2013 tietyiss\u00e4 tilanteissa sinulla on oikeus vaatia, ett\u00e4 poistamme henkil\u00f6tietosi (esim. jos tietoja ei en\u00e4\u00e4 tarvita tai jos ved\u00e4t antamasi suostumuksen takaisin).<\/li>\r\n \t<li><em>Oikeus tietojen k\u00e4sittelyn rajoittamiseen<\/em> \u2013 tietyiss\u00e4 tilanteissa sinulla on oikeus est\u00e4\u00e4 tai rajoittaa henkil\u00f6tietojesi k\u00e4sittely\u00e4 tietyn ajan (esim. jos olet esitt\u00e4nyt vastalauseen).<\/li>\r\n \t<li><em>Oikeus vastustella<\/em> \u2013 tilanteesta riippuen sinulla on oikeus vastustella henkil\u00f6tietojesi k\u00e4sittely\u00e4, mik\u00e4li se perustuu yrityksemme oikeutettuihin tai yleisiin etuihin. Voit vastustella tietojesi k\u00e4sittely\u00e4 suoramarkkinointitarkoituksiin milloin tahansa.<\/li>\r\n \t<li><em>Oikeus tietojen siirrett\u00e4vyyteen<\/em> \u2013 sinulla on oikeus vaatia, ett\u00e4 meille toimittamasi tiedot siirret\u00e4\u00e4n sinulle koneellisesti luettavassa muodossa. Voit my\u00f6s vaatia, ett\u00e4 tiedot siirret\u00e4\u00e4n suoraan toiselle vastuulliselle rekisterinpit\u00e4j\u00e4lle, mutta vain, jos se on teknisesti mahdollista. T\u00e4m\u00e4 oikeus koskee vain tietoja, joita k\u00e4sittelemme suostumuksesi tai kanssasi solmitun sopimuksen t\u00e4ytt\u00e4miseksi.<\/li>\r\n \t<li><em>Oikeus olla joutumatta pelk\u00e4st\u00e4\u00e4n automatisoidun p\u00e4\u00e4t\u00f6ksenteon kohteeksi (mukaan lukien profilointi)<\/em> \u2013 jos sinua on informoitu, ett\u00e4 toteutamme automatisoitua tietojenk\u00e4sittely\u00e4 (mukaan lukien profilointia), joka vaikuttaa sinuun oikeudellisesti tai merkitt\u00e4v\u00e4sti, sinulla on oikeus vaatia, ettei p\u00e4\u00e4t\u00f6st\u00e4 tehd\u00e4 pelk\u00e4st\u00e4\u00e4n automatisoidun k\u00e4sittelyn perusteella.<\/li>\r\n<\/ol>\r\nJos sinulla on kysytt\u00e4v\u00e4\u00e4 t\u00e4ss\u00e4 selosteessa esitetyst\u00e4 tiedosta tai haluat tehd\u00e4 pyynn\u00f6n rekister\u00f6idyn oikeuksien k\u00e4ytt\u00e4miseksi, ota yhteytt\u00e4 s\u00e4hk\u00f6postitse osoitteeseen info@wesset.ee.\r\n\r\nTeemme parhaamme vastataksemme pyynt\u00f6ihisi ja toiveisiisi viipym\u00e4tt\u00e4 ja veloituksetta, paitsi tilanteissa, joissa kustannukset ovat kohtuuton. Jos et ole tyytyv\u00e4inen antamaamme vastaukseen, sinulla on mahdollisuus tehd\u00e4 valitus Tietosuojaviranomaiselle.[\/vc_toggle][vc_column_text css=&#8221;&#8221;]<strong>Hotell Wesset O\u00dc<\/strong>\r\nSupeluse 26, P\u00e4rnu, Viro\r\nRekisterinro: 12956927\r\n\r\n<strong>Tel:<\/strong> +372 56 460 500\r\n<strong>S\u00e4hk\u00f6posti:<\/strong>\u00a0info@wesset.ee\r\n\r\n<em>Viimeksi p\u00e4ivitetty: 13.07.2018<\/em>[\/vc_column_text][\/vc_column][\/vc_row]<\/div>","protected":false},"excerpt":{"rendered":"Villa Wesset -hotellin vieraiden tietosuojaseloste.","protected":false},"author":1,"featured_media":0,"parent":0,"menu_order":0,"comment_status":"closed","ping_status":"closed","template":"","meta":{"footnotes":""},"class_list":["post-15711","page","type-page","status-publish","hentry"],"_links":{"self":[{"href":"https:\/\/wesset.ee\/fi\/wp-json\/wp\/v2\/pages\/15711","targetHints":{"allow":["GET"]}}],"collection":[{"href":"https:\/\/wesset.ee\/fi\/wp-json\/wp\/v2\/pages"}],"about":[{"href":"https:\/\/wesset.ee\/fi\/wp-json\/wp\/v2\/types\/page"}],"author":[{"embeddable":true,"href":"https:\/\/wesset.ee\/fi\/wp-json\/wp\/v2\/users\/1"}],"replies":[{"embeddable":true,"href":"https:\/\/wesset.ee\/fi\/wp-json\/wp\/v2\/comments?post=15711"}],"version-history":[{"count":0,"href":"https:\/\/wesset.ee\/fi\/wp-json\/wp\/v2\/pages\/15711\/revisions"}],"wp:attachment":[{"href":"https:\/\/wesset.ee\/fi\/wp-json\/wp\/v2\/media?parent=15711"}],"curies":[{"name":"wp","href":"https:\/\/api.w.org\/{rel}","templated":true}]}}