{"id":12660,"date":"2024-10-01T16:07:39","date_gmt":"2024-10-01T13:07:39","guid":{"rendered":"https:\/\/wesset.ee\/privaatsuspoliitika-veebisaidil\/"},"modified":"2025-02-05T19:01:12","modified_gmt":"2025-02-05T17:01:12","slug":"tietosuojakaytanto-verkkosivustolla","status":"publish","type":"page","link":"https:\/\/wesset.ee\/fi\/tietosuojakaytanto-verkkosivustolla\/","title":{"rendered":"Tietosuojak\u00e4yt\u00e4nt\u00f6 verkkosivustolla"},"content":{"rendered":"<div class=\"wpb-content-wrapper\">[vc_row overflow=&#8221;default&#8221; css=&#8221;.vc_custom_1738773979713{margin-top: 50px !important;margin-bottom: 50px !important;}&#8221;][vc_column][vc_column_text css=&#8221;&#8221;]<em>Viimeksi p\u00e4ivitetty: 13.07.2018<\/em>\r\n\r\n<strong>1. JOHDANTO<\/strong>\r\n\r\nHotel Wesset O\u00dc (&#8220;me&#8221;, &#8220;Hotel Wesset&#8221;) ottaa yksityisyytt\u00e4nne vakavasti ja sitoutuu suojelemaan henkil\u00f6tietojanne. T\u00e4m\u00e4 tietosuojak\u00e4yt\u00e4nt\u00f6 selitt\u00e4\u00e4, mit\u00e4 tietoja ker\u00e4\u00e4mme, miten k\u00e4yt\u00e4mme niit\u00e4 ja mit\u00e4 oikeuksia teill\u00e4 on henkil\u00f6tietojenne osalta.\r\n\r\nK\u00e4ytt\u00e4m\u00e4ll\u00e4 verkkosivustoa <a href=\"https:\/\/wesset.ee\/fi\/\">wesset.ee<\/a> (&#8220;verkkosivusto&#8221;) vahvistatte, ett\u00e4 olette tutustuneet tietosuojak\u00e4yt\u00e4nt\u00f6\u00f6mme ja hyv\u00e4ksytte sen ehdot.\r\n\r\n&nbsp;\r\n\r\n<strong>2. MIT\u00c4 TIETOJA KER\u00c4\u00c4MME?<\/strong>\r\n\r\nKer\u00e4\u00e4mme henkil\u00f6tietoja seuraavissa luokissa:\r\n<ul>\r\n \t<li><strong>Teid\u00e4n antamanne tiedot<\/strong> \u2013 nimi, s\u00e4hk\u00f6postiosoite, puhelinnumero, postiosoite, maksutiedot (v\u00e4ltt\u00e4m\u00e4tt\u00f6mi\u00e4 varauksia ja ostoksia varten) sek\u00e4 uutiskirjeen tilaamiseen annetut tiedot.<\/li>\r\n \t<li><strong>Automaattinen tietojen keruu<\/strong> \u2013 IP-osoite, selaintyypin, laitteen tiedot, vierailun aika ja kesto, verkkosivuston k\u00e4ytt\u00f6mallit sek\u00e4 &#8220;ev\u00e4steiden&#8221; kautta ker\u00e4tt\u00e4v\u00e4 tieto.<\/li>\r\n \t<li><strong>Kolmansien osapuolien l\u00e4hteet<\/strong> \u2013 saatamme saada tietoa my\u00f6s maksupalveluntarjoajiltamme ja markkinointikumppaneiltamme.<\/li>\r\n<\/ul>\r\n&nbsp;\r\n\r\n<strong>3. MITEN K\u00c4YT\u00c4MME TIETOJANNE?<\/strong>\r\n\r\nK\u00e4yt\u00e4mme henkil\u00f6tietojanne seuraaviin tarkoituksiin:\r\n<ul>\r\n \t<li><strong>Palvelujen tarjoaminen<\/strong> \u2013 hotellivarauksien k\u00e4sittely, maksujen hallinta ja asiakaspalvelu.<\/li>\r\n \t<li><strong>Markkinointi ja viestint\u00e4<\/strong> \u2013 uutiskirjeiden, tarjousten ja palveluun liittyvien ilmoitusten l\u00e4hett\u00e4minen (esimerkiksi varausvahvistus).<\/li>\r\n \t<li><strong>Verkkosivuston optimointi<\/strong> \u2013 k\u00e4ytt\u00e4j\u00e4kokemuksen parantaminen, tekniset kehitykset ja analyysit.<\/li>\r\n \t<li><strong>Turvallisuus ja lakis\u00e4\u00e4teiset velvoitteet<\/strong> \u2013 tietosuoja, petosten ehk\u00e4isy ja lakis\u00e4\u00e4teisten vaatimusten t\u00e4ytt\u00e4minen.<\/li>\r\n<\/ul>\r\n&nbsp;\r\n\r\n<strong>4. KENEN KANSSA JAAMME TIETONNE?<\/strong>\r\n\r\nJakamme tietoja vain tarpeellisessa laajuudessa seuraavien tahojen kanssa:\r\n<ul>\r\n \t<li><strong>Palveluntarjoajat<\/strong> \u2013 varauksien, maksujen ja markkinoinnin tukemiseen (esimerkiksi Maksekeskus AS maksujen k\u00e4sittelyyn).<\/li>\r\n \t<li><strong>Viranomaiset<\/strong> \u2013 lakis\u00e4\u00e4teisten vaatimusten t\u00e4ytt\u00e4miseksi tai petosten ja turvallisuusriskien ehk\u00e4isemiseksi.<\/li>\r\n \t<li><strong>Yhteisty\u00f6kumppanit ja kolmannet osapuolet<\/strong> \u2013 jos olet antanut asianmukaisen suostumuksen, jaamme tietoja my\u00f6s markkinointi- tai palvelukumppaneiden kanssa.<\/li>\r\n<\/ul>\r\n&nbsp;\r\n\r\n<strong>5. MITEN SUOJELEMME TIETOJANNE?<\/strong>\r\n\r\nK\u00e4yt\u00e4mme asianmukaisia turvatoimia suojellaksemme henkil\u00f6tietojanne luvattomalta p\u00e4\u00e4sylt\u00e4, muuttamiselta, julkistamiselta ja tuhoamiselta. P\u00e4\u00e4sy henkil\u00f6tietoihinne on my\u00f6nnetty vain niille ty\u00f6ntekij\u00f6ille ja palveluntarjoajille, joilla on siihen valtuudet.\r\n\r\n&nbsp;\r\n\r\n<strong>6. EV\u00c4STEET JA SEURANTA-TEKNOLOGIAT<\/strong>\r\n\r\nK\u00e4yt\u00e4mme ev\u00e4steit\u00e4 ja vastaavia teknologioita seuraaviin tarkoituksiin:\r\n<ul>\r\n \t<li>Parantaa verkkosivuston toimivuutta ja k\u00e4ytt\u00e4j\u00e4kokemusta.<\/li>\r\n \t<li>Analysoida liikenne- ja k\u00e4ytt\u00f6tilastoja ja mukauttaa sis\u00e4lt\u00f6\u00e4 k\u00e4ytt\u00e4j\u00e4n mieltymysten mukaan.<\/li>\r\n \t<li>J\u00e4rjest\u00e4\u00e4 markkinointikampanjoita ja seurata niiden tehokkuutta.<\/li>\r\n<\/ul>\r\nVoit hallita ev\u00e4steiden k\u00e4ytt\u00f6\u00e4 selaimesi asetuksista.\r\n\r\n&nbsp;\r\n\r\n<strong>7. OIKEUTESI<\/strong>\r\n\r\nSinulla on oikeus:\r\n<ul>\r\n \t<li>P\u00e4\u00e4syyn \u2013 tiet\u00e4\u00e4, mit\u00e4 henkil\u00f6tietoja ker\u00e4\u00e4mme sinusta.<\/li>\r\n \t<li>Oikaisuun \u2013 pyyt\u00e4\u00e4 virheellisten tietojen korjaamista.<\/li>\r\n \t<li>Poistoon \u2013 tietyiss\u00e4 tilanteissa voit vaatia tietojesi poistamista.<\/li>\r\n \t<li>Suostumuksen peruuttamiseen \u2013 jos haluat lopettaa markkinointiviestien vastaanottamisen, k\u00e4yt\u00e4 uutiskirjeen alatunnistossa olevaa linkki\u00e4 tai ota yhteytt\u00e4 meihin.<\/li>\r\n<\/ul>\r\n&nbsp;\r\n\r\n<strong>8. ULKOISET LINKIT<\/strong>\r\n\r\nVerkkosivustollamme saattaa olla linkkej\u00e4 kolmansien osapuolten sivustoille. Emme ole vastuussa niiden tietosuojak\u00e4yt\u00e4nn\u00f6ist\u00e4 tai tietojen k\u00e4sittelyst\u00e4, ja suosittelemme tutustumaan niiden ehtoihin ennen tietojen jakamista.\r\n\r\n&nbsp;\r\n\r\n<strong>9. TIETOSUOJAK\u00c4YT\u00c4NT\u00d6JEN P\u00c4IVITYKSET<\/strong>\r\n\r\nPid\u00e4t\u00e4mme oikeuden p\u00e4ivitt\u00e4\u00e4 t\u00e4t\u00e4 tietosuojak\u00e4yt\u00e4nt\u00f6\u00e4. Ilmoitamme merkitt\u00e4vist\u00e4 muutoksista verkkosivustollamme.\r\n\r\n&nbsp;\r\n\r\n<strong>10. YHTEYSTIEDOT<\/strong>\r\n\r\nJos sinulla on kysytt\u00e4v\u00e4\u00e4 tai haluat k\u00e4ytt\u00e4\u00e4 oikeuksiasi henkil\u00f6tietojesi osalta, ota meihin yhteytt\u00e4:\r\n\r\n&nbsp;\r\n\r\n<strong>Hotel Wesset O\u00dc<\/strong>\r\n\r\nOsoite: Supeluse 26, P\u00e4rnu, Viro\r\n\r\nReg. nro: 12956927\r\n\r\nPuh: +372 56 460 500\r\n\r\nS\u00e4hk\u00f6posti: <a href=\"mailto:info@wesset.ee\"> info@wesset.ee<\/a>[\/vc_column_text][\/vc_column][\/vc_row]<\/div>","protected":false},"excerpt":{"rendered":"[vc_row overflow=&#8221;default&#8221; css=&#8221;.vc_custom_1738773979713{margin-top: 50px !important;margin-bottom: 50px !important;}&#8221;][vc_column][vc_column_text css=&#8221;&#8221;]Viimeksi p\u00e4ivitetty: 13.07.2018 1. JOHDANTO Hotel Wesset O\u00dc&#8230;","protected":false},"author":1,"featured_media":21318,"parent":0,"menu_order":0,"comment_status":"closed","ping_status":"closed","template":"","meta":{"footnotes":""},"class_list":["post-12660","page","type-page","status-publish","has-post-thumbnail","hentry"],"_links":{"self":[{"href":"https:\/\/wesset.ee\/fi\/wp-json\/wp\/v2\/pages\/12660","targetHints":{"allow":["GET"]}}],"collection":[{"href":"https:\/\/wesset.ee\/fi\/wp-json\/wp\/v2\/pages"}],"about":[{"href":"https:\/\/wesset.ee\/fi\/wp-json\/wp\/v2\/types\/page"}],"author":[{"embeddable":true,"href":"https:\/\/wesset.ee\/fi\/wp-json\/wp\/v2\/users\/1"}],"replies":[{"embeddable":true,"href":"https:\/\/wesset.ee\/fi\/wp-json\/wp\/v2\/comments?post=12660"}],"version-history":[{"count":0,"href":"https:\/\/wesset.ee\/fi\/wp-json\/wp\/v2\/pages\/12660\/revisions"}],"wp:featuredmedia":[{"embeddable":true,"href":"https:\/\/wesset.ee\/fi\/wp-json\/wp\/v2\/media\/21318"}],"wp:attachment":[{"href":"https:\/\/wesset.ee\/fi\/wp-json\/wp\/v2\/media?parent=12660"}],"curies":[{"name":"wp","href":"https:\/\/api.w.org\/{rel}","templated":true}]}}