{"id":12656,"date":"2018-06-22T12:41:36","date_gmt":"2018-06-22T09:41:36","guid":{"rendered":"https:\/\/wesset.ee\/restoran\/"},"modified":"2026-04-08T17:38:43","modified_gmt":"2026-04-08T14:38:43","slug":"ravintola","status":"publish","type":"page","link":"https:\/\/wesset.ee\/fi\/ravintola\/","title":{"rendered":"Villa Wesset Ravintola"},"content":{"rendered":"<div class=\"wpb-content-wrapper\">[vc_row full_width=&#8221;stretch_row_content&#8221; content_placement=&#8221;middle&#8221; faster_parallax=&#8221;standard&#8221; overflow=&#8221;hidden&#8221; css=&#8221;.vc_custom_1734634015629{background: #bababa url(https:\/\/wesset.ee\/wp-content\/uploads\/2024\/10\/wesset_1080_0076_B01I9022-min-660&#215;660-1.webp?id=11966) !important;background-position: center !important;background-repeat: no-repeat !important;background-size: cover !important;border-color: #A72417 !important;}&#8221; el_id=&#8221;restoran-hero&#8221; background_image_mobile=&#8221;397&#8243;][vc_column css_animation=&#8221;none&#8221; width=&#8221;1\/2&#8243; responsive_border=&#8221;disabled&#8221; max_width_alignment_mobile=&#8221;center&#8221; shadow_for=&#8221;inner&#8221; mobile_element_alignment=&#8221;center&#8221; text_align_inline=&#8221;center&#8221; overflow=&#8221;default&#8221; css=&#8221;.vc_custom_1734634900542{background-color: #FFFFFF !important;}&#8221; el_class=&#8221;hero-intro-section-white&#8221;]\r\n<div class=\"sh-heading  \" id=\"heading-ifenWk8Ktr\">\r\n\t<div class=\"sh-element-margin\">\r\n\r\n\t\t\r\n\t\t\t<h1 class=\"sh-heading-content size-default text-center\">\r\n\t\t\t\t&#8211; Ravintola &#8211;\t\t\t<\/h1>\r\n\r\n\t\t\r\n\t<\/div>\r\n<\/div>\r\n            <style type=\"text\/css\">\r\n                #heading-ifenWk8Ktr .sh-element-margin {}#heading-ifenWk8Ktr .sh-heading-content {font-weight: 700!important;}#heading-ifenWk8Ktr .sh-heading-content,#heading-ifenWk8Ktr .sh-heading-additional-text {}            <\/style>\r\n        \r\n<div class=\"sh-heading  \" id=\"heading-4H0FcMsjdR\">\r\n\t<div class=\"sh-element-margin\">\r\n\r\n\t\t\r\n\t\t\t<h3 class=\"sh-heading-content size-default text-center\">\r\n\t\t\t\tHerkullista ruokaa ja erinomaista palvelua\t\t\t<\/h3>\r\n\r\n\t\t\r\n\t<\/div>\r\n<\/div>\r\n            <style type=\"text\/css\">\r\n                #heading-4H0FcMsjdR .sh-element-margin {}#heading-4H0FcMsjdR .sh-heading-content {font-weight: 500!important;}#heading-4H0FcMsjdR .sh-heading-content,#heading-4H0FcMsjdR .sh-heading-additional-text {}            <\/style>\r\n        \r\n<div id=\"divider-DbEfykiCAe\" class=\"sh-divider sh-divider- sh-divider-content-icon_option\">\r\n\t\t\t<div class=\"sh-divider-content\">\r\n\t\t\t<span class=\"sh-divider-icon\">\r\n\t\t\t\t<i class=\"fa fa-wpexplorer\"><\/i>\t\t\t<\/span>\r\n\t\t<\/div>\r\n\t<\/div>\r\n            <style type=\"text\/css\">\r\n                #divider-DbEfykiCAe {}#divider-DbEfykiCAe .sh-divider-content:before,#divider-DbEfykiCAe .sh-divider-content:after {border-top-width: 1px;margin-top: -1pxpx;border-top-style: solid;}#divider-DbEfykiCAe .sh-divider-icon {color: #cccccc;}            <\/style>\r\n        [vc_column_text css=&#8221;&#8221;]Mieltymyksesi mukaan voit valita itsellesi sopivan istumapaikan joko ravintolasta tai Aurinkoterassilta. Ravintola ja terassi yhdess\u00e4 mahtuvat yli sataan iloiseseen vieraan. Kes\u00e4ll\u00e4 on auki my\u00f6s rakennuksen oma terassi. Pitki\u00e4 p\u00f6yt\u00e4tilaisuuksia voimme j\u00e4rjest\u00e4\u00e4 jopa 48 asiakkaalle, ja p\u00f6yt\u00e4istumalla suurin asiakasm\u00e4\u00e4r\u00e4 on 120.[\/vc_column_text]\r\n<div id=\"button-N9Fkf5KSI6\" class=\"sh-button-container  sh-button-style-5\">\r\n\t<div class=\"sh-element-margin\">\r\n\t\t<a href=\"https:\/\/v2.tableonline.fi\/instabook\/bookings\/WSXIejc?locale=fi\" data-rel=\"\" target=\"_blank\" class=\"sh-button sh-button-xlarge sh-button-icon-left\" rel=\"noopener\">\r\n\r\n\t\t\t\t\t\t\t<span class=\"sh-button-icon\">\r\n\t\t\t\t\t<i class=\"fa fa-angle-double-right\"><\/i>\r\n\t\t\t\t<\/span>\r\n\t\t\t\r\n\t\t\t\t\t\t\t<span class=\"sh-button-text\">\r\n\t\t\t\t\tVARAA P\u00d6YT\u00c4\t\t\t\t<\/span>\r\n\t\t\t\r\n\t\t\t\r\n\t\t<\/a>\r\n\t\t\t<\/div>\r\n<\/div>\r\n            <style type=\"text\/css\">\r\n                #button-N9Fkf5KSI6 .sh-button {background-color: #FFFFFF;color: #A72417;border: 2px solid transparent;border: 1px solid #A72417;display: block!important;width: 100%;}#button-N9Fkf5KSI6 {text-align: center;}#button-N9Fkf5KSI6 .sh-element-margin {margin: 10px 0px 15px 0px;}#button-N9Fkf5KSI6:not(.sh-button-style-2) .sh-button:hover {background-color: #FFFFFF;color: #000028;border: 1px solid #000028;}#button-N9Fkf5KSI6.sh-button-style-2 .sh-button:after {background-color: #FFFFFF;}#button-N9Fkf5KSI6.sh-button-style-2 .sh-button:hover {color: #000028;border: 1px solid #000028;}@media (max-width: 800px) {#button-N9Fkf5KSI6 {text-align: center;}}            <\/style>\r\n        \r\n<div id=\"button-OXKmGQCWNr\" class=\"sh-button-container  sh-button-style-5\">\r\n\t<div class=\"sh-element-margin\">\r\n\t\t<a href=\"\/fi\/ravintola\/a-la-carte-menu\/\" data-rel=\"\" target=\"_self\" class=\"sh-button sh-button-xlarge sh-button-icon-left\">\r\n\r\n\t\t\t\t\t\t\t<span class=\"sh-button-icon\">\r\n\t\t\t\t\t<i class=\"fa fa-angle-double-right\"><\/i>\r\n\t\t\t\t<\/span>\r\n\t\t\t\r\n\t\t\t\t\t\t\t<span class=\"sh-button-text\">\r\n\t\t\t\t\tA\u00b4la carte -ruokalista\t\t\t\t<\/span>\r\n\t\t\t\r\n\t\t\t\r\n\t\t<\/a>\r\n\t\t\t<\/div>\r\n<\/div>\r\n            <style type=\"text\/css\">\r\n                #button-OXKmGQCWNr .sh-button {background-color: #FFFFFF;color: #A72417;border: 2px solid transparent;border: 1px solid #A72417;display: block!important;width: 100%;}#button-OXKmGQCWNr {text-align: center;}#button-OXKmGQCWNr .sh-element-margin {margin: 10px 0px 15px 0px;}#button-OXKmGQCWNr:not(.sh-button-style-2) .sh-button:hover {background-color: #FFFFFF;color: #000028;border: 1px solid #000028;}#button-OXKmGQCWNr.sh-button-style-2 .sh-button:after {background-color: #FFFFFF;}#button-OXKmGQCWNr.sh-button-style-2 .sh-button:hover {color: #000028;border: 1px solid #000028;}@media (max-width: 800px) {#button-OXKmGQCWNr {text-align: center;}}            <\/style>\r\n        \r\n<div id=\"button-acexLHGY5P\" class=\"sh-button-container  sh-button-style-5\">\r\n\t<div class=\"sh-element-margin\">\r\n\t\t<a href=\"https:\/\/wesset.ee\/wp-content\/uploads\/2026\/04\/Erimenuu-08.04-08.05-ENG.pdf\" data-rel=\"\" target=\"_blank\" class=\"sh-button sh-button-xlarge sh-button-icon-left\">\r\n\r\n\t\t\t\t\t\t\t<span class=\"sh-button-icon\">\r\n\t\t\t\t\t<i class=\"fa fa-angle-double-right\"><\/i>\r\n\t\t\t\t<\/span>\r\n\t\t\t\r\n\t\t\t\t\t\t\t<span class=\"sh-button-text\">\r\n\t\t\t\t\tErikoismenu\t\t\t\t<\/span>\r\n\t\t\t\r\n\t\t\t\r\n\t\t<\/a>\r\n\t\t\t<\/div>\r\n<\/div>\r\n            <style type=\"text\/css\">\r\n                #button-acexLHGY5P .sh-button {background-color: #FFFFFF;color: #A72417;border: 2px solid transparent;border: 1px solid #A72417;display: block!important;width: 100%;}#button-acexLHGY5P {text-align: center;}#button-acexLHGY5P .sh-element-margin {margin: 10px 0px 15px 0px;}#button-acexLHGY5P:not(.sh-button-style-2) .sh-button:hover {background-color: #FFFFFF;color: #000028;border: 1px solid #000028;}#button-acexLHGY5P.sh-button-style-2 .sh-button:after {background-color: #FFFFFF;}#button-acexLHGY5P.sh-button-style-2 .sh-button:hover {color: #000028;border: 1px solid #000028;}@media (max-width: 800px) {#button-acexLHGY5P {text-align: center;}}            <\/style>\r\n        \r\n<div id=\"button-x6pW9PzAli\" class=\"sh-button-container  sh-button-style-5\">\r\n\t<div class=\"sh-element-margin\">\r\n\t\t<a href=\"\/fi\/paakokin-sali\/\" data-rel=\"\" target=\"_self\" class=\"sh-button sh-button-xlarge sh-button-icon-left\">\r\n\r\n\t\t\t\t\t\t\t<span class=\"sh-button-icon\">\r\n\t\t\t\t\t<i class=\"fa fa-angle-double-right\"><\/i>\r\n\t\t\t\t<\/span>\r\n\t\t\t\r\n\t\t\t\t\t\t\t<span class=\"sh-button-text\">\r\n\t\t\t\t\tP\u00e4\u00e4kokin sali\t\t\t\t<\/span>\r\n\t\t\t\r\n\t\t\t\r\n\t\t<\/a>\r\n\t\t\t<\/div>\r\n<\/div>\r\n            <style type=\"text\/css\">\r\n                #button-x6pW9PzAli .sh-button {background-color: #FFFFFF;color: #A72417;border: 2px solid transparent;border: 1px solid #A72417;display: block!important;width: 100%;}#button-x6pW9PzAli {text-align: center;}#button-x6pW9PzAli .sh-element-margin {margin: 10px 0px 15px 0px;}#button-x6pW9PzAli:not(.sh-button-style-2) .sh-button:hover {background-color: #FFFFFF;color: #000028;border: 1px solid #000028;}#button-x6pW9PzAli.sh-button-style-2 .sh-button:after {background-color: #FFFFFF;}#button-x6pW9PzAli.sh-button-style-2 .sh-button:hover {color: #000028;border: 1px solid #000028;}@media (max-width: 800px) {#button-x6pW9PzAli {text-align: center;}}            <\/style>\r\n        [\/vc_column][\/vc_row][vc_row full_width=&#8221;stretch_row_content_no_spaces&#8221; overflow=&#8221;default&#8221; css=&#8221;.vc_custom_1727694344276{background-color: #A72417 !important;}&#8221;][vc_column text_align_inline=&#8221;center&#8221; overflow=&#8221;default&#8221; el_class=&#8221;white-text&#8221;][vc_column_text css=&#8221;&#8221;]Ravintola\/terassi auki:\r\n\r\nSu\u2013To 12:00 \u2013 22:00 (Keitti\u00f6 suljetaan klo 21:00)\r\n\r\nPe, La 12:00 \u2013 00:00 (Keitti\u00f6 suljetaan klo 23:00)[\/vc_column_text][\/vc_column][\/vc_row][vc_row full_width=&#8221;stretch_row_content_no_spaces&#8221; css_animation=&#8221;none&#8221; max_width_alignment_mobile=&#8221;center&#8221; overflow=&#8221;default&#8221; css=&#8221;.vc_custom_1728666583967{padding-top: 45px !important;background-color: #F7F7F7 !important;}&#8221;][vc_column]\r\n\r\n\r\n\r\n<div id=\"image-gallery-s6gmAqXhxp\" class=\"sh-image-gallery sh-image-gallery-noverlay sh-image-gallery-container sh-image-gallery-disable\"  data-columns=\"5\">\r\n\t\t\t<div class=\"sh-image-gallery-item\">\r\n\t\t\t<div class=\"sh-gallery-item\">\r\n\t\t\t\t<div class=\"post-meta-thumb\">\r\n\r\n\t\t\t\t\t\t\t\t\t\t\t<img decoding=\"async\" src=\"https:\/\/wesset.ee\/wp-content\/uploads\/2018\/06\/wesset_1080_0071_IMG_2590-min-660x660.jpg\" alt=\"wesset_1080_0071_IMG_2590-min\" \/>\r\n\t\t\t\t\t\r\n\t\t\t\t\t\t\t\t\t\t\t\r\n        <div class=\"sh-overlay-style1\">\r\n            <div class=\"sh-table-full\">\r\n                \r\n                                    <a href=\"https:\/\/wesset.ee\/wp-content\/uploads\/2018\/06\/wesset_1080_0071_IMG_2590-min-1024x1024.jpg\" class=\"sh-overlay-item sh-table-cell\" data-rel=\"lightcase:imgCollections6gmAqXhxp\">\r\n                        <div class=\"sh-overlay-item-container\">\r\n                            <i class=\"icon-magnifier-add\"><\/i>\r\n                        <\/div>\r\n                    <\/a>\r\n                            <\/div>\r\n        <\/div>\r\n\r\n    \t\t\t\t\t\t\t\t\t<\/div>\r\n\t\t\t<\/div>\r\n\t\t<\/div>\r\n\t\t\t<div class=\"sh-image-gallery-item\">\r\n\t\t\t<div class=\"sh-gallery-item\">\r\n\t\t\t\t<div class=\"post-meta-thumb\">\r\n\r\n\t\t\t\t\t\t\t\t\t\t\t<img decoding=\"async\" src=\"https:\/\/wesset.ee\/wp-content\/uploads\/2018\/06\/wesset_1080_0023_IMG_9865-min-660x660.jpg\" alt=\"wesset_1080_0023_IMG_9865-min\" \/>\r\n\t\t\t\t\t\r\n\t\t\t\t\t\t\t\t\t\t\t\r\n        <div class=\"sh-overlay-style1\">\r\n            <div class=\"sh-table-full\">\r\n                \r\n                                    <a href=\"https:\/\/wesset.ee\/wp-content\/uploads\/2018\/06\/wesset_1080_0023_IMG_9865-min-1024x1024.jpg\" class=\"sh-overlay-item sh-table-cell\" data-rel=\"lightcase:imgCollections6gmAqXhxp\">\r\n                        <div class=\"sh-overlay-item-container\">\r\n                            <i class=\"icon-magnifier-add\"><\/i>\r\n                        <\/div>\r\n                    <\/a>\r\n                            <\/div>\r\n        <\/div>\r\n\r\n    \t\t\t\t\t\t\t\t\t<\/div>\r\n\t\t\t<\/div>\r\n\t\t<\/div>\r\n\t\t\t<div class=\"sh-image-gallery-item\">\r\n\t\t\t<div class=\"sh-gallery-item\">\r\n\t\t\t\t<div class=\"post-meta-thumb\">\r\n\r\n\t\t\t\t\t\t\t\t\t\t\t<img decoding=\"async\" src=\"https:\/\/wesset.ee\/wp-content\/uploads\/2018\/06\/wesset_1080_0054_005-2647-min-660x660.jpg\" alt=\"wesset_1080_0054_005-2647-min\" \/>\r\n\t\t\t\t\t\r\n\t\t\t\t\t\t\t\t\t\t\t\r\n        <div class=\"sh-overlay-style1\">\r\n            <div class=\"sh-table-full\">\r\n                \r\n                                    <a href=\"https:\/\/wesset.ee\/wp-content\/uploads\/2018\/06\/wesset_1080_0054_005-2647-min-1024x1024.jpg\" class=\"sh-overlay-item sh-table-cell\" data-rel=\"lightcase:imgCollections6gmAqXhxp\">\r\n                        <div class=\"sh-overlay-item-container\">\r\n                            <i class=\"icon-magnifier-add\"><\/i>\r\n                        <\/div>\r\n                    <\/a>\r\n                            <\/div>\r\n        <\/div>\r\n\r\n    \t\t\t\t\t\t\t\t\t<\/div>\r\n\t\t\t<\/div>\r\n\t\t<\/div>\r\n\t\t\t<div class=\"sh-image-gallery-item\">\r\n\t\t\t<div class=\"sh-gallery-item\">\r\n\t\t\t\t<div class=\"post-meta-thumb\">\r\n\r\n\t\t\t\t\t\t\t\t\t\t\t<img decoding=\"async\" src=\"https:\/\/wesset.ee\/wp-content\/uploads\/2018\/06\/wesset_1080_0061_-001-9907-min-660x660.jpg\" alt=\"wesset_1080_0061_-001-9907-min\" \/>\r\n\t\t\t\t\t\r\n\t\t\t\t\t\t\t\t\t\t\t\r\n        <div class=\"sh-overlay-style1\">\r\n            <div class=\"sh-table-full\">\r\n                \r\n                                    <a href=\"https:\/\/wesset.ee\/wp-content\/uploads\/2018\/06\/wesset_1080_0061_-001-9907-min-1024x1024.jpg\" class=\"sh-overlay-item sh-table-cell\" data-rel=\"lightcase:imgCollections6gmAqXhxp\">\r\n                        <div class=\"sh-overlay-item-container\">\r\n                            <i class=\"icon-magnifier-add\"><\/i>\r\n                        <\/div>\r\n                    <\/a>\r\n                            <\/div>\r\n        <\/div>\r\n\r\n    \t\t\t\t\t\t\t\t\t<\/div>\r\n\t\t\t<\/div>\r\n\t\t<\/div>\r\n\t<\/div>\r\n            <style type=\"text\/css\">\r\n                #image-gallery-s6gmAqXhxp .sh-gallery-item,#image-gallery-s6gmAqXhxp .slick-dots {margin: 0px 30px 0px 0px;}#image-gallery-s6gmAqXhxp .slick-list {margin: -0px -30px -0px -0px ;}#image-gallery-s6gmAqXhxp .slick-dots li.slick-active button {background-color: #A72417!important;}            <\/style>\r\n        [\/vc_column][\/vc_row][vc_row overflow=&#8221;default&#8221; css=&#8221;.vc_custom_1734730124619{padding-top: 50px !important;padding-bottom: 50px !important;background-image: url(https:\/\/wesset.ee\/wp-content\/uploads\/2024\/11\/full-bloom-w.png?id=14971) !important;background-position: 0 0 !important;background-repeat: repeat !important;}&#8221;][vc_column width=&#8221;1\/6&#8243; overflow=&#8221;default&#8221;][\/vc_column][vc_column width=&#8221;1\/2&#8243; overflow=&#8221;default&#8221; el_class=&#8221;hero-intro-section-white text-center&#8221;]\r\n<div class=\"sh-heading  \" id=\"heading-D293fzyugA\">\r\n\t<div class=\"sh-element-margin\">\r\n\r\n\t\t\r\n\t\t\t<h3 class=\"sh-heading-content size-default text-center\">\r\n\t\t\t\tA&#8217;la carte -ruokalista\t\t\t<\/h3>\r\n\r\n\t\t\r\n\t<\/div>\r\n<\/div>\r\n            <style type=\"text\/css\">\r\n                #heading-D293fzyugA .sh-element-margin {}#heading-D293fzyugA .sh-heading-content {font-weight: 700!important;}#heading-D293fzyugA .sh-heading-content,#heading-D293fzyugA .sh-heading-additional-text {}            <\/style>\r\n        [vc_column_text css=&#8221;&#8221;]Ravintolamme kuuluu White Guide Nordicin arvostamien Pohjoismaiden parhaiden ravintoloiden joukkoon.\r\n\r\nP\u00e4\u00e4kokki Mart Kukkin johdolla keitti\u00f6 luo makuel\u00e4myksi\u00e4, joiden jokainen yksityiskohta on huolellisesti harkittu. Ruokalista on sesongin mukainen, ja tavoitteena on hy\u00f6dynt\u00e4\u00e4 mahdollisimman paljon paikallisia raaka-aineita.[\/vc_column_text][\/vc_column][vc_column width=&#8221;1\/6&#8243;][\/vc_column][vc_column width=&#8221;1\/6&#8243;][\/vc_column][\/vc_row][vc_section content_placement=&#8221;middle&#8221; css=&#8221;.vc_custom_1730754782165{background-image: url(https:\/\/wesset.ee\/wp-content\/uploads\/2024\/11\/hotel-parnu-14-min.webp?id=14554) !important;background-position: center !important;background-repeat: no-repeat !important;background-size: cover !important;}&#8221;][vc_row content_placement=&#8221;middle&#8221; column_order=&#8221;reversed&#8221; max_width_alignment_mobile=&#8221;center&#8221; overflow=&#8221;default&#8221; el_class=&#8221;padding-top-bottom-100&#8243;][vc_column width=&#8221;3\/4&#8243; max_width_alignment_mobile=&#8221;center&#8221; text_align_inline=&#8221;center&#8221; overflow=&#8221;default&#8221; el_class=&#8221;padding-50 wesset-gray-background&#8221;]\r\n<div class=\"sh-heading  \" id=\"heading-VGHvhpbKJu\">\r\n\t<div class=\"sh-element-margin\">\r\n\r\n\t\t\r\n\t\t\t<h2 class=\"sh-heading-content size-default text-center\">\r\n\t\t\t\tPalaute\t\t\t<\/h2>\r\n\r\n\t\t\r\n\t<\/div>\r\n<\/div>\r\n            <style type=\"text\/css\">\r\n                #heading-VGHvhpbKJu .sh-element-margin {}#heading-VGHvhpbKJu .sh-heading-content {font-weight: 700!important;}#heading-VGHvhpbKJu .sh-heading-content,#heading-VGHvhpbKJu .sh-heading-additional-text {}            <\/style>\r\n        [vc_raw_html css=&#8221;&#8221;]W3dwdHJpcGFkdmlzb3JfdXNldGVtcGxhdGUgdGlkPSIxIl0=[\/vc_raw_html]\r\n<div id=\"button-YmUWeTzIt5\" class=\"sh-button-container  sh-button-style-5\">\r\n\t<div class=\"sh-element-margin\">\r\n\t\t<a href=\"https:\/\/www.tripadvisor.com\/Restaurant_Review-g274956-d1173199-Reviews-Villa_Wesset-Parnu_Parnu_County.html\" data-rel=\"\" target=\"_blank\" class=\"sh-button sh-button-xlarge sh-button-icon-left\" rel=\"noopener\">\r\n\r\n\t\t\t\t\t\t\t<span class=\"sh-button-icon\">\r\n\t\t\t\t\t<i class=\"fa fa-angle-double-right\"><\/i>\r\n\t\t\t\t<\/span>\r\n\t\t\t\r\n\t\t\t\t\t\t\t<span class=\"sh-button-text\">\r\n\t\t\t\t\tJ\u00c4T\u00c4 ARVOSTELMASI\t\t\t\t<\/span>\r\n\t\t\t\r\n\t\t\t\r\n\t\t<\/a>\r\n\t\t\t<\/div>\r\n<\/div>\r\n            <style type=\"text\/css\">\r\n                #button-YmUWeTzIt5 .sh-button {background-color: #A72417;color: #FFFFFF;border: 2px solid transparent;border: 1px solid #A72417;}#button-YmUWeTzIt5 {text-align: center;}#button-YmUWeTzIt5:not(.sh-button-style-2) .sh-button:hover {background-color: #A72417;color: #FFFFFF;border: 1px solid #A72417;}#button-YmUWeTzIt5.sh-button-style-2 .sh-button:after {background-color: #A72417;}#button-YmUWeTzIt5.sh-button-style-2 .sh-button:hover {color: #FFFFFF;border: 1px solid #A72417;}@media (max-width: 800px) {#button-YmUWeTzIt5 {text-align: center;}}            <\/style>\r\n        [\/vc_column][\/vc_row][\/vc_section][vc_row full_width=&#8221;stretch_row_content&#8221; content_placement=&#8221;middle&#8221; max_width_alignment_mobile=&#8221;center&#8221; background_position=&#8221;center center&#8221; overflow=&#8221;default&#8221; css=&#8221;.vc_custom_1730755904011{background-image: url(https:\/\/wesset.ee\/wp-content\/uploads\/2018\/06\/naide_12-min.jpg?id=52) !important;background-position: center !important;background-repeat: no-repeat !important;background-size: cover !important;}&#8221; el_class=&#8221;padding-70-50&#8243;][vc_column width=&#8221;2\/3&#8243; max_width_alignment_mobile=&#8221;left&#8221; overflow=&#8221;default&#8221; css=&#8221;.vc_custom_1730756918990{margin-top: 0px !important;padding-top: 0px !important;}&#8221;]\r\n<script>\r\njQuery(document).ready(function ($) {\r\n\tif( typeof Typed !== 'undefined' ) {\r\n\t\tvar typed = new Typed(\"#heading-animated-2pOq5iKdEz .sh-heading-animated-typed\", {\r\n\t\t\tstrings: [\"ota yhteytt\u00e4\", ],\r\n\t\t\tcontentType: 'html',\r\n\t\t\ttypeSpeed: 0,\r\n\t\t\tloop: false,\r\n\t\t\tstartDelay: 300,\r\n\t\t\ttypeSpeed: 80,\r\n\t\t\tbackSpeed: 20,\r\n\t\t\tbackDelay: 700,\r\n\t\t});\r\n\t}\r\n});\r\n<\/script>\r\n\r\n<div class=\"sh-heading\" id=\"heading-animated-2pOq5iKdEz\">\r\n\t<h2 class=\"sh-heading-content size-m sh-heading-animated-content text-shadow-black\">\r\n\t\t\t\t\t<span class=\"sh-heading-animated-fixed\">\r\n\t\t\t\tKysymyksiss\u00e4\t\t\t<\/span>\r\n\t\t\r\n\t\t<span class=\"sh-heading-animated-typed\"><\/span>\r\n\t<\/h2>\r\n<\/div>\r\n            <style type=\"text\/css\">\r\n                #heading-animated-2pOq5iKdEz .sh-heading-animated-content {text-align: left;}#heading-animated-2pOq5iKdEz .sh-heading-animated-typed,#heading-animated-2pOq5iKdEz .typed-cursor {color: #FFFFFF;}#heading-animated-2pOq5iKdEz .sh-heading-animated-fixed {color: #FFFFFF;}            <\/style>\r\n        \r\n<div id=\"button-Z5IPGjxMeY\" class=\"sh-button-container  sh-button-style-5\">\r\n\t<div class=\"sh-element-margin\">\r\n\t\t<a href=\"\/fi\/yhteystiedot\/\" data-rel=\"\" target=\"_self\" class=\"sh-button sh-button-medium sh-button-icon-left\">\r\n\r\n\t\t\t\t\t\t\t<span class=\"sh-button-icon\">\r\n\t\t\t\t\t<i class=\"fa fa-angle-double-right\"><\/i>\r\n\t\t\t\t<\/span>\r\n\t\t\t\r\n\t\t\t\t\t\t\t<span class=\"sh-button-text\">\r\n\t\t\t\t\tYHTEYSTIEDOT\t\t\t\t<\/span>\r\n\t\t\t\r\n\t\t\t\r\n\t\t<\/a>\r\n\t\t\t<\/div>\r\n<\/div>\r\n            <style type=\"text\/css\">\r\n                #button-Z5IPGjxMeY .sh-button {background-color: #FFFFFF;color: #A72417;border: 2px solid transparent;border: 1px solid #A72417;}#button-Z5IPGjxMeY {}#button-Z5IPGjxMeY:not(.sh-button-style-2) .sh-button:hover {background-color: #FFFFFF;color: #A72417;border: 1px solid #A72417;}#button-Z5IPGjxMeY.sh-button-style-2 .sh-button:after {background-color: #FFFFFF;}#button-Z5IPGjxMeY.sh-button-style-2 .sh-button:hover {color: #A72417;border: 1px solid #A72417;}@media (max-width: 800px) {#button-Z5IPGjxMeY {text-align: left;}}            <\/style>\r\n        [\/vc_column][\/vc_row]<\/div>","protected":false},"excerpt":{"rendered":"[vc_row full_width=&#8221;stretch_row_content&#8221; content_placement=&#8221;middle&#8221; faster_parallax=&#8221;standard&#8221; overflow=&#8221;hidden&#8221; css=&#8221;.vc_custom_1734634015629{background: #bababa url(https:\/\/wesset.ee\/wp-content\/uploads\/2024\/10\/wesset_1080_0076_B01I9022-min-660&#215;660-1.webp?id=11966) !important;background-position: center !important;background-repeat: no-repeat !important;background-size: cover !important;border-color:&#8230;","protected":false},"author":1,"featured_media":20626,"parent":0,"menu_order":0,"comment_status":"closed","ping_status":"closed","template":"","meta":{"footnotes":""},"class_list":["post-12656","page","type-page","status-publish","has-post-thumbnail","hentry"],"_links":{"self":[{"href":"https:\/\/wesset.ee\/fi\/wp-json\/wp\/v2\/pages\/12656","targetHints":{"allow":["GET"]}}],"collection":[{"href":"https:\/\/wesset.ee\/fi\/wp-json\/wp\/v2\/pages"}],"about":[{"href":"https:\/\/wesset.ee\/fi\/wp-json\/wp\/v2\/types\/page"}],"author":[{"embeddable":true,"href":"https:\/\/wesset.ee\/fi\/wp-json\/wp\/v2\/users\/1"}],"replies":[{"embeddable":true,"href":"https:\/\/wesset.ee\/fi\/wp-json\/wp\/v2\/comments?post=12656"}],"version-history":[{"count":2,"href":"https:\/\/wesset.ee\/fi\/wp-json\/wp\/v2\/pages\/12656\/revisions"}],"predecessor-version":[{"id":23868,"href":"https:\/\/wesset.ee\/fi\/wp-json\/wp\/v2\/pages\/12656\/revisions\/23868"}],"wp:featuredmedia":[{"embeddable":true,"href":"https:\/\/wesset.ee\/fi\/wp-json\/wp\/v2\/media\/20626"}],"wp:attachment":[{"href":"https:\/\/wesset.ee\/fi\/wp-json\/wp\/v2\/media?parent=12656"}],"curies":[{"name":"wp","href":"https:\/\/api.w.org\/{rel}","templated":true}]}}