{"id":12644,"date":"2024-10-03T21:38:54","date_gmt":"2024-10-03T18:38:54","guid":{"rendered":"https:\/\/wesset.ee\/peakokasaal\/zero-waste\/"},"modified":"2025-02-12T09:45:03","modified_gmt":"2025-02-12T07:45:03","slug":"zero-waste","status":"publish","type":"page","link":"https:\/\/wesset.ee\/fi\/paakokin-sali\/zero-waste\/","title":{"rendered":"Zero Waste -ravintola"},"content":{"rendered":"<div class=\"wpb-content-wrapper\">[vc_section el_class=&#8221;smaller-headings&#8221;][vc_row full_width=&#8221;stretch_row_content&#8221; max_width_alignment_mobile=&#8221;center&#8221; overflow=&#8221;default&#8221; css=&#8221;.vc_custom_1728416644948{margin-bottom: 0px !important;padding-bottom: 0px !important;background-color: #050607 !important;}&#8221; el_class=&#8221;dark-bg-peakoka extra-p&#8221;][vc_column]\r\n                            <style media=\"screen\">\r\n                    @media (max-width: 1025px) {\r\n                        .sh-empty-space-5kFUtEQ0Ko {\r\n                            height: 52px!important;\r\n                        }\r\n                    }\r\n                <\/style>\r\n            \r\n            <div class=\"sh-empty-space vc_empty_space sh-empty-space-5kFUtEQ0Ko  \" style=\"height: 62px\">\r\n                <span class=\"vc_empty_space_inner\"><\/span>\r\n            <\/div>\r\n\r\n        [vc_single_image image=&#8221;16783&#8243; img_size=&#8221;full&#8221; alignment=&#8221;center&#8221; css=&#8221;&#8221;][vc_row_inner content_placement=&#8221;middle&#8221; max_width_alignment_mobile=&#8221;center&#8221; overflow=&#8221;default&#8221; max_width=&#8221;1000&#8243; css=&#8221;.vc_custom_1734626679319{padding-top: 25px !important;}&#8221;][vc_column_inner el_class=&#8221;white-text&#8221; overflow=&#8221;default&#8221;]\r\n\r\n\t<div class=\"sh-heading sh-heading-style1\" id=\"heading-BvcS8yExDb\">\r\n\t\t<h1 class=\"sh-heading-content white-text size-default\">\r\n\t\t\tZero Waste -ravintola \u2013 Kest\u00e4v\u00e4 l\u00e4hestymistapa Villa Wessetiss\u00e4\t\t<\/h1>\r\n\t<\/div>\r\n\r\n            <style type=\"text\/css\">\r\n                #heading-BvcS8yExDb .sh-heading-content strong,#heading-BvcS8yExDb .sh-heading-additional-text strong {font-weight: 900!important;}#heading-BvcS8yExDb .sh-heading-content {letter-spacing: 1px;font-weight: 400!important;}            <\/style>\r\n        [\/vc_column_inner][\/vc_row_inner][vc_row_inner content_placement=&#8221;middle&#8221; max_width_alignment_mobile=&#8221;center&#8221; overflow=&#8221;default&#8221; max_width=&#8221;1000&#8243; css=&#8221;.vc_custom_1738762367237{padding-top: 25px !important;}&#8221;][vc_column_inner el_class=&#8221;white-text&#8221; width=&#8221;1\/2&#8243; overflow=&#8221;default&#8221;][vc_column_text css=&#8221;&#8221;]Villa Wessetiss\u00e4 olemme sitoutuneet kest\u00e4v\u00e4\u00e4n ja ymp\u00e4rist\u00f6yst\u00e4v\u00e4lliseen tarjoiluun. Zero Waste -konseptimme yhdist\u00e4\u00e4 paikalliset raaka-aineet, innovatiiviset j\u00e4tteenk\u00e4sittelyratkaisut ja koulutuksen luodakseen kokonaisvaltaisen kokemuksen.[\/vc_column_text]\r\n            \r\n            <div class=\"sh-empty-space vc_empty_space sh-empty-space-GpYbPf2mS5  \" style=\"height: 20px\">\r\n                <span class=\"vc_empty_space_inner\"><\/span>\r\n            <\/div>\r\n\r\n        \r\n\r\n\t<div class=\"sh-heading sh-heading-style1\" id=\"heading-Tw4N2kJWf8\">\r\n\t\t<h2 class=\"sh-heading-content white-text size-default\">\r\n\t\t\tMik\u00e4 on Zero Waste -konsepti?\t\t<\/h2>\r\n\t<\/div>\r\n\r\n            <style type=\"text\/css\">\r\n                #heading-Tw4N2kJWf8 .sh-heading-content strong,#heading-Tw4N2kJWf8 .sh-heading-additional-text strong {font-weight: 900!important;}#heading-Tw4N2kJWf8 .sh-heading-content {letter-spacing: 1px;font-weight: 400!important;}            <\/style>\r\n        \r\n            \r\n            <div class=\"sh-empty-space vc_empty_space sh-empty-space-ABSaokNZjK  \" style=\"height: 20px\">\r\n                <span class=\"vc_empty_space_inner\"><\/span>\r\n            <\/div>\r\n\r\n        [vc_column_text css=&#8221;&#8221;]Zero Waste tarkoittaa, ett\u00e4 pyrimme v\u00e4hent\u00e4m\u00e4\u00e4n j\u00e4tett\u00e4, tukemaan paikallista taloutta ja minimoimaan ymp\u00e4rist\u00f6vaikutuksemme. Tavoitteenamme on luoda kokemus, joka inspiroi vierailijoita ja edist\u00e4\u00e4 kest\u00e4v\u00e4mp\u00e4\u00e4 tulevaisuutta.[\/vc_column_text][\/vc_column_inner][vc_column_inner width=&#8221;1\/2&#8243; max_width_alignment_mobile=&#8221;center&#8221; overflow=&#8221;default&#8221; css_animation=&#8221;fadeIn&#8221;][vc_single_image image=&#8221;12168&#8243; img_size=&#8221;full&#8221; alignment=&#8221;center&#8221; css=&#8221;&#8221;][\/vc_column_inner][\/vc_row_inner][vc_row_inner content_placement=&#8221;middle&#8221; max_width_alignment_mobile=&#8221;center&#8221; overflow=&#8221;default&#8221; max_width=&#8221;1000&#8243; css=&#8221;.vc_custom_1738762415702{padding-top: 25px !important;}&#8221;][vc_column_inner el_class=&#8221;white-text&#8221; overflow=&#8221;default&#8221; css=&#8221;.vc_custom_1738762548009{padding-right: 0px !important;padding-left: 0px !important;}&#8221;]\r\n\r\n\t<div class=\"sh-heading sh-heading-style1\" id=\"heading-jRHzECNGQy\">\r\n\t\t<h2 class=\"sh-heading-content white-text size-default\">\r\n\t\t\tMiksi suosia paikallisia raaka-aineita?\t\t<\/h2>\r\n\t<\/div>\r\n\r\n            <style type=\"text\/css\">\r\n                #heading-jRHzECNGQy .sh-heading-content strong,#heading-jRHzECNGQy .sh-heading-additional-text strong {font-weight: 900!important;}#heading-jRHzECNGQy .sh-heading-content {letter-spacing: 1px;font-weight: 400!important;}            <\/style>\r\n        \r\n\r\n\t<div class=\"sh-heading sh-heading-style1\" id=\"heading-K5nX3eIpZt\">\r\n\t\t<h3 class=\"sh-heading-content white-text size-default\">\r\n\t\t\tPaikalliset raaka-aineet ja yhteisty\u00f6 viljelij\u00f6iden kanssa\t\t<\/h3>\r\n\t<\/div>\r\n\r\n            <style type=\"text\/css\">\r\n                #heading-K5nX3eIpZt .sh-heading-content strong,#heading-K5nX3eIpZt .sh-heading-additional-text strong {font-weight: 900!important;}#heading-K5nX3eIpZt .sh-heading-content {letter-spacing: 1px;font-weight: 400!important;}            <\/style>\r\n        [vc_column_text css=&#8221;&#8221;]Haluamme tiet\u00e4\u00e4 tarkalleen, mist\u00e4 raaka-aineemme tulevat, miten ne on kasvatettu ja kuka on kasvattanut niit\u00e4 meille. T\u00e4m\u00e4n saavuttamiseksi teemme tiivist\u00e4 yhteisty\u00f6t\u00e4 paikallisten viljelij\u00f6iden ja tuottajien kanssa. Se ei ainoastaan tue paikallista taloutta, vaan luo my\u00f6s arvoa ja kunnioitusta raaka-aineita kohtaan, joita k\u00e4yt\u00e4mme menussa.[\/vc_column_text]\r\n            \r\n            <div class=\"sh-empty-space vc_empty_space sh-empty-space-4S2iuRhex6  \" style=\"height: 20px\">\r\n                <span class=\"vc_empty_space_inner\"><\/span>\r\n            <\/div>\r\n\r\n        \r\n\r\n\t<div class=\"sh-heading sh-heading-style1\" id=\"heading-xQoSmahHAq\">\r\n\t\t<h3 class=\"sh-heading-content white-text size-default\">\r\n\t\t\tKuinka v\u00e4henn\u00e4mme hiilijalanj\u00e4lke\u00e4mme?\t\t<\/h3>\r\n\t<\/div>\r\n\r\n            <style type=\"text\/css\">\r\n                #heading-xQoSmahHAq .sh-heading-content strong,#heading-xQoSmahHAq .sh-heading-additional-text strong {font-weight: 900!important;}#heading-xQoSmahHAq .sh-heading-content {letter-spacing: 1px;font-weight: 400!important;}            <\/style>\r\n        [vc_column_text css=&#8221;&#8221;]Suosimalla paikallisia toimittajia v\u00e4henn\u00e4mme kuljetuksesta aiheutuvaa hiilijalanj\u00e4lke\u00e4. T\u00e4m\u00e4 on t\u00e4rke\u00e4 askel kohti ymp\u00e4rist\u00f6yst\u00e4v\u00e4llisemp\u00e4\u00e4 tarjoilua.[\/vc_column_text]\r\n            \r\n            <div class=\"sh-empty-space vc_empty_space sh-empty-space-VCEZ7LMIjT  \" style=\"height: 20px\">\r\n                <span class=\"vc_empty_space_inner\"><\/span>\r\n            <\/div>\r\n\r\n        \r\n\r\n\t<div class=\"sh-heading sh-heading-style1\" id=\"heading-pmwQHTMS05\">\r\n\t\t<h2 class=\"sh-heading-content white-text size-default\">\r\n\t\t\tPakkausj\u00e4tteen v\u00e4hent\u00e4minen ja uudelleenk\u00e4ytt\u00f6\t\t<\/h2>\r\n\t<\/div>\r\n\r\n            <style type=\"text\/css\">\r\n                #heading-pmwQHTMS05 .sh-heading-content strong,#heading-pmwQHTMS05 .sh-heading-additional-text strong {font-weight: 900!important;}#heading-pmwQHTMS05 .sh-heading-content {letter-spacing: 1px;font-weight: 400!important;}            <\/style>\r\n        \r\n\r\n\t<div class=\"sh-heading sh-heading-style1\" id=\"heading-LCjAePQDYt\">\r\n\t\t<h3 class=\"sh-heading-content white-text size-default\">\r\n\t\t\tUudelleenk\u00e4ytett\u00e4v\u00e4t laatikot ja muovipussien v\u00e4ltt\u00e4minen\t\t<\/h3>\r\n\t<\/div>\r\n\r\n            <style type=\"text\/css\">\r\n                #heading-LCjAePQDYt .sh-heading-content strong,#heading-LCjAePQDYt .sh-heading-additional-text strong {font-weight: 900!important;}#heading-LCjAePQDYt .sh-heading-content {letter-spacing: 1px;font-weight: 400!important;}            <\/style>\r\n        [vc_column_text css=&#8221;&#8221;]Raaka-aineiden ostossa k\u00e4yt\u00e4mme uudelleenk\u00e4ytett\u00e4vi\u00e4 laatikoita ja olemme sopineet, ett\u00e4 emme halua tuotteita muovi- tai paperipusseissa. Olemme my\u00f6s lopettaneet elintarvikekalvon k\u00e4yt\u00f6n keitti\u00f6ss\u00e4mme.[\/vc_column_text]\r\n            \r\n            <div class=\"sh-empty-space vc_empty_space sh-empty-space-EOQILVz6tY  \" style=\"height: 20px\">\r\n                <span class=\"vc_empty_space_inner\"><\/span>\r\n            <\/div>\r\n\r\n        \r\n\r\n\t<div class=\"sh-heading sh-heading-style1\" id=\"heading-ybxucakST9\">\r\n\t\t<h2 class=\"sh-heading-content white-text size-default\">\r\n\t\t\tKompostointi ja j\u00e4tteiden lajittelu\t\t<\/h2>\r\n\t<\/div>\r\n\r\n            <style type=\"text\/css\">\r\n                #heading-ybxucakST9 .sh-heading-content strong,#heading-ybxucakST9 .sh-heading-additional-text strong {font-weight: 900!important;}#heading-ybxucakST9 .sh-heading-content {letter-spacing: 1px;font-weight: 400!important;}            <\/style>\r\n        \r\n\r\n\t<div class=\"sh-heading sh-heading-style1\" id=\"heading-8geyrlFoPM\">\r\n\t\t<h3 class=\"sh-heading-content white-text size-default\">\r\n\t\t\tBioj\u00e4tteet el\u00e4inten rehuksi\t\t<\/h3>\r\n\t<\/div>\r\n\r\n            <style type=\"text\/css\">\r\n                #heading-8geyrlFoPM .sh-heading-content strong,#heading-8geyrlFoPM .sh-heading-additional-text strong {font-weight: 900!important;}#heading-8geyrlFoPM .sh-heading-content {letter-spacing: 1px;font-weight: 400!important;}            <\/style>\r\n        [vc_column_text css=&#8221;&#8221;]Olemme ohjanneet bioj\u00e4tteidemme k\u00e4yt\u00f6n el\u00e4inten rehuksi. T\u00e4llainen l\u00e4hestymistapa auttaa v\u00e4hent\u00e4m\u00e4\u00e4n ruokaj\u00e4tett\u00e4 ja tukee kiertotaloutta.[\/vc_column_text]\r\n            \r\n            <div class=\"sh-empty-space vc_empty_space sh-empty-space-U12Gw7hJaE  \" style=\"height: 20px\">\r\n                <span class=\"vc_empty_space_inner\"><\/span>\r\n            <\/div>\r\n\r\n        \r\n\r\n\t<div class=\"sh-heading sh-heading-style1\" id=\"heading-tOCGfXoM98\">\r\n\t\t<h3 class=\"sh-heading-content white-text size-default\">\r\n\t\t\tMuovin, lasin, paperin ja palautuspakkausten lajittelu\t\t<\/h3>\r\n\t<\/div>\r\n\r\n            <style type=\"text\/css\">\r\n                #heading-tOCGfXoM98 .sh-heading-content strong,#heading-tOCGfXoM98 .sh-heading-additional-text strong {font-weight: 900!important;}#heading-tOCGfXoM98 .sh-heading-content {letter-spacing: 1px;font-weight: 400!important;}            <\/style>\r\n        [vc_column_text css=&#8221;&#8221;]Lajittelemme huolellisesti kaikki j\u00e4tteet, mukaan lukien muovipakkaukset, lasi, paperi, palautuspakkaus, vaaralliset j\u00e4tteet ja bioj\u00e4tteet. Jokaiselle materiaalille l\u00f6ytyy oma paikkansa kierr\u00e4tyksess\u00e4.[\/vc_column_text]\r\n            \r\n            <div class=\"sh-empty-space vc_empty_space sh-empty-space-Ja4oXTQIrR  \" style=\"height: 20px\">\r\n                <span class=\"vc_empty_space_inner\"><\/span>\r\n            <\/div>\r\n\r\n        \r\n\r\n\t<div class=\"sh-heading sh-heading-style1\" id=\"heading-7WAGd6o8Tn\">\r\n\t\t<h2 class=\"sh-heading-content white-text size-default\">\r\n\t\t\tUudelleenk\u00e4ytett\u00e4v\u00e4t astiat ja Ringkarp-j\u00e4rjestelm\u00e4\t\t<\/h2>\r\n\t<\/div>\r\n\r\n            <style type=\"text\/css\">\r\n                #heading-7WAGd6o8Tn .sh-heading-content strong,#heading-7WAGd6o8Tn .sh-heading-additional-text strong {font-weight: 900!important;}#heading-7WAGd6o8Tn .sh-heading-content {letter-spacing: 1px;font-weight: 400!important;}            <\/style>\r\n        [vc_column_text css=&#8221;&#8221;]Kertak\u00e4ytt\u00f6iset astiat ovat menneisyytt\u00e4 ravintolassamme. K\u00e4yt\u00e4mme vain uudelleenk\u00e4ytett\u00e4vi\u00e4 astioita, mukaan lukien keraamisia ja metallisia ruokailuv\u00e4lineit\u00e4. Ruokaa mukaan tilatessamme tarjoamme \u201cRingkarp\u201d -ratkaisua tai pakkaamme ruoan mielell\u00e4mme asiakkaan omiin astioihin.[\/vc_column_text]\r\n            \r\n            <div class=\"sh-empty-space vc_empty_space sh-empty-space-wnHTbYaCJ7  \" style=\"height: 20px\">\r\n                <span class=\"vc_empty_space_inner\"><\/span>\r\n            <\/div>\r\n\r\n        \r\n\r\n\t<div class=\"sh-heading sh-heading-style1\" id=\"heading-9PDWkpJjcS\">\r\n\t\t<h2 class=\"sh-heading-content white-text size-default\">\r\n\t\t\tKest\u00e4v\u00e4n menun suunnittelu\t\t<\/h2>\r\n\t<\/div>\r\n\r\n            <style type=\"text\/css\">\r\n                #heading-9PDWkpJjcS .sh-heading-content strong,#heading-9PDWkpJjcS .sh-heading-additional-text strong {font-weight: 900!important;}#heading-9PDWkpJjcS .sh-heading-content {letter-spacing: 1px;font-weight: 400!important;}            <\/style>\r\n        [vc_column_text css=&#8221;&#8221;]Menumme on suunniteltu siten, ett\u00e4 raaka-aineiden pilaantuminen olisi minimoitu. Tilauksia teemme vain tarpeelliseen m\u00e4\u00e4r\u00e4\u00e4n, ja ylij\u00e4\u00e4neet raaka-aineet jalostamme \u2013 marinointiin, kuivaamiseen tai fermentointiin.[\/vc_column_text][\/vc_column_inner][\/vc_row_inner][vc_row_inner content_placement=&#8221;middle&#8221; max_width_alignment_mobile=&#8221;center&#8221; overflow=&#8221;default&#8221; max_width=&#8221;1000&#8243; css=&#8221;.vc_custom_1728475846306{padding-top: 25px !important;}&#8221;][vc_column_inner el_class=&#8221;white-text&#8221; width=&#8221;1\/2&#8243; overflow=&#8221;default&#8221;]\r\n\r\n\t<div class=\"sh-heading sh-heading-style1\" id=\"heading-eOqphiRcwV\">\r\n\t\t<h2 class=\"sh-heading-content white-text size-default\">\r\n\t\t\tKoulutus ja ymp\u00e4rist\u00f6tietoisuus\t\t<\/h2>\r\n\t<\/div>\r\n\r\n            <style type=\"text\/css\">\r\n                #heading-eOqphiRcwV .sh-heading-content strong,#heading-eOqphiRcwV .sh-heading-additional-text strong {font-weight: 900!important;}#heading-eOqphiRcwV .sh-heading-content {letter-spacing: 1px;font-weight: 400!important;}            <\/style>\r\n        \r\n\r\n\t<div class=\"sh-heading sh-heading-style1\" id=\"heading-Fjy6BLHzEq\">\r\n\t\t<h3 class=\"sh-heading-content white-text size-default\">\r\n\t\t\tMiten opettamme Zero Waste -periaatteita?\t\t<\/h3>\r\n\t<\/div>\r\n\r\n            <style type=\"text\/css\">\r\n                #heading-Fjy6BLHzEq .sh-heading-content strong,#heading-Fjy6BLHzEq .sh-heading-additional-text strong {font-weight: 900!important;}#heading-Fjy6BLHzEq .sh-heading-content {letter-spacing: 1px;font-weight: 400!important;}            <\/style>\r\n        [vc_column_text css=&#8221;&#8221;]Olemme sitoutuneet sek\u00e4 henkil\u00f6kunnan ett\u00e4 asiakkaidemme kouluttamiseen Zero Waste -k\u00e4yt\u00e4nt\u00f6jen t\u00e4rkeydest\u00e4. J\u00e4rjest\u00e4mme tiimitapahtumia, joissa korostamme ymp\u00e4rist\u00f6yst\u00e4v\u00e4llisyyden merkityst\u00e4.[\/vc_column_text]\r\n            \r\n            <div class=\"sh-empty-space vc_empty_space sh-empty-space-DLEC9A54Fa  \" style=\"height: 20px\">\r\n                <span class=\"vc_empty_space_inner\"><\/span>\r\n            <\/div>\r\n\r\n        \r\n\r\n\t<div class=\"sh-heading sh-heading-style1\" id=\"heading-IXHTkGuzPQ\">\r\n\t\t<h3 class=\"sh-heading-content white-text size-default\">\r\n\t\t\tLapset ja yrtit \u2013 tulevaisuuden ymp\u00e4rist\u00f6n suojelijat\t\t<\/h3>\r\n\t<\/div>\r\n\r\n            <style type=\"text\/css\">\r\n                #heading-IXHTkGuzPQ .sh-heading-content strong,#heading-IXHTkGuzPQ .sh-heading-additional-text strong {font-weight: 900!important;}#heading-IXHTkGuzPQ .sh-heading-content {letter-spacing: 1px;font-weight: 400!important;}            <\/style>\r\n        [vc_column_text css=&#8221;&#8221;]Kes\u00e4terassillamme kasvatamme yrttej\u00e4, joihin on kiinnitetty kylttej\u00e4, jotta lapset oppivat tunnistamaan erilaisia makuja. Kes\u00e4n lopussa jaamme kasvit tiimimme ja asiakkaidemme kesken, jotta ne voivat jatkaa kasvuaan uudella kaudella.[\/vc_column_text]\r\n            \r\n            <div class=\"sh-empty-space vc_empty_space sh-empty-space-egN3mKLRV6  \" style=\"height: 20px\">\r\n                <span class=\"vc_empty_space_inner\"><\/span>\r\n            <\/div>\r\n\r\n        \r\n\r\n\t<div class=\"sh-heading sh-heading-style1\" id=\"heading-ZmC9Xzu2Li\">\r\n\t\t<h2 class=\"sh-heading-content white-text size-default\">\r\n\t\t\tUudelleenk\u00e4ytt\u00f6 ja esineiden kunnostus\t\t<\/h2>\r\n\t<\/div>\r\n\r\n            <style type=\"text\/css\">\r\n                #heading-ZmC9Xzu2Li .sh-heading-content strong,#heading-ZmC9Xzu2Li .sh-heading-additional-text strong {font-weight: 900!important;}#heading-ZmC9Xzu2Li .sh-heading-content {letter-spacing: 1px;font-weight: 400!important;}            <\/style>\r\n        \r\n\r\n\t<div class=\"sh-heading sh-heading-style1\" id=\"heading-4F1pfJmNQO\">\r\n\t\t<h3 class=\"sh-heading-content white-text size-default\">\r\n\t\t\tAntaa uutta el\u00e4m\u00e4\u00e4 vanhoille esineille\t\t<\/h3>\r\n\t<\/div>\r\n\r\n            <style type=\"text\/css\">\r\n                #heading-4F1pfJmNQO .sh-heading-content strong,#heading-4F1pfJmNQO .sh-heading-additional-text strong {font-weight: 900!important;}#heading-4F1pfJmNQO .sh-heading-content {letter-spacing: 1px;font-weight: 400!important;}            <\/style>\r\n        [vc_column_text css=&#8221;&#8221;]Jos jotain j\u00e4\u00e4 yli tai vaikuttaa silt\u00e4, ett\u00e4 sen aika on ohi, annamme sille uuden el\u00e4m\u00e4n. Esimerkiksi olemme vaihtaneet jouluvaloja toisen hotellin kanssa tai jakaneet ylij\u00e4\u00e4m\u00e4t yhteis\u00f6ryhmiss\u00e4.[\/vc_column_text]\r\n            \r\n            <div class=\"sh-empty-space vc_empty_space sh-empty-space-skqMnzH01L  \" style=\"height: 20px\">\r\n                <span class=\"vc_empty_space_inner\"><\/span>\r\n            <\/div>\r\n\r\n        \r\n\r\n\t<div class=\"sh-heading sh-heading-style1\" id=\"heading-H3PKZh75pO\">\r\n\t\t<h2 class=\"sh-heading-content white-text size-default\">\r\n\t\t\tZero Waste -ravintolan tavoite ja vaikutus\t\t<\/h2>\r\n\t<\/div>\r\n\r\n            <style type=\"text\/css\">\r\n                #heading-H3PKZh75pO .sh-heading-content strong,#heading-H3PKZh75pO .sh-heading-additional-text strong {font-weight: 900!important;}#heading-H3PKZh75pO .sh-heading-content {letter-spacing: 1px;font-weight: 400!important;}            <\/style>\r\n        [vc_column_text css=&#8221;&#8221;]Villa Wessetin Zero Waste -ravintolassa tavoitteemme on tarjota herkullista ruokaa ymp\u00e4rist\u00f6tietoisella tavalla. L\u00e4hestymistapamme kest\u00e4vyyteen ulottuu ruoanlaiton ulkopuolelle \u2013 olemme miettineet jokaista pient\u00e4 yksityiskohtaa inspiroidaksemme muita tekem\u00e4\u00e4n kest\u00e4v\u00e4mpi\u00e4 valintoja.[\/vc_column_text][\/vc_column_inner][vc_column_inner width=&#8221;1\/2&#8243; max_width_alignment_mobile=&#8221;center&#8221; overflow=&#8221;default&#8221;][vc_single_image image=&#8221;12174&#8243; img_size=&#8221;full&#8221; alignment=&#8221;center&#8221; css=&#8221;&#8221;][\/vc_column_inner][\/vc_row_inner][\/vc_column][\/vc_row][\/vc_section]<\/div>","protected":false},"excerpt":{"rendered":"Villa Wessetin Zero Waste -ravintola yhdist\u00e4\u00e4 paikalliset raaka-aineet, kest\u00e4v\u00e4n menusuunnittelun ja ymp\u00e4rist\u00f6yst\u00e4v\u00e4llisen j\u00e4tteenk\u00e4sittelyn. Tavoitteenamme on minimoida j\u00e4tteet ja inspiroida kest\u00e4v\u00e4mpi\u00e4 valintoja.","protected":false},"author":1,"featured_media":21221,"parent":12632,"menu_order":0,"comment_status":"closed","ping_status":"closed","template":"","meta":{"footnotes":""},"class_list":["post-12644","page","type-page","status-publish","has-post-thumbnail","hentry"],"_links":{"self":[{"href":"https:\/\/wesset.ee\/fi\/wp-json\/wp\/v2\/pages\/12644","targetHints":{"allow":["GET"]}}],"collection":[{"href":"https:\/\/wesset.ee\/fi\/wp-json\/wp\/v2\/pages"}],"about":[{"href":"https:\/\/wesset.ee\/fi\/wp-json\/wp\/v2\/types\/page"}],"author":[{"embeddable":true,"href":"https:\/\/wesset.ee\/fi\/wp-json\/wp\/v2\/users\/1"}],"replies":[{"embeddable":true,"href":"https:\/\/wesset.ee\/fi\/wp-json\/wp\/v2\/comments?post=12644"}],"version-history":[{"count":0,"href":"https:\/\/wesset.ee\/fi\/wp-json\/wp\/v2\/pages\/12644\/revisions"}],"up":[{"embeddable":true,"href":"https:\/\/wesset.ee\/fi\/wp-json\/wp\/v2\/pages\/12632"}],"wp:featuredmedia":[{"embeddable":true,"href":"https:\/\/wesset.ee\/fi\/wp-json\/wp\/v2\/media\/21221"}],"wp:attachment":[{"href":"https:\/\/wesset.ee\/fi\/wp-json\/wp\/v2\/media?parent=12644"}],"curies":[{"name":"wp","href":"https:\/\/api.w.org\/{rel}","templated":true}]}}