{"id":12636,"date":"2024-10-03T21:42:34","date_gmt":"2024-10-03T18:42:34","guid":{"rendered":"https:\/\/wesset.ee\/peakokasaal\/hommikukohvik-tootoad\/"},"modified":"2024-11-05T22:14:23","modified_gmt":"2024-11-05T20:14:23","slug":"hommikukohvik-tootoad","status":"publish","type":"page","link":"https:\/\/wesset.ee\/fi\/paakokin-sali\/hommikukohvik-tootoad\/","title":{"rendered":"Aamukahvila Ty\u00f6pajat"},"content":{"rendered":"<div class=\"wpb-content-wrapper\">[vc_row full_width=&#8221;stretch_row_content&#8221; max_width_alignment_mobile=&#8221;center&#8221; overflow=&#8221;default&#8221; css=&#8221;.vc_custom_1728416644948{margin-bottom: 0px !important;padding-bottom: 0px !important;background-color: #050607 !important;}&#8221; el_class=&#8221;dark-bg-peakoka extra-p&#8221;][vc_column][vc_row_inner content_placement=&#8221;middle&#8221; overflow=&#8221;default&#8221; el_class=&#8221;sh-header sh-sticky-header dark-bg-peakoka peakokasaal-header&#8221; css=&#8221;.vc_custom_1728428115743{padding-top: 10px !important;}&#8221;][vc_column_inner max_width_alignment_mobile=&#8221;center&#8221; text_align_inline=&#8221;center&#8221; overflow=&#8221;default&#8221; offset=&#8221;vc_hidden-sm vc_hidden-xs&#8221;][vc_raw_html css=&#8221;.vc_custom_1728428029590{margin-top: 15px !important;margin-bottom: 15px !important;}&#8221;]JTVCbWF4bWVnYW1lbnUlMjBsb2NhdGlvbiUzRGNvb2ttZW51JTVE[\/vc_raw_html][\/vc_column_inner][\/vc_row_inner][vc_row_inner content_placement=&#8221;middle&#8221; overflow=&#8221;default&#8221; el_class=&#8221;sh-header-mobile sh-sticky-mobile-header dark-bg-peakoka peakokasaal-header&#8221; css=&#8221;.vc_custom_1728428408665{padding-top: 10px !important;}&#8221;][vc_column_inner max_width_alignment_mobile=&#8221;center&#8221; text_align_inline=&#8221;center&#8221; overflow=&#8221;default&#8221; offset=&#8221;vc_hidden-lg vc_hidden-md&#8221;][vc_raw_html css=&#8221;.vc_custom_1728428029590{margin-top: 15px !important;margin-bottom: 15px !important;}&#8221;]JTVCbWF4bWVnYW1lbnUlMjBsb2NhdGlvbiUzRGNvb2ttZW51JTVE[\/vc_raw_html][\/vc_column_inner][\/vc_row_inner][vc_row_inner content_placement=&#8221;top&#8221; max_width_alignment_mobile=&#8221;center&#8221; overflow=&#8221;default&#8221; max_width=&#8221;1000&#8243; css=&#8221;.vc_custom_1728476669040{padding-top: 25px !important;}&#8221;][vc_column_inner el_class=&#8221;white-text&#8221; width=&#8221;1\/2&#8243; overflow=&#8221;default&#8221;]\r\n\r\n\t<div class=\"sh-heading sh-heading-style1\" id=\"heading-SYyZN6OKsQ\">\r\n\t\t<h2 class=\"sh-heading-content white-text size-xl\">\r\n\t\t\tKarkkikahvila\t\t<\/h2>\r\n\t<\/div>\r\n\r\n            <style type=\"text\/css\">\r\n                #heading-SYyZN6OKsQ .sh-heading-content strong,#heading-SYyZN6OKsQ .sh-heading-additional-text strong {font-weight: 900!important;}#heading-SYyZN6OKsQ .sh-heading-content {letter-spacing: 1px;font-weight: 400!important;}            <\/style>\r\n        \r\n            \r\n            <div class=\"sh-empty-space vc_empty_space sh-empty-space-cXkOBxtboJ  \" style=\"height: 20px\">\r\n                <span class=\"vc_empty_space_inner\"><\/span>\r\n            <\/div>\r\n\r\n        [vc_column_text css=&#8221;&#8221;]Villa Wessetin karkkikahvila on kaupungin makein paikka, jossa kaikki herkut ovat makeita.\n\nEntisen makeisvalmistajan Elias Wessetin tarina on her\u00e4tetty henkiin, ja kahvilassa oleva karkkiautomaatti tarjoaa makeisia sek\u00e4 isoille ett\u00e4 pienille.[\/vc_column_text][\/vc_column_inner][vc_column_inner width=&#8221;1\/2&#8243; overflow=&#8221;default&#8221; css=&#8221;.vc_custom_1728476755599{padding: 10px !important;}&#8221;][vc_single_image image=&#8221;12188&#8243; img_size=&#8221;full&#8221; alignment=&#8221;center&#8221; css=&#8221;&#8221;][\/vc_column_inner][\/vc_row_inner][vc_row_inner content_placement=&#8221;top&#8221; max_width_alignment_mobile=&#8221;center&#8221; overflow=&#8221;default&#8221; max_width=&#8221;1000&#8243; css=&#8221;.vc_custom_1728425149985{margin-top: 20px !important;}&#8221;][vc_column_inner el_class=&#8221;white-text&#8221; width=&#8221;1\/2&#8243; overflow=&#8221;default&#8221;][vc_column_text css=&#8221;&#8221;]Ruoan valmistuksessa suosimme kotimaisia raaka-aineita ja k\u00e4yt\u00e4mme periaatetta &#8220;nen\u00e4st\u00e4 h\u00e4nt\u00e4\u00e4n ja juuresta kukkaan&#8221;. Tavoitteenamme on edet\u00e4 kohti kest\u00e4v\u00e4mp\u00e4\u00e4 ymp\u00e4rist\u00f6\u00e4. T\u00e4t\u00e4 varten palaamme ensin esi-isiemme &#8220;juurille&#8221; ja k\u00e4yt\u00e4mme keitti\u00f6ss\u00e4mme runsaasti hapattamista, s\u00e4il\u00f6mist\u00e4 ja hilloja. Huolehdimme tarkasti, ett\u00e4 hy\u00f6dynn\u00e4mme maksimaalisesti meille saapuneet raaka-aineet. Vieraillessasi meill\u00e4 voit valita kahdesta maistelumenusta. Ensimm\u00e4inen on &#8220;Paikallinen matka&#8221;, jossa k\u00e4yt\u00e4mme vain virolaisia raaka-aineita, ja toinen on &#8220;It\u00e4meren matka&#8221;, jossa k\u00e4yt\u00e4mme kauden mukaan It\u00e4meress\u00e4 tai sen \u00e4\u00e4rell\u00e4 kasvaneita raaka-aineita. Molemmissa menueissa on kolme poikkeusta: sokeri, suola ja tietenkin suklaa, ilman joita olisi vaikea el\u00e4\u00e4.[\/vc_column_text]\r\n<div id=\"button-UTLubHpxe8\" class=\"sh-button-container  sh-button-style-5\">\r\n\t<div class=\"sh-element-margin\">\r\n\t\t<a href=\"\/peakokasaal\/menuu\/\" data-rel=\"\" target=\"_self\" class=\"sh-button sh-button-large sh-button-icon-left\">\r\n\r\n\t\t\t\t\t\t\t<span class=\"sh-button-icon\">\r\n\t\t\t\t\t<i class=\"icon-arrow-right\"><\/i>\r\n\t\t\t\t<\/span>\r\n\t\t\t\r\n\t\t\t\t\t\t\t<span class=\"sh-button-text\">\r\n\t\t\t\t\tKatso menu\t\t\t\t<\/span>\r\n\t\t\t\r\n\t\t\t\r\n\t\t<\/a>\r\n\t\t\t<\/div>\r\n<\/div>\r\n            <style type=\"text\/css\">\r\n                #button-UTLubHpxe8 .sh-button-text {font-weight: 500;}#button-UTLubHpxe8 .sh-button {background-color: #A72417;color: #FFFFFF;border: 2px solid transparent;border: 1px solid #A72417;}#button-UTLubHpxe8 {}#button-UTLubHpxe8 .sh-element-margin {margin: 10px 0px 15px 0px;}#button-UTLubHpxe8:not(.sh-button-style-2) .sh-button:hover {background-color: #A72417;color: #FFFFFF;border: 1px solid #A72417;}#button-UTLubHpxe8.sh-button-style-2 .sh-button:after {background-color: #A72417;}#button-UTLubHpxe8.sh-button-style-2 .sh-button:hover {color: #FFFFFF;border: 1px solid #A72417;}@media (max-width: 800px) {#button-UTLubHpxe8 {text-align: center;}}            <\/style>\r\n        \r\n                            <style media=\"screen\">\r\n                    @media (max-width: 1025px) {\r\n                        .sh-empty-space-aI0iCV48Sx {\r\n                            height: 32px!important;\r\n                        }\r\n                    }\r\n                <\/style>\r\n            \r\n            <div class=\"sh-empty-space vc_empty_space sh-empty-space-aI0iCV48Sx  \" style=\"height: 32px\">\r\n                <span class=\"vc_empty_space_inner\"><\/span>\r\n            <\/div>\r\n\r\n        [\/vc_column_inner][vc_column_inner width=&#8221;1\/2&#8243;][vc_single_image image=&#8221;12174&#8243; img_size=&#8221;full&#8221; alignment=&#8221;center&#8221; css=&#8221;&#8221;][\/vc_column_inner][\/vc_row_inner][\/vc_column][\/vc_row]<\/div>","protected":false},"excerpt":{"rendered":"[vc_row full_width=&#8221;stretch_row_content&#8221; max_width_alignment_mobile=&#8221;center&#8221; overflow=&#8221;default&#8221; css=&#8221;.vc_custom_1728416644948{margin-bottom: 0px !important;padding-bottom: 0px !important;background-color: #050607 !important;}&#8221; el_class=&#8221;dark-bg-peakoka extra-p&#8221;][vc_column][vc_row_inner content_placement=&#8221;middle&#8221; overflow=&#8221;default&#8221;&#8230;","protected":false},"author":1,"featured_media":0,"parent":12632,"menu_order":0,"comment_status":"closed","ping_status":"closed","template":"","meta":{"footnotes":""},"class_list":["post-12636","page","type-page","status-publish","hentry"],"_links":{"self":[{"href":"https:\/\/wesset.ee\/fi\/wp-json\/wp\/v2\/pages\/12636","targetHints":{"allow":["GET"]}}],"collection":[{"href":"https:\/\/wesset.ee\/fi\/wp-json\/wp\/v2\/pages"}],"about":[{"href":"https:\/\/wesset.ee\/fi\/wp-json\/wp\/v2\/types\/page"}],"author":[{"embeddable":true,"href":"https:\/\/wesset.ee\/fi\/wp-json\/wp\/v2\/users\/1"}],"replies":[{"embeddable":true,"href":"https:\/\/wesset.ee\/fi\/wp-json\/wp\/v2\/comments?post=12636"}],"version-history":[{"count":0,"href":"https:\/\/wesset.ee\/fi\/wp-json\/wp\/v2\/pages\/12636\/revisions"}],"up":[{"embeddable":true,"href":"https:\/\/wesset.ee\/fi\/wp-json\/wp\/v2\/pages\/12632"}],"wp:attachment":[{"href":"https:\/\/wesset.ee\/fi\/wp-json\/wp\/v2\/media?parent=12636"}],"curies":[{"name":"wp","href":"https:\/\/api.w.org\/{rel}","templated":true}]}}