{"id":12632,"date":"2024-10-03T21:02:00","date_gmt":"2024-10-03T18:02:00","guid":{"rendered":"https:\/\/wesset.ee\/peakokasaal\/"},"modified":"2025-06-04T19:20:18","modified_gmt":"2025-06-04T16:20:18","slug":"paakokin-sali","status":"publish","type":"page","link":"https:\/\/wesset.ee\/fi\/paakokin-sali\/","title":{"rendered":"P\u00e4\u00e4kokin sali"},"content":{"rendered":"<div class=\"wpb-content-wrapper\"><p>[vc_row full_width=&#8221;stretch_row_content&#8221; max_width_alignment_mobile=&#8221;center&#8221; overflow=&#8221;default&#8221; css=&#8221;.vc_custom_1734617859416{padding-bottom: 100px !important;background-color: #050607 !important;}&#8221; el_class=&#8221;dark-bg-peakoka&#8221;][vc_column]\r\n                            <style media=\"screen\">\r\n                    @media (max-width: 1025px) {\r\n                        .sh-empty-space-MVtfYoa5O8 {\r\n                            height: 50px!important;\r\n                        }\r\n                    }\r\n                <\/style>\r\n            \r\n            <div class=\"sh-empty-space vc_empty_space sh-empty-space-MVtfYoa5O8  \" style=\"height: 70px\">\r\n                <span class=\"vc_empty_space_inner\"><\/span>\r\n            <\/div>\r\n\r\n        \n\t\t\t\t<p class=\"rs-p-wp-fix\"><\/p>\n\t\t\t\t<sr7-module data-alias=\"iter5short\" data-id=\"11\" id=\"SR7_11_1\" class=\"rs-ov-hidden\" data-version=\"6.7.25\">\n\t\t\t\t\t<sr7-adjuster><\/sr7-adjuster>\n\t\t\t\t\t<sr7-content>\n\t\t\t\t\t\t<sr7-slide id=\"SR7_11_1-23\" data-key=\"23\">\n\t\t\t\t\t\t\t<sr7-txt id=\"SR7_11_1-23-13\" class=\"sr7-layer\">VILLA WESSETI<\/sr7-txt>\n\t\t\t\t\t\t\t<sr7-txt id=\"SR7_11_1-23-15\" class=\"sr7-layer\">PEAKOKASAAL<\/sr7-txt>\n\t\t\t\t\t\t<\/sr7-slide>\n\t\t\t\t\t\t<sr7-slide id=\"SR7_11_1-25\" data-key=\"25\">\n\t\t\t\t\t\t<\/sr7-slide>\n\t\t\t\t\t<\/sr7-content>\n\t\t\t\t\t<image_lists style=\"display:none\">\n\t\t\t\t\t\t<img data-src=\"\/\/wesset.ee\/wp-content\/uploads\/2020\/02\/red-ring-2.png\" data-libid=\"12112\" data-lib=\"medialibrary\" title=\"red-ring-2\" width=\"0\" height=\"0\" data-dbsrc=\"Ly93ZXNzZXQuZWUvd3AtY29udGVudC91cGxvYWRzLzIwMjAvMDIvcmVkLXJpbmctMi5wbmc=\"\/>\n\t\t\t\t\t\t<img data-src=\"\/\/wesset.ee\/wp-content\/uploads\/2024\/10\/v.svg\" data-libid=\"11983\" data-lib=\"medialibrary\" title=\"v\" width=\"0\" height=\"0\" data-dbsrc=\"Ly93ZXNzZXQuZWUvd3AtY29udGVudC91cGxvYWRzLzIwMjQvMTAvdi5zdmc=\"\/>\n\t\t\t\t\t\t<img data-src=\"\/\/wesset.ee\/wp-content\/uploads\/2024\/10\/ww.svg\" data-libid=\"11993\" data-lib=\"medialibrary\" title=\"ww\" width=\"0\" height=\"0\" data-dbsrc=\"Ly93ZXNzZXQuZWUvd3AtY29udGVudC91cGxvYWRzLzIwMjQvMTAvd3cuc3Zn\"\/>\n\t\t\t\t\t\t<img data-src=\"\/\/wesset.ee\/wp-content\/uploads\/2024\/10\/hall.svg\" data-libid=\"12008\" data-lib=\"medialibrary\" title=\"hall\" width=\"0\" height=\"0\" data-dbsrc=\"Ly93ZXNzZXQuZWUvd3AtY29udGVudC91cGxvYWRzLzIwMjQvMTAvaGFsbC5zdmc=\"\/>\n\t\t\t\t\t\t<img data-src=\"\/\/wesset.ee\/wp-content\/uploads\/2024\/10\/chefs.svg\" data-libid=\"12003\" data-lib=\"medialibrary\" title=\"chefs\" width=\"0\" height=\"0\" data-dbsrc=\"Ly93ZXNzZXQuZWUvd3AtY29udGVudC91cGxvYWRzLzIwMjQvMTAvY2hlZnMuc3Zn\"\/>\n\t\t\t\t\t<\/image_lists>\n\t\t\t\t<\/sr7-module>\n\t\t\t\t<script>\n\t\t\t\t\tSR7.PMH ??={}; SR7.PMH[\"SR7_11_1\"] = {cn:100,state:false,fn: function() { if (_tpt!==undefined && _tpt.prepareModuleHeight !== undefined) {  _tpt.prepareModuleHeight({id:\"SR7_11_1\",el:[643,643,643,960,720],type:'hero',shdw:'0',gh:[643,643,643,960,720],gw:[1240,1240,1240,778,480],vpt:['100px&#039;,&#039;100px&#039;,&#039;100px&#039;,&#039;100px&#039;,&#039;100px'],size:{fullWidth:true, fullHeight:false},mh:'0',onh:0,onw:0,bg:{color:'{\"type\":\"solid\",\"orig\":\"#050607\",\"string\":\"rgba(5, 6, 7, 1)\"}'}});   SR7.PMH[\"SR7_11_1\"].state=true;} else if(SR7.PMH[\"SR7_11_1\"].cn-->0)\tsetTimeout( SR7.PMH[\"SR7_11_1\"].fn,19);}};SR7.PMH[\"SR7_11_1\" ].fn();\n\t\t\t\t<\/script>\n\r\n            \r\n            <div class=\"sh-empty-space vc_empty_space sh-empty-space-KJzocVL8Rt  \" style=\"height: 5px\">\r\n                <span class=\"vc_empty_space_inner\"><\/span>\r\n            <\/div>\r\n\r\n        [vc_row_inner content_placement=&#8221;middle&#8221; max_width_alignment_mobile=&#8221;center&#8221; overflow=&#8221;default&#8221; max_width=&#8221;1000&#8243; css=&#8221;.vc_custom_1728424356551{padding-top: 25px !important;}&#8221;][vc_column_inner el_class=&#8221;white-text&#8221; width=&#8221;1\/2&#8243; max_width_alignment_mobile=&#8221;center&#8221; overflow=&#8221;default&#8221;]\r\n            \r\n            <div class=\"sh-empty-space vc_empty_space sh-empty-space-MWF62U0jHP  \" style=\"height: \">\r\n                <span class=\"vc_empty_space_inner\"><\/span>\r\n            <\/div>\r\n\r\n        \r\n\r\n\t<div class=\"sh-heading sh-heading-style1\" id=\"heading-wyfoJjkK6V\">\r\n\t\t<h1 class=\"sh-heading-content white-text mobile-center size-xl\">\r\n\t\t\tTervetuloa Villa Wessetin p\u00e4\u00e4kokin saliin!\t\t<\/h1>\r\n\t<\/div>\r\n\r\n            <style type=\"text\/css\">\r\n                #heading-wyfoJjkK6V .sh-heading-content strong,#heading-wyfoJjkK6V .sh-heading-additional-text strong {font-weight: 900!important;}#heading-wyfoJjkK6V .sh-heading-content {letter-spacing: 1px;font-weight: 400!important;}            <\/style>\r\n        \r\n            \r\n            <div class=\"sh-empty-space vc_empty_space sh-empty-space-ZjYkBc7Lv2  \" style=\"height: 20px\">\r\n                <span class=\"vc_empty_space_inner\"><\/span>\r\n            <\/div>\r\n\r\n        [vc_column_text css=&#8221;&#8221;]Tarjoamme ainutlaatuisen mahdollisuuden makumatkalle p\u00e4\u00e4kokin salissamme, jossa arvostamme korkealle kotimaista raaka-ainetta ja varmistamme huolellisesti, ett\u00e4 kaikki, mik\u00e4 saapuu maanviljelij\u00f6ilt\u00e4mme, saa ansaitsemansa paikan ruokalistalla.<br><br>Makuel\u00e4myst\u00e4 voi nauttia L\u2011muotoisen p\u00f6yd\u00e4n \u00e4\u00e4ress\u00e4 yhdess\u00e4 jopa 7 vieraalle, ja koko illallinen valmistetaan silmienne edess\u00e4.[\/vc_column_text]\r\n\r\n\t<div class=\"sh-heading sh-heading-style3\" id=\"heading-ksb9uE6KAL\">\r\n\t\t<h3 class=\"sh-heading-content size-default\">\r\n\t\t\t<\/span><br><div style=\"margin-bottom: 20px; text-align:center;\">\r\n        <span style=\"color:white; font-size: 20px; margin-bottom: 15px; font-weight: 300;\">Varauksiin<\/span><\/span>\r\n<span style=\"font-size: 21px; margin: 0;\">\r\n            <a href=\"tel:37256460500\" style=\"color: white; text-decoration: none; border-bottom: 1px solid rgba(255,255,255,0.3);\">+372 56 460 500<\/a><br \/>\r\n            tai<br \/>\r\n            <a href=\"mailto:info@wesset.ee\" style=\"color: white; text-decoration: none; border-bottom: 1px solid rgba(255,255,255,0.3);\">info@wesset.ee<\/a>\r\n        <\/span>\r\n<\/div><br><span>\t\t<\/h3>\r\n\t<\/div>\r\n\r\n            <style type=\"text\/css\">\r\n                #heading-ksb9uE6KAL .sh-heading-content {font-weight: 200!important;color: #FFFFFF;background-color: #A72417;}#heading-ksb9uE6KAL:hover .sh-heading-content {color: #E0E0E0;}            <\/style>\r\n        \r\n            \r\n            <div class=\"sh-empty-space vc_empty_space sh-empty-space-k2zu6MNXsc  \" style=\"height: 20px\">\r\n                <span class=\"vc_empty_space_inner\"><\/span>\r\n            <\/div>\r\n\r\n        [\/vc_column_inner][vc_column_inner width=&#8221;1\/2&#8243;][vc_single_image image=&#8221;6263&#8243; img_size=&#8221;full&#8221; alignment=&#8221;center&#8221; css=&#8221;&#8221;][\/vc_column_inner][\/vc_row_inner][vc_row_inner content_placement=&#8221;top&#8221; max_width_alignment_mobile=&#8221;center&#8221; overflow=&#8221;default&#8221; max_width=&#8221;1000&#8243; css=&#8221;.vc_custom_1728425149985{margin-top: 20px !important;}&#8221;][vc_column_inner el_class=&#8221;white-text&#8221; width=&#8221;1\/2&#8243; overflow=&#8221;default&#8221;][vc_column_text css=&#8221;&#8221;]Ruokaa valmistettaessa suosimme kotimaista raaka-ainetta ja noudatamme periaatetta \u201cnen\u00e4st\u00e4 h\u00e4nt\u00e4\u00e4n ja juuresta lautaselle\u201d.<br><br>Tavoitteenamme on edet\u00e4 nopeasti kohti kest\u00e4v\u00e4mp\u00e4\u00e4 ymp\u00e4rist\u00f6\u00e4. T\u00e4m\u00e4n vuoksi palaamme ensin esi-isiemme \u201cjuurille\u201d ja k\u00e4yt\u00e4mme keitti\u00f6ss\u00e4mme runsaasti hapannusta, marinoimista ja s\u00e4il\u00f6nt\u00e4\u00e4. Huolehdimme samalla, ett\u00e4 saamme kaiken irti meille saapuvasta raaka-aineesta.[\/vc_column_text]\r\n            \r\n            <div class=\"sh-empty-space vc_empty_space sh-empty-space-gEuaYn8qFK  \" style=\"height: 32px\">\r\n                <span class=\"vc_empty_space_inner\"><\/span>\r\n            <\/div>\r\n\r\n        \r\n\r\n\t<div class=\"sh-heading sh-heading-style1\" id=\"heading-CGvWkaqREH\">\r\n\t\t<h2 class=\"sh-heading-content white-text size-l\">\r\n\t\t\tP\u00e4\u00e4kokin salin degustaatio-menu\t\t<\/h2>\r\n\t<\/div>\r\n\r\n            <style type=\"text\/css\">\r\n                #heading-CGvWkaqREH .sh-heading-content strong,#heading-CGvWkaqREH .sh-heading-additional-text strong {font-weight: 900!important;}#heading-CGvWkaqREH .sh-heading-content {letter-spacing: 1px;font-weight: 400!important;}            <\/style>\r\n        \r\n            \r\n            <div class=\"sh-empty-space vc_empty_space sh-empty-space-VG8vhDye5u  \" style=\"height: 20px\">\r\n                <span class=\"vc_empty_space_inner\"><\/span>\r\n            <\/div>\r\n\r\n        [vc_column_text css=&#8221;&#8221;]Vieraillessasi meill\u00e4 voit valita kahden degustaatio-menun v\u00e4lill\u00e4.<br><br>Ensimm\u00e4inen n\u00e4ist\u00e4 on <a title=\"Paikallisen matkan menu\" href=\"\/peakoka-saal\/menuu\/#kohalik-rannak\"><strong>\u201cPaikallinen matka\u201d<\/strong><\/a>, jossa k\u00e4yt\u00e4mme ainoastaan virolaista raaka-ainetta, ja toinen on <a title=\"It\u00e4meren matkan menu\" href=\"\/peakoka-saal\/menuu\/#laanemere-rannak\"><strong>\u201cIt\u00e4meren matka\u201d<\/strong><\/a>, jossa sesongin mukaan saatamme k\u00e4ytt\u00e4\u00e4 raaka-ainetta, joka on kasvanut It\u00e4merell\u00e4 tai sen rannoilla. Molemmissa menuissa on kolme poikkeusta: sokeri, suola ja tietenkin suklaa, ilman joita el\u00e4m\u00e4 olisi yksinkertaisesti vaikeaa.[\/vc_column_text]\r\n            \r\n            <div class=\"sh-empty-space vc_empty_space sh-empty-space-DSavZUVo2j  \" style=\"height: 20px\">\r\n                <span class=\"vc_empty_space_inner\"><\/span>\r\n            <\/div>\r\n\r\n        \r\n<div id=\"button-BD6dvSuEeQ\" class=\"sh-button-container  sh-button-style-5\">\r\n\t<div class=\"sh-element-margin\">\r\n\t\t<a href=\"\/fi\/paakokin-sali\/ruokalista\/\" data-rel=\"\" target=\"_self\" class=\"sh-button sh-button-xlarge sh-button-icon-right\">\r\n\r\n\t\t\t\t\t\t\t<span class=\"sh-button-icon\">\r\n\t\t\t\t\t<i class=\"icon-arrow-right\"><\/i>\r\n\t\t\t\t<\/span>\r\n\t\t\t\r\n\t\t\t\t\t\t\t<span class=\"sh-button-text\">\r\n\t\t\t\t\tKatso menut\t\t\t\t<\/span>\r\n\t\t\t\r\n\t\t\t\r\n\t\t<\/a>\r\n\t\t\t<\/div>\r\n<\/div>\r\n            <style type=\"text\/css\">\r\n                #button-BD6dvSuEeQ .sh-button-text {font-weight: 500;}#button-BD6dvSuEeQ .sh-button {background-color: #A72417;color: #FFFFFF;border: 2px solid transparent;border: 1px solid #A72417;display: block!important;width: 100%;}#button-BD6dvSuEeQ {text-align: center;}#button-BD6dvSuEeQ .sh-element-margin {margin: 10px 0px 15px 0px;}#button-BD6dvSuEeQ:not(.sh-button-style-2) .sh-button:hover {background-color: #A72417;color: #FFFFFF;border: 1px solid #A72417;}#button-BD6dvSuEeQ.sh-button-style-2 .sh-button:after {background-color: #A72417;}#button-BD6dvSuEeQ.sh-button-style-2 .sh-button:hover {color: #FFFFFF;border: 1px solid #A72417;}@media (max-width: 800px) {#button-BD6dvSuEeQ {text-align: center;}}            <\/style>\r\n        \r\n            \r\n            <div class=\"sh-empty-space vc_empty_space sh-empty-space-APBxvRywU8  \" style=\"height: 20px\">\r\n                <span class=\"vc_empty_space_inner\"><\/span>\r\n            <\/div>\r\n\r\n        [\/vc_column_inner][vc_column_inner width=&#8221;1\/2&#8243;][vc_single_image image=&#8221;12135&#8243; img_size=&#8221;full&#8221; alignment=&#8221;center&#8221; css=&#8221;&#8221;][\/vc_column_inner][\/vc_row_inner][\/vc_column][\/vc_row]<\/p>\n<\/div>","protected":false},"excerpt":{"rendered":"Villa Wessetin p\u00e4\u00e4kokin salin eksklusiivinen illallisel\u00e4mys, jossa kest\u00e4vyys ja paikallisen raaka-aineen maut kohtaavat todellista gastronomiaa.","protected":false},"author":1,"featured_media":20621,"parent":0,"menu_order":0,"comment_status":"closed","ping_status":"closed","template":"","meta":{"footnotes":""},"class_list":["post-12632","page","type-page","status-publish","has-post-thumbnail","hentry"],"_links":{"self":[{"href":"https:\/\/wesset.ee\/fi\/wp-json\/wp\/v2\/pages\/12632","targetHints":{"allow":["GET"]}}],"collection":[{"href":"https:\/\/wesset.ee\/fi\/wp-json\/wp\/v2\/pages"}],"about":[{"href":"https:\/\/wesset.ee\/fi\/wp-json\/wp\/v2\/types\/page"}],"author":[{"embeddable":true,"href":"https:\/\/wesset.ee\/fi\/wp-json\/wp\/v2\/users\/1"}],"replies":[{"embeddable":true,"href":"https:\/\/wesset.ee\/fi\/wp-json\/wp\/v2\/comments?post=12632"}],"version-history":[{"count":0,"href":"https:\/\/wesset.ee\/fi\/wp-json\/wp\/v2\/pages\/12632\/revisions"}],"wp:featuredmedia":[{"embeddable":true,"href":"https:\/\/wesset.ee\/fi\/wp-json\/wp\/v2\/media\/20621"}],"wp:attachment":[{"href":"https:\/\/wesset.ee\/fi\/wp-json\/wp\/v2\/media?parent=12632"}],"curies":[{"name":"wp","href":"https:\/\/api.w.org\/{rel}","templated":true}]}}