{"id":12620,"date":"2020-08-24T06:27:08","date_gmt":"2020-08-24T03:27:08","guid":{"rendered":"https:\/\/wesset.ee\/kontakt\/"},"modified":"2025-01-27T16:35:46","modified_gmt":"2025-01-27T14:35:46","slug":"yhteystiedot","status":"publish","type":"page","link":"https:\/\/wesset.ee\/fi\/yhteystiedot\/","title":{"rendered":"Yhteystiedot"},"content":{"rendered":"<div class=\"wpb-content-wrapper\"><p>[vc_section][vc_row full_width=&#8221;stretch_row_content_no_spaces&#8221; equal_height=&#8221;yes&#8221; overflow=&#8221;default&#8221; css=&#8221;.vc_custom_1734358404824{padding-top: 50px !important;padding-right: 20px !important;padding-bottom: 50px !important;padding-left: 20px !important;background-image: url(https:\/\/wesset.ee\/wp-content\/uploads\/2018\/06\/wesset_1920_0058_B01I9026-min.jpg?id=397) !important;background-position: center !important;background-repeat: no-repeat !important;background-size: cover !important;}&#8221;][vc_column width=&#8221;1\/2&#8243; overflow=&#8221;default&#8221; el_class=&#8221;hero-intro-text-inner wesset-box-shadow-natural white-color-bg&#8221; css=&#8221;.vc_custom_1734357789695{padding-top: 75px !important;padding-right: 50px !important;padding-bottom: 30px !important;padding-left: 50px !important;}&#8221;]\r\n<div class=\"sh-heading  \" id=\"heading-f3ytcXBRYv\">\r\n\t<div class=\"sh-element-margin\">\r\n\r\n\t\t\r\n\t\t\t<h1 class=\"sh-heading-content size-default text-left\">\r\n\t\t\t\t&#8211; Yhteystiedot &#8211;\t\t\t<\/h1>\r\n\r\n\t\t\r\n\t<\/div>\r\n<\/div>\r\n            <style type=\"text\/css\">\r\n                #heading-f3ytcXBRYv .sh-element-margin {}#heading-f3ytcXBRYv .sh-heading-content {font-weight: 400!important;}#heading-f3ytcXBRYv .sh-heading-content,#heading-f3ytcXBRYv .sh-heading-additional-text {}            <\/style>\r\n        \r\n            \r\n            <div class=\"sh-empty-space vc_empty_space sh-empty-space-PZ6YbqAO3M  \" style=\"height: 20px\">\r\n                <span class=\"vc_empty_space_inner\"><\/span>\r\n            <\/div>\r\n\r\n        [vc_column_text css=&#8221;&#8221;]Matkapuhelinnumero: <strong>+372 56 460 500<\/strong>\r\nS\u00e4hk\u00f6posti: <a href=\"mailto:info@wesset.ee\" target=\"_blank\" rel=\"noopener\">info@wesset.ee<\/a>\r\nYritys: <strong>Hotell Wesset O\u00dc<\/strong>\r\nK\u00e4yntiosoite: <strong>Supeluse 26, P\u00e4rnu 80012<\/strong>\r\nVirallinen osoite: <strong>Supeluse 26, P\u00e4rnu 80012<\/strong>\r\nYritystunnus: <strong>12956927<\/strong>\r\nALV-numero: <strong>EE101841333<\/strong>\r\nTilinumero: EE577700771001932930\r\nBIC\/SWIFT: LHVBEE22[\/vc_column_text]\r\n            \r\n            <div class=\"sh-empty-space vc_empty_space sh-empty-space-aMpRoIZ65A  \" style=\"height: 20px\">\r\n                <span class=\"vc_empty_space_inner\"><\/span>\r\n            <\/div>\r\n\r\n        \r\n<div class=\"sh-team sh-team-style1 sh-team-social-overlay\" id=\"team-dB7FWc48YM\">\r\n\t\r\n\t\t<div class=\"sh-team-image\">\r\n\t\t\t<a href=\"https:\/\/wesset.ee\/wp-content\/uploads\/2020\/02\/20200129_130006_Triin2-1024x683.jpg\" class=\"\" rel=\"lightbox\">\r\n\t\t\t\t\t\t\t\t\t<div class=\"ratio-container\" style=\"padding-top: 100%;\">\r\n\t\t\t\t\t\t<div class=\"ratio-content\">\r\n\t\t\t\t\t\t\t<img class=\"sh-image-url lazy\" data-src=\"https:\/\/wesset.ee\/wp-content\/uploads\/2020\/02\/20200129_130006_Triin2-660x660.jpg\" alt=\"\" \/>\r\n\t\t\t\t\t\t<\/div>\r\n\t\t\t\t\t<\/div>\r\n\t\t\t\t\t\t\t<\/a>\r\n\r\n\t\t\t\t\t\t\t<div class=\"sh-team-overlay\">\r\n\t\t\t\t\t\t\t\t\t<\/div>\r\n\t\t\t\t\t<\/div>\r\n\r\n\t\t<div class=\"sh-team-aside\">\r\n\t\t\t<div class=\"sh-team-name\">\r\n\t\t\t\t<h3>Triin Kuusik<\/h3>\r\n\t\t\t<\/div>\r\n\t\t\t<div class=\"sh-team-role\">\r\n\t\t\t\tHOTELLINJOHTAJA\t\t\t<\/div>\r\n\r\n\t\t\t\t\t\t\t<div class=\"sh-team-description\">\r\n\t\t\t\t\tMatkapuhelinnumero: <a href=\"tel:+37256911524\"><strong>+372 56 911 524<\/strong><\/a><br \/>\r\nS\u00e4hk\u00f6posti: <a href=\"mailto:triin@wesset.ee\">triin@wesset.ee<\/a>\t\t\t\t<\/div>\r\n\t\t\t\r\n\t\t\t\t\t<\/div>\r\n\r\n\t<\/div>\r\n            <style type=\"text\/css\">\r\n                #team-dB7FWc48YM .sh-team-role {color: #A72417!important;}#team-dB7FWc48YM.sh-team-social-overlay .sh-team-icons {background-color: #a72417;}            <\/style>\r\n        \r\n<div id=\"divider-XetLoQAVYN\" class=\"sh-divider sh-divider- sh-divider-content-none\">\r\n\t\t\t<div class=\"sh-divider-line\"><\/div>\r\n\t<\/div>\r\n            <style type=\"text\/css\">\r\n                #divider-XetLoQAVYN {margin: 20px 0px 20px 0px!important;}#divider-XetLoQAVYN.sh-divider-content-none .sh-divider-line {border-top-width: 4px;border-top-color: #A72417;border-top-style: solid;}            <\/style>\r\n        \r\n<div class=\"sh-team sh-team-style1 sh-team-social-overlay\" id=\"team-A2OLNT1H0o\">\r\n\t\r\n\t\t<div class=\"sh-team-image\">\r\n\t\t\t<a href=\"https:\/\/wesset.ee\/wp-content\/uploads\/2020\/05\/20200130_133052_SilverGutmann_Mart-wesset.jpg\" class=\"\" rel=\"lightbox\">\r\n\t\t\t\t\t\t\t\t\t<div class=\"ratio-container\" style=\"padding-top: 100%;\">\r\n\t\t\t\t\t\t<div class=\"ratio-content\">\r\n\t\t\t\t\t\t\t<img class=\"sh-image-url lazy\" data-src=\"https:\/\/wesset.ee\/wp-content\/uploads\/2020\/05\/20200130_133052_SilverGutmann_Mart-wesset-660x660.jpg\" alt=\"\" \/>\r\n\t\t\t\t\t\t<\/div>\r\n\t\t\t\t\t<\/div>\r\n\t\t\t\t\t\t\t<\/a>\r\n\r\n\t\t\t\t\t\t\t<div class=\"sh-team-overlay\">\r\n\t\t\t\t\t\t\t\t\t<\/div>\r\n\t\t\t\t\t<\/div>\r\n\r\n\t\t<div class=\"sh-team-aside\">\r\n\t\t\t<div class=\"sh-team-name\">\r\n\t\t\t\t<h3>Mart Kukk<\/h3>\r\n\t\t\t<\/div>\r\n\t\t\t<div class=\"sh-team-role\">\r\n\t\t\t\tKEITTI\u00d6MESTARI\t\t\t<\/div>\r\n\r\n\t\t\t\t\t\t\t<div class=\"sh-team-description\">\r\n\t\t\t\t\tMatkapuhelinnumero: <a href=\"tel:+37258162623\"><strong>+372 5816 2623<\/strong><\/a><br \/>\r\nS\u00e4hk\u00f6posti: <a href=\"mailto:mart@wesset.ee\">mart@wesset.ee<\/a>\t\t\t\t<\/div>\r\n\t\t\t\r\n\t\t\t\t\t<\/div>\r\n\r\n\t<\/div>\r\n            <style type=\"text\/css\">\r\n                #team-A2OLNT1H0o .sh-team-role {color: #A72417!important;}#team-A2OLNT1H0o.sh-team-social-overlay .sh-team-icons {background-color: #a72417;}            <\/style>\r\n        [\/vc_column][vc_column width=&#8221;1\/2&#8243; overflow=&#8221;default&#8221;][vc_row_inner overflow=&#8221;default&#8221; max_width=&#8221;500&#8243; padding_tablet=&#8221;30px 30px 30px 30px&#8221; el_class=&#8221;white-background padding-70-50 wesset-box-shadow&#8221;][vc_column_inner overflow=&#8221;default&#8221;]\r\n<div class=\"sh-heading  \" id=\"heading-0PEI2QUxu9\">\r\n\t<div class=\"sh-element-margin\">\r\n\r\n\t\t\r\n\t\t\t<h3 class=\"sh-heading-content size-default text-left\">\r\n\t\t\t\tOta yhteytt\u00e4, jos sinulla on kysytt\u00e4v\u00e4\u00e4\t\t\t<\/h3>\r\n\r\n\t\t\r\n\t<\/div>\r\n<\/div>\r\n            <style type=\"text\/css\">\r\n                #heading-0PEI2QUxu9 .sh-element-margin {}#heading-0PEI2QUxu9 .sh-heading-content {font-weight: 700!important;}#heading-0PEI2QUxu9 .sh-heading-content,#heading-0PEI2QUxu9 .sh-heading-additional-text {}            <\/style>\r\n        \r\n<div id=\"divider-TUQ3AB4dur\" class=\"sh-divider sh-divider- sh-divider-content-none\">\r\n\t\t\t<div class=\"sh-divider-line\"><\/div>\r\n\t<\/div>\r\n            <style type=\"text\/css\">\r\n                #divider-TUQ3AB4dur {margin: 20px 0px 20px 0px!important;}#divider-TUQ3AB4dur.sh-divider-content-none .sh-divider-line {border-top-width: 4px;border-top-color: #A72417;border-top-style: solid;}            <\/style>\r\n        \r\n            <style media=\"screen\">\r\n                                #cf7-3875 label {\r\n                    \r\n                    \r\n                                            font-weight: !important;\r\n                    \r\n                                    }\r\n\r\n\r\n\r\n\r\n                                #cf7-3875 input:not([type=\"submit\"]),\r\n                #cf7-3875 select,\r\n                #cf7-3875 textarea,\r\n                #cf7-3875 .SumoSelect > .CaptionCont {\r\n                    \r\n                    \r\n                    \r\n                    \r\n                    \r\n                    \r\n                    \r\n                    transition: 0.3s all ease-in-out;\r\n                }\r\n\r\n\r\n                #cf7-3875 input:not([type=\"submit\"]):hover,\r\n                #cf7-3875 select:hover,\r\n                #cf7-3875 textarea:hover {\r\n                    \r\n                    \r\n                                    }\r\n\r\n\r\n                #cf7-3875 input:not([type=\"submit\"]):focus,\r\n                #cf7-3875 select:focus,\r\n                #cf7-3875 textarea:focus {\r\n                    \r\n                    \r\n                                    }\r\n\r\n\r\n                \r\n\r\n                \r\n                \r\n\r\n\r\n\r\n                                #cf7-3875 .wpcf7-submit {\r\n\r\n                    \r\n                    \r\n                    \r\n                    \r\n                    \r\n                    \r\n                    \r\n                    \r\n                    \r\n                    \r\n                    \r\n                                    }\r\n\r\n\r\n                \r\n\r\n                \r\n\r\n                            <\/style>\r\n\r\n\r\n            <div id=\"cf7-3875\" class=\"sh-cf7 sh-cf7-wpbakery sh-cf7-style1 sh-cf7-layout-default \">\r\n                \n<div class=\"wpcf7 no-js\" id=\"wpcf7-f15174-o1\" lang=\"fi\" dir=\"ltr\" data-wpcf7-id=\"15174\">\n<div class=\"screen-reader-response\"><p role=\"status\" aria-live=\"polite\" aria-atomic=\"true\"><\/p> <ul><\/ul><\/div>\n<form action=\"\/fi\/wp-json\/wp\/v2\/pages\/12620#wpcf7-f15174-o1\" method=\"post\" class=\"wpcf7-form init\" aria-label=\"Yhteydenottolomake\" novalidate=\"novalidate\" data-status=\"init\">\n<fieldset class=\"hidden-fields-container\"><input type=\"hidden\" name=\"_wpcf7\" value=\"15174\" \/><input type=\"hidden\" name=\"_wpcf7_version\" value=\"6.1.5\" \/><input type=\"hidden\" name=\"_wpcf7_locale\" value=\"fi\" \/><input type=\"hidden\" name=\"_wpcf7_unit_tag\" value=\"wpcf7-f15174-o1\" \/><input type=\"hidden\" name=\"_wpcf7_container_post\" value=\"0\" \/><input type=\"hidden\" name=\"_wpcf7_posted_data_hash\" value=\"\" \/>\n<\/fieldset>\n<div class=\"sh-cf7-body\"><label> Nimi (pakollinen)\n    <span class=\"wpcf7-form-control-wrap\" data-name=\"your-name\"><input size=\"40\" maxlength=\"400\" class=\"wpcf7-form-control wpcf7-text wpcf7-validates-as-required\" aria-required=\"true\" aria-invalid=\"false\" value=\"\" type=\"text\" name=\"your-name\" \/><\/span> <\/label>\n\n<label> S\u00e4hk\u00f6posti (pakollinen)\n    <span class=\"wpcf7-form-control-wrap\" data-name=\"your-email\"><input size=\"40\" maxlength=\"400\" class=\"wpcf7-form-control wpcf7-email wpcf7-validates-as-required wpcf7-text wpcf7-validates-as-email\" aria-required=\"true\" aria-invalid=\"false\" value=\"\" type=\"email\" name=\"your-email\" \/><\/span> <\/label>\n\n<label> Puhelin\n    <span class=\"wpcf7-form-control-wrap\" data-name=\"tel-602\"><input size=\"40\" maxlength=\"400\" class=\"wpcf7-form-control wpcf7-tel wpcf7-text wpcf7-validates-as-tel\" aria-invalid=\"false\" value=\"\" type=\"tel\" name=\"tel-602\" \/><\/span> <\/label>\n\n<label> Viesti\n    <span class=\"wpcf7-form-control-wrap\" data-name=\"your-message\"><textarea cols=\"40\" rows=\"10\" maxlength=\"2000\" class=\"wpcf7-form-control wpcf7-textarea\" aria-invalid=\"false\" name=\"your-message\"><\/textarea><\/span> <\/label>\n\n<input class=\"wpcf7-form-control wpcf7-submit has-spinner\" type=\"submit\" value=\"L\u00e4het\u00e4\" \/><\/div><div class=\"wpcf7-response-output\" aria-hidden=\"true\"><\/div>\n<\/form>\n<\/div>\n            <\/div>\r\n\r\n        [\/vc_column_inner][\/vc_row_inner][\/vc_column][\/vc_row][\/vc_section][vc_row max_width_alignment_mobile=&#8221;center&#8221; overflow=&#8221;default&#8221; css=&#8221;.vc_custom_1727974026847{padding-top: 0px !important;}&#8221;][vc_column overflow=&#8221;default&#8221; css=&#8221;.vc_custom_1730379731773{padding: 0px !important;}&#8221;]            <div id=\"sh-google-maps-cswDt4BSYp\" class=\"sh-google-maps\">\r\n\r\n                <div class=\"map\" style=\"height: 500px;\"><\/div>\r\n                <script>\r\n                window.addEventListener( 'load', function() {\r\n                    jQuery( function($) {\r\n        \t\t\t    if( $.isFunction( $.fn.gmap3 ) ) {\r\n\r\n                            $('#sh-google-maps-cswDt4BSYp .map')\r\n                            .gmap3({\r\n                                                                    key: 'AIzaSyDXU49ZPDzppXSx2bhWGhe5lp-4qnksqKI',\r\n                                \r\n                                                                    address:\"Supeluse tn 26, P\u00e4rnu, 80012 P\u00e4rnu maakond\",\r\n                                    zoom:12,\r\n                                \r\n                                                            })\r\n                            .marker(\r\n                                {\r\n                                    address:\"Supeluse tn 26, P\u00e4rnu, 80012 P\u00e4rnu maakond\",\r\n                                    content: \"\",\r\n                                    icon: \"https:\/\/wesset.ee\/wp-content\/uploads\/2024\/10\/wesset-marker.png\"\r\n                                }                            )\r\n                            .infowindow(\r\n                                {\r\n                                    content: \"\",\r\n                                }                            )                                .then(function (infowindow) {\r\n                                    infowindow.open(this.get(0));\r\n                                })\r\n                                                        ;\r\n\r\n                        }\r\n        \t\t    });\r\n                });\r\n                <\/script>\r\n\r\n            <\/div>\r\n        [\/vc_column][\/vc_row]<\/p>\r\n<\/div>","protected":false},"excerpt":{"rendered":"[vc_section][vc_row full_width=&#8221;stretch_row_content_no_spaces&#8221; equal_height=&#8221;yes&#8221; overflow=&#8221;default&#8221; css=&#8221;.vc_custom_1734358404824{padding-top: 50px !important;padding-right: 20px !important;padding-bottom: 50px !important;padding-left: 20px !important;background-image: url(https:\/\/wesset.ee\/wp-content\/uploads\/2018\/06\/wesset_1920_0058_B01I9026-min.jpg?id=397) !important;background-position:&#8230;","protected":false},"author":1,"featured_media":0,"parent":0,"menu_order":0,"comment_status":"closed","ping_status":"closed","template":"","meta":{"footnotes":""},"class_list":["post-12620","page","type-page","status-publish","hentry"],"_links":{"self":[{"href":"https:\/\/wesset.ee\/fi\/wp-json\/wp\/v2\/pages\/12620","targetHints":{"allow":["GET"]}}],"collection":[{"href":"https:\/\/wesset.ee\/fi\/wp-json\/wp\/v2\/pages"}],"about":[{"href":"https:\/\/wesset.ee\/fi\/wp-json\/wp\/v2\/types\/page"}],"author":[{"embeddable":true,"href":"https:\/\/wesset.ee\/fi\/wp-json\/wp\/v2\/users\/1"}],"replies":[{"embeddable":true,"href":"https:\/\/wesset.ee\/fi\/wp-json\/wp\/v2\/comments?post=12620"}],"version-history":[{"count":0,"href":"https:\/\/wesset.ee\/fi\/wp-json\/wp\/v2\/pages\/12620\/revisions"}],"wp:attachment":[{"href":"https:\/\/wesset.ee\/fi\/wp-json\/wp\/v2\/media?parent=12620"}],"curies":[{"name":"wp","href":"https:\/\/api.w.org\/{rel}","templated":true}]}}