{"id":12616,"date":"2024-10-01T16:07:37","date_gmt":"2024-10-01T13:07:37","guid":{"rendered":"https:\/\/wesset.ee\/kinkekaart\/ostutingimused\/"},"modified":"2025-02-13T01:13:55","modified_gmt":"2025-02-12T23:13:55","slug":"ostoehdot","status":"publish","type":"page","link":"https:\/\/wesset.ee\/fi\/lahjakortti\/ostoehdot\/","title":{"rendered":"Ostoehdot"},"content":{"rendered":"<div class=\"wpb-content-wrapper\"><p>[vc_row][vc_column][vc_column_text css=&#8221;&#8221;]<\/p>\n<\/p>\r\n<div class=\"wp-block-spacer\" style=\"height: 54px;\" aria-hidden=\"true\">\u00a0<\/div>\r\n<h3>Lahjakortin ostoehdot<\/h3>\n<p style=\"padding-left: 40px;\">1.1. Hotell Wesset O\u00dc:sta (j\u00e4ljemp\u00e4n\u00e4 hotelli) lahjakorttia voidaan ostaa verkkokaupasta ja hotellin vastaanotosta;<\/p>\n<p style=\"padding-left: 40px;\">1.2. Lahjakortti voidaan ostaa vapaasti valitulla arvolla, v\u00e4himm\u00e4ism\u00e4\u00e4r\u00e4 on 10 euroa;<\/p>\n<p style=\"padding-left: 40px;\">1.3. Mik\u00e4li k\u00e4ytettyjen palveluiden summa ylitt\u00e4\u00e4 lahjakortin arvon, kortin omistajan tulee maksaa erotus erikseen;<\/p>\n<p style=\"padding-left: 40px;\">1.4. Jos ostosumma on pienempi kuin lahjakortin arvo, k\u00e4ytt\u00e4m\u00e4t\u00f6nt\u00e4 summaa ei palauteta;<\/p>\n<p style=\"padding-left: 40px;\">1.5. Lahjakorttia ei vaihdeta rahaksi;<\/p>\n<p style=\"padding-left: 40px;\">1.6. Lahjakortin voimassaoloaika on 12 kuukautta ostop\u00e4iv\u00e4st\u00e4;<\/p>\n<p style=\"padding-left: 40px;\">1.7. Voimassaoloaikansa ylitt\u00e4v\u00e4 kortti ei ole hyv\u00e4ksytt\u00e4v\u00e4 ja se mit\u00e4t\u00f6id\u00e4\u00e4n;<\/p>\n<p style=\"padding-left: 40px;\">1.8. Vaurioitunutta tai kadonnutta lahjakorttia ei vaihdeta uuteen korttiin eik\u00e4 rahaan;<\/p>\n<p style=\"padding-left: 40px;\">1.9. Lahjakortin monistaminen mill\u00e4\u00e4n tavalla ei ole sallittua.<\/p>\n<p style=\"padding-left: 40px;\">1.10. Lahjakortti on maksuv\u00e4line, ja pyyd\u00e4mme esitt\u00e4m\u00e4\u00e4n sen ehdottomasti palvelun maksun yhteydess\u00e4.<\/p>\n<p style=\"padding-left: 40px;\">1.11. Kysymyksiss\u00e4 ottakaa yhteytt\u00e4 osoitteeseen <a href=\"mailto:info@wesset.ee\">info@wesset.ee<\/a> tai soittakaa numeroon +372 56 460 500<\/p>\n<p><b>2. Lahjakortin ostoprosessi<\/b><\/p>\n<p style=\"padding-left: 40px;\">2.1. Lahjakortti ostetaan s\u00e4hk\u00f6isest\u00e4 kaupank\u00e4yntij\u00e4rjestelm\u00e4st\u00e4 osoitteessa <a href=\"https:\/\/wesset.ee\/fi\/lahjakortti\/\">https:\/\/wesset.ee\/kinkekaart<\/a><\/p>\n<p style=\"padding-left: 40px;\">2.2. Lahjakorttia ostaessa ostaja t\u00e4ytt\u00e4\u00e4 tilauslomakkeen ja maksaa valitun summan k\u00e4ytt\u00e4en valitun pankin s\u00e4hk\u00f6ist\u00e4 maksuj\u00e4rjestelm\u00e4\u00e4;<\/p>\n<p style=\"padding-left: 40px;\">2.3. Ostajaa tiedotetaan ostetusta lahjakortista tilauslomakkeessa ilmoitettuun s\u00e4hk\u00f6postiosoitteeseen;<\/p>\n<p style=\"padding-left: 40px;\">2.4. Ostettua lahjakorttia saa k\u00e4ytt\u00e4\u00e4 ainoastaan sen haltija.<\/p>\n<p><b>3. Ehtojen voimaantulo<\/b><\/p>\n<p style=\"padding-left: 40px;\">3.1. Sopimus tulee voimaan sill\u00e4 hetkell\u00e4, kun ostaja klikkaa nappia &#8220;HYV\u00c4KSYN EHDOT&#8221;.<\/p>\n<p><b>4. Lahjakortin toimitus<\/b><\/p>\n<p style=\"padding-left: 40px;\">4.1. Lahjakortti l\u00e4hetet\u00e4\u00e4n s\u00e4hk\u00f6isess\u00e4 muodossa (.pdf) ostajan tilauslomakkeessa ilmoitettuun s\u00e4hk\u00f6postiosoitteeseen 1 (yhden) ty\u00f6p\u00e4iv\u00e4n kuluessa;<\/p>\n<p style=\"padding-left: 40px;\">4.2. Lahjakortti voidaan noutaa hotellin vastaanotosta osoitteessa Supeluse tn 26, P\u00e4rnu;<\/p>\n<p style=\"padding-left: 40px;\">4.3. Lahjakortti voidaan l\u00e4hett\u00e4\u00e4 Smartpostilla, toimitusaika on enint\u00e4\u00e4n 3 (kolme) p\u00e4iv\u00e4\u00e4.<\/p>\n<p><b>5. Lahjakortin k\u00e4ytt\u00f6 ja voimassaolo<\/b><\/p>\n<p style=\"padding-left: 40px;\">5.1. Rahallista arvoa omaavan lahjakortin voimassaoloaika on 12 (kaksitoista) kuukautta sen my\u00f6nt\u00e4misp\u00e4iv\u00e4st\u00e4. Jos lahjakorttia ei k\u00e4ytet\u00e4 sen voimassaoloaikana, palvelu katsotaan suoritetuksi;<\/p>\n<p style=\"padding-left: 40px;\">5.2. Majoitusta sis\u00e4lt\u00e4v\u00e4 lahjakortti ei ole voimassa huippusesonkina (kes\u00e4kuusta elokuuhun, 3 kuukautta);<\/p>\n<p style=\"padding-left: 40px;\">5.2. Lahjakortissa mainitun palvelun tarjoamisp\u00e4iv\u00e4n osalta lahjakortin haltijan on otettava yhteytt\u00e4 kortissa ilmoitettuun puhelinnumeroon ja s\u00e4hk\u00f6postiosoitteeseen, ilmoitettava kortin numero, varattava palvelu ja saapua sovittuna ajankohtana m\u00e4\u00e4r\u00e4ttyyn paikkaan;<\/p>\n<p style=\"padding-left: 40px;\">5.3. Lahjakorttia ei voi vaihtaa rahaksi. K\u00e4ytt\u00e4m\u00e4tt\u00f6m\u00e4st\u00e4 lahjakortista rahaa ei palauteta.<\/p>\n<p><b>6. Maksutavat<\/b><\/p>\n<p style=\"padding-left: 40px;\">6.1. Lahjakortin maksun voi suorittaa Estonian pankkien verkkopankkiliit\u00e4nn\u00e4n (e-pank) kautta;<\/p>\n<p style=\"padding-left: 40px;\">6.2. T\u00e4ytt\u00e4neenne lahjakortin tilauslomakkeen, klikkaa halutun pankin linkki\u00e4, joka ohjaa teid\u00e4t valitun verkkopankin kautta wesset.ee:n toimittaman maksutiedon kera. Pankin ja wesset.ee -ymp\u00e4rist\u00f6n v\u00e4lill\u00e4 siirrett\u00e4v\u00e4 tieto on varustettu digitaalisilla allekirjoituksilla. Hotelli ei saa tiet\u00e4\u00e4 pankkitilitietojanne, vaan ainoastaan sen, onko maksu suoritettu vai ei.<\/p>\n<p><b>7. Luottamuksellisuus<\/b><\/p>\n<p style=\"padding-left: 40px;\">8.1. Verkkoymp\u00e4rist\u00f6ss\u00e4 tilauksen tekemisen ja ostoksen suorittamisen yhteydess\u00e4 annettuja henkil\u00f6tietoja pidet\u00e4\u00e4n luottamuksellisina ja niit\u00e4 k\u00e4sitell\u00e4\u00e4n henkil\u00f6tietolain vaatimusten mukaisesti. Hotelli ei julkaise asiakkaan henkil\u00f6tietoja kolmansille osapuolille ilman asiakkaan suostumusta.<\/p>\n<p><b>8. Osapuolten oikeudet ja velvollisuudet<\/b><\/p>\n<p style=\"padding-left: 40px;\">8.1. Ostajalla on oikeus:<\/p>\n<p style=\"padding-left: 80px;\">8.1.1. Kun lahjakortti ostetaan verkkokaupasta, kuluttajalla on oikeus peruuttaa myyntisopimus 14 p\u00e4iv\u00e4n kuluessa lahjakortin vastaanottamisesta (verkkokaupasta ostettaessa 14 p\u00e4iv\u00e4n kuluessa siit\u00e4 p\u00e4iv\u00e4st\u00e4, kun hotelli l\u00e4hetti lahjakortin haluttuun s\u00e4hk\u00f6postiosoitteeseen). Kauppaa ei voi peruuttaa, jos kortissa oleva ainutlaatuinen koodi on jo k\u00e4ytetty;<\/p>\n<p style=\"padding-left: 80px;\">8.1.2. vaatia tilaamien palveluiden ajallaan tapahtuvaa ja asianmukaista suorittamista, paitsi tapauksissa, jotka on s\u00e4\u00e4detty t\u00e4ss\u00e4 sopimuksessa;<\/p>\n<p style=\"padding-left: 40px;\">8.2. Ostajan velvollisuutena on:<\/p>\n<p style=\"padding-left: 80px;\">8.2.1. palauttaa hotellille lahjakortti sopimuksen peruuttamisen yhteydess\u00e4 15 p\u00e4iv\u00e4n kuluessa, omalla kustannuksellaan, kuten kohdassa 8.1.1 on m\u00e4\u00e4r\u00e4tty;<\/p>\n<p style=\"padding-left: 80px;\">8.2.2. toimittaa palveluiden tilaamiseen kaikki v\u00e4litt\u00e4j\u00e4n vaatimat tiedot.<\/p>\n<p style=\"padding-left: 40px;\">8.3. Hotellilla on oikeus:<\/p>\n<p style=\"padding-left: 80px;\">9.3.1. kielt\u00e4yty\u00e4 palveluiden tarjoamisesta, mik\u00e4li ostaja on tilauksen tekohetkell\u00e4 tai sen j\u00e4lkeen antanut v\u00e4\u00e4ri\u00e4, ep\u00e4tarkkoja tai harhaanjohtavia tietoja tai ei ole toimittanut kaikkia vaadittuja tietoja.<\/p>\n<p style=\"padding-left: 40px;\">8.4. Hotellin velvollisuutena on:<\/p>\n<p style=\"padding-left: 80px;\">9.4.1. peruuttaa lahjakortti 15 p\u00e4iv\u00e4n kuluessa ilmoituksen saamisesta sek\u00e4 palauttaa ostajalle lahjakortista maksettu summa. Toimituskulujen postimaksua ei palauteta;<\/p>\n<p style=\"padding-left: 80px;\">9.4.2. noudattaa sopimuksen kohdassa 7 s\u00e4\u00e4dettyj\u00e4 luottamuksellisten tietojen suojausvaatimuksia.<\/p>\n<p><b>9. Ehtojen muutokset<\/b><\/p>\n<p style=\"padding-left: 40px;\">9.1. Hotelli pid\u00e4tt\u00e4\u00e4 oikeuden muuttaa vaatimuksia, ehtoja ja huomautuksia, joiden perusteella lahjakortteja myyd\u00e4\u00e4n, ja te hyv\u00e4ksytte sek\u00e4 vahvistatte, ett\u00e4 noudatatte niit\u00e4 vaatimuksia, ehtoja ja huomautuksia, jotka ovat voimassa lahjakorttia ostaessanne.<\/p>\n<p><b>10. Valitusten tekemisen menettely<\/b><\/p>\n<p style=\"padding-left: 40px;\">10.1. Mik\u00e4li teill\u00e4 on valituksia lahjakortin ostamisesta tai k\u00e4yt\u00f6st\u00e4, l\u00e4hett\u00e4k\u00e4\u00e4 reklamaatio kirjallisesti osoitteeseen <a href=\"mailto:info@wesset.ee\">info@wesset.ee<\/a>.<\/p>\n<p><b>11. Muuta<\/b><\/p>\n<p style=\"padding-left: 40px;\">11.1. Asiakkaan ja hotellin v\u00e4lityksell\u00e4 syntyneet erimielisyydet palveluiden tilaamisesta ja ostamisesta ratkaistaan neuvotteluteitse. Jos sopimukseen ei p\u00e4\u00e4st\u00e4, asiakkaalla on oikeus hakea oikeusturvaa Kuluttajaviranomaiselta. Riitatilanteissa ja n\u00e4iss\u00e4 ehdoissa erikseen mainitsemattomien asioiden ratkaisemisessa sovelletaan Viron tasavallassa voimassa olevia lakeja.<\/p>\n<p>&nbsp;<\/p>\n<h4>Tiedot:<\/h4>\n<p>Yrityksen nimi: Hotell Wesset O\u00dc<br \/>\nReg. nro: 12956927<br \/>\nALV-tunnus: EE100852446<br \/>\nOsoite: Supeluse tn 26, P\u00e4rnu, Viro<br \/>\nPankin nimi: LHV<br \/>\nIBAN: <span class=\"Apple-converted-space\">\u00a0 <\/span>EE577700771001932930<br \/>\nSWIFT-koodi: LHVBEE22<br \/>\nPuhelin: +372 56 460 500<br \/>\nS\u00e4hk\u00f6posti: info@wesset.ee<br \/>\nVerkkosivu: wesset.ee<\/p>\n\r\n<div class=\"wp-block-spacer\" style=\"height: 54px;\" aria-hidden=\"true\">\u00a0<\/div>\r\n<p>&nbsp;<\/p>\n<p>[\/vc_column_text][\/vc_column][\/vc_row]<\/p>\n<\/div>","protected":false},"excerpt":{"rendered":"[vc_row][vc_column][vc_column_text css=&#8221;&#8221;] Lahjakortin ostoehdot 1.1. Hotell Wesset O\u00dc:sta (j\u00e4ljemp\u00e4n\u00e4 hotelli) lahjakorttia voidaan ostaa verkkokaupasta ja&#8230;","protected":false},"author":1,"featured_media":0,"parent":12612,"menu_order":0,"comment_status":"closed","ping_status":"closed","template":"","meta":{"footnotes":""},"class_list":["post-12616","page","type-page","status-publish","hentry"],"_links":{"self":[{"href":"https:\/\/wesset.ee\/fi\/wp-json\/wp\/v2\/pages\/12616","targetHints":{"allow":["GET"]}}],"collection":[{"href":"https:\/\/wesset.ee\/fi\/wp-json\/wp\/v2\/pages"}],"about":[{"href":"https:\/\/wesset.ee\/fi\/wp-json\/wp\/v2\/types\/page"}],"author":[{"embeddable":true,"href":"https:\/\/wesset.ee\/fi\/wp-json\/wp\/v2\/users\/1"}],"replies":[{"embeddable":true,"href":"https:\/\/wesset.ee\/fi\/wp-json\/wp\/v2\/comments?post=12616"}],"version-history":[{"count":0,"href":"https:\/\/wesset.ee\/fi\/wp-json\/wp\/v2\/pages\/12616\/revisions"}],"up":[{"embeddable":true,"href":"https:\/\/wesset.ee\/fi\/wp-json\/wp\/v2\/pages\/12612"}],"wp:attachment":[{"href":"https:\/\/wesset.ee\/fi\/wp-json\/wp\/v2\/media?parent=12616"}],"curies":[{"name":"wp","href":"https:\/\/api.w.org\/{rel}","templated":true}]}}