{"id":12612,"date":"2024-10-01T12:34:08","date_gmt":"2024-10-01T09:34:08","guid":{"rendered":"https:\/\/wesset.ee\/kinkekaart\/"},"modified":"2025-02-12T14:00:20","modified_gmt":"2025-02-12T12:00:20","slug":"lahjakortti","status":"publish","type":"page","link":"https:\/\/wesset.ee\/fi\/lahjakortti\/","title":{"rendered":"Lahjakortti"},"content":{"rendered":"<div class=\"wpb-content-wrapper\">[vc_section full_width=&#8221;stretch_row&#8221; css=&#8221;.vc_custom_1728509781020{padding-top: 75px !important;padding-right: 25px !important;padding-bottom: 75px !important;padding-left: 25px !important;background-image: url(https:\/\/wesset.ee\/wp-content\/uploads\/2024\/10\/roosid-min.webp?id=12247) !important;}&#8221; el_class=&#8221;paketid-intro&#8221;][vc_row full_width=&#8221;stretch_row_content_no_spaces&#8221; gap=&#8221;10&#8243; max_width_alignment_mobile=&#8221;center&#8221; background_position=&#8221;center center&#8221; overflow=&#8221;default&#8221;][vc_column]\r\n<div class=\"sh-heading  \" id=\"heading-oPmRicYQSq\">\r\n\t<div class=\"sh-element-margin\">\r\n\r\n\t\t\r\n\t\t\t<h1 class=\"sh-heading-content size-default text-center\">\r\n\t\t\t\tVilla Wessetin lahjakortti\t\t\t<\/h1>\r\n\r\n\t\t\r\n\t<\/div>\r\n<\/div>\r\n            <style type=\"text\/css\">\r\n                #heading-oPmRicYQSq .sh-element-margin {}#heading-oPmRicYQSq .sh-heading-content {font-weight: 400!important;color: #FFFFFF;}#heading-oPmRicYQSq .sh-heading-content,#heading-oPmRicYQSq .sh-heading-additional-text {}            <\/style>\r\n        [\/vc_column][\/vc_row][\/vc_section][vc_section css=&#8221;.vc_custom_1738276158961{margin-bottom: 50px !important;}&#8221;][vc_row][vc_column]\r\n<div class=\"sh-heading  \" id=\"heading-TPOBmrLNwQ\">\r\n\t<div class=\"sh-element-margin\">\r\n\r\n\t\t\r\n\t\t\t<h4 class=\"sh-heading-content size-default text-center\">\r\n\t\t\t\tLahjoita ikimuistoisia el\u00e4myksi\u00e4!\t\t\t<\/h4>\r\n\r\n\t\t\r\n\t<\/div>\r\n<\/div>\r\n            <style type=\"text\/css\">\r\n                #heading-TPOBmrLNwQ .sh-element-margin {}#heading-TPOBmrLNwQ .sh-heading-content {font-weight: 500!important;letter-spacing: 1px;}#heading-TPOBmrLNwQ .sh-heading-content,#heading-TPOBmrLNwQ .sh-heading-additional-text {}#heading-TPOBmrLNwQ .sh-heading-content {font-style: italic!important;}            <\/style>\r\n        \r\n<div id=\"divider-JiWvl9Sx54\" class=\"sh-divider sh-divider- sh-divider-content-icon_option\">\r\n\t\t\t<div class=\"sh-divider-content\">\r\n\t\t\t<span class=\"sh-divider-icon\">\r\n\t\t\t\t<i class=\"ti-book\"><\/i>\t\t\t<\/span>\r\n\t\t<\/div>\r\n\t<\/div>\r\n            <style type=\"text\/css\">\r\n                #divider-JiWvl9Sx54 {margin: 15px 0px 15px 0px!important;}#divider-JiWvl9Sx54 .sh-divider-content:before,#divider-JiWvl9Sx54 .sh-divider-content:after {border-top-width: 1px;margin-top: -1pxpx;border-top-style: solid;}#divider-JiWvl9Sx54 .sh-divider-icon {color: #A72417;}            <\/style>\r\n        [\/vc_column][\/vc_row][vc_row][vc_column]<div class=\"single-product-layout-cols\">\n  <div class=\"wpcf7 js\">\n    \n    <div class=\"sh-column fw-col-sm-4 gift-card-form\">\n      <div class=\"sh-column-wrapper\">\n        <div id=\"gift-card-form\" class=\"form-wrapper gift-contact-form\">\n\n\n          <form method=\"post\" action=\"?\" class=\"fw_form_fw_form\">\n            <input type=\"hidden\" name=\"gift_card_create_order\" value=\"42\" \/>\n\n\n            <div class=\"gift-card-form-wrapper\">\n              <!-- <div class=\"sh-cf7-body fw-row\">\n                <div class=\"fw-col-xs-12 form-builder-item form-builder-item\">\n                  <div class=\"header title\">Osta Villa Wessetin lahjakortti<\/div>\n                <\/div>\n              <\/div> -->\n              <div class=\"fw-row gift_card_type\">\n                <div class=\"form-builder-item\">\n                  <div class=\"field-radio input-styled\">\n                    <h5>\n                    Valitse lahjakortin tyyppi<sup>*<\/sup>\n                    <\/h5>\n                    \n                    <div class=\"gift-card-options\">\n\n                      <div class=\"options\">\n                        <input class=\"hidden-radio\" type=\"radio\" name=\"gift_card_type\" value=\"Pakett\" id=\"gift_card_type-1\">\n                        <label class=\"button-label\" for=\"gift_card_type-1\">Paketti<\/label>\n                      <\/div>\n\n                      <div class=\"options\">\n                        <input class=\"hidden-radio\" type=\"radio\" name=\"gift_card_type\" value=\"Rahaline v\u00e4\u00e4rtus\" id=\"gift_card_type-2\">\n                        <label class=\"button-label\" for=\"gift_card_type-2\">Rahallinen arvo<\/label>\n                      <\/div>\n\n                    <\/div>\n                  <\/div>\n                <\/div>\n              <\/div>\n              <div class=\"fw-row gift_card_name\">\n                <div class=\"fw-col-xs-12 form-builder-item\">\n                  <div class=\"field-text\">\n                    <label for=\"gift_card_name\">Lahjakortin saajan nimi <sup>*<\/sup><\/label>\n                    <input type=\"text\" name=\"gift_card_name\" placeholder=\"Kirjoita t\u00e4h\u00e4n\" value=\"\" id=\"gift_card_name\" required=\"required\">\n                  <\/div>\n                <\/div>\n              <\/div>\n              <div class=\"fw-row gift_card_amount\" style=\"display: none;\">\n                <div class=\"fw-col-xs-12 form-builder-item\">\n                  <div class=\"field-text\">\n                    <label for=\"gift_card_amount\">Lahjakortin arvo <sup>*<\/sup><\/label>\n                    <input type=\"number\" name=\"gift_card_amount\" placeholder=\"50\" value=\"50\" id=\"gift_card_amount\" required=\"required\" min=\"10\" max=\"10000\" step=\"1\" pattern=\"\\d+\">\n                  <\/div>\n                <\/div>\n              <\/div>\n              <div class=\"fw-row gift_card_package\">\n                <div class=\"fw-col-xs-12 form-builder-item\">\n                  <div class=\"field-select select-styled\">\n                    <label for=\"gift_card_package\">Lahjakortin paketti <sup>*<\/sup><\/label>\n                    <div>\n                      <select name=\"gift_card_package\" id=\"gift_card_package\">\n                      <option value=\"1\">Rentouttava loma P\u00e4rnussa kahdelle (1 y\u00f6)<\/option><option value=\"2\">Rentouttava loma P\u00e4rnussa lis\u00e4y\u00f6n kanssa (2 y\u00f6t\u00e4)<\/option><option value=\"3\">Luksusrelaksointi kahdelle Hedon Span vierailulla (1 y\u00f6)<\/option><option value=\"4\">Illallinen kokin salissa &quot;Paikallinen matka&quot;<\/option><option value=\"5\">Illallinen kokin salissa &quot;It\u00e4meren matka&quot;<\/option><option value=\"6\">Perheloma Lottemaassa majoituksella Wessetiss\u00e4 (1 y\u00f6)<\/option><option value=\"7\">Perheloma P\u00e4rnussa Tervise Paradiisin vierailulla (1 y\u00f6)<\/option><option value=\"8\">Romanttinen paketti illallisen kera kahdelle (1 y\u00f6)<\/option><option value=\"9\">Romanttinen paketti illallisen kera kahdelle lis\u00e4y\u00f6ll\u00e4 (2 y\u00f6t\u00e4)<\/option><option value=\"10\">Teatteripaketti kahdelle majoituksella Villa Wessetiss\u00e4 (1 y\u00f6)<\/option>                      <\/select>\n                    <\/div>\n                  <\/div>\n                <\/div>\n              <\/div>\n              <div class=\"fw-row gift_card_package_price\" style=\"margin-bottom:1em;\">\n                <div class=\"fw-col-xs-12 form-builder-item form-builder-item\">\n                  <div class=\"header title\">Hinta: <span class=\"gift_card_package_price_field\"><\/span> \u20ac<\/div>\n                <\/div>\n              <\/div>\n              <div class=\"fw-row gift_card_transport\">\n                <div class=\"fw-col-xs-12 form-builder-item\">\n                  <div class=\"field-radio input-styled\">\n                    <h5>Toimitustapa <sup>*<\/sup> <\/h5>\n                    <div class=\"custom-radio field-columns-1\">\n                      <div class=\"\">\n                        <input type=\"radio\" name=\"gift_card_transport\" value=\"E-mail\" id=\"gift_card_transport-1\">\n                        <label for=\"gift_card_transport-1\">Sinun s\u00e4hk\u00f6postisi<\/label>\n                      <\/div>\n                      <div class=\"\">\n                        <input type=\"radio\" name=\"gift_card_transport\" value=\"Tulen j\u00e4rgi\" id=\"gift_card_transport-2\">\n                        <label for=\"gift_card_transport-2\">Noudan itse<\/label>\n                      <\/div>\n                      <div class=\"\">\n                        <input type=\"radio\" name=\"gift_card_transport\" value=\"Smartpost\" id=\"gift_card_transport-3\">\n                        <label for=\"gift_card_transport-3\">Smartpost (+ 2,64 \u20ac)<\/label>\n                      <\/div>\n                    <\/div>\n                  <\/div>\n                <\/div>\n              <\/div>\n              <div class=\"fw-row gift_card_email\">\n\n                  <div class=\"field-text\">\n                    <label for=\"gift_card_email\">S\u00e4hk\u00f6posti<\/label>\n                    <input type=\"email\" name=\"gift_card_email\" placeholder=\"\" value=\"\" id=\"gift_card_email\">\n                  <\/div>\n\n              <\/div>\n              <div class=\"fw-row gift_card_smartpost\" style=\"display: none;\">\n                <div class=\"fw-col-xs-12 form-builder-item\">\n                  <div class=\"field-select\">\n                    <label for=\"gift_card_smartpost\">>Pakettiautomaatti<\/label>\n                    <div class=\"gift_card_smartpost_placeholder\"><\/div>\n                  <\/div>\n                <\/div>\n              <\/div>\n              <div class=\"fw-row gift_card_phone\" style=\"display: none;\">\n                <div class=\"fw-col-xs-12 form-builder-item\">\n                  <div class=\"field-text\">\n                    <label for=\"gift_card_phone\">>Puhelinnumero<\/label>\n                    <input type=\"text\" name=\"gift_card_phone\" placeholder=\"\" value=\"\" id=\"gift_card_phone\">\n                  <\/div>\n                <\/div>\n              <\/div>\n            \n                <!-- ToS siin -->\n                <div class=\"fw-row\" style=\"margin-bottom: 1em\">\n                  <div class=\"checkbox-wrapper\">\n                      <input type=\"checkbox\" required=\"required\" id=\"gift_card_terms\" name=\"gift_card_terms\" \/>\n                      <label for=\"gift_card_terms\">\n                          Vahvistan, ett\u00e4 olen tutustunut lahjakortin <a href=\"\/fi\/lahjakortti\/ostoehdot\/\" target=\"_blank\">ostosopimusehdoilla<\/a>.                      <\/label>\n                  <\/div>\n              <\/div>\n\n              <div class=\"fw-row\" style=\"margin-bottom: 1em\">\n                  <div class=\"checkbox-wrapper\">\n                      <input type=\"checkbox\" required=\"required\" id=\"gift_card_privacy\" name=\"gift_card_privacy\" \/>\n                      <label for=\"gift_card_privacy\">\n                          Vahvistan, ett\u00e4 olen tutustunut Villa Wessetin <a href=\"\/fi\/tietosuojakaytanto-verkkosivustolla\/\" target=\"_blank\">tietosuojak\u00e4yt\u00e4nn\u00f6ll\u00e4<\/a>.                      <\/label>\n                  <\/div>\n              <\/div>\n              <div>\n                <input class=\"wpcf7-form-control sh-button sh-button-xlarge has-spinner\" type=\"submit\" value=\"JATKA MAKSAMISEEN\">\n              <\/div>\n            <\/div>\n          <\/form>\n        <\/div>\n      <\/div>\n    <\/div>\n\n    <div class=\"sh-column fw-col-xs-12 fw-col-sm-8 gift-card-preview\">\n      <div class=\"sh-column-wrapper\">\n        <div class=\"sh-text-block gift-card-finance\" style=\"display: none;\">\n          <h2>Kinkekaart<\/h2>\n          <p><span class=\"gift-card-finance-amount\">50<\/span>.-<\/p>\n        <\/div>\n        <div class=\"sh-text-block gift-card-package gift-card-package-1\" style=\"display: none;\" data-price=\"124.00\"><h2>Rentouttava loma P\u00e4rnussa kahdelle (1 y\u00f6)<\/h2><p>Kahden hengen huone<br>Runsas aamiainen kahdelle<br>Vierailu Tervise Paradiisiin, Tervise kylpyl\u00e4- ja saunakyl\u00e4\u00e4n tai Viiking Saagaan<br>Sis\u00e4\u00e4np\u00e4\u00e4sy P\u00e4rnun y\u00f6kerhoon kahdelle<br>My\u00f6h\u00e4inen uloskirjautuminen klo 14.00 asti (mahdollisuuksien mukaan)<br>15% alennus ravintolassa | Ilmainen pys\u00e4k\u00f6inti<\/p><\/div><div class=\"sh-text-block gift-card-package gift-card-package-2\" style=\"display: none;\" data-price=\"189.00\"><h2>Rentouttava loma P\u00e4rnussa lis\u00e4y\u00f6n kanssa (2 y\u00f6t\u00e4)<\/h2><p>Kahden hengen huone (alle 3-vuotias lapsi y\u00f6pyy ilmaiseksi)<br>Buffetaamiainen kahdelle molempina aamuina<br>Kertak\u00e4ynti Tervise Paradiisiin, Tervise kylpyl\u00e4\u00e4n ja saunakeskukseen tai Viiking Saagaan<br>P\u00e4\u00e4syliput kahdelle valitsemaasi P\u00e4rnun y\u00f6kerhoon<br>My\u00f6h\u00e4inen uloskirjautuminen klo 14:00 asti (mahdollisuuksien mukaan)<br>Ravintolassa 15 % alennus | Ilmainen pys\u00e4k\u00f6inti<\/p><\/div><div class=\"sh-text-block gift-card-package gift-card-package-3\" style=\"display: none;\" data-price=\"129.00\"><h2>Luksusrelaksointi kahdelle Hedon Span vierailulla (1 y\u00f6)<\/h2><p>Kahden hengen huone ja buffet-aamiainen kahdelle<br>Saapuessanne huoneessa odottaa kuohuviini ja hedelm\u00e4kori<br>Hedon SPA &amp; Hotellin uima-alue + Silent SPA -k\u00e4ytt\u00f6 kahdelle (3h)<br>Ravintolassa odottaa romanttisesti koristeltu p\u00f6yt\u00e4 pyynn\u00f6st\u00e4<br>P\u00e4\u00e4syliput valittuun P\u00e4rnun y\u00f6kerhoon kahdelle<br>My\u00f6h\u00e4inen uloskirjautuminen mahdollisuuksien mukaan (klo 14.00 asti)<br>Ilmainen Wi-Fi ja ilmainen pys\u00e4k\u00f6inti<\/p><\/div><div class=\"sh-text-block gift-card-package gift-card-package-4\" style=\"display: none;\" data-price=\"79.00\"><h2>Illallinen kokin salissa &#8220;Paikallinen matka&#8221;<\/h2><p>Villa Wessetin p\u00e4\u00e4kokki kutsuu Teid nauttimaan &#8220;Paikallista matkaa.&#8221;\nIllallinen alkaa klo 19:00. Suosittelemme varaamaan 2-3 tuntia makumatkan nauttimiseen. Lahjakortti on voimassa yhdelle henkil\u00f6lle.\nMenun voi katsoa kotisivuilta www.wesset.ee<\/p><\/div><div class=\"sh-text-block gift-card-package gift-card-package-5\" style=\"display: none;\" data-price=\"109.00\"><h2>Illallinen kokin salissa &#8220;It\u00e4meren matka&#8221;<\/h2><p>Villa Wessetin keitti\u00f6mestari kutsuu sinut nauttimaan \u201cIt\u00e4meren matkasta\u201d\nIllallinen alkaa klo 19:00. Suosittelemme varaamaan 2-3 tuntia makumatkasta nauttimiseen. Lahjakortti on voimassa yhdelle henkil\u00f6lle.\nMenu l\u00f6ytyy verkkosivustolta www.wesset.ee<\/p><\/div><div class=\"sh-text-block gift-card-package gift-card-package-6\" style=\"display: none;\" data-price=\"149.00\"><h2>Perheloma Lottemaassa majoituksella Wessetiss\u00e4 (1 y\u00f6)<\/h2><p>Kahden hengen huone<br>Lottemaa-liput kolmelle<br>Aamiainen koko perheelle<br>Lasten menu -50% (hotellin ravintolassa)<br>Yksi alle 18-vuotias lapsi ilmaiseksi<br>Ilmainen pys\u00e4k\u00f6inti.<\/p><\/div><div class=\"sh-text-block gift-card-package gift-card-package-7\" style=\"display: none;\" data-price=\"159.00\"><h2>Perheloma P\u00e4rnussa Tervise Paradiisin vierailulla (1 y\u00f6)<\/h2><p>Kaksi kahden hengen huonetta<br>Runsas aamiainen koko perheelle<br>Kaksi alle 15-vuotiasta lasta sis\u00e4ltyy hintaan<br>Lapsille ilmaiset marjasmoothiet<br>P\u00e4\u00e4sy Tervise Paradiisin vesipuistoon koko perheelle<br>Ravintolassa -15 % alennus | Ilmainen pys\u00e4k\u00f6inti.<\/p><\/div><div class=\"sh-text-block gift-card-package gift-card-package-8\" style=\"display: none;\" data-price=\"119.00\"><h2>Romanttinen paketti illallisen kera kahdelle (1 y\u00f6)<\/h2><p>Kahden hengen huone kylpyammeella (alle 6-vuotias lapsi y\u00f6pyy ilmaiseksi)<br>Buffetaamiainen kahdelle<br>Ruusuilla koristeltu kylpyhuone<br>Romanttinen illallinen kahdelle | Koristeltu p\u00f6yt\u00e4 ravintolassa<br>Vapaavalintainen P\u00e4rnun y\u00f6kerhon sis\u00e4\u00e4np\u00e4\u00e4sy kahdelle<br>Ilmainen pys\u00e4k\u00f6inti.<\/p><\/div><div class=\"sh-text-block gift-card-package gift-card-package-9\" style=\"display: none;\" data-price=\"189.00\"><h2>Romanttinen paketti illallisen kera kahdelle lis\u00e4y\u00f6ll\u00e4 (2 y\u00f6t\u00e4)<\/h2><p>Kahden hengen huone kylpyammeella (alle 6-vuotias lapsi majoittuu ilmaiseksi)<br>Buffet-aamiainen kahdelle molempina aamuina<br>Ruusuilla koristeltu kylpyhuone<br>Romanttinen illallinen kahdelle yhten\u00e4 iltana | Koristeltu p\u00f6yt\u00e4 ravintolassa<br>Vapaavalintaiset p\u00e4\u00e4syliput kahdelle P\u00e4rnun y\u00f6kerhoon<br>Ilmainen pys\u00e4k\u00f6inti<\/p><\/div><div class=\"sh-text-block gift-card-package gift-card-package-10\" style=\"display: none;\" data-price=\"119.00\"><h2>Teatteripaketti kahdelle majoituksella Villa Wessetiss\u00e4 (1 y\u00f6)<\/h2><p>Kahden hengen huone (alle 6-vuotias lapsi y\u00f6pyy ilmaiseksi)<br>Aamiainen kahdelle<br>Teatteriliput kahdelle valittuun esitykseen<br>Varattu nimikoitu p\u00f6yt\u00e4 kahvilassa v\u00e4liajalla pyynn\u00f6st\u00e4<br>Ilmainen sis\u00e4\u00e4np\u00e4\u00e4sy kahdelle valittuun y\u00f6kerhoon P\u00e4rnussa<br>15 % alennus ravintolassa | Ilmainen pys\u00e4k\u00f6inti<\/p><\/div>\n      <\/div>\n      <div class=\"gift-card-contact\">Supeluse 26, P\u00e4rnu 80012 | <b>www.wesset.ee<\/b> | info@wesset.ee | +372 56 460 500<\/div>\n    <\/div>\n    <div class=\"sh-column fw-col-xs-12 fw-col-sm-8 gift-card-back\">\n      <div class=\"gift-card-back__top\">Kinkekaardi kasutamine ja kehtivus<\/div>\n      <div class=\"gift-card-back__left\"><ol>\r\n  <li>Rahalise v\u00e4\u00e4rtusega kinkekaart kehtib 12 (kaksteist) kuud alates selle v\u00e4ljastamise p\u00e4evast.<\/li>\r\n  <li>Majutust sisaldav kinkekaart EI KEHTI 31.12 ja 01.06-31.08.<\/li>\r\n  <li>Kehtivusaja \u00fcletanud kinkekaarti ei ole v\u00f5imalik kasutada ja kaart annulleeritakse.<\/li>\r\n  <li>Kinkekaart ei ole vahetatav uue kaardi ega raha vastu.<\/li>\r\n  <li>Kasutamata kinkekaardi eest raha ei tagastata.<\/li>\r\n<\/ol><\/div>\n      <div class=\"gift-card-back__right\">Vaadake \u00fclej\u00e4\u00e4nud tingimusi: <a href=\"https:\/\/wesset.ee\/kinkekaart\/ostutingimused\/\">https:\/\/wesset.ee\/kinkekaart\/ostutingimused\/<\/a>\r\n<br\/><br\/>\r\nK\u00fcsimuste korral ja broneerimiseks helistage +372 56 460 500 v\u00f5i kirjutage <a href=\"mailto:info@wesset.ee\">info@wesset.ee<\/a>\r\n<br\/><br\/>\r\nKohtumiseni Villa Wessetis!<\/div>\n    <\/div>\n  <\/div>\n\n<\/div>\n[\/vc_column][\/vc_row][\/vc_section]<\/div>","protected":false},"excerpt":{"rendered":"El\u00e4mykset, jotka j\u00e4\u00e4v\u00e4t mieleen! Villa Wesseti lahjakortti on t\u00e4ydellinen lahja jokaiseen makuun.","protected":false},"author":1,"featured_media":20674,"parent":0,"menu_order":0,"comment_status":"closed","ping_status":"closed","template":"","meta":{"footnotes":""},"class_list":["post-12612","page","type-page","status-publish","has-post-thumbnail","hentry"],"_links":{"self":[{"href":"https:\/\/wesset.ee\/fi\/wp-json\/wp\/v2\/pages\/12612","targetHints":{"allow":["GET"]}}],"collection":[{"href":"https:\/\/wesset.ee\/fi\/wp-json\/wp\/v2\/pages"}],"about":[{"href":"https:\/\/wesset.ee\/fi\/wp-json\/wp\/v2\/types\/page"}],"author":[{"embeddable":true,"href":"https:\/\/wesset.ee\/fi\/wp-json\/wp\/v2\/users\/1"}],"replies":[{"embeddable":true,"href":"https:\/\/wesset.ee\/fi\/wp-json\/wp\/v2\/comments?post=12612"}],"version-history":[{"count":0,"href":"https:\/\/wesset.ee\/fi\/wp-json\/wp\/v2\/pages\/12612\/revisions"}],"wp:featuredmedia":[{"embeddable":true,"href":"https:\/\/wesset.ee\/fi\/wp-json\/wp\/v2\/media\/20674"}],"wp:attachment":[{"href":"https:\/\/wesset.ee\/fi\/wp-json\/wp\/v2\/media?parent=12612"}],"curies":[{"name":"wp","href":"https:\/\/api.w.org\/{rel}","templated":true}]}}