{"id":12588,"date":"2024-10-01T20:07:26","date_gmt":"2024-10-01T17:07:26","guid":{"rendered":"https:\/\/wesset.ee\/hotell\/"},"modified":"2025-02-06T12:35:47","modified_gmt":"2025-02-06T10:35:47","slug":"hotelli","status":"publish","type":"page","link":"https:\/\/wesset.ee\/fi\/hotelli\/","title":{"rendered":"Villa Wesset Hotelli P\u00e4rnussa"},"content":{"rendered":"<div class=\"wpb-content-wrapper\"><p>[vc_row full_width=&#8221;stretch_row_content&#8221; background_position=&#8221;left top&#8221; overflow=&#8221;default&#8221; css=&#8221;.vc_custom_1734640289042{background-image: url(https:\/\/wesset.ee\/wp-content\/uploads\/2024\/10\/hotell-hero-v.webp?id=12269) !important;background-position: center !important;background-repeat: no-repeat !important;background-size: cover !important;}&#8221;][vc_column width=&#8221;1\/2&#8243; overflow=&#8221;default&#8221; el_class=&#8221;hero-intro-section-white text-center&#8221;]\r\n<div class=\"sh-heading  \" id=\"heading-lrhLUEZt97\">\r\n\t<div class=\"sh-element-margin\">\r\n\r\n\t\t\r\n\t\t\t<h1 class=\"sh-heading-content size-default text-center\">\r\n\t\t\t\t&#8211; Hotelli &#8211;\t\t\t<\/h1>\r\n\r\n\t\t\r\n\t<\/div>\r\n<\/div>\r\n            <style type=\"text\/css\">\r\n                #heading-lrhLUEZt97 .sh-element-margin {}#heading-lrhLUEZt97 .sh-heading-content {font-weight: 600!important;}#heading-lrhLUEZt97 .sh-heading-content,#heading-lrhLUEZt97 .sh-heading-additional-text {}            <\/style>\r\n        \r\n<div class=\"sh-heading  \" id=\"heading-vXhEyeolcR\">\r\n\t<div class=\"sh-element-margin\">\r\n\r\n\t\t\r\n\t\t\t<h3 class=\"sh-heading-content size-default text-center\">\r\n\t\t\t\tViihtyis\u00e4 hotelli keskeisell\u00e4 paikalla P\u00e4rnussa!\t\t\t<\/h3>\r\n\r\n\t\t\r\n\t<\/div>\r\n<\/div>\r\n            <style type=\"text\/css\">\r\n                #heading-vXhEyeolcR .sh-element-margin {}#heading-vXhEyeolcR .sh-heading-content {font-weight: 500!important;}#heading-vXhEyeolcR .sh-heading-content,#heading-vXhEyeolcR .sh-heading-additional-text {}            <\/style>\r\n        \r\n<div id=\"divider-INOfCohL3u\" class=\"sh-divider sh-divider- sh-divider-content-icon_option\">\r\n\t\t\t<div class=\"sh-divider-content\">\r\n\t\t\t<span class=\"sh-divider-icon\">\r\n\t\t\t\t<i class=\"fa fa-wpexplorer\"><\/i>\t\t\t<\/span>\r\n\t\t<\/div>\r\n\t<\/div>\r\n            <style type=\"text\/css\">\r\n                #divider-INOfCohL3u {}#divider-INOfCohL3u .sh-divider-content:before,#divider-INOfCohL3u .sh-divider-content:after {border-top-width: 1px;margin-top: -1pxpx;border-top-style: solid;}#divider-INOfCohL3u .sh-divider-icon {color: #cccccc;}            <\/style>\r\n        [vc_column_text css=&#8221;&#8221;]Villa Wessetin hotelli valmistui vuonna 2007 ja siin\u00e4 on 36 yksil\u00f6llisesti sisustettua huonetta, joista 30 on kahden hengen huonetta, 3 deluxe-huonetta, 2 yhden hengen huonetta ja 1 kolmen hengen huone.[\/vc_column_text]\r\n<div id=\"button-uLkn2sfKFe\" class=\"sh-button-container  sh-button-style-5\">\r\n\t<div class=\"sh-element-margin\">\r\n\t\t<a href=\"https:\/\/booking.wesset.ee\/fi\/\" data-rel=\"\" target=\"_self\" class=\"sh-button sh-button-xlarge sh-button-icon-left\">\r\n\r\n\t\t\t\t\t\t\t<span class=\"sh-button-icon\">\r\n\t\t\t\t\t<i class=\"fa fa-angle-double-right\"><\/i>\r\n\t\t\t\t<\/span>\r\n\t\t\t\r\n\t\t\t\t\t\t\t<span class=\"sh-button-text\">\r\n\t\t\t\t\tVARAA HUONE\/PAKETTI\t\t\t\t<\/span>\r\n\t\t\t\r\n\t\t\t\r\n\t\t<\/a>\r\n\t\t\t<\/div>\r\n<\/div>\r\n            <style type=\"text\/css\">\r\n                #button-uLkn2sfKFe .sh-button {background-color: #FFFFFF;color: #A72417;border: 2px solid transparent;border: 1px solid #A72417;display: block!important;width: 100%;}#button-uLkn2sfKFe {text-align: center;}#button-uLkn2sfKFe .sh-element-margin {margin: 10px 0px 15px 0px;}#button-uLkn2sfKFe:not(.sh-button-style-2) .sh-button:hover {background-color: #FFFFFF;color: #000028;border: 1px solid #000028;}#button-uLkn2sfKFe.sh-button-style-2 .sh-button:after {background-color: #FFFFFF;}#button-uLkn2sfKFe.sh-button-style-2 .sh-button:hover {color: #000028;border: 1px solid #000028;}@media (max-width: 800px) {#button-uLkn2sfKFe {text-align: center;}}            <\/style>\r\n        [\/vc_column][\/vc_row][vc_row full_width=&#8221;stretch_row_content&#8221; equal_height=&#8221;yes&#8221; content_placement=&#8221;middle&#8221; column_order=&#8221;reversed&#8221; overflow=&#8221;default&#8221; el_id=&#8221;hotell-ajalugu&#8221;][vc_column width=&#8221;1\/2&#8243; overflow=&#8221;default&#8221; css=&#8221;.vc_custom_1734639924834{margin: 0px !important;padding: 0px !important;background-position: center !important;background-repeat: no-repeat !important;background-size: cover !important;}&#8221;]\r\n\r\n\r\n\r\n<div id=\"image-gallery-mw176DBoav\" class=\"sh-image-gallery sh-image-gallery-noverlay sh-image-gallery-nozoom sh-image-gallery-container sh-image-gallery-disable\"  data-columns=\"1\">\r\n\t\t\t<div class=\"sh-image-gallery-item\">\r\n\t\t\t<div class=\"sh-gallery-item\">\r\n\t\t\t\t<div class=\"post-meta-thumb\">\r\n\r\n\t\t\t\t\t\t\t\t\t\t\t<img decoding=\"async\" src=\"https:\/\/wesset.ee\/wp-content\/uploads\/2024\/10\/wesset-hotell-ajalugu-660x660.webp\" alt=\"wesset-hotell-ajalugu\" \/>\r\n\t\t\t\t\t\r\n\t\t\t\t\t\t\t\t\t<\/div>\r\n\t\t\t<\/div>\r\n\t\t<\/div>\r\n\t\t\t<div class=\"sh-image-gallery-item\">\r\n\t\t\t<div class=\"sh-gallery-item\">\r\n\t\t\t\t<div class=\"post-meta-thumb\">\r\n\r\n\t\t\t\t\t\t\t\t\t\t\t<img decoding=\"async\" src=\"https:\/\/wesset.ee\/wp-content\/uploads\/2024\/12\/wesset-hotell-ajalugu-valge-660x660.webp\" alt=\"wesset-hotell-ajalugu-valge\" \/>\r\n\t\t\t\t\t\r\n\t\t\t\t\t\t\t\t\t<\/div>\r\n\t\t\t<\/div>\r\n\t\t<\/div>\r\n\t<\/div>\r\n            <style type=\"text\/css\">\r\n                            <\/style>\r\n        [\/vc_column][vc_column css_animation=&#8221;fadeIn&#8221; width=&#8221;1\/2&#8243; overflow=&#8221;default&#8221; css=&#8221;.vc_custom_1734640382621{background-color: #FFFFFF !important;}&#8221; max_width=&#8221;700px&#8221; padding_tablet=&#8221;60px 30px 25px 30px&#8221;]\r\n<div class=\"sh-heading  \" id=\"heading-JrQznGcIbg\">\r\n\t<div class=\"sh-element-margin\">\r\n\r\n\t\t\r\n\t\t\t<h2 class=\"sh-heading-content size-default text-left\">\r\n\t\t\t\tHistoria\t\t\t<\/h2>\r\n\r\n\t\t\r\n\t<\/div>\r\n<\/div>\r\n            <style type=\"text\/css\">\r\n                #heading-JrQznGcIbg .sh-element-margin {}#heading-JrQznGcIbg .sh-heading-content {font-weight: 600!important;letter-spacing: 2px;}#heading-JrQznGcIbg .sh-heading-content,#heading-JrQznGcIbg .sh-heading-additional-text {}            <\/style>\r\n        [vc_column_text css=&#8221;.vc_custom_1727804630089{margin-bottom: 0px !important;}&#8221;]Hotelli on saanut nimens\u00e4 Elias Jenkelin pojan Wessetin mukaan, jolle vuonna 1928 valmistunut huvila kuului. Elias Wesset perusti vuonna 1904 suklaa-, kaakao- ja makeistehtaan &#8220;Progress&#8221;, joka sijaitsi t\u00e4\u00e4ll\u00e4 P\u00e4rnussa, Malm\u00f6-kadulla.<\/p>\r\n<p>Tehdas voitti useita palkintoja eri n\u00e4yttelyiss\u00e4, tunnustaen sen korkealaatuisen tuotannon.<\/p>\r\n<p>Sata vuotta my\u00f6hemmin yksi Viron tunnetuimmista makeisteollisuuden nimist\u00e4 oli unohtumassa, mutta t\u00e4ss\u00e4 kohtaa historia saa uuden k\u00e4\u00e4nteen.  \r\nhotelli-historia.[\/vc_column_text][\/vc_column][\/vc_row][vc_row full_width=&#8221;stretch_row_content&#8221; equal_height=&#8221;yes&#8221; content_placement=&#8221;middle&#8221; max_width_alignment_mobile=&#8221;center&#8221; overflow=&#8221;default&#8221;][vc_column width=&#8221;1\/4&#8243; text_align_inline=&#8221;center&#8221; overflow=&#8221;default&#8221; css=&#8221;.vc_custom_1728584005023{padding-top: 100px !important;padding-right: 25px !important;padding-bottom: 100px !important;padding-left: 25px !important;background: #4f2020 url(https:\/\/wesset.ee\/wp-content\/uploads\/2020\/02\/single-cover.webp?id=11897) !important;background-position: center !important;background-repeat: no-repeat !important;background-size: cover !important;}&#8221; padding_tablet=&#8221;100px 0px 100px 0px&#8221; background_image_hover=&#8221;11947&#8243; el_class=&#8221;room-hover&#8221;]\r\n<div class=\"sh-text-with-frame sh-animated fadeInUp\" id=\"text-with-frame-1D0khYAjCP\"data-wow-duration=\"2s\">\r\n\t<div class=\"sh-text-with-frame-container\">\r\n\t\t<\/p>\r\n<p class=\"invert\">Yhden hengen standard-huone kaikilla mukavuuksilla.<\/p>  \r\n<h4><span class=\"invert\">SINGLE<\/span><\/h4>  \r\n<p>\t<\/div>\r\n<\/div>\r\n            <style type=\"text\/css\">\r\n                #text-with-frame-1D0khYAjCP .sh-text-with-frame-container {border-color: rgba(255,255,255,0.1);}            <\/style>\r\n        \r\n<div id=\"button-nSeDGC0OUp\" class=\"sh-button-container  sh-button-style-5\">\r\n\t<div class=\"sh-element-margin\">\r\n\t\t<a href=\"\/fi\/hotelli\/single\" data-rel=\"\" target=\"_self\" class=\"sh-button sh-button-xlarge sh-button-icon-left\">\r\n\r\n\t\t\t\t\t\t\t<span class=\"sh-button-icon\">\r\n\t\t\t\t\t<i class=\"fa fa-angle-double-right\"><\/i>\r\n\t\t\t\t<\/span>\r\n\t\t\t\r\n\t\t\t\t\t\t\t<span class=\"sh-button-text\">\r\n\t\t\t\t\tKATSO\t\t\t\t<\/span>\r\n\t\t\t\r\n\t\t\t\r\n\t\t<\/a>\r\n\t\t\t<\/div>\r\n<\/div>\r\n            <style type=\"text\/css\">\r\n                #button-nSeDGC0OUp .sh-button {background-color: #FFFFFF;color: #A72417;border: 2px solid transparent;border: 1px solid #A72417;}#button-nSeDGC0OUp {text-align: center;}#button-nSeDGC0OUp .sh-element-margin {margin: 10px 0px 15px 0px;}#button-nSeDGC0OUp:not(.sh-button-style-2) .sh-button:hover {background-color: #FFFFFF;color: #000028;border: 1px solid #000028;}#button-nSeDGC0OUp.sh-button-style-2 .sh-button:after {background-color: #FFFFFF;}#button-nSeDGC0OUp.sh-button-style-2 .sh-button:hover {color: #000028;border: 1px solid #000028;}@media (max-width: 800px) {#button-nSeDGC0OUp {text-align: center;}}            <\/style>\r\n        [\/vc_column][vc_column width=&#8221;1\/4&#8243; text_align_inline=&#8221;center&#8221; overflow=&#8221;default&#8221; padding_tablet=&#8221;100px 0px 100px 0px&#8221; css=&#8221;.vc_custom_1728584037005{padding-top: 100px !important;padding-right: 25px !important;padding-bottom: 100px !important;padding-left: 25px !important;background-image: url(https:\/\/wesset.ee\/wp-content\/uploads\/2020\/02\/double-cover.webp?id=11942) !important;background-position: center !important;background-repeat: no-repeat !important;background-size: cover !important;}&#8221; background_image_hover=&#8221;11932&#8243; el_class=&#8221;room-hover&#8221;]\r\n<div class=\"sh-text-with-frame sh-animated fadeInUp\" id=\"text-with-frame-zby3hrtZWB\"data-wow-duration=\"2s\">\r\n\t<div class=\"sh-text-with-frame-container\">\r\n\t\t<\/p>\r\n<p class=\"invert\">Kahden hengen huoneet ovat saatavilla leve\u00e4ll\u00e4 s\u00e4ngyll\u00e4 tai erillisill\u00e4 s\u00e4ngyill\u00e4.<\/p>  \r\n<h4><span class=\"invert\">DOUBLE<\/span><\/h4>  \r\n<p>\t<\/div>\r\n<\/div>\r\n            <style type=\"text\/css\">\r\n                #text-with-frame-zby3hrtZWB .sh-text-with-frame-container {border-color: rgba(255,255,255,0.1);}            <\/style>\r\n        \r\n<div id=\"button-SNpbrZcq3A\" class=\"sh-button-container  sh-button-style-5\">\r\n\t<div class=\"sh-element-margin\">\r\n\t\t<a href=\"\/fi\/hotelli\/double\" data-rel=\"\" target=\"_self\" class=\"sh-button sh-button-xlarge sh-button-icon-left\">\r\n\r\n\t\t\t\t\t\t\t<span class=\"sh-button-icon\">\r\n\t\t\t\t\t<i class=\"fa fa-angle-double-right\"><\/i>\r\n\t\t\t\t<\/span>\r\n\t\t\t\r\n\t\t\t\t\t\t\t<span class=\"sh-button-text\">\r\n\t\t\t\t\tKATSO\t\t\t\t<\/span>\r\n\t\t\t\r\n\t\t\t\r\n\t\t<\/a>\r\n\t\t\t<\/div>\r\n<\/div>\r\n            <style type=\"text\/css\">\r\n                #button-SNpbrZcq3A .sh-button {background-color: #FFFFFF;color: #A72417;border: 2px solid transparent;border: 1px solid #A72417;}#button-SNpbrZcq3A {text-align: center;}#button-SNpbrZcq3A .sh-element-margin {margin: 10px 0px 15px 0px;}#button-SNpbrZcq3A:not(.sh-button-style-2) .sh-button:hover {background-color: #FFFFFF;color: #000028;border: 1px solid #000028;}#button-SNpbrZcq3A.sh-button-style-2 .sh-button:after {background-color: #FFFFFF;}#button-SNpbrZcq3A.sh-button-style-2 .sh-button:hover {color: #000028;border: 1px solid #000028;}@media (max-width: 800px) {#button-SNpbrZcq3A {text-align: center;}}            <\/style>\r\n        [\/vc_column][vc_column width=&#8221;1\/4&#8243; text_align_inline=&#8221;center&#8221; overflow=&#8221;default&#8221; padding_tablet=&#8221;100px 0px 100px 0px&#8221; css=&#8221;.vc_custom_1728584049080{padding-top: 100px !important;padding-right: 25px !important;padding-bottom: 100px !important;padding-left: 25px !important;background-image: url(https:\/\/wesset.ee\/wp-content\/uploads\/2020\/02\/triple-cover.webp?id=11912) !important;background-position: center !important;background-repeat: no-repeat !important;background-size: cover !important;}&#8221; background_image_hover=&#8221;11902&#8243; el_class=&#8221;room-hover&#8221;]\r\n<div class=\"sh-text-with-frame sh-animated fadeInUp\" id=\"text-with-frame-vD7ORZfeBK\"data-wow-duration=\"2s\">\r\n\t<div class=\"sh-text-with-frame-container\">\r\n\t\t<\/p>\r\n<p class=\"invert\">Kolmen hengen standard-huone kaikilla mukavuuksilla.<\/p>  \r\n<h4><span class=\"invert\">TRIPLE<\/span><\/h4>  \r\n<p>\t<\/div>\r\n<\/div>\r\n            <style type=\"text\/css\">\r\n                #text-with-frame-vD7ORZfeBK .sh-text-with-frame-container {border-color: rgba(255,255,255,0.1);}            <\/style>\r\n        \r\n<div id=\"button-3jH4An9Blc\" class=\"sh-button-container  sh-button-style-5\">\r\n\t<div class=\"sh-element-margin\">\r\n\t\t<a href=\"\/fi\/hotelli\/triple\" data-rel=\"\" target=\"_self\" class=\"sh-button sh-button-xlarge sh-button-icon-left\">\r\n\r\n\t\t\t\t\t\t\t<span class=\"sh-button-icon\">\r\n\t\t\t\t\t<i class=\"fa fa-angle-double-right\"><\/i>\r\n\t\t\t\t<\/span>\r\n\t\t\t\r\n\t\t\t\t\t\t\t<span class=\"sh-button-text\">\r\n\t\t\t\t\tKATSO\t\t\t\t<\/span>\r\n\t\t\t\r\n\t\t\t\r\n\t\t<\/a>\r\n\t\t\t<\/div>\r\n<\/div>\r\n            <style type=\"text\/css\">\r\n                #button-3jH4An9Blc .sh-button {background-color: #FFFFFF;color: #A72417;border: 2px solid transparent;border: 1px solid #A72417;}#button-3jH4An9Blc {text-align: center;}#button-3jH4An9Blc .sh-element-margin {margin: 10px 0px 15px 0px;}#button-3jH4An9Blc:not(.sh-button-style-2) .sh-button:hover {background-color: #FFFFFF;color: #000028;border: 1px solid #000028;}#button-3jH4An9Blc.sh-button-style-2 .sh-button:after {background-color: #FFFFFF;}#button-3jH4An9Blc.sh-button-style-2 .sh-button:hover {color: #000028;border: 1px solid #000028;}@media (max-width: 800px) {#button-3jH4An9Blc {text-align: center;}}            <\/style>\r\n        [\/vc_column][vc_column width=&#8221;1\/4&#8243; text_align_inline=&#8221;center&#8221; overflow=&#8221;default&#8221; padding_tablet=&#8221;100px 0px 100px 0px&#8221; css=&#8221;.vc_custom_1728584063756{padding-top: 100px !important;padding-right: 25px !important;padding-bottom: 100px !important;padding-left: 25px !important;background-image: url(https:\/\/wesset.ee\/wp-content\/uploads\/2020\/02\/deluxe-cover.webp?id=11927) !important;background-position: center !important;background-repeat: no-repeat !important;background-size: cover !important;}&#8221; background_image_hover=&#8221;11917&#8243; el_class=&#8221;room-hover&#8221;]\r\n<div class=\"sh-text-with-frame sh-animated fadeInUp\" id=\"text-with-frame-BzbCn8gGRd\"data-wow-duration=\"2s\">\r\n\t<div class=\"sh-text-with-frame-container\">\r\n\t\t<\/p>\r\n<p class=\"invert\">Suuri ylellinen huone kaikilla mukavuuksilla.<\/p>  \r\n<h4><span class=\"invert\">DELUXE<\/span><\/h4>  \r\n<p>\t<\/div>\r\n<\/div>\r\n            <style type=\"text\/css\">\r\n                #text-with-frame-BzbCn8gGRd .sh-text-with-frame-container {border-color: rgba(255,255,255,0.1);}            <\/style>\r\n        \r\n<div id=\"button-aJb8E2rxqc\" class=\"sh-button-container  sh-button-style-5\">\r\n\t<div class=\"sh-element-margin\">\r\n\t\t<a href=\"\/fi\/hotelli\/deluxe\" data-rel=\"\" target=\"_self\" class=\"sh-button sh-button-xlarge sh-button-icon-left\">\r\n\r\n\t\t\t\t\t\t\t<span class=\"sh-button-icon\">\r\n\t\t\t\t\t<i class=\"fa fa-angle-double-right\"><\/i>\r\n\t\t\t\t<\/span>\r\n\t\t\t\r\n\t\t\t\t\t\t\t<span class=\"sh-button-text\">\r\n\t\t\t\t\tKATSO\t\t\t\t<\/span>\r\n\t\t\t\r\n\t\t\t\r\n\t\t<\/a>\r\n\t\t\t<\/div>\r\n<\/div>\r\n            <style type=\"text\/css\">\r\n                #button-aJb8E2rxqc .sh-button {background-color: #FFFFFF;color: #A72417;border: 2px solid transparent;border: 1px solid #A72417;}#button-aJb8E2rxqc {text-align: center;}#button-aJb8E2rxqc .sh-element-margin {margin: 10px 0px 15px 0px;}#button-aJb8E2rxqc:not(.sh-button-style-2) .sh-button:hover {background-color: #FFFFFF;color: #000028;border: 1px solid #000028;}#button-aJb8E2rxqc.sh-button-style-2 .sh-button:after {background-color: #FFFFFF;}#button-aJb8E2rxqc.sh-button-style-2 .sh-button:hover {color: #000028;border: 1px solid #000028;}@media (max-width: 800px) {#button-aJb8E2rxqc {text-align: center;}}            <\/style>\r\n        [\/vc_column][\/vc_row][vc_row css_animation=&#8221;fadeIn&#8221; overflow=&#8221;default&#8221; css=&#8221;.vc_custom_1728584210188{padding-top: 100px !important;padding-bottom: 100px !important;background-color: #000028 !important;}&#8221; padding_tablet=&#8221;70px 0px 50px 0px&#8221; el_id=&#8221;palaute&#8221;][vc_column]\r\n<div class=\"sh-heading  \" id=\"heading-j4T09AtcSU\">\r\n\t<div class=\"sh-element-margin\">\r\n\r\n\t\t\r\n\t\t\t<h3 class=\"sh-heading-content size-default text-center\">\r\n\t\t\t\tPalaute\t\t\t<\/h3>\r\n\r\n\t\t\r\n\t<\/div>\r\n<\/div>\r\n            <style type=\"text\/css\">\r\n                #heading-j4T09AtcSU .sh-element-margin {}#heading-j4T09AtcSU .sh-heading-content {font-weight: 600!important;letter-spacing: 2px;color: #FFFFFF;}#heading-j4T09AtcSU .sh-heading-content,#heading-j4T09AtcSU .sh-heading-additional-text {}            <\/style>\r\n        \r\n            \r\n            <div class=\"sh-empty-space vc_empty_space sh-empty-space-1IoNd4nxhj  \" style=\"height: 20px\">\r\n                <span class=\"vc_empty_space_inner\"><\/span>\r\n            <\/div>\r\n\r\n        \r\n<div id=\"divider-iwKpnmoTHx\" class=\"sh-divider sh-divider- sh-divider-content-none\">\r\n\t\t\t<div class=\"sh-divider-line\"><\/div>\r\n\t<\/div>\r\n            <style type=\"text\/css\">\r\n                #divider-iwKpnmoTHx {}#divider-iwKpnmoTHx.sh-divider-content-none .sh-divider-line {border-radius: 30px;border-top-width: 5px;border-top-color: #eaeaea;border-top-style: solid;max-width: 20px;}            <\/style>\r\n        \r\n            \r\n            <div class=\"sh-empty-space vc_empty_space sh-empty-space-zUyRfiJBqr  \" style=\"height: 40px\">\r\n                <span class=\"vc_empty_space_inner\"><\/span>\r\n            <\/div>\r\n\r\n        [vc_row_inner][vc_column_inner width=&#8221;1\/3&#8243; overflow=&#8221;default&#8221; css=&#8221;.vc_custom_1727811228713{padding-top: 50px !important;padding-right: 0px !important;padding-bottom: 50px !important;padding-left: 0px !important;}&#8221;][vc_single_image image=&#8221;21148&#8243; img_size=&#8221;full&#8221; alignment=&#8221;right&#8221; onclick=&#8221;custom_link&#8221; img_link_target=&#8221;_blank&#8221; css=&#8221;&#8221; link=&#8221;https:\/\/hookusbookus.com\/et\/hotell\/villa-wesset\/6&#8243;][\/vc_column_inner][vc_column_inner width=&#8221;1\/3&#8243; overflow=&#8221;default&#8221; css=&#8221;.vc_custom_1727811241292{padding-top: 50px !important;padding-right: 0px !important;padding-bottom: 50px !important;padding-left: 0px !important;}&#8221;][vc_single_image image=&#8221;21143&#8243; img_size=&#8221;full&#8221; onclick=&#8221;custom_link&#8221; img_link_target=&#8221;_blank&#8221; css=&#8221;&#8221; link=&#8221;https:\/\/www.booking.com\/hotel\/ee\/villa-wesset.en-gb.html?aid=356980;label=gog235jc-hotel-XX-ee-villaNwesset-unspec-ee-com-L%3Aen-O%3AosSx-B%3Asafari-N%3AXX-S%3Abo-U%3AXX-H%3As;sid=b905fd38718c92cdc81aad1232094796;dist=0&amp;sb_price_type=total&amp;type=total&amp;&#8221;][\/vc_column_inner][vc_column_inner width=&#8221;1\/3&#8243; text_align_inline=&#8221;center&#8221; overflow=&#8221;default&#8221; css=&#8221;.vc_custom_1738703731627{padding-top: 50px !important;padding-right: 0px !important;padding-bottom: 50px !important;padding-left: 0px !important;}&#8221;][vc_single_image image=&#8221;21153&#8243; img_size=&#8221;full&#8221; onclick=&#8221;custom_link&#8221; img_link_target=&#8221;_blank&#8221; css=&#8221;&#8221; link=&#8221;https:\/\/www.tripadvisor.com\/Hotel_Review-g274956-d1058881-Reviews-Hotel_Restaurant_Villa_Wesset-Parnu_Parnu_County.html&#8221;][\/vc_column_inner][\/vc_row_inner][\/vc_column][\/vc_row]<\/p>\r\n<\/div>","protected":false},"excerpt":{"rendered":"Villa Wesset on tyylik\u00e4s hotelli P\u00e4rnussa, jossa on erinomainen palvelu \u2013 vain kivenheiton p\u00e4\u00e4ss\u00e4 rannasta.","protected":false},"author":1,"featured_media":20719,"parent":0,"menu_order":0,"comment_status":"closed","ping_status":"closed","template":"","meta":{"footnotes":""},"class_list":["post-12588","page","type-page","status-publish","has-post-thumbnail","hentry"],"_links":{"self":[{"href":"https:\/\/wesset.ee\/fi\/wp-json\/wp\/v2\/pages\/12588","targetHints":{"allow":["GET"]}}],"collection":[{"href":"https:\/\/wesset.ee\/fi\/wp-json\/wp\/v2\/pages"}],"about":[{"href":"https:\/\/wesset.ee\/fi\/wp-json\/wp\/v2\/types\/page"}],"author":[{"embeddable":true,"href":"https:\/\/wesset.ee\/fi\/wp-json\/wp\/v2\/users\/1"}],"replies":[{"embeddable":true,"href":"https:\/\/wesset.ee\/fi\/wp-json\/wp\/v2\/comments?post=12588"}],"version-history":[{"count":0,"href":"https:\/\/wesset.ee\/fi\/wp-json\/wp\/v2\/pages\/12588\/revisions"}],"wp:featuredmedia":[{"embeddable":true,"href":"https:\/\/wesset.ee\/fi\/wp-json\/wp\/v2\/media\/20719"}],"wp:attachment":[{"href":"https:\/\/wesset.ee\/fi\/wp-json\/wp\/v2\/media?parent=12588"}],"curies":[{"name":"wp","href":"https:\/\/api.w.org\/{rel}","templated":true}]}}