{"id":16171,"date":"2024-11-26T16:46:11","date_gmt":"2024-11-26T14:46:11","guid":{"rendered":"https:\/\/wesset.ee\/sundmused\/"},"modified":"2025-11-06T19:46:44","modified_gmt":"2025-11-06T17:46:44","slug":"events","status":"publish","type":"page","link":"https:\/\/wesset.ee\/en\/events\/","title":{"rendered":"Events at Villa Wesset in P\u00e4rnu"},"content":{"rendered":"<div class=\"wpb-content-wrapper\">[vc_row full_width=&#8221;stretch_row&#8221; content_placement=&#8221;bottom&#8221; max_width_alignment_mobile=&#8221;center&#8221; faster_parallax=&#8221;standard&#8221; overflow=&#8221;hidden&#8221; css=&#8221;.vc_custom_1734643173229{background: #bababa url(https:\/\/wesset.ee\/wp-content\/uploads\/2024\/12\/events-hero-bg.webp?id=16186) !important;background-position: 0 0 !important;background-repeat: no-repeat !important;border-color: #A72417 !important;}&#8221; el_id=&#8221;events-main-hero&#8221;][vc_column css_animation=&#8221;none&#8221; width=&#8221;1\/2&#8243; responsive_border=&#8221;disabled&#8221; max_width_alignment_mobile=&#8221;center&#8221; shadow_for=&#8221;inner&#8221; mobile_element_alignment=&#8221;center&#8221; text_align_inline=&#8221;center&#8221; overflow=&#8221;default&#8221; css=&#8221;.vc_custom_1734643258629{background-color: #FFFFFF !important;}&#8221; el_class=&#8221;hero-intro-section-white&#8221;]\r\n<div class=\"sh-heading  \" id=\"heading-TlgVrxwhfY\">\r\n\t<div class=\"sh-element-margin\">\r\n\r\n\t\t\r\n\t\t\t<h2 class=\"sh-heading-content size-default text-center\">\r\n\t\t\t\tEvents at Villa Wesset\t\t\t<\/h2>\r\n\r\n\t\t\r\n\t<\/div>\r\n<\/div>\r\n            <style type=\"text\/css\">\r\n                #heading-TlgVrxwhfY .sh-element-margin {}#heading-TlgVrxwhfY .sh-heading-content {font-weight: 700!important;}#heading-TlgVrxwhfY .sh-heading-content,#heading-TlgVrxwhfY .sh-heading-additional-text {}            <\/style>\r\n        \r\n<div id=\"divider-5ifvBzqe4U\" class=\"sh-divider sh-divider- sh-divider-content-icon_option\">\r\n\t\t\t<div class=\"sh-divider-content\">\r\n\t\t\t<span class=\"sh-divider-icon\">\r\n\t\t\t\t<i class=\"fa fa-wpexplorer\"><\/i>\t\t\t<\/span>\r\n\t\t<\/div>\r\n\t<\/div>\r\n            <style type=\"text\/css\">\r\n                #divider-5ifvBzqe4U {}#divider-5ifvBzqe4U .sh-divider-content:before,#divider-5ifvBzqe4U .sh-divider-content:after {border-top-width: 1px;margin-top: -1pxpx;border-top-style: solid;}#divider-5ifvBzqe4U .sh-divider-icon {color: #cccccc;}            <\/style>\r\n        [vc_column_text css=&#8221;&#8221;]Discover something special and exciting \u2013 from unforgettable culinary journeys and lively concerts to workshops and seasonal happenings. Whether you&#8217;re looking for summer adventures or winter experiences, you&#8217;ll always find something interesting here.[\/vc_column_text][\/vc_column][\/vc_row][vc_section full_width=&#8221;stretch_row&#8221; content_placement=&#8221;middle&#8221; css=&#8221;.vc_custom_1733852785181{padding-top: 25px !important;padding-right: 25px !important;padding-bottom: 25px !important;padding-left: 25px !important;}&#8221; el_class=&#8221;sundmused-intro-heading&#8221;][\/vc_section][vc_row overflow=&#8221;default&#8221;][vc_column]\r\n            \r\n            <div class=\"sh-empty-space vc_empty_space sh-empty-space-xUQgh7G1FH  \" style=\"height: 10px\">\r\n                <span class=\"vc_empty_space_inner\"><\/span>\r\n            <\/div>\r\n\r\n        [\/vc_column][\/vc_row][vc_row][vc_column][vc_row_inner][vc_column_inner]        <div class=\"jc-grid jc-grid--main cols-3\">\n                            <article class=\"jc-card\">\n                    <a class=\"jc-card__thumb\" href=\"https:\/\/wesset.ee\/en\/sundmused\/naistepaeva-brunch\/\">\n                                                    <img decoding=\"async\" src=\"https:\/\/wesset.ee\/wp-content\/uploads\/2026\/02\/brunch-7-683x1024.webp\" alt=\"Naistep\u00e4eva Brunch Villa Wessetis &#8211; t\u00e4hista p\u00e4eva maitsete ja lilledega!\" loading=\"lazy\">\n                                            <\/a>\n\n                    <div class=\"jc-card__body\">\n                        <h3 class=\"jc-card__title\">\n                            <a href=\"https:\/\/wesset.ee\/en\/sundmused\/naistepaeva-brunch\/\">Naistep\u00e4eva Brunch Villa Wessetis &#8211; t\u00e4hista p\u00e4eva maitsete ja lilledega!<\/a>\n                        <\/h3>\n\n                        <div class=\"jc-card__meta\">\n                                                                                <\/div>\n\n                                                    <div class=\"jc-card__excerpt\">Kutsume teid veetma seda erilist p\u00e4eva Villa Wessetisse, kus hubane atmosf\u00e4\u00e4r ja h\u00f5rgutavad maitsed kohtuvad, et luua unustamatuid m\u00e4lestusi.<\/div>\n                        \n                                                    <div class=\"jc-card__actions\">\n                                <a class=\"jc-btn\" href=\"https:\/\/wesset.ee\/en\/sundmused\/naistepaeva-brunch\/\">View details<\/a>\n                            <\/div>\n                                            <\/div>\n                <\/article>\n                            <article class=\"jc-card\">\n                    <a class=\"jc-card__thumb\" href=\"https:\/\/wesset.ee\/en\/events\/blind-dinner\/\">\n                                                    <img decoding=\"async\" src=\"https:\/\/wesset.ee\/wp-content\/uploads\/2025\/01\/pimeohtusook_2024-1-1024x576.webp\" alt=\"Blind Dinner\" loading=\"lazy\">\n                                            <\/a>\n\n                    <div class=\"jc-card__body\">\n                        <h3 class=\"jc-card__title\">\n                            <a href=\"https:\/\/wesset.ee\/en\/events\/blind-dinner\/\">Blind Dinner<\/a>\n                        <\/h3>\n\n                        <div class=\"jc-card__meta\">\n                                                                                <\/div>\n\n                                                    <div class=\"jc-card__excerpt\">Discover new taste experiences and let yourself be surprised by the unique and mysterious menu created by our chef at the blind dinner.<\/div>\n                        \n                                                    <div class=\"jc-card__actions\">\n                                <a class=\"jc-btn\" href=\"https:\/\/wesset.ee\/en\/events\/blind-dinner\/\">View details<\/a>\n                            <\/div>\n                                            <\/div>\n                <\/article>\n                    <\/div>\n    [\/vc_column_inner][\/vc_row_inner]\r\n            \r\n            <div class=\"sh-empty-space vc_empty_space sh-empty-space-K8RUNhoTpC  \" style=\"height: 20px\">\r\n                <span class=\"vc_empty_space_inner\"><\/span>\r\n            <\/div>\r\n\r\n        [\/vc_column][\/vc_row][vc_row full_width=&#8221;stretch_row_content&#8221; content_placement=&#8221;middle&#8221; max_width_alignment_mobile=&#8221;center&#8221; background_position=&#8221;center center&#8221; overflow=&#8221;default&#8221; css=&#8221;.vc_custom_1730755904011{background-image: url(https:\/\/wesset.ee\/wp-content\/uploads\/2018\/06\/naide_12-min.jpg?id=52) !important;background-position: center !important;background-repeat: no-repeat !important;background-size: cover !important;}&#8221; el_class=&#8221;padding-70-50&#8243;][vc_column width=&#8221;2\/3&#8243; max_width_alignment_mobile=&#8221;left&#8221; overflow=&#8221;default&#8221; css=&#8221;.vc_custom_1730756918990{margin-top: 0px !important;padding-top: 0px !important;}&#8221;]\r\n<script>\r\njQuery(document).ready(function ($) {\r\n\tif( typeof Typed !== 'undefined' ) {\r\n\t\tvar typed = new Typed(\"#heading-animated-8xEDiMgP4j .sh-heading-animated-typed\", {\r\n\t\t\tstrings: [\"Contact us\", ],\r\n\t\t\tcontentType: 'html',\r\n\t\t\ttypeSpeed: 0,\r\n\t\t\tloop: false,\r\n\t\t\tstartDelay: 300,\r\n\t\t\ttypeSpeed: 80,\r\n\t\t\tbackSpeed: 20,\r\n\t\t\tbackDelay: 700,\r\n\t\t});\r\n\t}\r\n});\r\n<\/script>\r\n\r\n<div class=\"sh-heading\" id=\"heading-animated-8xEDiMgP4j\">\r\n\t<h2 class=\"sh-heading-content size-l sh-heading-animated-content text-shadow-black\">\r\n\t\t\t\t\t<span class=\"sh-heading-animated-fixed\">\r\n\t\t\t\tFor questions\t\t\t<\/span>\r\n\t\t\r\n\t\t<span class=\"sh-heading-animated-typed\"><\/span>\r\n\t<\/h2>\r\n<\/div>\r\n            <style type=\"text\/css\">\r\n                #heading-animated-8xEDiMgP4j .sh-heading-animated-content {text-align: left;}#heading-animated-8xEDiMgP4j .sh-heading-animated-typed,#heading-animated-8xEDiMgP4j .typed-cursor {color: #FFFFFF;}#heading-animated-8xEDiMgP4j .sh-heading-animated-fixed {color: #FFFFFF;}            <\/style>\r\n        \r\n<div id=\"button-lRTtQgE509\" class=\"sh-button-container  sh-button-style-5\">\r\n\t<div class=\"sh-element-margin\">\r\n\t\t<a href=\"\/en\/contact\" data-rel=\"\" target=\"_self\" class=\"sh-button sh-button-medium sh-button-icon-left\">\r\n\r\n\t\t\t\t\t\t\t<span class=\"sh-button-icon\">\r\n\t\t\t\t\t<i class=\"fa fa-angle-double-right\"><\/i>\r\n\t\t\t\t<\/span>\r\n\t\t\t\r\n\t\t\t\t\t\t\t<span class=\"sh-button-text\">\r\n\t\t\t\t\tCONTACT\t\t\t\t<\/span>\r\n\t\t\t\r\n\t\t\t\r\n\t\t<\/a>\r\n\t\t\t<\/div>\r\n<\/div>\r\n            <style type=\"text\/css\">\r\n                #button-lRTtQgE509 .sh-button {background-color: #FFFFFF;color: #A72417;border: 2px solid transparent;border: 1px solid #A72417;}#button-lRTtQgE509 {}#button-lRTtQgE509:not(.sh-button-style-2) .sh-button:hover {background-color: #FFFFFF;color: #A72417;border: 1px solid #A72417;}#button-lRTtQgE509.sh-button-style-2 .sh-button:after {background-color: #FFFFFF;}#button-lRTtQgE509.sh-button-style-2 .sh-button:hover {color: #A72417;border: 1px solid #A72417;}@media (max-width: 800px) {#button-lRTtQgE509 {text-align: left;}}            <\/style>\r\n        [\/vc_column][vc_column width=&#8221;1\/3&#8243; max_width=&#8221;600px&#8221; css=&#8221;.vc_custom_1532512766678{padding-top: 0px !important;}&#8221;][\/vc_column][\/vc_row]<\/div>","protected":false},"excerpt":{"rendered":"Discover unique and exciting events in P\u00e4rnu \u2013 from unforgettable culinary journeys and lively concerts to workshops and seasonal happenings.","protected":false},"author":1,"featured_media":20370,"parent":0,"menu_order":0,"comment_status":"closed","ping_status":"open","template":"","meta":{"footnotes":""},"class_list":["post-16171","page","type-page","status-publish","has-post-thumbnail","hentry"],"_links":{"self":[{"href":"https:\/\/wesset.ee\/en\/wp-json\/wp\/v2\/pages\/16171","targetHints":{"allow":["GET"]}}],"collection":[{"href":"https:\/\/wesset.ee\/en\/wp-json\/wp\/v2\/pages"}],"about":[{"href":"https:\/\/wesset.ee\/en\/wp-json\/wp\/v2\/types\/page"}],"author":[{"embeddable":true,"href":"https:\/\/wesset.ee\/en\/wp-json\/wp\/v2\/users\/1"}],"replies":[{"embeddable":true,"href":"https:\/\/wesset.ee\/en\/wp-json\/wp\/v2\/comments?post=16171"}],"version-history":[{"count":0,"href":"https:\/\/wesset.ee\/en\/wp-json\/wp\/v2\/pages\/16171\/revisions"}],"wp:featuredmedia":[{"embeddable":true,"href":"https:\/\/wesset.ee\/en\/wp-json\/wp\/v2\/media\/20370"}],"wp:attachment":[{"href":"https:\/\/wesset.ee\/en\/wp-json\/wp\/v2\/media?parent=16171"}],"curies":[{"name":"wp","href":"https:\/\/api.w.org\/{rel}","templated":true}]}}