{"id":12639,"date":"2024-10-03T21:23:30","date_gmt":"2024-10-03T18:23:30","guid":{"rendered":"https:\/\/wesset.ee\/peakokasaal\/menuu\/"},"modified":"2025-02-12T15:27:58","modified_gmt":"2025-02-12T13:27:58","slug":"menu","status":"publish","type":"page","link":"https:\/\/wesset.ee\/en\/chefs-hall\/menu\/","title":{"rendered":"Chef&#8217;s Hall Menu"},"content":{"rendered":"<div class=\"wpb-content-wrapper\">[vc_row full_width=&#8221;stretch_row_content&#8221; max_width_alignment_mobile=&#8221;center&#8221; overflow=&#8221;default&#8221; css=&#8221;.vc_custom_1728416644948{margin-bottom: 0px !important;padding-bottom: 0px !important;background-color: #050607 !important;}&#8221; el_class=&#8221;dark-bg-peakoka extra-p&#8221;][vc_column][vc_row_inner content_placement=&#8221;middle&#8221; max_width_alignment_mobile=&#8221;center&#8221; overflow=&#8221;default&#8221; max_width=&#8221;1000&#8243; css=&#8221;.vc_custom_1728424356551{padding-top: 25px !important;}&#8221;][vc_column_inner el_class=&#8221;white-text&#8221; width=&#8221;1\/2&#8243; overflow=&#8221;default&#8221; el_id=&#8221;laanemere-rannak&#8221;]\r\n            \r\n            <div class=\"sh-empty-space vc_empty_space sh-empty-space-HDQEOz1FbU  \" style=\"height: 32px\">\r\n                <span class=\"vc_empty_space_inner\"><\/span>\r\n            <\/div>\r\n\r\n        <style>.fdm-menu-ordering .fdm-add-to-cart-button, .fdm-menu-ordering .fdm-options-add-to-cart-button, .fdm-style-ordering #fdm-ordering-popup-submit button, .cart-location-bottom .fdm-continue-shopping-button, .cart-location-bottom .fdm-clear-cart-button, .cart-location-bottom #fdm-order-submit-button, .cart-location-bottom #fdm-order-payment-form-div #paypal-submit, .cart-location-bottom #fdm-order-payment-form-div #stripe-submit, .fdm-ordering-bottom-bar-checkout-button { background: #b63c3c !important; }.fdm-ordering-bottom-bar-toggle-inside { border-color: #b63c3c !important; }.fdm-ordering-bottom-bar-toggle .dashicons { color: #b63c3c !important; }.fdm-menu-ordering .fdm-add-to-cart-button:hover, .fdm-menu-ordering .fdm-options-add-to-cart-button:hover, .fdm-style-ordering #fdm-ordering-popup-submit button:hover, .cart-location-bottom .fdm-continue-shopping-button:hover, .cart-location-bottom .fdm-clear-cart-button:hover, .cart-location-bottom #fdm-order-submit-button:hover, .cart-location-bottom #fdm-order-payment-form-div #paypal-submit:hover, .cart-location-bottom #fdm-order-payment-form-div #stripe-submit:hover, .fdm-ordering-bottom-bar-checkout-button:hover { background: #0782de !important; }.fdm-section-header h3 { font-family: 'Belleza' !important; }.fdm-section-header h3 { font-size: 11 !important; }.fdm-section-header h3 { color: #a72417 !important; }.fdm-item-title { font-family: 'Belleza' !important; }.fdm-item-content p, .fdm-item-price { font-family: 'Belleza' !important; }.fdm-sidebar-mobile-expand-button { background: #a72417 !important; }.fdm-section-header p { display: none; }<\/style>\n\n\n<div class=\"fdm-menu-filtering\">\n\t<\/div>\n\n<div class=\"fdm-the-menu\">\n\n<div class=\"fdm-menu-sidebar-div fdm-sidebar-display-1 fdm-sidebar-mobile-expand-1 fdm-sidebar-menu-style-refined\">\n\t<div class='fdm-sidebar-mobile-expand-area'>\n\t\t<div class='fdm-sidebar-mobile-expand-button'>Men\u00fc\u00fcd<\/div>\n\t<\/div>\n\t<div class='fdm-sidebar'>\n\t\t<div class=\"fdm-menu-sidebar-section-title\" id=\"laanemere-rannak\">L\u00c4\u00c4NEMERE R\u00c4NNAK<\/div>\n<div class=\"fdm-menu-sidebar-section-description fdm-hidden\" id=\"laanemere-rannak\"><\/div>\n\t<\/div>\n<\/div>\n\n<ul id=\"fdm-menu-1\" class=\"fdm-menu fdm-menu-15397 fdm-menu-refined fdm-menu-sidebar-1 fdm-columns-1 fdm-layout-classic clearfix\">\n\n\n\t<li class=\"fdm-column fdm-column-0 fdm-column-last\">\n\n\t<ul class=\"fdm-section fdm-sectionid-87 fdm-section-laanemere-rannak fdm-section-one\">\n\t<li class=\"fdm-section-header\" id=\"fdm-section-header-laanemere-rannak\">\n\n\t\t\t\t\n\t\t\n\t\t\t\t\t<h3 class=''>L\u00c4\u00c4NEMERE R\u00c4NNAK<\/h3>\n\t\t\n\t\t\n\t\t\n\t<\/li>\n\t\r\n        <li class=\"fdm-item\" data-postid=\"15417\" data-section=\"87\" data-timeadded=\"1727992538\">\r\n    \r\n        \r\n        <div class=\"fdm-item-panel\" data-price=\"0\">\r\n\r\n            \n<p class=\"fdm-item-title\">JERUSALEM ARTICHOKE<\/p><div class=\"fdm-item-content\">\n\t<p><!-- wp:paragraph {\"translatedWithWPMLTM\":\"1\"} --><\/p>\n<p>Smoked sour cream \/ onion cream<\/p>\n<p><!-- \/wp:paragraph --><!-- wp:paragraph --><\/p>\n<p><!-- \/wp:paragraph --><\/p>\n<\/div>\n            \r\n\r\n\r\n            <div class=\"clearfix\"><\/div>\r\n        <\/div>\r\n\r\n        \r\n        <\/li>\r\n    \r\n\r\n        <li class=\"fdm-item\" data-postid=\"15439\" data-section=\"87\" data-timeadded=\"1727992564\">\r\n    \r\n        \r\n        <div class=\"fdm-item-panel\" data-price=\"0\">\r\n\r\n            \n<p class=\"fdm-item-title\">BEEF<\/p><div class=\"fdm-item-content\">\n\t<p><!-- wp:paragraph {\"translatedWithWPMLTM\":\"1\"} --><\/p>\n<p>Beef tartare \/ bone marrow sauce \/ forest mushrooms<\/p>\n<p><!-- \/wp:paragraph --><\/p>\n<\/div>\n            \r\n\r\n\r\n            <div class=\"clearfix\"><\/div>\r\n        <\/div>\r\n\r\n        \r\n        <\/li>\r\n    \r\n\r\n        <li class=\"fdm-item\" data-postid=\"15437\" data-section=\"87\" data-timeadded=\"1727992794\">\r\n    \r\n        \r\n        <div class=\"fdm-item-panel\" data-price=\"0\">\r\n\r\n            \n<p class=\"fdm-item-title\">BREAM<\/p><div class=\"fdm-item-content\">\n\t<p><!-- wp:paragraph {\"translatedWithWPMLTM\":\"1\"} --><\/p>\n<p>Smoked bream \/ crayfish broth \/ quail egg<\/p>\n<p><!-- \/wp:paragraph --><\/p>\n<\/div>\n            \r\n\r\n\r\n            <div class=\"clearfix\"><\/div>\r\n        <\/div>\r\n\r\n        \r\n        <\/li>\r\n    \r\n\r\n        <li class=\"fdm-item\" data-postid=\"15435\" data-section=\"87\" data-timeadded=\"1727992685\">\r\n    \r\n        \r\n        <div class=\"fdm-item-panel\" data-price=\"0\">\r\n\r\n            \n<p class=\"fdm-item-title\">POTATO<\/p><div class=\"fdm-item-content\">\n\t<p><!-- wp:paragraph {\"translatedWithWPMLTM\":\"1\"} --><\/p>\n<p>Potato foam \/ smoked bacon mayonnaise \/ crispy potato \/ sage<\/p>\n<p><!-- \/wp:paragraph --><\/p>\n<\/div>\n            \r\n\r\n\r\n            <div class=\"clearfix\"><\/div>\r\n        <\/div>\r\n\r\n        \r\n        <\/li>\r\n    \r\n\r\n        <li class=\"fdm-item\" data-postid=\"15433\" data-section=\"87\" data-timeadded=\"1727992678\">\r\n    \r\n        \r\n        <div class=\"fdm-item-panel\" data-price=\"0\">\r\n\r\n            \n<p class=\"fdm-item-title\">PIKE-PERCH<\/p><div class=\"fdm-item-content\">\n\t<p><!-- wp:paragraph {\"translatedWithWPMLTM\":\"1\"} --><\/p>\n<p>Pike-perch fillet \/ Jerusalem artichoke \/ roasted cabbage cream \/ onion foam \/ dill sauce<\/p>\n<p><!-- \/wp:paragraph --><\/p>\n<\/div>\n            \r\n\r\n\r\n            <div class=\"clearfix\"><\/div>\r\n        <\/div>\r\n\r\n        \r\n        <\/li>\r\n    \r\n\r\n        <li class=\"fdm-item\" data-postid=\"15431\" data-section=\"87\" data-timeadded=\"1727992667\">\r\n    \r\n        \r\n        <div class=\"fdm-item-panel\" data-price=\"0\">\r\n\r\n            \n<p class=\"fdm-item-title\">APPLE<\/p><div class=\"fdm-item-content\">\n\t<p><!-- wp:paragraph {\"translatedWithWPMLTM\":\"1\"} --><\/p>\n<p>Apple sorbet, quince<\/p>\n<p><!-- \/wp:paragraph --><\/p>\n<\/div>\n            \r\n\r\n\r\n            <div class=\"clearfix\"><\/div>\r\n        <\/div>\r\n\r\n        \r\n        <\/li>\r\n    \r\n\r\n        <li class=\"fdm-item\" data-postid=\"15429\" data-section=\"87\" data-timeadded=\"1727992661\">\r\n    \r\n        \r\n        <div class=\"fdm-item-panel\" data-price=\"0\">\r\n\r\n            \n<p class=\"fdm-item-title\">QUAIL<\/p><div class=\"fdm-item-content\">\n\t<p><!-- wp:paragraph {\"translatedWithWPMLTM\":\"1\"} --><\/p>\n<p>Quail fillet \/ hay-celeriac cream \/ forest mushrooms \/ sprouted oats \/ jus<\/p>\n<p><!-- \/wp:paragraph --><\/p>\n<\/div>\n            \r\n\r\n\r\n            <div class=\"clearfix\"><\/div>\r\n        <\/div>\r\n\r\n        \r\n        <\/li>\r\n    \r\n\r\n        <li class=\"fdm-item\" data-postid=\"15427\" data-section=\"87\" data-timeadded=\"1727992651\">\r\n    \r\n        \r\n        <div class=\"fdm-item-panel\" data-price=\"0\">\r\n\r\n            \n<p class=\"fdm-item-title\">GAME<\/p><div class=\"fdm-item-content\">\n\t<p><!-- wp:paragraph {\"translatedWithWPMLTM\":\"1\"} --><\/p>\n<p>Seasonal game \/ pumpkin cream \/ beetroot \/ roasted carrot \/ wine sauce<\/p>\n<p><!-- \/wp:paragraph --><\/p>\n<\/div>\n            \r\n\r\n\r\n            <div class=\"clearfix\"><\/div>\r\n        <\/div>\r\n\r\n        \r\n        <\/li>\r\n    \r\n\r\n        <li class=\"fdm-item\" data-postid=\"15425\" data-section=\"87\" data-timeadded=\"1727992647\">\r\n    \r\n        \r\n        <div class=\"fdm-item-panel\" data-price=\"0\">\r\n\r\n            \n<p class=\"fdm-item-title\">SMOKED BARLEY<\/p><div class=\"fdm-item-content\">\n\t<p><!-- wp:paragraph {\"translatedWithWPMLTM\":\"1\"} --><\/p>\n<p>Caramel \/ blackberry ice cream \/ plum<\/p>\n<p><!-- \/wp:paragraph --><\/p>\n<\/div>\n            \r\n\r\n\r\n            <div class=\"clearfix\"><\/div>\r\n        <\/div>\r\n\r\n        \r\n        <\/li>\r\n    \r\n<\/ul>\n\t<\/li>\n\n\n<\/ul>\n<div class=\"fdm-menu-footer clearfix\">\n\t<p><strong>BALTIC SEA JOURNEY MENU \u20ac109<\/strong><\/p>\n<p><strong>SOMMELIER PAIRING WINE SELECTION \u20ac69<\/strong><br \/>\n<strong>Champagne Francois Seconde Brut Grand Cru, France<\/strong><br \/>\n<strong>Juhfark \u201cAranyhegy\u201d 2015, Tornai Pinc\u00e9szet, Nagy-Somlo, Hungary<\/strong><br \/>\n<strong>Tardana \u201cTrena\u201d 2021, Casa lo Alto, Utiel-Requena, Spain<\/strong><br \/>\n<strong>Santenay &#8220;Les Champs Claude&#8221; 2020, Domaine Bachey-Legros,<\/strong><br \/>\n<strong>Burgundy, France<\/strong><br \/>\n<strong>Reserva Finca Martelo 2016, Torre de O\u00f1a, Rioja, Spain<\/strong><br \/>\n<strong>Japanese Quince Schnapps, Villa Wesset 2021, P\u00e4rnu, Estonia<\/strong><br \/>\n<strong>Colheita Porto 2002, Calem, Douro, Portugal<\/strong><\/p>\n<p>Please notify us of any food intolerances at least 72 hours in advance.<br \/>\nTo fully enjoy the tasting journey, we recommend allowing 2.5-3 hours. THE MENU MAY VARY ACCORDING TO SEASON AND INGREDIENT AVAILABILITY<\/p>\n<\/div>\n\n\n<\/div> <!-- fdm-the-menu -->\n\n<div class=\"clearfix\"><\/div>\n\n<div class='fdm-details-div fdm-hidden'>\n\t<div class='fdm-details-div-inside'>\n\t\t<div class='fdm-details-div-exit'>\n\t\t\t<div class='fdm-details-div-exit-inside'><span class=\"dashicons dashicons-no-alt\"><\/span><\/div>\n\t\t<\/div>\n\t\t<div class='fdm-details-div-content'><\/div>\n\t<\/div>\n<\/div>\n<div class='fdm-details-background-div fdm-hidden'><\/div>\r\n<div id=\"button-lu3DhQ9bnJ\" class=\"sh-button-container  sh-button-style-5\">\r\n\t<div class=\"sh-element-margin\">\r\n\t\t<a href=\"https:\/\/v2.tableonline.fi\/instabook\/bookings\/WSXIejc?locale=en\" data-rel=\"\" target=\"_self\" class=\"sh-button sh-button-large sh-button-icon-left\" rel=\"noopener\">\r\n\r\n\t\t\t\t\t\t\t<span class=\"sh-button-icon\">\r\n\t\t\t\t\t<i class=\"icon-arrow-right\"><\/i>\r\n\t\t\t\t<\/span>\r\n\t\t\t\r\n\t\t\t\t\t\t\t<span class=\"sh-button-text\">\r\n\t\t\t\t\tBook\t\t\t\t<\/span>\r\n\t\t\t\r\n\t\t\t\r\n\t\t<\/a>\r\n\t\t\t<\/div>\r\n<\/div>\r\n            <style type=\"text\/css\">\r\n                #button-lu3DhQ9bnJ .sh-button-text {font-weight: 500;}#button-lu3DhQ9bnJ .sh-button {background-color: #A72417;color: #FFFFFF;border: 2px solid transparent;border: 1px solid #A72417;}#button-lu3DhQ9bnJ {}#button-lu3DhQ9bnJ .sh-element-margin {margin: 10px 0px 15px 0px;}#button-lu3DhQ9bnJ:not(.sh-button-style-2) .sh-button:hover {background-color: #A72417;color: #FFFFFF;border: 1px solid #A72417;}#button-lu3DhQ9bnJ.sh-button-style-2 .sh-button:after {background-color: #A72417;}#button-lu3DhQ9bnJ.sh-button-style-2 .sh-button:hover {color: #FFFFFF;border: 1px solid #A72417;}@media (max-width: 800px) {#button-lu3DhQ9bnJ {text-align: center;}}            <\/style>\r\n        [\/vc_column_inner][vc_column_inner width=&#8221;1\/2&#8243;][vc_single_image image=&#8221;12135&#8243; img_size=&#8221;full&#8221; alignment=&#8221;center&#8221; css=&#8221;&#8221;][\/vc_column_inner][\/vc_row_inner]\r\n            \r\n            <div class=\"sh-empty-space vc_empty_space sh-empty-space-9r5UIQ1uzV  \" style=\"height: 32px\">\r\n                <span class=\"vc_empty_space_inner\"><\/span>\r\n            <\/div>\r\n\r\n        [vc_row_inner content_placement=&#8221;middle&#8221; max_width_alignment_mobile=&#8221;center&#8221; overflow=&#8221;default&#8221; max_width=&#8221;1000&#8243; css=&#8221;.vc_custom_1728478343909{margin-top: 20px !important;}&#8221;][vc_column_inner el_class=&#8221;white-text&#8221; width=&#8221;1\/2&#8243; overflow=&#8221;default&#8221; el_id=&#8221;kohalik-rannak&#8221;]\r\n            \r\n            <div class=\"sh-empty-space vc_empty_space sh-empty-space-0BVS4ZcKDN  \" style=\"height: 32px\">\r\n                <span class=\"vc_empty_space_inner\"><\/span>\r\n            <\/div>\r\n\r\n        <style>.fdm-menu-ordering .fdm-add-to-cart-button, .fdm-menu-ordering .fdm-options-add-to-cart-button, .fdm-style-ordering #fdm-ordering-popup-submit button, .cart-location-bottom .fdm-continue-shopping-button, .cart-location-bottom .fdm-clear-cart-button, .cart-location-bottom #fdm-order-submit-button, .cart-location-bottom #fdm-order-payment-form-div #paypal-submit, .cart-location-bottom #fdm-order-payment-form-div #stripe-submit, .fdm-ordering-bottom-bar-checkout-button { background: #b63c3c !important; }.fdm-ordering-bottom-bar-toggle-inside { border-color: #b63c3c !important; }.fdm-ordering-bottom-bar-toggle .dashicons { color: #b63c3c !important; }.fdm-menu-ordering .fdm-add-to-cart-button:hover, .fdm-menu-ordering .fdm-options-add-to-cart-button:hover, .fdm-style-ordering #fdm-ordering-popup-submit button:hover, .cart-location-bottom .fdm-continue-shopping-button:hover, .cart-location-bottom .fdm-clear-cart-button:hover, .cart-location-bottom #fdm-order-submit-button:hover, .cart-location-bottom #fdm-order-payment-form-div #paypal-submit:hover, .cart-location-bottom #fdm-order-payment-form-div #stripe-submit:hover, .fdm-ordering-bottom-bar-checkout-button:hover { background: #0782de !important; }.fdm-section-header h3 { font-family: 'Belleza' !important; }.fdm-section-header h3 { font-size: 11 !important; }.fdm-section-header h3 { color: #a72417 !important; }.fdm-item-title { font-family: 'Belleza' !important; }.fdm-item-content p, .fdm-item-price { font-family: 'Belleza' !important; }.fdm-sidebar-mobile-expand-button { background: #a72417 !important; }.fdm-section-header p { display: none; }<\/style>\n\n\n<div class=\"fdm-menu-filtering\">\n\t<\/div>\n\n<div class=\"fdm-the-menu\">\n\n<div class=\"fdm-menu-sidebar-div fdm-sidebar-display-1 fdm-sidebar-mobile-expand-1 fdm-sidebar-menu-style-refined\">\n\t<div class='fdm-sidebar-mobile-expand-area'>\n\t\t<div class='fdm-sidebar-mobile-expand-button'>Men\u00fc\u00fcd<\/div>\n\t<\/div>\n\t<div class='fdm-sidebar'>\n\t\t<div class=\"fdm-menu-sidebar-section-title\" id=\"kohalik-rannak\">KOHALIK R\u00c4NNAK<\/div>\n<div class=\"fdm-menu-sidebar-section-description fdm-hidden\" id=\"kohalik-rannak\"><\/div>\n\t<\/div>\n<\/div>\n\n<ul id=\"fdm-menu-2\" class=\"fdm-menu fdm-menu-15401 fdm-menu-refined fdm-menu-sidebar-1 fdm-columns-1 fdm-layout-classic clearfix\">\n\n\n\t<li class=\"fdm-column fdm-column-0 fdm-column-last\">\n\n\t<ul class=\"fdm-section fdm-sectionid-86 fdm-section-kohalik-rannak fdm-section-one\">\n\t<li class=\"fdm-section-header\" id=\"fdm-section-header-kohalik-rannak\">\n\n\t\t\t\t\n\t\t\n\t\t\t\t\t<h3 class=''>KOHALIK R\u00c4NNAK<\/h3>\n\t\t\n\t\t\n\t\t\n\t<\/li>\n\t\r\n        <li class=\"fdm-item\" data-postid=\"15417\" data-section=\"86\" data-timeadded=\"1727992538\">\r\n    \r\n        \r\n        <div class=\"fdm-item-panel\" data-price=\"0\">\r\n\r\n            \n<p class=\"fdm-item-title\">JERUSALEM ARTICHOKE<\/p><div class=\"fdm-item-content\">\n\t<p><!-- wp:paragraph {\"translatedWithWPMLTM\":\"1\"} --><\/p>\n<p>Smoked sour cream \/ onion cream<\/p>\n<p><!-- \/wp:paragraph --><!-- wp:paragraph --><\/p>\n<p><!-- \/wp:paragraph --><\/p>\n<\/div>\n            \r\n\r\n\r\n            <div class=\"clearfix\"><\/div>\r\n        <\/div>\r\n\r\n        \r\n        <\/li>\r\n    \r\n\r\n        <li class=\"fdm-item\" data-postid=\"15439\" data-section=\"86\" data-timeadded=\"1727992564\">\r\n    \r\n        \r\n        <div class=\"fdm-item-panel\" data-price=\"0\">\r\n\r\n            \n<p class=\"fdm-item-title\">BEEF<\/p><div class=\"fdm-item-content\">\n\t<p><!-- wp:paragraph {\"translatedWithWPMLTM\":\"1\"} --><\/p>\n<p>Beef tartare \/ bone marrow sauce \/ forest mushrooms<\/p>\n<p><!-- \/wp:paragraph --><\/p>\n<\/div>\n            \r\n\r\n\r\n            <div class=\"clearfix\"><\/div>\r\n        <\/div>\r\n\r\n        \r\n        <\/li>\r\n    \r\n\r\n        <li class=\"fdm-item\" data-postid=\"15435\" data-section=\"86\" data-timeadded=\"1727992685\">\r\n    \r\n        \r\n        <div class=\"fdm-item-panel\" data-price=\"0\">\r\n\r\n            \n<p class=\"fdm-item-title\">POTATO<\/p><div class=\"fdm-item-content\">\n\t<p><!-- wp:paragraph {\"translatedWithWPMLTM\":\"1\"} --><\/p>\n<p>Potato foam \/ smoked bacon mayonnaise \/ crispy potato \/ sage<\/p>\n<p><!-- \/wp:paragraph --><\/p>\n<\/div>\n            \r\n\r\n\r\n            <div class=\"clearfix\"><\/div>\r\n        <\/div>\r\n\r\n        \r\n        <\/li>\r\n    \r\n\r\n        <li class=\"fdm-item\" data-postid=\"15433\" data-section=\"86\" data-timeadded=\"1727992678\">\r\n    \r\n        \r\n        <div class=\"fdm-item-panel\" data-price=\"0\">\r\n\r\n            \n<p class=\"fdm-item-title\">PIKE-PERCH<\/p><div class=\"fdm-item-content\">\n\t<p><!-- wp:paragraph {\"translatedWithWPMLTM\":\"1\"} --><\/p>\n<p>Pike-perch fillet \/ Jerusalem artichoke \/ roasted cabbage cream \/ onion foam \/ dill sauce<\/p>\n<p><!-- \/wp:paragraph --><\/p>\n<\/div>\n            \r\n\r\n\r\n            <div class=\"clearfix\"><\/div>\r\n        <\/div>\r\n\r\n        \r\n        <\/li>\r\n    \r\n\r\n        <li class=\"fdm-item\" data-postid=\"15431\" data-section=\"86\" data-timeadded=\"1727992667\">\r\n    \r\n        \r\n        <div class=\"fdm-item-panel\" data-price=\"0\">\r\n\r\n            \n<p class=\"fdm-item-title\">APPLE<\/p><div class=\"fdm-item-content\">\n\t<p><!-- wp:paragraph {\"translatedWithWPMLTM\":\"1\"} --><\/p>\n<p>Apple sorbet, quince<\/p>\n<p><!-- \/wp:paragraph --><\/p>\n<\/div>\n            \r\n\r\n\r\n            <div class=\"clearfix\"><\/div>\r\n        <\/div>\r\n\r\n        \r\n        <\/li>\r\n    \r\n\r\n        <li class=\"fdm-item\" data-postid=\"15427\" data-section=\"86\" data-timeadded=\"1727992651\">\r\n    \r\n        \r\n        <div class=\"fdm-item-panel\" data-price=\"0\">\r\n\r\n            \n<p class=\"fdm-item-title\">GAME<\/p><div class=\"fdm-item-content\">\n\t<p><!-- wp:paragraph {\"translatedWithWPMLTM\":\"1\"} --><\/p>\n<p>Seasonal game \/ pumpkin cream \/ beetroot \/ roasted carrot \/ wine sauce<\/p>\n<p><!-- \/wp:paragraph --><\/p>\n<\/div>\n            \r\n\r\n\r\n            <div class=\"clearfix\"><\/div>\r\n        <\/div>\r\n\r\n        \r\n        <\/li>\r\n    \r\n<\/ul>\n\t<\/li>\n\n\n<\/ul>\n<div class=\"fdm-menu-footer clearfix\">\n\t<p><strong>LOCAL JOURNEY MENU \u20ac79<\/strong><\/p>\n<p><strong>SOMMELIER\u2019S PAIRED WINE SELECTION \u20ac49<\/strong><br \/>\n<strong>Champagne Francois Seconde Brut Grand Cru, France<\/strong><br \/>\n<strong>Juhfark \u201cAranyhegy\u201d 2015, Tornai Pinc\u00e9szet, Nagy-Somlo, Hungary<\/strong><br \/>\n<strong>Tardana \u201cTrena\u201d 2021, Casa lo Alto, Utiel-Requena, Spain<\/strong><br \/>\n<strong>Reserva Finca Martelo 2016, Torre de O\u00f1a, Rioja, Spain<\/strong><br \/>\n<strong>Colheita Porto 2002, Calem, Douro, Portugal<\/strong><\/p>\n<p>Please notify us of any food intolerances at least 72 hours in advance.<br \/>\nTo fully enjoy the tasting journey, we recommend allowing 2.5-3 hours. THE MENU MAY VARY ACCORDING TO SEASON AND INGREDIENT AVAILABILITY<\/p>\n<\/div>\n\n\n<\/div> <!-- fdm-the-menu -->\n\n<div class=\"clearfix\"><\/div>\n\n<div class='fdm-details-div fdm-hidden'>\n\t<div class='fdm-details-div-inside'>\n\t\t<div class='fdm-details-div-exit'>\n\t\t\t<div class='fdm-details-div-exit-inside'><span class=\"dashicons dashicons-no-alt\"><\/span><\/div>\n\t\t<\/div>\n\t\t<div class='fdm-details-div-content'><\/div>\n\t<\/div>\n<\/div>\n<div class='fdm-details-background-div fdm-hidden'><\/div>\r\n<div id=\"button-ZbBPf8YO1N\" class=\"sh-button-container  sh-button-style-5\">\r\n\t<div class=\"sh-element-margin\">\r\n\t\t<a href=\"https:\/\/v2.tableonline.fi\/instabook\/bookings\/WSXIejc?locale=en\" data-rel=\"\" target=\"_self\" class=\"sh-button sh-button-large sh-button-icon-left\" rel=\"noopener\">\r\n\r\n\t\t\t\t\t\t\t<span class=\"sh-button-icon\">\r\n\t\t\t\t\t<i class=\"icon-arrow-right\"><\/i>\r\n\t\t\t\t<\/span>\r\n\t\t\t\r\n\t\t\t\t\t\t\t<span class=\"sh-button-text\">\r\n\t\t\t\t\tBook\t\t\t\t<\/span>\r\n\t\t\t\r\n\t\t\t\r\n\t\t<\/a>\r\n\t\t\t<\/div>\r\n<\/div>\r\n            <style type=\"text\/css\">\r\n                #button-ZbBPf8YO1N .sh-button-text {font-weight: 500;}#button-ZbBPf8YO1N .sh-button {background-color: #A72417;color: #FFFFFF;border: 2px solid transparent;border: 1px solid #A72417;}#button-ZbBPf8YO1N {}#button-ZbBPf8YO1N .sh-element-margin {margin: 10px 0px 15px 0px;}#button-ZbBPf8YO1N:not(.sh-button-style-2) .sh-button:hover {background-color: #A72417;color: #FFFFFF;border: 1px solid #A72417;}#button-ZbBPf8YO1N.sh-button-style-2 .sh-button:after {background-color: #A72417;}#button-ZbBPf8YO1N.sh-button-style-2 .sh-button:hover {color: #FFFFFF;border: 1px solid #A72417;}@media (max-width: 800px) {#button-ZbBPf8YO1N {text-align: center;}}            <\/style>\r\n        [\/vc_column_inner][vc_column_inner width=&#8221;1\/2&#8243;][vc_single_image image=&#8221;12168&#8243; img_size=&#8221;full&#8221; alignment=&#8221;center&#8221; css=&#8221;&#8221;][\/vc_column_inner][\/vc_row_inner]\r\n                            <style media=\"screen\">\r\n                    @media (max-width: 1025px) {\r\n                        .sh-empty-space-at4WjYZmgf {\r\n                            height: 32px!important;\r\n                        }\r\n                    }\r\n                <\/style>\r\n            \r\n            <div class=\"sh-empty-space vc_empty_space sh-empty-space-at4WjYZmgf  \" style=\"height: 32px\">\r\n                <span class=\"vc_empty_space_inner\"><\/span>\r\n            <\/div>\r\n\r\n        [\/vc_column][\/vc_row]<\/div>","protected":false},"excerpt":{"rendered":"[vc_row full_width=&#8221;stretch_row_content&#8221; max_width_alignment_mobile=&#8221;center&#8221; overflow=&#8221;default&#8221; css=&#8221;.vc_custom_1728416644948{margin-bottom: 0px !important;padding-bottom: 0px !important;background-color: #050607 !important;}&#8221; el_class=&#8221;dark-bg-peakoka extra-p&#8221;][vc_column][vc_row_inner content_placement=&#8221;middle&#8221; max_width_alignment_mobile=&#8221;center&#8221;&#8230;","protected":false},"author":1,"featured_media":21237,"parent":12631,"menu_order":0,"comment_status":"closed","ping_status":"closed","template":"","meta":{"footnotes":""},"class_list":["post-12639","page","type-page","status-publish","has-post-thumbnail","hentry"],"_links":{"self":[{"href":"https:\/\/wesset.ee\/en\/wp-json\/wp\/v2\/pages\/12639","targetHints":{"allow":["GET"]}}],"collection":[{"href":"https:\/\/wesset.ee\/en\/wp-json\/wp\/v2\/pages"}],"about":[{"href":"https:\/\/wesset.ee\/en\/wp-json\/wp\/v2\/types\/page"}],"author":[{"embeddable":true,"href":"https:\/\/wesset.ee\/en\/wp-json\/wp\/v2\/users\/1"}],"replies":[{"embeddable":true,"href":"https:\/\/wesset.ee\/en\/wp-json\/wp\/v2\/comments?post=12639"}],"version-history":[{"count":0,"href":"https:\/\/wesset.ee\/en\/wp-json\/wp\/v2\/pages\/12639\/revisions"}],"up":[{"embeddable":true,"href":"https:\/\/wesset.ee\/en\/wp-json\/wp\/v2\/pages\/12631"}],"wp:featuredmedia":[{"embeddable":true,"href":"https:\/\/wesset.ee\/en\/wp-json\/wp\/v2\/media\/21237"}],"wp:attachment":[{"href":"https:\/\/wesset.ee\/en\/wp-json\/wp\/v2\/media?parent=12639"}],"curies":[{"name":"wp","href":"https:\/\/api.w.org\/{rel}","templated":true}]}}