{"id":12611,"date":"2024-10-01T12:34:08","date_gmt":"2024-10-01T09:34:08","guid":{"rendered":"https:\/\/wesset.ee\/kinkekaart\/"},"modified":"2025-02-12T14:00:12","modified_gmt":"2025-02-12T12:00:12","slug":"gift-card","status":"publish","type":"page","link":"https:\/\/wesset.ee\/en\/gift-card\/","title":{"rendered":"Gift Card"},"content":{"rendered":"<div class=\"wpb-content-wrapper\">[vc_section full_width=&#8221;stretch_row&#8221; css=&#8221;.vc_custom_1728509781020{padding-top: 75px !important;padding-right: 25px !important;padding-bottom: 75px !important;padding-left: 25px !important;background-image: url(https:\/\/wesset.ee\/wp-content\/uploads\/2024\/10\/roosid-min.webp?id=12247) !important;}&#8221; el_class=&#8221;paketid-intro&#8221;][vc_row full_width=&#8221;stretch_row_content_no_spaces&#8221; gap=&#8221;10&#8243; max_width_alignment_mobile=&#8221;center&#8221; background_position=&#8221;center center&#8221; overflow=&#8221;default&#8221;][vc_column]\r\n<div class=\"sh-heading  \" id=\"heading-K2GQUqNneJ\">\r\n\t<div class=\"sh-element-margin\">\r\n\r\n\t\t\r\n\t\t\t<h1 class=\"sh-heading-content size-default text-center\">\r\n\t\t\t\tVilla Wesset gift card\t\t\t<\/h1>\r\n\r\n\t\t\r\n\t<\/div>\r\n<\/div>\r\n            <style type=\"text\/css\">\r\n                #heading-K2GQUqNneJ .sh-element-margin {}#heading-K2GQUqNneJ .sh-heading-content {font-weight: 400!important;color: #FFFFFF;}#heading-K2GQUqNneJ .sh-heading-content,#heading-K2GQUqNneJ .sh-heading-additional-text {}            <\/style>\r\n        [\/vc_column][\/vc_row][\/vc_section][vc_section css=&#8221;.vc_custom_1738276158961{margin-bottom: 50px !important;}&#8221;][vc_row][vc_column]\r\n<div class=\"sh-heading  \" id=\"heading-8eQxVjGfWF\">\r\n\t<div class=\"sh-element-margin\">\r\n\r\n\t\t\r\n\t\t\t<h4 class=\"sh-heading-content size-default text-center\">\r\n\t\t\t\tGive unforgettable experiences!\t\t\t<\/h4>\r\n\r\n\t\t\r\n\t<\/div>\r\n<\/div>\r\n            <style type=\"text\/css\">\r\n                #heading-8eQxVjGfWF .sh-element-margin {}#heading-8eQxVjGfWF .sh-heading-content {font-weight: 500!important;letter-spacing: 1px;}#heading-8eQxVjGfWF .sh-heading-content,#heading-8eQxVjGfWF .sh-heading-additional-text {}#heading-8eQxVjGfWF .sh-heading-content {font-style: italic!important;}            <\/style>\r\n        \r\n<div id=\"divider-U8v2Q6xrF9\" class=\"sh-divider sh-divider- sh-divider-content-icon_option\">\r\n\t\t\t<div class=\"sh-divider-content\">\r\n\t\t\t<span class=\"sh-divider-icon\">\r\n\t\t\t\t<i class=\"ti-book\"><\/i>\t\t\t<\/span>\r\n\t\t<\/div>\r\n\t<\/div>\r\n            <style type=\"text\/css\">\r\n                #divider-U8v2Q6xrF9 {margin: 15px 0px 15px 0px!important;}#divider-U8v2Q6xrF9 .sh-divider-content:before,#divider-U8v2Q6xrF9 .sh-divider-content:after {border-top-width: 1px;margin-top: -1pxpx;border-top-style: solid;}#divider-U8v2Q6xrF9 .sh-divider-icon {color: #A72417;}            <\/style>\r\n        [\/vc_column][\/vc_row][vc_row][vc_column]<div class=\"single-product-layout-cols\">\n  <div class=\"wpcf7 js\">\n    \n    <div class=\"sh-column fw-col-sm-4 gift-card-form\">\n      <div class=\"sh-column-wrapper\">\n        <div id=\"gift-card-form\" class=\"form-wrapper gift-contact-form\">\n\n\n          <form method=\"post\" action=\"?\" class=\"fw_form_fw_form\">\n            <input type=\"hidden\" name=\"gift_card_create_order\" value=\"42\" \/>\n\n\n            <div class=\"gift-card-form-wrapper\">\n              <!-- <div class=\"sh-cf7-body fw-row\">\n                <div class=\"fw-col-xs-12 form-builder-item form-builder-item\">\n                  <div class=\"header title\">Buy Villa Wesset Gift Card<\/div>\n                <\/div>\n              <\/div> -->\n              <div class=\"fw-row gift_card_type\">\n                <div class=\"form-builder-item\">\n                  <div class=\"field-radio input-styled\">\n                    <h5>\n                    Select Gift Card Type<sup>*<\/sup>\n                    <\/h5>\n                    \n                    <div class=\"gift-card-options\">\n\n                      <div class=\"options\">\n                        <input class=\"hidden-radio\" type=\"radio\" name=\"gift_card_type\" value=\"Pakett\" id=\"gift_card_type-1\">\n                        <label class=\"button-label\" for=\"gift_card_type-1\">Package<\/label>\n                      <\/div>\n\n                      <div class=\"options\">\n                        <input class=\"hidden-radio\" type=\"radio\" name=\"gift_card_type\" value=\"Rahaline v\u00e4\u00e4rtus\" id=\"gift_card_type-2\">\n                        <label class=\"button-label\" for=\"gift_card_type-2\">Monetary Value<\/label>\n                      <\/div>\n\n                    <\/div>\n                  <\/div>\n                <\/div>\n              <\/div>\n              <div class=\"fw-row gift_card_name\">\n                <div class=\"fw-col-xs-12 form-builder-item\">\n                  <div class=\"field-text\">\n                    <label for=\"gift_card_name\">Recipient&#8217;s Name <sup>*<\/sup><\/label>\n                    <input type=\"text\" name=\"gift_card_name\" placeholder=\"Name here\" value=\"\" id=\"gift_card_name\" required=\"required\">\n                  <\/div>\n                <\/div>\n              <\/div>\n              <div class=\"fw-row gift_card_amount\" style=\"display: none;\">\n                <div class=\"fw-col-xs-12 form-builder-item\">\n                  <div class=\"field-text\">\n                    <label for=\"gift_card_amount\">Gift Card Value <sup>*<\/sup><\/label>\n                    <input type=\"number\" name=\"gift_card_amount\" placeholder=\"50\" value=\"50\" id=\"gift_card_amount\" required=\"required\" min=\"10\" max=\"10000\" step=\"1\" pattern=\"\\d+\">\n                  <\/div>\n                <\/div>\n              <\/div>\n              <div class=\"fw-row gift_card_package\">\n                <div class=\"fw-col-xs-12 form-builder-item\">\n                  <div class=\"field-select select-styled\">\n                    <label for=\"gift_card_package\">Gift Card Package <sup>*<\/sup><\/label>\n                    <div>\n                      <select name=\"gift_card_package\" id=\"gift_card_package\">\n                      <option value=\"1\">Relaxing holiday in P\u00e4rnu for two (1 night)<\/option><option value=\"2\">Relaxing holiday in P\u00e4rnu with an additional night (2 nights)<\/option><option value=\"3\">Luxury relaxation for two with a visit to Hedon Spa (1 night)<\/option><option value=\"4\">Chef&#039;s Hall dinner \u201cLocal Journey\u201d<\/option><option value=\"5\">Chef&#039;s Hall dinner \u201cBaltic Sea Journey\u201d<\/option><option value=\"6\">Family trip to Lottemaa with accommodation at Wesset (1 night)<\/option><option value=\"7\">Family vacation in P\u00e4rnu with a visit to Tervise Paradiis (1 night)<\/option><option value=\"8\">Romantic package with dinner for two (1 night)<\/option><option value=\"9\">Romantic package with dinner for two with an additional night (2 nights)<\/option><option value=\"10\">Teatripakett for two with accommodation at Villa Wesset (1 night)<\/option>                      <\/select>\n                    <\/div>\n                  <\/div>\n                <\/div>\n              <\/div>\n              <div class=\"fw-row gift_card_package_price\" style=\"margin-bottom:1em;\">\n                <div class=\"fw-col-xs-12 form-builder-item form-builder-item\">\n                  <div class=\"header title\">Price: <span class=\"gift_card_package_price_field\"><\/span> \u20ac<\/div>\n                <\/div>\n              <\/div>\n              <div class=\"fw-row gift_card_transport\">\n                <div class=\"fw-col-xs-12 form-builder-item\">\n                  <div class=\"field-radio input-styled\">\n                    <h5>Delivery Method <sup>*<\/sup> <\/h5>\n                    <div class=\"custom-radio field-columns-1\">\n                      <div class=\"\">\n                        <input type=\"radio\" name=\"gift_card_transport\" value=\"E-mail\" id=\"gift_card_transport-1\">\n                        <label for=\"gift_card_transport-1\">Your E-mail<\/label>\n                      <\/div>\n                      <div class=\"\">\n                        <input type=\"radio\" name=\"gift_card_transport\" value=\"Tulen j\u00e4rgi\" id=\"gift_card_transport-2\">\n                        <label for=\"gift_card_transport-2\">I&#8217;ll Pick It Up<\/label>\n                      <\/div>\n                      <div class=\"\">\n                        <input type=\"radio\" name=\"gift_card_transport\" value=\"Smartpost\" id=\"gift_card_transport-3\">\n                        <label for=\"gift_card_transport-3\">Smartpost (+ 2,64 \u20ac)<\/label>\n                      <\/div>\n                    <\/div>\n                  <\/div>\n                <\/div>\n              <\/div>\n              <div class=\"fw-row gift_card_email\">\n\n                  <div class=\"field-text\">\n                    <label for=\"gift_card_email\">E-mail<\/label>\n                    <input type=\"email\" name=\"gift_card_email\" placeholder=\"\" value=\"\" id=\"gift_card_email\">\n                  <\/div>\n\n              <\/div>\n              <div class=\"fw-row gift_card_smartpost\" style=\"display: none;\">\n                <div class=\"fw-col-xs-12 form-builder-item\">\n                  <div class=\"field-select\">\n                    <label for=\"gift_card_smartpost\">>Pakiautomaat<\/label>\n                    <div class=\"gift_card_smartpost_placeholder\"><\/div>\n                  <\/div>\n                <\/div>\n              <\/div>\n              <div class=\"fw-row gift_card_phone\" style=\"display: none;\">\n                <div class=\"fw-col-xs-12 form-builder-item\">\n                  <div class=\"field-text\">\n                    <label for=\"gift_card_phone\">>Phone Number<\/label>\n                    <input type=\"text\" name=\"gift_card_phone\" placeholder=\"\" value=\"\" id=\"gift_card_phone\">\n                  <\/div>\n                <\/div>\n              <\/div>\n            \n                <!-- ToS siin -->\n                <div class=\"fw-row\" style=\"margin-bottom: 1em\">\n                  <div class=\"checkbox-wrapper\">\n                      <input type=\"checkbox\" required=\"required\" id=\"gift_card_terms\" name=\"gift_card_terms\" \/>\n                      <label for=\"gift_card_terms\">\n                          Kinnitan, et olen tutvunud Villa Wesset <a href=\"\/en\/gift-card\/terms-of-purchase\/\" target=\"_blank\">terms of purchase<\/a>.                      <\/label>\n                  <\/div>\n              <\/div>\n\n              <div class=\"fw-row\" style=\"margin-bottom: 1em\">\n                  <div class=\"checkbox-wrapper\">\n                      <input type=\"checkbox\" required=\"required\" id=\"gift_card_privacy\" name=\"gift_card_privacy\" \/>\n                      <label for=\"gift_card_privacy\">\n                          I confirm that I have read Villa Wesset&#8217;s <a href=\"\/en\/privacy-policy\/\" target=\"_blank\">privacy policy<\/a>.                      <\/label>\n                  <\/div>\n              <\/div>\n              <div>\n                <input class=\"wpcf7-form-control sh-button sh-button-xlarge has-spinner\" type=\"submit\" value=\"PROCEED TO PAYMENT\">\n              <\/div>\n            <\/div>\n          <\/form>\n        <\/div>\n      <\/div>\n    <\/div>\n\n    <div class=\"sh-column fw-col-xs-12 fw-col-sm-8 gift-card-preview\">\n      <div class=\"sh-column-wrapper\">\n        <div class=\"sh-text-block gift-card-finance\" style=\"display: none;\">\n          <h2>Giftcard<\/h2>\n          <p><span class=\"gift-card-finance-amount\">50<\/span>.-<\/p>\n        <\/div>\n        <div class=\"sh-text-block gift-card-package gift-card-package-1\" style=\"display: none;\" data-price=\"124.00\"><h2>Relaxing holiday in P\u00e4rnu for two (1 night)<\/h2><p>Double room<br>Rich breakfast for two<br>Visit to Tervise Paradiis, Tervise spa and sauna center, or Viiking Saaga<br>Entry to a P\u00e4rnu nightclub of your choice for two<br>Late check-out until 14:00 (if possible)<br>15% discount at the restaurant | Free parking<\/p><\/div><div class=\"sh-text-block gift-card-package gift-card-package-2\" style=\"display: none;\" data-price=\"189.00\"><h2>Relaxing holiday in P\u00e4rnu with an additional night (2 nights)<\/h2><p>Double room (child up to 3 years stays free of charge)<br>Buffet breakfast for two on both mornings<br>One-time visit to Tervise Paradiis, Tervise spa and sauna center, or Viiking Saaga<br>Entrance tickets for two to a P\u00e4rnu nightclub of your choice<br>Late check-out until 14:00 (subject to availability)<br>15% discount at the restaurant | Free parking<\/p><\/div><div class=\"sh-text-block gift-card-package gift-card-package-3\" style=\"display: none;\" data-price=\"129.00\"><h2>Luxury relaxation for two with a visit to Hedon Spa (1 night)<\/h2><p>Double room and buffet breakfast for two<br>Upon arrival, sparkling wine and fruit basket in the room<br>Access to Hedon SPA &amp; Hotel\u2019s swimming area + Silent SPA for two (3h)<br>A romantically decorated table awaits you in the restaurant upon request<br>Entrance tickets to a selected P\u00e4rnu nightclub for two<br>Late check-out if available (until 14:00)<br>Free Wi-Fi and free parkin<\/p><\/div><div class=\"sh-text-block gift-card-package gift-card-package-4\" style=\"display: none;\" data-price=\"79.00\"><h2>Chef&#8217;s Hall dinner \u201cLocal Journey\u201d<\/h2><p>Villa Wesset&#8217;s Head Chef invites you to enjoy a \u201cLocal Journey.\u201d\nDinner starts at 19:00. We recommend allowing 2-3 hours to enjoy the tasting journey. The gift card is valid for one person.\nYou can view the menu on our website www.wesset.ee<\/p><\/div><div class=\"sh-text-block gift-card-package gift-card-package-5\" style=\"display: none;\" data-price=\"109.00\"><h2>Chef&#8217;s Hall dinner \u201cBaltic Sea Journey\u201d<\/h2><p>Villa Wesset\u2019s Head Chef invites you to enjoy the \u201cBaltic Sea Journey\u201d\nDinner starts at 19:00. We recommend allowing 2-3 hours to fully enjoy this tasting journey. The gift card is valid for one person.\nThe menu can be viewed on the website www.wesset.ee<\/p><\/div><div class=\"sh-text-block gift-card-package gift-card-package-6\" style=\"display: none;\" data-price=\"149.00\"><h2>Family trip to Lottemaa with accommodation at Wesset (1 night)<\/h2><p>Double room<br>Lottemaa tickets for three<br>Breakfast for the whole family<br>Children\u2019s menu -50% (in the hotel restaurant)<br>One child up to 18 years free<br>Free parking.<\/p><\/div><div class=\"sh-text-block gift-card-package gift-card-package-7\" style=\"display: none;\" data-price=\"159.00\"><h2>Family vacation in P\u00e4rnu with a visit to Tervise Paradiis (1 night)<\/h2><p>Two double rooms<br>Hearty breakfast for the whole family<br>Two children up to 15 years old included<br>Free berry smoothies for children<br>Access to Tervise Paradiis water park for the whole family<br>15% discount at the restaurant | Free parking.<\/p><\/div><div class=\"sh-text-block gift-card-package gift-card-package-8\" style=\"display: none;\" data-price=\"119.00\"><h2>Romantic package with dinner for two (1 night)<\/h2><p>Double room with a bathtub (child up to 6 years old stays free)<br>Buffet breakfast for two<br>Bathroom decorated with rose petals<br>Romantic dinner for two | Decorated table in the restaurant<br>Free entry to a P\u00e4rnu nightclub of choice for two<br>Free parking.<\/p><\/div><div class=\"sh-text-block gift-card-package gift-card-package-9\" style=\"display: none;\" data-price=\"189.00\"><h2>Romantic package with dinner for two with an additional night (2 nights)<\/h2><p>Double room with a bath (child under 6 stays free)<br>Buffet breakfast for two on both mornings<br>Bathroom decorated with rose petals<br>Romantic dinner for two on one evening | Decorated table in the restaurant<br>Admission tickets for two to a P\u00e4rnu nightclub of your choice<br>Free parking<\/p><\/div><div class=\"sh-text-block gift-card-package gift-card-package-10\" style=\"display: none;\" data-price=\"119.00\"><h2>Teatripakett for two with accommodation at Villa Wesset (1 night)<\/h2><p>Double room (child up to 6 years stays free)<br>Breakfast for two<br>Theater tickets for two for the selected performance<br>Reserved named table in the cafe during intermission upon request<br>Free admission for two to a chosen nightclub in P\u00e4rnu<br>15% discount in the restaurant | Free parking<\/p><\/div>\n      <\/div>\n      <div class=\"gift-card-contact\">Supeluse 26, P\u00e4rnu 80012 | <b>www.wesset.ee<\/b> | info@wesset.ee | +372 56 460 500<\/div>\n    <\/div>\n    <div class=\"sh-column fw-col-xs-12 fw-col-sm-8 gift-card-back\">\n      <div class=\"gift-card-back__top\">Kinkekaardi kasutamine ja kehtivus<\/div>\n      <div class=\"gift-card-back__left\"><ol>\r\n  <li>Rahalise v\u00e4\u00e4rtusega kinkekaart kehtib 12 (kaksteist) kuud alates selle v\u00e4ljastamise p\u00e4evast.<\/li>\r\n  <li>Majutust sisaldav kinkekaart EI KEHTI 31.12 ja 01.06-31.08.<\/li>\r\n  <li>Kehtivusaja \u00fcletanud kinkekaarti ei ole v\u00f5imalik kasutada ja kaart annulleeritakse.<\/li>\r\n  <li>Kinkekaart ei ole vahetatav uue kaardi ega raha vastu.<\/li>\r\n  <li>Kasutamata kinkekaardi eest raha ei tagastata.<\/li>\r\n<\/ol><\/div>\n      <div class=\"gift-card-back__right\">Vaadake \u00fclej\u00e4\u00e4nud tingimusi: <a href=\"https:\/\/wesset.ee\/kinkekaart\/ostutingimused\/\">https:\/\/wesset.ee\/kinkekaart\/ostutingimused\/<\/a>\r\n<br\/><br\/>\r\nK\u00fcsimuste korral ja broneerimiseks helistage +372 56 460 500 v\u00f5i kirjutage <a href=\"mailto:info@wesset.ee\">info@wesset.ee<\/a>\r\n<br\/><br\/>\r\nKohtumiseni Villa Wessetis!<\/div>\n    <\/div>\n  <\/div>\n\n<\/div>\n[\/vc_column][\/vc_row][\/vc_section]<\/div>","protected":false},"excerpt":{"rendered":"Experiences that will be remembered! Villa Wesseti gift card is the perfect gift for every taste.","protected":false},"author":1,"featured_media":20673,"parent":0,"menu_order":0,"comment_status":"closed","ping_status":"closed","template":"","meta":{"footnotes":""},"class_list":["post-12611","page","type-page","status-publish","has-post-thumbnail","hentry"],"_links":{"self":[{"href":"https:\/\/wesset.ee\/en\/wp-json\/wp\/v2\/pages\/12611","targetHints":{"allow":["GET"]}}],"collection":[{"href":"https:\/\/wesset.ee\/en\/wp-json\/wp\/v2\/pages"}],"about":[{"href":"https:\/\/wesset.ee\/en\/wp-json\/wp\/v2\/types\/page"}],"author":[{"embeddable":true,"href":"https:\/\/wesset.ee\/en\/wp-json\/wp\/v2\/users\/1"}],"replies":[{"embeddable":true,"href":"https:\/\/wesset.ee\/en\/wp-json\/wp\/v2\/comments?post=12611"}],"version-history":[{"count":0,"href":"https:\/\/wesset.ee\/en\/wp-json\/wp\/v2\/pages\/12611\/revisions"}],"wp:featuredmedia":[{"embeddable":true,"href":"https:\/\/wesset.ee\/en\/wp-json\/wp\/v2\/media\/20673"}],"wp:attachment":[{"href":"https:\/\/wesset.ee\/en\/wp-json\/wp\/v2\/media?parent=12611"}],"curies":[{"name":"wp","href":"https:\/\/api.w.org\/{rel}","templated":true}]}}